{"id":3643,"date":"2024-03-23T19:06:34","date_gmt":"2024-03-23T18:06:34","guid":{"rendered":"https:\/\/www.utm30.com\/?post_type=product&#038;p=3643"},"modified":"2026-01-17T07:25:30","modified_gmt":"2026-01-17T06:25:30","slug":"alphageo-geopuls-laser","status":"publish","type":"product","link":"https:\/\/www.utm30.com\/de\/produkt\/alphageo-geopuls-laser\/","title":{"rendered":"AlphaGEO GeoPuls Laser"},"content":{"rendered":"<p>Topographischer GPS-Empf\u00e4nger mit integriertem Lasermessger\u00e4t an der Unterseite, zur Aufzeichnung unzug\u00e4nglicher Punkte in X,Y,Z-Koordinaten. Kann in der Hand gehalten oder in die Hand genommen werden. Alpha GEO (a-GEO) GeoPuls. Niedriger Preis.<\/p>\n<hr style=\"border: none; height: 1px; background-color: #dcdcdc;\" \/>\n<p>&nbsp;<\/p>\n<p><a style=\"background-color: #184f7c; color: white; font-size: 22px; padding: 10px; text-decoration: none; border-radius: 5px;\" href=\"https:\/\/www.utm30.com\/de\/alquiler\/\">AUSPROBIEREN UND MIETEN \u27f9<\/a><\/p>\n<p><span style=\"color: #333333;\">Wenn Sie es dann kaufen <\/span><strong><span style=\"color: #b88041;\">50% des f\u00fcr die Miete gezahlten Betrags wird Ihnen zur\u00fcckerstattet!<\/span><br \/>\n<\/strong><\/p>\n<hr style=\"border: none; height: 1px; background-color: #dcdcdc;\" \/>\n<p>&nbsp;<\/p>\n<p><em>Video 1: Unboxing:<\/em><\/p>\n<p><iframe style=\"aspect-ratio: 16\/9;\" src=\"https:\/\/www.youtube.com\/embed\/y3ZSVEhWzfA\" allowfullscreen=\"allowfullscreen\"><\/iframe><\/p>\n<p>&nbsp;<\/p>\n<p><em>Video 2: Pr\u00e4sentation:<\/em><\/p>\n<p><iframe style=\"aspect-ratio: 16\/9;\" src=\"https:\/\/www.youtube.com\/embed\/445NYRw6gkk\" allowfullscreen=\"allowfullscreen\"><\/iframe><\/p>\n<p>&nbsp;<\/p>\n<p><em>Video 3: Georeferenzierung von Geb\u00e4uden:<\/em><\/p>\n<p><iframe style=\"aspect-ratio: 16\/9;\" src=\"https:\/\/www.youtube.com\/embed\/wZKNg3z69zU\" allowfullscreen=\"allowfullscreen\"><\/iframe><\/p>\n<p>&nbsp;<\/p>\n<p><em>Video 4: Georeferenzierung von Brunnenb\u00f6den:<\/em><\/p>\n<p><iframe style=\"aspect-ratio: 16\/9;\" src=\"https:\/\/www.youtube.com\/embed\/hItasVV1iNQ\" allowfullscreen=\"allowfullscreen\"><\/iframe><\/p>\n<p>&nbsp;<\/p>\n<p><em>Video 5: Georeferenzierung von B\u00e4umen:<\/em><\/p>\n<p><iframe style=\"aspect-ratio: 16\/9;\" src=\"https:\/\/www.youtube.com\/embed\/7N4G5uwoIHE\" allowfullscreen=\"allowfullscreen\"><\/iframe><\/p>\n<p>&nbsp;<\/p>\n<p><em>Video 6: Verwendung beim Klimmzug:<\/em><\/p>\n<p><iframe style=\"aspect-ratio: 16\/9;\" src=\"https:\/\/www.youtube.com\/embed\/IISVfbIH3DE\" allowfullscreen=\"allowfullscreen\"><\/iframe><\/p>\n<p>&nbsp;<\/p>\n<hr style=\"border: none; height: 1px; background-color: #dcdcdc;\" \/>","protected":false},"excerpt":{"rendered":"<p><img loading=\"lazy\" decoding=\"async\" class=\"alignnone wp-image-3193 size-full\" src=\"https:\/\/www.utm30.com\/wp-content\/uploads\/2024\/01\/Icono_a-GEO_b.png\" alt=\"\" width=\"87\" height=\"20\" srcset=\"https:\/\/www.utm30.com\/wp-content\/uploads\/2024\/01\/Icono_a-GEO_b.png 87w, https:\/\/www.utm30.com\/wp-content\/uploads\/2024\/01\/Icono_a-GEO_b-18x4.png 18w\" sizes=\"(max-width: 87px) 100vw, 87px\" \/><\/p>\n<h1>AlphaGEO GeoPuls Laser<\/h1>\n<h6><strong>GPS (GNSS) Laserempf\u00e4nger<br \/>\n<\/strong><\/h6>\n<ul>\n<li>Laser (bis zu 10m), mit Aufzeichnung der X,Y,Z-Koordinaten des gemessenen Punktes in beliebiger Ausrichtung und Neigung<\/li>\n<li>Super IMU mit bis zu 120\u00b0 Neigung, keine Kalibrierung erforderlich<\/li>\n<li>Kann in der Hand oder an einem Gurt getragen werden<\/li>\n<li>Ultraleichtgewicht (nur 300 g)<\/li>\n<li>Perfekt f\u00fcr die schnelle und einfache Georeferenzierung von Geb\u00e4uden. Ideal f\u00fcr die Lage und H\u00f6he der Sohle von Brunnen oder Sch\u00e4chten.<\/li>\n<li>6 Konstellationen und 1.408 Kan\u00e4le<\/li>\n<li>RTK und PPK<\/li>\n<li>Robuste FIX-Verbindung in schwierigen Umgebungen (unter B\u00e4umen, in st\u00e4dtischen Umgebungen, in der N\u00e4he hoher Geb\u00e4ude)<\/li>\n<li>Aplicaci\u00f3n de campo profesional SurPro (opcional)<\/li>\n<li>Bis zu 12 Stunden Akkulaufzeit<\/li>\n<li>Schutzart IP67 (\u00fcbersteht St\u00fcrze aus einer H\u00f6he von bis zu 2 m)<\/li>\n<\/ul>","protected":false},"featured_media":3654,"template":"","meta":{"_themeisle_gutenberg_block_has_review":false},"product_cat":[26],"product_tag":[22,24,23,25],"yoast_head":"<!-- This site is optimized with the Yoast SEO Premium plugin v21.6 (Yoast SEO v21.6) - https:\/\/yoast.com\/wordpress\/plugins\/seo\/ -->\n<title>AlphaGEO GeoPuls Laser | GPS RTK de mano<\/title>\n<meta name=\"description\" content=\"GPS RTK con l\u00e1ser, para medici\u00f3n de puntos inaccesibles. R\u00e1pido y f\u00e1cil de utilizar. Precisi\u00f3n centim\u00e9trica. Perfecto para georreferenciar edificios.\" \/>\n<meta name=\"robots\" content=\"index, follow, max-snippet:-1, max-image-preview:large, max-video-preview:-1\" \/>\n<link rel=\"canonical\" href=\"https:\/\/www.utm30.com\/de\/produkt\/alphageo-geopuls-laser\/\" \/>\n<meta property=\"og:locale\" content=\"de_DE\" \/>\n<meta property=\"og:type\" content=\"article\" \/>\n<meta property=\"og:title\" content=\"AlphaGEO GeoPuls Laser\" \/>\n<meta property=\"og:description\" content=\"GPS RTK con l\u00e1ser, para medici\u00f3n de puntos inaccesibles. R\u00e1pido y f\u00e1cil de utilizar. Precisi\u00f3n centim\u00e9trica. Perfecto para georreferenciar edificios.\" \/>\n<meta property=\"og:url\" content=\"https:\/\/www.utm30.com\/de\/produkt\/alphageo-geopuls-laser\/\" \/>\n<meta property=\"og:site_name\" content=\"UTM30 \u00b7 Equipos de topograf\u00eda\" \/>\n<meta property=\"article:modified_time\" content=\"2026-01-17T06:25:30+00:00\" \/>\n<meta property=\"og:image\" content=\"https:\/\/www.utm30.com\/wp-content\/uploads\/2024\/03\/AlphaGEO_GeoPuls_Laser_1.png\" \/>\n\t<meta property=\"og:image:width\" content=\"500\" \/>\n\t<meta property=\"og:image:height\" content=\"500\" \/>\n\t<meta property=\"og:image:type\" content=\"image\/png\" \/>\n<meta name=\"twitter:card\" content=\"summary_large_image\" \/>\n<meta name=\"twitter:label1\" content=\"Gesch\u00e4tzte Lesezeit\" \/>\n\t<meta name=\"twitter:data1\" content=\"1\u00a0Minute\" \/>\n<script type=\"application\/ld+json\" class=\"yoast-schema-graph\">{\"@context\":\"https:\/\/schema.org\",\"@graph\":[{\"@type\":\"WebPage\",\"@id\":\"https:\/\/www.utm30.com\/producto\/alphageo-geopuls-laser\/\",\"url\":\"https:\/\/www.utm30.com\/producto\/alphageo-geopuls-laser\/\",\"name\":\"AlphaGEO GeoPuls Laser | GPS RTK de mano\",\"isPartOf\":{\"@id\":\"https:\/\/www.utm30.com\/#website\"},\"datePublished\":\"2024-03-23T18:06:34+00:00\",\"dateModified\":\"2026-01-17T06:25:30+00:00\",\"description\":\"GPS RTK con l\u00e1ser, para medici\u00f3n de puntos inaccesibles. R\u00e1pido y f\u00e1cil de utilizar. Precisi\u00f3n centim\u00e9trica. Perfecto para georreferenciar edificios.\",\"breadcrumb\":{\"@id\":\"https:\/\/www.utm30.com\/producto\/alphageo-geopuls-laser\/#breadcrumb\"},\"inLanguage\":\"de\",\"potentialAction\":[{\"@type\":\"ReadAction\",\"target\":[\"https:\/\/www.utm30.com\/producto\/alphageo-geopuls-laser\/\"]}]},{\"@type\":\"BreadcrumbList\",\"@id\":\"https:\/\/www.utm30.com\/producto\/alphageo-geopuls-laser\/#breadcrumb\",\"itemListElement\":[{\"@type\":\"ListItem\",\"position\":1,\"name\":\"Portada\",\"item\":\"https:\/\/www.utm30.com\/\"},{\"@type\":\"ListItem\",\"position\":2,\"name\":\"Productos UTM30\",\"item\":\"https:\/\/www.utm30.com\/productos-utm30\/\"},{\"@type\":\"ListItem\",\"position\":3,\"name\":\"AlphaGEO GeoPuls Laser\"}]},{\"@type\":\"WebSite\",\"@id\":\"https:\/\/www.utm30.com\/#website\",\"url\":\"https:\/\/www.utm30.com\/\",\"name\":\"UTM30 \u00b7 Equipos de Topografia\",\"description\":\"Equipos de topograf\u00eda\",\"publisher\":{\"@id\":\"https:\/\/www.utm30.com\/#organization\"},\"alternateName\":\"UTM30\",\"potentialAction\":[{\"@type\":\"SearchAction\",\"target\":{\"@type\":\"EntryPoint\",\"urlTemplate\":\"https:\/\/www.utm30.com\/?s={search_term_string}\"},\"query-input\":\"required name=search_term_string\"}],\"inLanguage\":\"de\"},{\"@type\":\"Organization\",\"@id\":\"https:\/\/www.utm30.com\/#organization\",\"name\":\"UTM30 \u00b7 Equipos de topografia\",\"alternateName\":\"UTM30\",\"url\":\"https:\/\/www.utm30.com\/\",\"logo\":{\"@type\":\"ImageObject\",\"inLanguage\":\"de\",\"@id\":\"https:\/\/www.utm30.com\/#\/schema\/logo\/image\/\",\"url\":\"https:\/\/www.utm30.com\/wp-content\/uploads\/2023\/10\/logo_cartel_UTM30.png\",\"contentUrl\":\"https:\/\/www.utm30.com\/wp-content\/uploads\/2023\/10\/logo_cartel_UTM30.png\",\"width\":1854,\"height\":475,\"caption\":\"UTM30 \u00b7 Equipos de topografia\"},\"image\":{\"@id\":\"https:\/\/www.utm30.com\/#\/schema\/logo\/image\/\"},\"sameAs\":[\"https:\/\/www.youtube.com\/channel\/UC492H-BCfKZoCIkRsT244xQ\"]}]}<\/script>\n<!-- \/ Yoast SEO Premium plugin. -->","yoast_head_json":{"title":"AlphaGEO GeoPuls Laser | GPS RTK de mano","description":"GPS RTK con l\u00e1ser, para medici\u00f3n de puntos inaccesibles. R\u00e1pido y f\u00e1cil de utilizar. Precisi\u00f3n centim\u00e9trica. Perfecto para georreferenciar edificios.","robots":{"index":"index","follow":"follow","max-snippet":"max-snippet:-1","max-image-preview":"max-image-preview:large","max-video-preview":"max-video-preview:-1"},"canonical":"https:\/\/www.utm30.com\/de\/produkt\/alphageo-geopuls-laser\/","og_locale":"de_DE","og_type":"article","og_title":"AlphaGEO GeoPuls Laser","og_description":"GPS RTK con l\u00e1ser, para medici\u00f3n de puntos inaccesibles. R\u00e1pido y f\u00e1cil de utilizar. Precisi\u00f3n centim\u00e9trica. Perfecto para georreferenciar edificios.","og_url":"https:\/\/www.utm30.com\/de\/produkt\/alphageo-geopuls-laser\/","og_site_name":"UTM30 \u00b7 Equipos de topograf\u00eda","article_modified_time":"2026-01-17T06:25:30+00:00","og_image":[{"width":500,"height":500,"url":"https:\/\/www.utm30.com\/wp-content\/uploads\/2024\/03\/AlphaGEO_GeoPuls_Laser_1.png","type":"image\/png"}],"twitter_card":"summary_large_image","twitter_misc":{"Gesch\u00e4tzte Lesezeit":"1\u00a0Minute"},"schema":{"@context":"https:\/\/schema.org","@graph":[{"@type":"WebPage","@id":"https:\/\/www.utm30.com\/producto\/alphageo-geopuls-laser\/","url":"https:\/\/www.utm30.com\/producto\/alphageo-geopuls-laser\/","name":"AlphaGEO GeoPuls Laser | GPS RTK de mano","isPartOf":{"@id":"https:\/\/www.utm30.com\/#website"},"datePublished":"2024-03-23T18:06:34+00:00","dateModified":"2026-01-17T06:25:30+00:00","description":"GPS RTK con l\u00e1ser, para medici\u00f3n de puntos inaccesibles. R\u00e1pido y f\u00e1cil de utilizar. Precisi\u00f3n centim\u00e9trica. Perfecto para georreferenciar edificios.","breadcrumb":{"@id":"https:\/\/www.utm30.com\/producto\/alphageo-geopuls-laser\/#breadcrumb"},"inLanguage":"de","potentialAction":[{"@type":"ReadAction","target":["https:\/\/www.utm30.com\/producto\/alphageo-geopuls-laser\/"]}]},{"@type":"BreadcrumbList","@id":"https:\/\/www.utm30.com\/producto\/alphageo-geopuls-laser\/#breadcrumb","itemListElement":[{"@type":"ListItem","position":1,"name":"Portada","item":"https:\/\/www.utm30.com\/"},{"@type":"ListItem","position":2,"name":"Productos UTM30","item":"https:\/\/www.utm30.com\/productos-utm30\/"},{"@type":"ListItem","position":3,"name":"AlphaGEO GeoPuls Laser"}]},{"@type":"WebSite","@id":"https:\/\/www.utm30.com\/#website","url":"https:\/\/www.utm30.com\/","name":"UTM30 \u00b7 Equipos de Topografia","description":"Equipos de topograf\u00eda","publisher":{"@id":"https:\/\/www.utm30.com\/#organization"},"alternateName":"UTM30","potentialAction":[{"@type":"SearchAction","target":{"@type":"EntryPoint","urlTemplate":"https:\/\/www.utm30.com\/?s={search_term_string}"},"query-input":"required name=search_term_string"}],"inLanguage":"de"},{"@type":"Organization","@id":"https:\/\/www.utm30.com\/#organization","name":"UTM30 \u00b7 Equipos de topografia","alternateName":"UTM30","url":"https:\/\/www.utm30.com\/","logo":{"@type":"ImageObject","inLanguage":"de","@id":"https:\/\/www.utm30.com\/#\/schema\/logo\/image\/","url":"https:\/\/www.utm30.com\/wp-content\/uploads\/2023\/10\/logo_cartel_UTM30.png","contentUrl":"https:\/\/www.utm30.com\/wp-content\/uploads\/2023\/10\/logo_cartel_UTM30.png","width":1854,"height":475,"caption":"UTM30 \u00b7 Equipos de topografia"},"image":{"@id":"https:\/\/www.utm30.com\/#\/schema\/logo\/image\/"},"sameAs":["https:\/\/www.youtube.com\/channel\/UC492H-BCfKZoCIkRsT244xQ"]}]}},"_links":{"self":[{"href":"https:\/\/www.utm30.com\/de\/wp-json\/wp\/v2\/product\/3643"}],"collection":[{"href":"https:\/\/www.utm30.com\/de\/wp-json\/wp\/v2\/product"}],"about":[{"href":"https:\/\/www.utm30.com\/de\/wp-json\/wp\/v2\/types\/product"}],"version-history":[{"count":15,"href":"https:\/\/www.utm30.com\/de\/wp-json\/wp\/v2\/product\/3643\/revisions"}],"predecessor-version":[{"id":5277,"href":"https:\/\/www.utm30.com\/de\/wp-json\/wp\/v2\/product\/3643\/revisions\/5277"}],"wp:featuredmedia":[{"embeddable":true,"href":"https:\/\/www.utm30.com\/de\/wp-json\/wp\/v2\/media\/3654"}],"wp:attachment":[{"href":"https:\/\/www.utm30.com\/de\/wp-json\/wp\/v2\/media?parent=3643"}],"wp:term":[{"taxonomy":"product_cat","embeddable":true,"href":"https:\/\/www.utm30.com\/de\/wp-json\/wp\/v2\/product_cat?post=3643"},{"taxonomy":"product_tag","embeddable":true,"href":"https:\/\/www.utm30.com\/de\/wp-json\/wp\/v2\/product_tag?post=3643"}],"curies":[{"name":"wp","href":"https:\/\/api.w.org\/{rel}","templated":true}]}}