{"id":3784,"date":"2024-04-11T07:39:22","date_gmt":"2024-04-11T05:39:22","guid":{"rendered":"https:\/\/www.utm30.com\/?post_type=product&#038;p=3784"},"modified":"2024-04-11T10:15:52","modified_gmt":"2024-04-11T08:15:52","slug":"stec-se-lite","status":"publish","type":"product","link":"https:\/\/www.utm30.com\/de\/produkt\/stec-se-lite\/","title":{"rendered":"Stec SE Lite"},"content":{"rendered":"<p>Topographischer GPS (GNSS) Empf\u00e4nger mit IMU. Sehr geringes Gewicht. Niedriger Preis.<\/p>","protected":false},"excerpt":{"rendered":"<p><img loading=\"lazy\" decoding=\"async\" class=\"alignnone wp-image-3774\" src=\"https:\/\/www.utm30.com\/wp-content\/uploads\/2024\/04\/Icono_STEC.png\" alt=\"\" width=\"80\" height=\"30\" srcset=\"https:\/\/www.utm30.com\/wp-content\/uploads\/2024\/04\/Icono_STEC.png 100w, https:\/\/www.utm30.com\/wp-content\/uploads\/2024\/04\/Icono_STEC-18x7.png 18w\" sizes=\"(max-width: 80px) 100vw, 80px\" \/><\/p>\n<h1>Stec SE Lite<\/h1>\n<h6><strong>Sehr leichter GPS (GNSS)-Empf\u00e4nger<br \/>\n<\/strong><\/h6>\n<ul>\n<li>Zenith-Algorithmus; doppelte Koordinatenverarbeitung f\u00fcr h\u00f6chste Pr\u00e4zision<\/li>\n<li>IMU 60\u00b0 Neigung, keine Kalibrierung erforderlich<\/li>\n<li>Mehrmarken-Funk Rx\/Tx + S-Link-Funk bis zu 15 km<\/li>\n<li>Sehr leicht und klein (590g)<\/li>\n<li>6 Konstellationen und 1.408 Kan\u00e4le<\/li>\n<li>RTK und PPK<\/li>\n<li>PPP (unterst\u00fctzt Galileo HAS)<\/li>\n<li>Robuste FIX-Verbindung in schwierigen Umgebungen (unter B\u00e4umen, in st\u00e4dtischen Umgebungen, in der N\u00e4he hoher Geb\u00e4ude)<\/li>\n<li>Professioneller Feldeinsatz SurPad<\/li>\n<li>Wifi, Bluetooth und NFC<\/li>\n<li>Bis zu 15 Stunden Akkulaufzeit im Rover-Modus<\/li>\n<li>Schutzart IP68 (\u00fcbersteht St\u00fcrze aus einer H\u00f6he von bis zu 2 m)<\/li>\n<\/ul>","protected":false},"featured_media":3787,"template":"","meta":{"_themeisle_gutenberg_block_has_review":false},"product_cat":[26],"product_tag":[22,24,25],"yoast_head":"<!-- This site is optimized with the Yoast SEO Premium plugin v21.6 (Yoast SEO v21.6) - https:\/\/yoast.com\/wordpress\/plugins\/seo\/ -->\n<title>Stec SE Lite | UTM30 \u00b7 Equipos de topograf\u00eda<\/title>\n<meta name=\"description\" content=\"Receptor GPS (GNSS) RTK para topograf\u00eda. IMU hasta 60\u00ba. Tama\u00f1o peque\u00f1o y peso ligero. Adaptado para la tecnog\u00eda PPP de Galileo HAS.\" \/>\n<meta name=\"robots\" content=\"index, follow, max-snippet:-1, max-image-preview:large, max-video-preview:-1\" \/>\n<link rel=\"canonical\" href=\"https:\/\/www.utm30.com\/de\/produkt\/stec-se-lite\/\" \/>\n<meta property=\"og:locale\" content=\"de_DE\" \/>\n<meta property=\"og:type\" content=\"article\" \/>\n<meta property=\"og:title\" content=\"Stec SE Lite\" \/>\n<meta property=\"og:description\" content=\"Receptor GPS (GNSS) RTK para topograf\u00eda. IMU hasta 60\u00ba. Tama\u00f1o peque\u00f1o y peso ligero. Adaptado para la tecnog\u00eda PPP de Galileo HAS.\" \/>\n<meta property=\"og:url\" content=\"https:\/\/www.utm30.com\/de\/produkt\/stec-se-lite\/\" \/>\n<meta property=\"og:site_name\" content=\"UTM30 \u00b7 Equipos de topograf\u00eda\" \/>\n<meta property=\"article:modified_time\" content=\"2024-04-11T08:15:52+00:00\" \/>\n<meta property=\"og:image\" content=\"https:\/\/www.utm30.com\/wp-content\/uploads\/2024\/04\/Stec_SE_lite_1.jpg\" \/>\n\t<meta property=\"og:image:width\" content=\"1000\" \/>\n\t<meta property=\"og:image:height\" content=\"1000\" \/>\n\t<meta property=\"og:image:type\" content=\"image\/jpeg\" \/>\n<meta name=\"twitter:card\" content=\"summary_large_image\" \/>\n<meta name=\"twitter:label1\" content=\"Gesch\u00e4tzte Lesezeit\" \/>\n\t<meta name=\"twitter:data1\" content=\"1\u00a0Minute\" \/>\n<script type=\"application\/ld+json\" class=\"yoast-schema-graph\">{\"@context\":\"https:\/\/schema.org\",\"@graph\":[{\"@type\":\"WebPage\",\"@id\":\"https:\/\/www.utm30.com\/producto\/stec-se-lite\/\",\"url\":\"https:\/\/www.utm30.com\/producto\/stec-se-lite\/\",\"name\":\"Stec SE Lite | UTM30 \u00b7 Equipos de topograf\u00eda\",\"isPartOf\":{\"@id\":\"https:\/\/www.utm30.com\/#website\"},\"datePublished\":\"2024-04-11T05:39:22+00:00\",\"dateModified\":\"2024-04-11T08:15:52+00:00\",\"description\":\"Receptor GPS (GNSS) RTK para topograf\u00eda. IMU hasta 60\u00ba. Tama\u00f1o peque\u00f1o y peso ligero. Adaptado para la tecnog\u00eda PPP de Galileo HAS.\",\"breadcrumb\":{\"@id\":\"https:\/\/www.utm30.com\/producto\/stec-se-lite\/#breadcrumb\"},\"inLanguage\":\"de\",\"potentialAction\":[{\"@type\":\"ReadAction\",\"target\":[\"https:\/\/www.utm30.com\/producto\/stec-se-lite\/\"]}]},{\"@type\":\"BreadcrumbList\",\"@id\":\"https:\/\/www.utm30.com\/producto\/stec-se-lite\/#breadcrumb\",\"itemListElement\":[{\"@type\":\"ListItem\",\"position\":1,\"name\":\"Portada\",\"item\":\"https:\/\/www.utm30.com\/\"},{\"@type\":\"ListItem\",\"position\":2,\"name\":\"Productos UTM30\",\"item\":\"https:\/\/www.utm30.com\/productos-utm30\/\"},{\"@type\":\"ListItem\",\"position\":3,\"name\":\"Stec SE Lite\"}]},{\"@type\":\"WebSite\",\"@id\":\"https:\/\/www.utm30.com\/#website\",\"url\":\"https:\/\/www.utm30.com\/\",\"name\":\"UTM30 \u00b7 Equipos de Topografia\",\"description\":\"Equipos de topograf\u00eda\",\"publisher\":{\"@id\":\"https:\/\/www.utm30.com\/#organization\"},\"alternateName\":\"UTM30\",\"potentialAction\":[{\"@type\":\"SearchAction\",\"target\":{\"@type\":\"EntryPoint\",\"urlTemplate\":\"https:\/\/www.utm30.com\/?s={search_term_string}\"},\"query-input\":\"required name=search_term_string\"}],\"inLanguage\":\"de\"},{\"@type\":\"Organization\",\"@id\":\"https:\/\/www.utm30.com\/#organization\",\"name\":\"UTM30 \u00b7 Equipos de topografia\",\"alternateName\":\"UTM30\",\"url\":\"https:\/\/www.utm30.com\/\",\"logo\":{\"@type\":\"ImageObject\",\"inLanguage\":\"de\",\"@id\":\"https:\/\/www.utm30.com\/#\/schema\/logo\/image\/\",\"url\":\"https:\/\/www.utm30.com\/wp-content\/uploads\/2023\/10\/logo_cartel_UTM30.png\",\"contentUrl\":\"https:\/\/www.utm30.com\/wp-content\/uploads\/2023\/10\/logo_cartel_UTM30.png\",\"width\":1854,\"height\":475,\"caption\":\"UTM30 \u00b7 Equipos de topografia\"},\"image\":{\"@id\":\"https:\/\/www.utm30.com\/#\/schema\/logo\/image\/\"},\"sameAs\":[\"https:\/\/www.youtube.com\/channel\/UC492H-BCfKZoCIkRsT244xQ\"]}]}<\/script>\n<!-- \/ Yoast SEO Premium plugin. -->","yoast_head_json":{"title":"Stec SE Lite | UTM30 \u00b7 Equipos de topograf\u00eda","description":"Receptor GPS (GNSS) RTK para topograf\u00eda. IMU hasta 60\u00ba. Tama\u00f1o peque\u00f1o y peso ligero. Adaptado para la tecnog\u00eda PPP de Galileo HAS.","robots":{"index":"index","follow":"follow","max-snippet":"max-snippet:-1","max-image-preview":"max-image-preview:large","max-video-preview":"max-video-preview:-1"},"canonical":"https:\/\/www.utm30.com\/de\/produkt\/stec-se-lite\/","og_locale":"de_DE","og_type":"article","og_title":"Stec SE Lite","og_description":"Receptor GPS (GNSS) RTK para topograf\u00eda. IMU hasta 60\u00ba. Tama\u00f1o peque\u00f1o y peso ligero. Adaptado para la tecnog\u00eda PPP de Galileo HAS.","og_url":"https:\/\/www.utm30.com\/de\/produkt\/stec-se-lite\/","og_site_name":"UTM30 \u00b7 Equipos de topograf\u00eda","article_modified_time":"2024-04-11T08:15:52+00:00","og_image":[{"width":1000,"height":1000,"url":"https:\/\/www.utm30.com\/wp-content\/uploads\/2024\/04\/Stec_SE_lite_1.jpg","type":"image\/jpeg"}],"twitter_card":"summary_large_image","twitter_misc":{"Gesch\u00e4tzte Lesezeit":"1\u00a0Minute"},"schema":{"@context":"https:\/\/schema.org","@graph":[{"@type":"WebPage","@id":"https:\/\/www.utm30.com\/producto\/stec-se-lite\/","url":"https:\/\/www.utm30.com\/producto\/stec-se-lite\/","name":"Stec SE Lite | UTM30 \u00b7 Equipos de topograf\u00eda","isPartOf":{"@id":"https:\/\/www.utm30.com\/#website"},"datePublished":"2024-04-11T05:39:22+00:00","dateModified":"2024-04-11T08:15:52+00:00","description":"Receptor GPS (GNSS) RTK para topograf\u00eda. IMU hasta 60\u00ba. Tama\u00f1o peque\u00f1o y peso ligero. Adaptado para la tecnog\u00eda PPP de Galileo HAS.","breadcrumb":{"@id":"https:\/\/www.utm30.com\/producto\/stec-se-lite\/#breadcrumb"},"inLanguage":"de","potentialAction":[{"@type":"ReadAction","target":["https:\/\/www.utm30.com\/producto\/stec-se-lite\/"]}]},{"@type":"BreadcrumbList","@id":"https:\/\/www.utm30.com\/producto\/stec-se-lite\/#breadcrumb","itemListElement":[{"@type":"ListItem","position":1,"name":"Portada","item":"https:\/\/www.utm30.com\/"},{"@type":"ListItem","position":2,"name":"Productos UTM30","item":"https:\/\/www.utm30.com\/productos-utm30\/"},{"@type":"ListItem","position":3,"name":"Stec SE Lite"}]},{"@type":"WebSite","@id":"https:\/\/www.utm30.com\/#website","url":"https:\/\/www.utm30.com\/","name":"UTM30 \u00b7 Equipos de Topografia","description":"Equipos de topograf\u00eda","publisher":{"@id":"https:\/\/www.utm30.com\/#organization"},"alternateName":"UTM30","potentialAction":[{"@type":"SearchAction","target":{"@type":"EntryPoint","urlTemplate":"https:\/\/www.utm30.com\/?s={search_term_string}"},"query-input":"required name=search_term_string"}],"inLanguage":"de"},{"@type":"Organization","@id":"https:\/\/www.utm30.com\/#organization","name":"UTM30 \u00b7 Equipos de topografia","alternateName":"UTM30","url":"https:\/\/www.utm30.com\/","logo":{"@type":"ImageObject","inLanguage":"de","@id":"https:\/\/www.utm30.com\/#\/schema\/logo\/image\/","url":"https:\/\/www.utm30.com\/wp-content\/uploads\/2023\/10\/logo_cartel_UTM30.png","contentUrl":"https:\/\/www.utm30.com\/wp-content\/uploads\/2023\/10\/logo_cartel_UTM30.png","width":1854,"height":475,"caption":"UTM30 \u00b7 Equipos de topografia"},"image":{"@id":"https:\/\/www.utm30.com\/#\/schema\/logo\/image\/"},"sameAs":["https:\/\/www.youtube.com\/channel\/UC492H-BCfKZoCIkRsT244xQ"]}]}},"_links":{"self":[{"href":"https:\/\/www.utm30.com\/de\/wp-json\/wp\/v2\/product\/3784"}],"collection":[{"href":"https:\/\/www.utm30.com\/de\/wp-json\/wp\/v2\/product"}],"about":[{"href":"https:\/\/www.utm30.com\/de\/wp-json\/wp\/v2\/types\/product"}],"version-history":[{"count":2,"href":"https:\/\/www.utm30.com\/de\/wp-json\/wp\/v2\/product\/3784\/revisions"}],"predecessor-version":[{"id":4753,"href":"https:\/\/www.utm30.com\/de\/wp-json\/wp\/v2\/product\/3784\/revisions\/4753"}],"wp:featuredmedia":[{"embeddable":true,"href":"https:\/\/www.utm30.com\/de\/wp-json\/wp\/v2\/media\/3787"}],"wp:attachment":[{"href":"https:\/\/www.utm30.com\/de\/wp-json\/wp\/v2\/media?parent=3784"}],"wp:term":[{"taxonomy":"product_cat","embeddable":true,"href":"https:\/\/www.utm30.com\/de\/wp-json\/wp\/v2\/product_cat?post=3784"},{"taxonomy":"product_tag","embeddable":true,"href":"https:\/\/www.utm30.com\/de\/wp-json\/wp\/v2\/product_tag?post=3784"}],"curies":[{"name":"wp","href":"https:\/\/api.w.org\/{rel}","templated":true}]}}