{"id":3803,"date":"2024-04-11T19:18:02","date_gmt":"2024-04-11T17:18:02","guid":{"rendered":"https:\/\/www.utm30.com\/?post_type=product&#038;p=3803"},"modified":"2026-03-17T16:23:15","modified_gmt":"2026-03-17T15:23:15","slug":"ruide-reno2-visual-3d","status":"publish","type":"product","link":"https:\/\/www.utm30.com\/de\/produkt\/ruide-reno2-visuell-3d\/","title":{"rendered":"Ruide Reno2 Visuell 3D"},"content":{"rendered":"<p>Topografischer GPS-Empf\u00e4nger (GNSS) mit Kamera f\u00fcr visuelle 3D-Vermessung + Kamera f\u00fcr AR-Absteckung. Ruide Reno 2. Durchschnittlicher Preis.<\/p>\n<p>&nbsp;<\/p>\n<hr style=\"border: none; height: 1px; background-color: #dcdcdc;\" \/>\n<p>&nbsp;<\/p>\n<p><a style=\"background-color: #184f7c; color: white; font-size: 22px; padding: 10px; text-decoration: none; border-radius: 5px;\" href=\"https:\/\/www.utm30.com\/de\/alquiler\/\">AUSPROBIEREN UND MIETEN \u27f9<\/a><\/p>\n<p><span style=\"color: #333333;\">Wenn Sie es dann kaufen <\/span><strong><span style=\"color: #b88041;\">50% des f\u00fcr die Miete gezahlten Betrags wird Ihnen zur\u00fcckerstattet!<\/span><br \/>\n<\/strong><\/p>\n<hr style=\"border: none; height: 1px; background-color: #dcdcdc;\" \/>\n<p>&nbsp;<\/p>\n<p>&nbsp;<\/p>\n<p><em>Video 1: Unboxing:<\/em><\/p>\n<p><iframe style=\"aspect-ratio: 16\/9;\" src=\"https:\/\/www.youtube.com\/embed\/6qZnLO-_tFw\" allowfullscreen=\"allowfullscreen\"><\/iframe><\/p>\n<p>&nbsp;<\/p>\n<p><em>Video 2: Visuelle Bestandsaufnahme (altes Geb\u00e4ude):<\/em><\/p>\n<p><iframe style=\"aspect-ratio: 16\/9;\" src=\"https:\/\/www.youtube.com\/embed\/T3pOyNhvVmM\" allowfullscreen=\"allowfullscreen\"><\/iframe><\/p>\n<p>&nbsp;<\/p>\n<p>&nbsp;<\/p>\n<p><a href=\"https:\/\/www.utm30.com\/wp-content\/uploads\/2024\/08\/Folleto_Ruide_Reno2_ESP.pdf\"><img loading=\"lazy\" decoding=\"async\" class=\"aligncenter wp-image-4073\" src=\"https:\/\/www.utm30.com\/wp-content\/uploads\/2024\/04\/descargar_folleto_PDF_1-300x102.png\" alt=\"\" width=\"200\" height=\"68\" srcset=\"https:\/\/www.utm30.com\/wp-content\/uploads\/2024\/04\/descargar_folleto_PDF_1-300x102.png 300w, https:\/\/www.utm30.com\/wp-content\/uploads\/2024\/04\/descargar_folleto_PDF_1-18x6.png 18w, https:\/\/www.utm30.com\/wp-content\/uploads\/2024\/04\/descargar_folleto_PDF_1.png 458w\" sizes=\"(max-width: 200px) 100vw, 200px\" \/><\/a><\/p>\n<p>&nbsp;<\/p>\n<hr \/>","protected":false},"excerpt":{"rendered":"<p><img loading=\"lazy\" decoding=\"async\" class=\"alignnone wp-image-3805\" src=\"https:\/\/www.utm30.com\/wp-content\/uploads\/2024\/04\/Icono_RUIDE.png\" alt=\"\" width=\"115\" height=\"22\" srcset=\"https:\/\/www.utm30.com\/wp-content\/uploads\/2024\/04\/Icono_RUIDE.png 209w, https:\/\/www.utm30.com\/wp-content\/uploads\/2024\/04\/Icono_RUIDE-18x3.png 18w\" sizes=\"(max-width: 115px) 100vw, 115px\" \/><\/p>\n<h1>Ruide Reno2 Visuell 3D<\/h1>\n<h6><strong>GPS (GNSS)-Empf\u00e4nger mit 2 Kameras f\u00fcr visuelle Vermessung und AR-Absteckung<br \/>\n<\/strong><\/h6>\n<ul>\n<li>3D-Visualisierung \u00fcber die Frontkamera<\/li>\n<li>Gewinnung eines 3D-Modells durch Fotos oder Videos<\/li>\n<li>AR-Absteckung mit einer Kombination aus Front- und Bodenkamera<\/li>\n<li>IMU 60\u00b0 Neigung, keine Kalibrierung erforderlich<\/li>\n<li>Multimarken-Funk Rx\/Tx + Farlink-Funk bis zu 8 km<\/li>\n<li>Leichtgewicht (860g)<\/li>\n<li>7 Konstellationen und 1.698 Kan\u00e4le<\/li>\n<li>RTK und PPK<\/li>\n<li>Robuste FIX-Verbindung in schwierigen Umgebungen (unter B\u00e4umen, in st\u00e4dtischen Umgebungen, in der N\u00e4he hoher Geb\u00e4ude)<\/li>\n<li>Aplicaci\u00f3n de campo profesional RTK GO<\/li>\n<li>Inklusive GEO DataLab PC-Software (3D-Modellierung, Koordinaten, Messungen, etc.)<\/li>\n<li>4G, Bluetooth und Wifi<\/li>\n<li>Bis zu 12 Stunden Akkulaufzeit im Rover-Modus<\/li>\n<li>Schutzart IP68 (\u00fcbersteht St\u00fcrze aus einer H\u00f6he von bis zu 2 m)<\/li>\n<\/ul>\n<p>&nbsp;<\/p>","protected":false},"featured_media":3811,"template":"","meta":{"_themeisle_gutenberg_block_has_review":false},"product_cat":[26],"product_tag":[47,22,24,25],"yoast_head":"<!-- This site is optimized with the Yoast SEO Premium plugin v21.6 (Yoast SEO v21.6) - https:\/\/yoast.com\/wordpress\/plugins\/seo\/ -->\n<title>Receptor GPS con 2 c\u00e1maras | Ruide Reno2 Visual 3D<\/title>\n<meta name=\"description\" content=\"Receptor GPS (GNSS) topogr\u00e1fico con C\u00e1mara para levantamiento visual 3D (fotogrametr\u00eda) + C\u00e1mara para replanteo AR. Ideal para captura masiva de puntos.\" \/>\n<meta name=\"robots\" content=\"index, follow, max-snippet:-1, max-image-preview:large, max-video-preview:-1\" \/>\n<link rel=\"canonical\" href=\"https:\/\/www.utm30.com\/de\/produkt\/ruide-reno2-visuell-3d\/\" \/>\n<meta property=\"og:locale\" content=\"de_DE\" \/>\n<meta property=\"og:type\" content=\"article\" \/>\n<meta property=\"og:title\" content=\"Ruide Reno2 Visual 3D\" \/>\n<meta property=\"og:description\" content=\"Receptor GPS (GNSS) topogr\u00e1fico con C\u00e1mara para levantamiento visual 3D (fotogrametr\u00eda) + C\u00e1mara para replanteo AR. Ideal para captura masiva de puntos.\" \/>\n<meta property=\"og:url\" content=\"https:\/\/www.utm30.com\/de\/produkt\/ruide-reno2-visuell-3d\/\" \/>\n<meta property=\"og:site_name\" content=\"UTM30 \u00b7 Equipos de topograf\u00eda\" \/>\n<meta property=\"article:modified_time\" content=\"2026-03-17T15:23:15+00:00\" \/>\n<meta property=\"og:image\" content=\"https:\/\/www.utm30.com\/wp-content\/uploads\/2024\/04\/Ruide_Reno2_2.jpg\" \/>\n\t<meta property=\"og:image:width\" content=\"1200\" \/>\n\t<meta property=\"og:image:height\" content=\"1200\" \/>\n\t<meta property=\"og:image:type\" content=\"image\/jpeg\" \/>\n<meta name=\"twitter:card\" content=\"summary_large_image\" \/>\n<meta name=\"twitter:label1\" content=\"Gesch\u00e4tzte Lesezeit\" \/>\n\t<meta name=\"twitter:data1\" content=\"1\u00a0Minute\" \/>\n<script type=\"application\/ld+json\" class=\"yoast-schema-graph\">{\"@context\":\"https:\/\/schema.org\",\"@graph\":[{\"@type\":\"WebPage\",\"@id\":\"https:\/\/www.utm30.com\/producto\/ruide-reno2-visual-3d\/\",\"url\":\"https:\/\/www.utm30.com\/producto\/ruide-reno2-visual-3d\/\",\"name\":\"Receptor GPS con 2 c\u00e1maras | Ruide Reno2 Visual 3D\",\"isPartOf\":{\"@id\":\"https:\/\/www.utm30.com\/#website\"},\"datePublished\":\"2024-04-11T17:18:02+00:00\",\"dateModified\":\"2026-03-17T15:23:15+00:00\",\"description\":\"Receptor GPS (GNSS) topogr\u00e1fico con C\u00e1mara para levantamiento visual 3D (fotogrametr\u00eda) + C\u00e1mara para replanteo AR. Ideal para captura masiva de puntos.\",\"breadcrumb\":{\"@id\":\"https:\/\/www.utm30.com\/producto\/ruide-reno2-visual-3d\/#breadcrumb\"},\"inLanguage\":\"de\",\"potentialAction\":[{\"@type\":\"ReadAction\",\"target\":[\"https:\/\/www.utm30.com\/producto\/ruide-reno2-visual-3d\/\"]}]},{\"@type\":\"BreadcrumbList\",\"@id\":\"https:\/\/www.utm30.com\/producto\/ruide-reno2-visual-3d\/#breadcrumb\",\"itemListElement\":[{\"@type\":\"ListItem\",\"position\":1,\"name\":\"Portada\",\"item\":\"https:\/\/www.utm30.com\/\"},{\"@type\":\"ListItem\",\"position\":2,\"name\":\"Productos UTM30\",\"item\":\"https:\/\/www.utm30.com\/productos-utm30\/\"},{\"@type\":\"ListItem\",\"position\":3,\"name\":\"Ruide Reno2 Visual 3D\"}]},{\"@type\":\"WebSite\",\"@id\":\"https:\/\/www.utm30.com\/#website\",\"url\":\"https:\/\/www.utm30.com\/\",\"name\":\"UTM30 \u00b7 Equipos de Topografia\",\"description\":\"Equipos de topograf\u00eda\",\"publisher\":{\"@id\":\"https:\/\/www.utm30.com\/#organization\"},\"alternateName\":\"UTM30\",\"potentialAction\":[{\"@type\":\"SearchAction\",\"target\":{\"@type\":\"EntryPoint\",\"urlTemplate\":\"https:\/\/www.utm30.com\/?s={search_term_string}\"},\"query-input\":\"required name=search_term_string\"}],\"inLanguage\":\"de\"},{\"@type\":\"Organization\",\"@id\":\"https:\/\/www.utm30.com\/#organization\",\"name\":\"UTM30 \u00b7 Equipos de topografia\",\"alternateName\":\"UTM30\",\"url\":\"https:\/\/www.utm30.com\/\",\"logo\":{\"@type\":\"ImageObject\",\"inLanguage\":\"de\",\"@id\":\"https:\/\/www.utm30.com\/#\/schema\/logo\/image\/\",\"url\":\"https:\/\/www.utm30.com\/wp-content\/uploads\/2023\/10\/logo_cartel_UTM30.png\",\"contentUrl\":\"https:\/\/www.utm30.com\/wp-content\/uploads\/2023\/10\/logo_cartel_UTM30.png\",\"width\":1854,\"height\":475,\"caption\":\"UTM30 \u00b7 Equipos de topografia\"},\"image\":{\"@id\":\"https:\/\/www.utm30.com\/#\/schema\/logo\/image\/\"},\"sameAs\":[\"https:\/\/www.youtube.com\/channel\/UC492H-BCfKZoCIkRsT244xQ\"]}]}<\/script>\n<!-- \/ Yoast SEO Premium plugin. -->","yoast_head_json":{"title":"Receptor GPS con 2 c\u00e1maras | Ruide Reno2 Visual 3D","description":"Receptor GPS (GNSS) topogr\u00e1fico con C\u00e1mara para levantamiento visual 3D (fotogrametr\u00eda) + C\u00e1mara para replanteo AR. Ideal para captura masiva de puntos.","robots":{"index":"index","follow":"follow","max-snippet":"max-snippet:-1","max-image-preview":"max-image-preview:large","max-video-preview":"max-video-preview:-1"},"canonical":"https:\/\/www.utm30.com\/de\/produkt\/ruide-reno2-visuell-3d\/","og_locale":"de_DE","og_type":"article","og_title":"Ruide Reno2 Visual 3D","og_description":"Receptor GPS (GNSS) topogr\u00e1fico con C\u00e1mara para levantamiento visual 3D (fotogrametr\u00eda) + C\u00e1mara para replanteo AR. Ideal para captura masiva de puntos.","og_url":"https:\/\/www.utm30.com\/de\/produkt\/ruide-reno2-visuell-3d\/","og_site_name":"UTM30 \u00b7 Equipos de topograf\u00eda","article_modified_time":"2026-03-17T15:23:15+00:00","og_image":[{"width":1200,"height":1200,"url":"https:\/\/www.utm30.com\/wp-content\/uploads\/2024\/04\/Ruide_Reno2_2.jpg","type":"image\/jpeg"}],"twitter_card":"summary_large_image","twitter_misc":{"Gesch\u00e4tzte Lesezeit":"1\u00a0Minute"},"schema":{"@context":"https:\/\/schema.org","@graph":[{"@type":"WebPage","@id":"https:\/\/www.utm30.com\/producto\/ruide-reno2-visual-3d\/","url":"https:\/\/www.utm30.com\/producto\/ruide-reno2-visual-3d\/","name":"Receptor GPS con 2 c\u00e1maras | Ruide Reno2 Visual 3D","isPartOf":{"@id":"https:\/\/www.utm30.com\/#website"},"datePublished":"2024-04-11T17:18:02+00:00","dateModified":"2026-03-17T15:23:15+00:00","description":"Receptor GPS (GNSS) topogr\u00e1fico con C\u00e1mara para levantamiento visual 3D (fotogrametr\u00eda) + C\u00e1mara para replanteo AR. Ideal para captura masiva de puntos.","breadcrumb":{"@id":"https:\/\/www.utm30.com\/producto\/ruide-reno2-visual-3d\/#breadcrumb"},"inLanguage":"de","potentialAction":[{"@type":"ReadAction","target":["https:\/\/www.utm30.com\/producto\/ruide-reno2-visual-3d\/"]}]},{"@type":"BreadcrumbList","@id":"https:\/\/www.utm30.com\/producto\/ruide-reno2-visual-3d\/#breadcrumb","itemListElement":[{"@type":"ListItem","position":1,"name":"Portada","item":"https:\/\/www.utm30.com\/"},{"@type":"ListItem","position":2,"name":"Productos UTM30","item":"https:\/\/www.utm30.com\/productos-utm30\/"},{"@type":"ListItem","position":3,"name":"Ruide Reno2 Visual 3D"}]},{"@type":"WebSite","@id":"https:\/\/www.utm30.com\/#website","url":"https:\/\/www.utm30.com\/","name":"UTM30 \u00b7 Equipos de Topografia","description":"Equipos de topograf\u00eda","publisher":{"@id":"https:\/\/www.utm30.com\/#organization"},"alternateName":"UTM30","potentialAction":[{"@type":"SearchAction","target":{"@type":"EntryPoint","urlTemplate":"https:\/\/www.utm30.com\/?s={search_term_string}"},"query-input":"required name=search_term_string"}],"inLanguage":"de"},{"@type":"Organization","@id":"https:\/\/www.utm30.com\/#organization","name":"UTM30 \u00b7 Equipos de topografia","alternateName":"UTM30","url":"https:\/\/www.utm30.com\/","logo":{"@type":"ImageObject","inLanguage":"de","@id":"https:\/\/www.utm30.com\/#\/schema\/logo\/image\/","url":"https:\/\/www.utm30.com\/wp-content\/uploads\/2023\/10\/logo_cartel_UTM30.png","contentUrl":"https:\/\/www.utm30.com\/wp-content\/uploads\/2023\/10\/logo_cartel_UTM30.png","width":1854,"height":475,"caption":"UTM30 \u00b7 Equipos de topografia"},"image":{"@id":"https:\/\/www.utm30.com\/#\/schema\/logo\/image\/"},"sameAs":["https:\/\/www.youtube.com\/channel\/UC492H-BCfKZoCIkRsT244xQ"]}]}},"_links":{"self":[{"href":"https:\/\/www.utm30.com\/de\/wp-json\/wp\/v2\/product\/3803"}],"collection":[{"href":"https:\/\/www.utm30.com\/de\/wp-json\/wp\/v2\/product"}],"about":[{"href":"https:\/\/www.utm30.com\/de\/wp-json\/wp\/v2\/types\/product"}],"version-history":[{"count":17,"href":"https:\/\/www.utm30.com\/de\/wp-json\/wp\/v2\/product\/3803\/revisions"}],"predecessor-version":[{"id":4740,"href":"https:\/\/www.utm30.com\/de\/wp-json\/wp\/v2\/product\/3803\/revisions\/4740"}],"wp:featuredmedia":[{"embeddable":true,"href":"https:\/\/www.utm30.com\/de\/wp-json\/wp\/v2\/media\/3811"}],"wp:attachment":[{"href":"https:\/\/www.utm30.com\/de\/wp-json\/wp\/v2\/media?parent=3803"}],"wp:term":[{"taxonomy":"product_cat","embeddable":true,"href":"https:\/\/www.utm30.com\/de\/wp-json\/wp\/v2\/product_cat?post=3803"},{"taxonomy":"product_tag","embeddable":true,"href":"https:\/\/www.utm30.com\/de\/wp-json\/wp\/v2\/product_tag?post=3803"}],"curies":[{"name":"wp","href":"https:\/\/api.w.org\/{rel}","templated":true}]}}