{"id":3898,"date":"2024-04-13T10:21:49","date_gmt":"2024-04-13T08:21:49","guid":{"rendered":"https:\/\/www.utm30.com\/?post_type=product&#038;p=3898"},"modified":"2025-04-23T23:12:47","modified_gmt":"2025-04-23T21:12:47","slug":"matrix-ii-laser-reno2-3d-s50iii","status":"publish","type":"product","link":"https:\/\/www.utm30.com\/de\/produkt\/matrix-ii-laser-reno2-3d-3d-s50iii\/","title":{"rendered":"Matrix II Laser + Reno2 3D + S50III"},"content":{"rendered":"<p>Set aus Base und Rover mit Lasertechnologien (Matrix II) und Kamera f\u00fcr visuelle 3D-Vermessung durch Photogrammetrie (Reno2), austauschbar je nach Zweckm\u00e4\u00dfigkeit der Verwendung der einzelnen Ger\u00e4te als Base oder Rover bei jedem Auftrag.<\/p>","protected":false},"excerpt":{"rendered":"<pre><img loading=\"lazy\" decoding=\"async\" class=\"alignnone wp-image-3193 size-full\" src=\"https:\/\/www.utm30.com\/wp-content\/uploads\/2024\/01\/Icono_a-GEO_b.png\" alt=\"\" width=\"87\" height=\"20\" srcset=\"https:\/\/www.utm30.com\/wp-content\/uploads\/2024\/01\/Icono_a-GEO_b.png 87w, https:\/\/www.utm30.com\/wp-content\/uploads\/2024\/01\/Icono_a-GEO_b-18x4.png 18w\" sizes=\"(max-width: 87px) 100vw, 87px\" \/>   <img loading=\"lazy\" decoding=\"async\" class=\"alignnone wp-image-3805\" src=\"https:\/\/www.utm30.com\/wp-content\/uploads\/2024\/04\/Icono_RUIDE.png\" alt=\"\" width=\"105\" height=\"20\" srcset=\"https:\/\/www.utm30.com\/wp-content\/uploads\/2024\/04\/Icono_RUIDE.png 209w, https:\/\/www.utm30.com\/wp-content\/uploads\/2024\/04\/Icono_RUIDE-18x3.png 18w\" sizes=\"(max-width: 105px) 100vw, 105px\" \/><\/pre>\n<h1>Matrix II Laser + Reno2 3D + S50III<\/h1>\n<h6><strong>Pack bieten Laser + visuelle 3D (Base und Rover austauschbar), bestehend aus den folgenden Produkten:<br \/>\n<\/strong><\/h6>\n<ul>\n<li>AlphaGEO Matrix II Laserempf\u00e4nger <a href=\"https:\/\/www.utm30.com\/de\/produkt\/alphageo-matrix-ii-laser\/\"><strong><span style=\"color: #3366ff;\">(Produkt ansehen)<\/span><\/strong><\/a><\/li>\n<li>Ruide Reno2 Visueller 3D-Empf\u00e4nger <a href=\"https:\/\/www.utm30.com\/de\/produkt\/ruide-reno2-visuell-3d\/\"><strong><span style=\"color: #3366ff;\">(Produkt ansehen)<\/span><\/strong><\/a><\/li>\n<li>AlphaGEO S50III Steuerger\u00e4t <span style=\"color: #3366ff;\"><a style=\"color: #3366ff;\" href=\"https:\/\/www.utm30.com\/de\/produkt\/alphageo-s50-iii\/\"><strong>(Produkt ansehen)<\/strong><\/a><\/span><\/li>\n<li>Ruide H6 Steuerger\u00e4t \/ Optional <span style=\"color: #3366ff;\"><a style=\"color: #3366ff;\" href=\"https:\/\/www.utm30.com\/de\/produkt\/ruide-h6-2\/\"><strong>(Produkt ansehen)<\/strong><\/a><\/span><\/li>\n<li>SurPro Profi-App <img loading=\"lazy\" decoding=\"async\" class=\"alignnone wp-image-3363\" src=\"https:\/\/www.utm30.com\/wp-content\/uploads\/2024\/01\/SurPro1.png\" alt=\"\" width=\"15\" height=\"15\" srcset=\"https:\/\/www.utm30.com\/wp-content\/uploads\/2024\/01\/SurPro1.png 159w, https:\/\/www.utm30.com\/wp-content\/uploads\/2024\/01\/SurPro1-150x150.png 150w, https:\/\/www.utm30.com\/wp-content\/uploads\/2024\/01\/SurPro1-12x12.png 12w, https:\/\/www.utm30.com\/wp-content\/uploads\/2024\/01\/SurPro1-100x100.png 100w\" sizes=\"(max-width: 15px) 100vw, 15px\" \/> <a href=\"https:\/\/www.utm30.com\/wp-content\/uploads\/2024\/01\/android_icono.svg\"><img loading=\"lazy\" decoding=\"async\" class=\"alignnone wp-image-3288\" src=\"https:\/\/www.utm30.com\/wp-content\/uploads\/2024\/01\/android_icono.svg\" alt=\"\" width=\"15\" height=\"15\" \/><\/a><\/li>\n<li>Profi-App RTK GO <img loading=\"lazy\" decoding=\"async\" class=\"alignnone wp-image-3854\" src=\"https:\/\/www.utm30.com\/wp-content\/uploads\/2024\/04\/RTK-GO-ICON-MK3.png\" alt=\"\" width=\"15\" height=\"15\" srcset=\"https:\/\/www.utm30.com\/wp-content\/uploads\/2024\/04\/RTK-GO-ICON-MK3.png 150w, https:\/\/www.utm30.com\/wp-content\/uploads\/2024\/04\/RTK-GO-ICON-MK3-12x12.png 12w, https:\/\/www.utm30.com\/wp-content\/uploads\/2024\/04\/RTK-GO-ICON-MK3-100x100.png 100w\" sizes=\"(max-width: 15px) 100vw, 15px\" \/> <a href=\"https:\/\/www.utm30.com\/wp-content\/uploads\/2024\/01\/android_icono.svg\"><img loading=\"lazy\" decoding=\"async\" class=\"alignnone wp-image-3288\" src=\"https:\/\/www.utm30.com\/wp-content\/uploads\/2024\/01\/android_icono.svg\" alt=\"\" width=\"15\" height=\"15\" \/><\/a><\/li>\n<li>Halterung f\u00fcr Steuerger\u00e4te<\/li>\n<li>Ausziehbarer Gurt \/ Optional<\/li>\n<li>Vorkonfiguration von Datums- und N-Trip-Stationen (CORS), auf Wunsch des Kunden<\/li>\n<\/ul>","protected":false},"featured_media":3901,"template":"","meta":{"_themeisle_gutenberg_block_has_review":false},"product_cat":[48],"product_tag":[57,47,22,23,63],"yoast_head":"<!-- This site is optimized with the Yoast SEO Premium plugin v21.6 (Yoast SEO v21.6) - https:\/\/yoast.com\/wordpress\/plugins\/seo\/ -->\n<title>Matrix II Laser + Reno2 3D + S50III | Base, Rover y Controladora<\/title>\n<meta name=\"description\" content=\"Pack oferta Base + Rover intercambiables (l\u00e1ser + visual 3d) , compuesto por receptor AlphaGEO Matrix II Laser + Ruide Reno2 Visual 3D y Colectora de datos AlphaGEO S50III\" \/>\n<meta name=\"robots\" content=\"index, follow, max-snippet:-1, max-image-preview:large, max-video-preview:-1\" \/>\n<link rel=\"canonical\" href=\"https:\/\/www.utm30.com\/de\/produkt\/matrix-ii-laser-reno2-3d-3d-s50iii\/\" \/>\n<meta property=\"og:locale\" content=\"de_DE\" \/>\n<meta property=\"og:type\" content=\"article\" \/>\n<meta property=\"og:title\" content=\"Matrix II Laser + Reno2 3D + S50III\" \/>\n<meta property=\"og:description\" content=\"Pack oferta Base + Rover intercambiables (l\u00e1ser + visual 3d) , compuesto por receptor AlphaGEO Matrix II Laser + Ruide Reno2 Visual 3D y Colectora de datos AlphaGEO S50III\" \/>\n<meta property=\"og:url\" content=\"https:\/\/www.utm30.com\/de\/produkt\/matrix-ii-laser-reno2-3d-3d-s50iii\/\" \/>\n<meta property=\"og:site_name\" content=\"UTM30 \u00b7 Equipos de topograf\u00eda\" \/>\n<meta property=\"article:modified_time\" content=\"2025-04-23T21:12:47+00:00\" \/>\n<meta property=\"og:image\" content=\"https:\/\/www.utm30.com\/wp-content\/uploads\/2024\/04\/pack7.jpg\" \/>\n\t<meta property=\"og:image:width\" content=\"625\" \/>\n\t<meta property=\"og:image:height\" content=\"625\" \/>\n\t<meta property=\"og:image:type\" content=\"image\/jpeg\" \/>\n<meta name=\"twitter:card\" content=\"summary_large_image\" \/>\n<meta name=\"twitter:label1\" content=\"Gesch\u00e4tzte Lesezeit\" \/>\n\t<meta name=\"twitter:data1\" content=\"1\u00a0Minute\" \/>\n<script type=\"application\/ld+json\" class=\"yoast-schema-graph\">{\"@context\":\"https:\/\/schema.org\",\"@graph\":[{\"@type\":\"WebPage\",\"@id\":\"https:\/\/www.utm30.com\/producto\/matrix-ii-laser-reno2-3d-s50iii\/\",\"url\":\"https:\/\/www.utm30.com\/producto\/matrix-ii-laser-reno2-3d-s50iii\/\",\"name\":\"Matrix II Laser + Reno2 3D + S50III | Base, Rover y Controladora\",\"isPartOf\":{\"@id\":\"https:\/\/www.utm30.com\/#website\"},\"datePublished\":\"2024-04-13T08:21:49+00:00\",\"dateModified\":\"2025-04-23T21:12:47+00:00\",\"description\":\"Pack oferta Base + Rover intercambiables (l\u00e1ser + visual 3d) , compuesto por receptor AlphaGEO Matrix II Laser + Ruide Reno2 Visual 3D y Colectora de datos AlphaGEO S50III\",\"breadcrumb\":{\"@id\":\"https:\/\/www.utm30.com\/producto\/matrix-ii-laser-reno2-3d-s50iii\/#breadcrumb\"},\"inLanguage\":\"de\",\"potentialAction\":[{\"@type\":\"ReadAction\",\"target\":[\"https:\/\/www.utm30.com\/producto\/matrix-ii-laser-reno2-3d-s50iii\/\"]}]},{\"@type\":\"BreadcrumbList\",\"@id\":\"https:\/\/www.utm30.com\/producto\/matrix-ii-laser-reno2-3d-s50iii\/#breadcrumb\",\"itemListElement\":[{\"@type\":\"ListItem\",\"position\":1,\"name\":\"Portada\",\"item\":\"https:\/\/www.utm30.com\/\"},{\"@type\":\"ListItem\",\"position\":2,\"name\":\"Productos UTM30\",\"item\":\"https:\/\/www.utm30.com\/productos-utm30\/\"},{\"@type\":\"ListItem\",\"position\":3,\"name\":\"Matrix II Laser + Reno2 3D + S50III\"}]},{\"@type\":\"WebSite\",\"@id\":\"https:\/\/www.utm30.com\/#website\",\"url\":\"https:\/\/www.utm30.com\/\",\"name\":\"UTM30 \u00b7 Equipos de Topografia\",\"description\":\"Equipos de topograf\u00eda\",\"publisher\":{\"@id\":\"https:\/\/www.utm30.com\/#organization\"},\"alternateName\":\"UTM30\",\"potentialAction\":[{\"@type\":\"SearchAction\",\"target\":{\"@type\":\"EntryPoint\",\"urlTemplate\":\"https:\/\/www.utm30.com\/?s={search_term_string}\"},\"query-input\":\"required name=search_term_string\"}],\"inLanguage\":\"de\"},{\"@type\":\"Organization\",\"@id\":\"https:\/\/www.utm30.com\/#organization\",\"name\":\"UTM30 \u00b7 Equipos de topografia\",\"alternateName\":\"UTM30\",\"url\":\"https:\/\/www.utm30.com\/\",\"logo\":{\"@type\":\"ImageObject\",\"inLanguage\":\"de\",\"@id\":\"https:\/\/www.utm30.com\/#\/schema\/logo\/image\/\",\"url\":\"https:\/\/www.utm30.com\/wp-content\/uploads\/2023\/10\/logo_cartel_UTM30.png\",\"contentUrl\":\"https:\/\/www.utm30.com\/wp-content\/uploads\/2023\/10\/logo_cartel_UTM30.png\",\"width\":1854,\"height\":475,\"caption\":\"UTM30 \u00b7 Equipos de topografia\"},\"image\":{\"@id\":\"https:\/\/www.utm30.com\/#\/schema\/logo\/image\/\"},\"sameAs\":[\"https:\/\/www.youtube.com\/channel\/UC492H-BCfKZoCIkRsT244xQ\"]}]}<\/script>\n<!-- \/ Yoast SEO Premium plugin. -->","yoast_head_json":{"title":"Matrix II Laser + Reno2 3D + S50III | Base, Rover y Controladora","description":"Pack oferta Base + Rover intercambiables (l\u00e1ser + visual 3d) , compuesto por receptor AlphaGEO Matrix II Laser + Ruide Reno2 Visual 3D y Colectora de datos AlphaGEO S50III","robots":{"index":"index","follow":"follow","max-snippet":"max-snippet:-1","max-image-preview":"max-image-preview:large","max-video-preview":"max-video-preview:-1"},"canonical":"https:\/\/www.utm30.com\/de\/produkt\/matrix-ii-laser-reno2-3d-3d-s50iii\/","og_locale":"de_DE","og_type":"article","og_title":"Matrix II Laser + Reno2 3D + S50III","og_description":"Pack oferta Base + Rover intercambiables (l\u00e1ser + visual 3d) , compuesto por receptor AlphaGEO Matrix II Laser + Ruide Reno2 Visual 3D y Colectora de datos AlphaGEO S50III","og_url":"https:\/\/www.utm30.com\/de\/produkt\/matrix-ii-laser-reno2-3d-3d-s50iii\/","og_site_name":"UTM30 \u00b7 Equipos de topograf\u00eda","article_modified_time":"2025-04-23T21:12:47+00:00","og_image":[{"width":625,"height":625,"url":"https:\/\/www.utm30.com\/wp-content\/uploads\/2024\/04\/pack7.jpg","type":"image\/jpeg"}],"twitter_card":"summary_large_image","twitter_misc":{"Gesch\u00e4tzte Lesezeit":"1\u00a0Minute"},"schema":{"@context":"https:\/\/schema.org","@graph":[{"@type":"WebPage","@id":"https:\/\/www.utm30.com\/producto\/matrix-ii-laser-reno2-3d-s50iii\/","url":"https:\/\/www.utm30.com\/producto\/matrix-ii-laser-reno2-3d-s50iii\/","name":"Matrix II Laser + Reno2 3D + S50III | Base, Rover y Controladora","isPartOf":{"@id":"https:\/\/www.utm30.com\/#website"},"datePublished":"2024-04-13T08:21:49+00:00","dateModified":"2025-04-23T21:12:47+00:00","description":"Pack oferta Base + Rover intercambiables (l\u00e1ser + visual 3d) , compuesto por receptor AlphaGEO Matrix II Laser + Ruide Reno2 Visual 3D y Colectora de datos AlphaGEO S50III","breadcrumb":{"@id":"https:\/\/www.utm30.com\/producto\/matrix-ii-laser-reno2-3d-s50iii\/#breadcrumb"},"inLanguage":"de","potentialAction":[{"@type":"ReadAction","target":["https:\/\/www.utm30.com\/producto\/matrix-ii-laser-reno2-3d-s50iii\/"]}]},{"@type":"BreadcrumbList","@id":"https:\/\/www.utm30.com\/producto\/matrix-ii-laser-reno2-3d-s50iii\/#breadcrumb","itemListElement":[{"@type":"ListItem","position":1,"name":"Portada","item":"https:\/\/www.utm30.com\/"},{"@type":"ListItem","position":2,"name":"Productos UTM30","item":"https:\/\/www.utm30.com\/productos-utm30\/"},{"@type":"ListItem","position":3,"name":"Matrix II Laser + Reno2 3D + S50III"}]},{"@type":"WebSite","@id":"https:\/\/www.utm30.com\/#website","url":"https:\/\/www.utm30.com\/","name":"UTM30 \u00b7 Equipos de Topografia","description":"Equipos de topograf\u00eda","publisher":{"@id":"https:\/\/www.utm30.com\/#organization"},"alternateName":"UTM30","potentialAction":[{"@type":"SearchAction","target":{"@type":"EntryPoint","urlTemplate":"https:\/\/www.utm30.com\/?s={search_term_string}"},"query-input":"required name=search_term_string"}],"inLanguage":"de"},{"@type":"Organization","@id":"https:\/\/www.utm30.com\/#organization","name":"UTM30 \u00b7 Equipos de topografia","alternateName":"UTM30","url":"https:\/\/www.utm30.com\/","logo":{"@type":"ImageObject","inLanguage":"de","@id":"https:\/\/www.utm30.com\/#\/schema\/logo\/image\/","url":"https:\/\/www.utm30.com\/wp-content\/uploads\/2023\/10\/logo_cartel_UTM30.png","contentUrl":"https:\/\/www.utm30.com\/wp-content\/uploads\/2023\/10\/logo_cartel_UTM30.png","width":1854,"height":475,"caption":"UTM30 \u00b7 Equipos de topografia"},"image":{"@id":"https:\/\/www.utm30.com\/#\/schema\/logo\/image\/"},"sameAs":["https:\/\/www.youtube.com\/channel\/UC492H-BCfKZoCIkRsT244xQ"]}]}},"_links":{"self":[{"href":"https:\/\/www.utm30.com\/de\/wp-json\/wp\/v2\/product\/3898"}],"collection":[{"href":"https:\/\/www.utm30.com\/de\/wp-json\/wp\/v2\/product"}],"about":[{"href":"https:\/\/www.utm30.com\/de\/wp-json\/wp\/v2\/types\/product"}],"version-history":[{"count":5,"href":"https:\/\/www.utm30.com\/de\/wp-json\/wp\/v2\/product\/3898\/revisions"}],"predecessor-version":[{"id":3910,"href":"https:\/\/www.utm30.com\/de\/wp-json\/wp\/v2\/product\/3898\/revisions\/3910"}],"wp:featuredmedia":[{"embeddable":true,"href":"https:\/\/www.utm30.com\/de\/wp-json\/wp\/v2\/media\/3901"}],"wp:attachment":[{"href":"https:\/\/www.utm30.com\/de\/wp-json\/wp\/v2\/media?parent=3898"}],"wp:term":[{"taxonomy":"product_cat","embeddable":true,"href":"https:\/\/www.utm30.com\/de\/wp-json\/wp\/v2\/product_cat?post=3898"},{"taxonomy":"product_tag","embeddable":true,"href":"https:\/\/www.utm30.com\/de\/wp-json\/wp\/v2\/product_tag?post=3898"}],"curies":[{"name":"wp","href":"https:\/\/api.w.org\/{rel}","templated":true}]}}