{"id":4634,"date":"2025-04-23T23:07:13","date_gmt":"2025-04-23T21:07:13","guid":{"rendered":"https:\/\/www.utm30.com\/?post_type=product&#038;p=4634"},"modified":"2026-03-17T16:23:45","modified_gmt":"2026-03-17T15:23:45","slug":"ruide-rama2-laser-visual-3d","status":"publish","type":"product","link":"https:\/\/www.utm30.com\/de\/produkt\/ruide-rama2-laser-visual-3d\/","title":{"rendered":"Ruide Rama2 Laser + Visuelles 3D"},"content":{"rendered":"<p>Receptor GPS (GNSS) topogr\u00e1fico con\u00a0 L\u00e1ser verde + C\u00e1mara para levantamiento visual y modelado 3D (Fotogrametr\u00eda) + C\u00e1mara para replanteo AR. Ruide Rama2.<\/p>\n<p>&nbsp;<\/p>\n<p><img loading=\"lazy\" decoding=\"async\" class=\"alignnone wp-image-4650 size-full\" src=\"https:\/\/www.utm30.com\/wp-content\/uploads\/2025\/04\/RuideRama2_Real1.jpg\" alt=\"\" width=\"2500\" height=\"788\" srcset=\"https:\/\/www.utm30.com\/wp-content\/uploads\/2025\/04\/RuideRama2_Real1.jpg 2500w, https:\/\/www.utm30.com\/wp-content\/uploads\/2025\/04\/RuideRama2_Real1-300x95.jpg 300w, https:\/\/www.utm30.com\/wp-content\/uploads\/2025\/04\/RuideRama2_Real1-1024x323.jpg 1024w, https:\/\/www.utm30.com\/wp-content\/uploads\/2025\/04\/RuideRama2_Real1-768x242.jpg 768w, https:\/\/www.utm30.com\/wp-content\/uploads\/2025\/04\/RuideRama2_Real1-1536x484.jpg 1536w, https:\/\/www.utm30.com\/wp-content\/uploads\/2025\/04\/RuideRama2_Real1-2048x646.jpg 2048w, https:\/\/www.utm30.com\/wp-content\/uploads\/2025\/04\/RuideRama2_Real1-18x6.jpg 18w, https:\/\/www.utm30.com\/wp-content\/uploads\/2025\/04\/RuideRama2_Real1-600x189.jpg 600w\" sizes=\"(max-width: 2500px) 100vw, 2500px\" \/><\/p>\n<p>&nbsp;<\/p>\n<p>&nbsp;<\/p>\n<hr style=\"border: none; height: 1px; background-color: #dcdcdc;\" \/>\n<p>&nbsp;<\/p>\n<p><a style=\"background-color: #184f7c; color: white; font-size: 22px; padding: 10px; text-decoration: none; border-radius: 5px;\" href=\"https:\/\/www.utm30.com\/de\/alquiler\/\">AUSPROBIEREN UND MIETEN \u27f9<\/a><\/p>\n<p><span style=\"color: #333333;\">Wenn Sie es dann kaufen <\/span><strong><span style=\"color: #b88041;\">50% des f\u00fcr die Miete gezahlten Betrags wird Ihnen zur\u00fcckerstattet!<\/span><br \/>\n<\/strong><\/p>\n<hr style=\"border: none; height: 1px; background-color: #dcdcdc;\" \/>\n<p>&nbsp;<\/p>\n<p>&nbsp;<\/p>\n<p><a href=\"https:\/\/www.utm30.com\/wp-content\/uploads\/2025\/04\/RAMA2-Brochure_Resize.pdf\"><img loading=\"lazy\" decoding=\"async\" class=\"aligncenter wp-image-4073\" src=\"https:\/\/www.utm30.com\/wp-content\/uploads\/2024\/04\/descargar_folleto_PDF_1-300x102.png\" alt=\"\" width=\"200\" height=\"68\" srcset=\"https:\/\/www.utm30.com\/wp-content\/uploads\/2024\/04\/descargar_folleto_PDF_1-300x102.png 300w, https:\/\/www.utm30.com\/wp-content\/uploads\/2024\/04\/descargar_folleto_PDF_1-18x6.png 18w, https:\/\/www.utm30.com\/wp-content\/uploads\/2024\/04\/descargar_folleto_PDF_1.png 458w\" sizes=\"(max-width: 200px) 100vw, 200px\" \/><\/a><\/p>\n<p>&nbsp;<\/p>\n<hr \/>","protected":false},"excerpt":{"rendered":"<p><img loading=\"lazy\" decoding=\"async\" class=\"alignnone wp-image-3805\" src=\"https:\/\/www.utm30.com\/wp-content\/uploads\/2024\/04\/Icono_RUIDE.png\" alt=\"\" width=\"115\" height=\"22\" srcset=\"https:\/\/www.utm30.com\/wp-content\/uploads\/2024\/04\/Icono_RUIDE.png 209w, https:\/\/www.utm30.com\/wp-content\/uploads\/2024\/04\/Icono_RUIDE-18x3.png 18w\" sizes=\"(max-width: 115px) 100vw, 115px\" \/><\/p>\n<h1>Ruide Rama2<\/h1>\n<h6><strong>Receptor GPS (GNSS) con L\u00e1ser + 2 C\u00e1maras para levantamiento visual \/ modelado 3D y replanteo AR<br \/>\n<\/strong><\/h6>\n<ul>\n<li>Potente l\u00e1ser verde Clase 3R, para medici\u00f3n de puntos a distancia y replanteo remoto. Asistido por c\u00e1mara frontal. Hasta 30m.<\/li>\n<li>3D-Visualisierung \u00fcber die Frontkamera<\/li>\n<li>Gewinnung eines 3D-Modells durch Fotos oder Videos<\/li>\n<li>AR-Absteckung mit einer Kombination aus Front- und Bodenkamera<\/li>\n<li>Pantalla para indicaci\u00f3n de multitud de datos importantes<\/li>\n<li>IMU 60\u00b0 Neigung, keine Kalibrierung erforderlich<\/li>\n<li>Radio multimarca Rx\/Tx + Radio Farlink de hasta 10 Km<\/li>\n<li>Leichtgewicht (860g)<\/li>\n<li>7 Konstellationen und 1.698 Kan\u00e4le<\/li>\n<li>RTK, PPK y PPP (Banda L)<\/li>\n<li>Robuste FIX-Verbindung in schwierigen Umgebungen (unter B\u00e4umen, in st\u00e4dtischen Umgebungen, in der N\u00e4he hoher Geb\u00e4ude)<\/li>\n<li>Aplicaci\u00f3n de campo profesional RTK GO<\/li>\n<li>Inklusive GEO DataLab PC-Software (3D-Modellierung, Koordinaten, Messungen, etc.)<\/li>\n<li>NFC, Bluetooth y Wifi<\/li>\n<li>Bater\u00eda de hasta 20 horas de duraci\u00f3n, en modo Rover<\/li>\n<li>Schutzart IP68 (\u00fcbersteht St\u00fcrze aus einer H\u00f6he von bis zu 2 m)<\/li>\n<\/ul>\n<p>&nbsp;<\/p>","protected":false},"featured_media":4644,"template":"","meta":{"_themeisle_gutenberg_block_has_review":false},"product_cat":[26],"product_tag":[47,22,24,23,25],"yoast_head":"<!-- This site is optimized with the Yoast SEO Premium plugin v21.6 (Yoast SEO v21.6) - https:\/\/yoast.com\/wordpress\/plugins\/seo\/ -->\n<title>Ruide Rama2 Laser + Visual 3D | GPS completo de alta calidad<\/title>\n<meta name=\"description\" content=\"Receptor GNSS para topograf\u00eda, con medidor L\u00e1ser hasta 30m y C\u00e1mara fotogram\u00e9trica para modelado 3D + C\u00e1mara para replanteo AR. Equipo gama alta\" \/>\n<meta name=\"robots\" content=\"index, follow, max-snippet:-1, max-image-preview:large, max-video-preview:-1\" \/>\n<link rel=\"canonical\" href=\"https:\/\/www.utm30.com\/de\/produkt\/ruide-rama2-laser-visual-3d\/\" \/>\n<meta property=\"og:locale\" content=\"de_DE\" \/>\n<meta property=\"og:type\" content=\"article\" \/>\n<meta property=\"og:title\" content=\"Ruide Rama2 Laser + Visual 3D\" \/>\n<meta property=\"og:description\" content=\"Receptor GNSS para topograf\u00eda, con medidor L\u00e1ser hasta 30m y C\u00e1mara fotogram\u00e9trica para modelado 3D + C\u00e1mara para replanteo AR. Equipo gama alta\" \/>\n<meta property=\"og:url\" content=\"https:\/\/www.utm30.com\/de\/produkt\/ruide-rama2-laser-visual-3d\/\" \/>\n<meta property=\"og:site_name\" content=\"UTM30 \u00b7 Equipos de topograf\u00eda\" \/>\n<meta property=\"article:modified_time\" content=\"2026-03-17T15:23:45+00:00\" \/>\n<meta property=\"og:image\" content=\"https:\/\/www.utm30.com\/wp-content\/uploads\/2025\/04\/RuideRama2_6.jpg\" \/>\n\t<meta property=\"og:image:width\" content=\"1200\" \/>\n\t<meta property=\"og:image:height\" content=\"1200\" \/>\n\t<meta property=\"og:image:type\" content=\"image\/jpeg\" \/>\n<meta name=\"twitter:card\" content=\"summary_large_image\" \/>\n<meta name=\"twitter:label1\" content=\"Gesch\u00e4tzte Lesezeit\" \/>\n\t<meta name=\"twitter:data1\" content=\"1\u00a0Minute\" \/>\n<script type=\"application\/ld+json\" class=\"yoast-schema-graph\">{\"@context\":\"https:\/\/schema.org\",\"@graph\":[{\"@type\":\"WebPage\",\"@id\":\"https:\/\/www.utm30.com\/producto\/ruide-rama2-laser-visual-3d\/\",\"url\":\"https:\/\/www.utm30.com\/producto\/ruide-rama2-laser-visual-3d\/\",\"name\":\"Ruide Rama2 Laser + Visual 3D | GPS completo de alta calidad\",\"isPartOf\":{\"@id\":\"https:\/\/www.utm30.com\/#website\"},\"datePublished\":\"2025-04-23T21:07:13+00:00\",\"dateModified\":\"2026-03-17T15:23:45+00:00\",\"description\":\"Receptor GNSS para topograf\u00eda, con medidor L\u00e1ser hasta 30m y C\u00e1mara fotogram\u00e9trica para modelado 3D + C\u00e1mara para replanteo AR. Equipo gama alta\",\"breadcrumb\":{\"@id\":\"https:\/\/www.utm30.com\/producto\/ruide-rama2-laser-visual-3d\/#breadcrumb\"},\"inLanguage\":\"de\",\"potentialAction\":[{\"@type\":\"ReadAction\",\"target\":[\"https:\/\/www.utm30.com\/producto\/ruide-rama2-laser-visual-3d\/\"]}]},{\"@type\":\"BreadcrumbList\",\"@id\":\"https:\/\/www.utm30.com\/producto\/ruide-rama2-laser-visual-3d\/#breadcrumb\",\"itemListElement\":[{\"@type\":\"ListItem\",\"position\":1,\"name\":\"Portada\",\"item\":\"https:\/\/www.utm30.com\/\"},{\"@type\":\"ListItem\",\"position\":2,\"name\":\"Productos UTM30\",\"item\":\"https:\/\/www.utm30.com\/productos-utm30\/\"},{\"@type\":\"ListItem\",\"position\":3,\"name\":\"Ruide Rama2 Laser + Visual 3D\"}]},{\"@type\":\"WebSite\",\"@id\":\"https:\/\/www.utm30.com\/#website\",\"url\":\"https:\/\/www.utm30.com\/\",\"name\":\"UTM30 \u00b7 Equipos de Topografia\",\"description\":\"Equipos de topograf\u00eda\",\"publisher\":{\"@id\":\"https:\/\/www.utm30.com\/#organization\"},\"alternateName\":\"UTM30\",\"potentialAction\":[{\"@type\":\"SearchAction\",\"target\":{\"@type\":\"EntryPoint\",\"urlTemplate\":\"https:\/\/www.utm30.com\/?s={search_term_string}\"},\"query-input\":\"required name=search_term_string\"}],\"inLanguage\":\"de\"},{\"@type\":\"Organization\",\"@id\":\"https:\/\/www.utm30.com\/#organization\",\"name\":\"UTM30 \u00b7 Equipos de topografia\",\"alternateName\":\"UTM30\",\"url\":\"https:\/\/www.utm30.com\/\",\"logo\":{\"@type\":\"ImageObject\",\"inLanguage\":\"de\",\"@id\":\"https:\/\/www.utm30.com\/#\/schema\/logo\/image\/\",\"url\":\"https:\/\/www.utm30.com\/wp-content\/uploads\/2023\/10\/logo_cartel_UTM30.png\",\"contentUrl\":\"https:\/\/www.utm30.com\/wp-content\/uploads\/2023\/10\/logo_cartel_UTM30.png\",\"width\":1854,\"height\":475,\"caption\":\"UTM30 \u00b7 Equipos de topografia\"},\"image\":{\"@id\":\"https:\/\/www.utm30.com\/#\/schema\/logo\/image\/\"},\"sameAs\":[\"https:\/\/www.youtube.com\/channel\/UC492H-BCfKZoCIkRsT244xQ\"]}]}<\/script>\n<!-- \/ Yoast SEO Premium plugin. -->","yoast_head_json":{"title":"Ruide Rama2 Laser + Visual 3D | GPS completo de alta calidad","description":"Receptor GNSS para topograf\u00eda, con medidor L\u00e1ser hasta 30m y C\u00e1mara fotogram\u00e9trica para modelado 3D + C\u00e1mara para replanteo AR. Equipo gama alta","robots":{"index":"index","follow":"follow","max-snippet":"max-snippet:-1","max-image-preview":"max-image-preview:large","max-video-preview":"max-video-preview:-1"},"canonical":"https:\/\/www.utm30.com\/de\/produkt\/ruide-rama2-laser-visual-3d\/","og_locale":"de_DE","og_type":"article","og_title":"Ruide Rama2 Laser + Visual 3D","og_description":"Receptor GNSS para topograf\u00eda, con medidor L\u00e1ser hasta 30m y C\u00e1mara fotogram\u00e9trica para modelado 3D + C\u00e1mara para replanteo AR. Equipo gama alta","og_url":"https:\/\/www.utm30.com\/de\/produkt\/ruide-rama2-laser-visual-3d\/","og_site_name":"UTM30 \u00b7 Equipos de topograf\u00eda","article_modified_time":"2026-03-17T15:23:45+00:00","og_image":[{"width":1200,"height":1200,"url":"https:\/\/www.utm30.com\/wp-content\/uploads\/2025\/04\/RuideRama2_6.jpg","type":"image\/jpeg"}],"twitter_card":"summary_large_image","twitter_misc":{"Gesch\u00e4tzte Lesezeit":"1\u00a0Minute"},"schema":{"@context":"https:\/\/schema.org","@graph":[{"@type":"WebPage","@id":"https:\/\/www.utm30.com\/producto\/ruide-rama2-laser-visual-3d\/","url":"https:\/\/www.utm30.com\/producto\/ruide-rama2-laser-visual-3d\/","name":"Ruide Rama2 Laser + Visual 3D | GPS completo de alta calidad","isPartOf":{"@id":"https:\/\/www.utm30.com\/#website"},"datePublished":"2025-04-23T21:07:13+00:00","dateModified":"2026-03-17T15:23:45+00:00","description":"Receptor GNSS para topograf\u00eda, con medidor L\u00e1ser hasta 30m y C\u00e1mara fotogram\u00e9trica para modelado 3D + C\u00e1mara para replanteo AR. Equipo gama alta","breadcrumb":{"@id":"https:\/\/www.utm30.com\/producto\/ruide-rama2-laser-visual-3d\/#breadcrumb"},"inLanguage":"de","potentialAction":[{"@type":"ReadAction","target":["https:\/\/www.utm30.com\/producto\/ruide-rama2-laser-visual-3d\/"]}]},{"@type":"BreadcrumbList","@id":"https:\/\/www.utm30.com\/producto\/ruide-rama2-laser-visual-3d\/#breadcrumb","itemListElement":[{"@type":"ListItem","position":1,"name":"Portada","item":"https:\/\/www.utm30.com\/"},{"@type":"ListItem","position":2,"name":"Productos UTM30","item":"https:\/\/www.utm30.com\/productos-utm30\/"},{"@type":"ListItem","position":3,"name":"Ruide Rama2 Laser + Visual 3D"}]},{"@type":"WebSite","@id":"https:\/\/www.utm30.com\/#website","url":"https:\/\/www.utm30.com\/","name":"UTM30 \u00b7 Equipos de Topografia","description":"Equipos de topograf\u00eda","publisher":{"@id":"https:\/\/www.utm30.com\/#organization"},"alternateName":"UTM30","potentialAction":[{"@type":"SearchAction","target":{"@type":"EntryPoint","urlTemplate":"https:\/\/www.utm30.com\/?s={search_term_string}"},"query-input":"required name=search_term_string"}],"inLanguage":"de"},{"@type":"Organization","@id":"https:\/\/www.utm30.com\/#organization","name":"UTM30 \u00b7 Equipos de topografia","alternateName":"UTM30","url":"https:\/\/www.utm30.com\/","logo":{"@type":"ImageObject","inLanguage":"de","@id":"https:\/\/www.utm30.com\/#\/schema\/logo\/image\/","url":"https:\/\/www.utm30.com\/wp-content\/uploads\/2023\/10\/logo_cartel_UTM30.png","contentUrl":"https:\/\/www.utm30.com\/wp-content\/uploads\/2023\/10\/logo_cartel_UTM30.png","width":1854,"height":475,"caption":"UTM30 \u00b7 Equipos de topografia"},"image":{"@id":"https:\/\/www.utm30.com\/#\/schema\/logo\/image\/"},"sameAs":["https:\/\/www.youtube.com\/channel\/UC492H-BCfKZoCIkRsT244xQ"]}]}},"_links":{"self":[{"href":"https:\/\/www.utm30.com\/de\/wp-json\/wp\/v2\/product\/4634"}],"collection":[{"href":"https:\/\/www.utm30.com\/de\/wp-json\/wp\/v2\/product"}],"about":[{"href":"https:\/\/www.utm30.com\/de\/wp-json\/wp\/v2\/types\/product"}],"version-history":[{"count":7,"href":"https:\/\/www.utm30.com\/de\/wp-json\/wp\/v2\/product\/4634\/revisions"}],"predecessor-version":[{"id":4651,"href":"https:\/\/www.utm30.com\/de\/wp-json\/wp\/v2\/product\/4634\/revisions\/4651"}],"wp:featuredmedia":[{"embeddable":true,"href":"https:\/\/www.utm30.com\/de\/wp-json\/wp\/v2\/media\/4644"}],"wp:attachment":[{"href":"https:\/\/www.utm30.com\/de\/wp-json\/wp\/v2\/media?parent=4634"}],"wp:term":[{"taxonomy":"product_cat","embeddable":true,"href":"https:\/\/www.utm30.com\/de\/wp-json\/wp\/v2\/product_cat?post=4634"},{"taxonomy":"product_tag","embeddable":true,"href":"https:\/\/www.utm30.com\/de\/wp-json\/wp\/v2\/product_tag?post=4634"}],"curies":[{"name":"wp","href":"https:\/\/api.w.org\/{rel}","templated":true}]}}