{"id":4690,"date":"2025-06-05T07:56:21","date_gmt":"2025-06-05T05:56:21","guid":{"rendered":"https:\/\/www.utm30.com\/?post_type=product&#038;p=4690"},"modified":"2025-06-05T09:57:08","modified_gmt":"2025-06-05T07:57:08","slug":"alphageo-matrix-mi-laser","status":"publish","type":"product","link":"https:\/\/www.utm30.com\/de\/produkt\/alphageo-matrix-mi-laser\/","title":{"rendered":"AlphaGEO Matrix Mi Laser"},"content":{"rendered":"<p>Receptor GPS topogr\u00e1fico con medidor l\u00e1ser verde integrado y c\u00e1mara para replanteo asistido por imagen. Dimensiones reducidas. Alpha GEO (a-GEO) Matrix Mi.<\/p>\n<p>&nbsp;<\/p>\n<hr style=\"border: none; height: 1px; background-color: #dcdcdc;\" \/>\n<p>&nbsp;<\/p>\n<p><img loading=\"lazy\" decoding=\"async\" class=\"alignnone wp-image-4701 size-full\" src=\"https:\/\/www.utm30.com\/wp-content\/uploads\/2025\/06\/Comparativa_MatrixII-MatrixMi_b.jpg\" alt=\"\" width=\"1908\" height=\"855\" srcset=\"https:\/\/www.utm30.com\/wp-content\/uploads\/2025\/06\/Comparativa_MatrixII-MatrixMi_b.jpg 1908w, https:\/\/www.utm30.com\/wp-content\/uploads\/2025\/06\/Comparativa_MatrixII-MatrixMi_b-300x134.jpg 300w, https:\/\/www.utm30.com\/wp-content\/uploads\/2025\/06\/Comparativa_MatrixII-MatrixMi_b-1024x459.jpg 1024w, https:\/\/www.utm30.com\/wp-content\/uploads\/2025\/06\/Comparativa_MatrixII-MatrixMi_b-768x344.jpg 768w, https:\/\/www.utm30.com\/wp-content\/uploads\/2025\/06\/Comparativa_MatrixII-MatrixMi_b-1536x688.jpg 1536w, https:\/\/www.utm30.com\/wp-content\/uploads\/2025\/06\/Comparativa_MatrixII-MatrixMi_b-18x8.jpg 18w, https:\/\/www.utm30.com\/wp-content\/uploads\/2025\/06\/Comparativa_MatrixII-MatrixMi_b-600x269.jpg 600w\" sizes=\"(max-width: 1908px) 100vw, 1908px\" \/><\/p>\n<p>&nbsp;<\/p>\n<p>&nbsp;<\/p>\n<hr \/>\n<p>&nbsp;<\/p>\n<p><a href=\"https:\/\/www.utm30.com\/wp-content\/uploads\/2025\/06\/Matrix_Mi_brochure_resized.pdf\"><img loading=\"lazy\" decoding=\"async\" class=\"aligncenter wp-image-4073\" src=\"https:\/\/www.utm30.com\/wp-content\/uploads\/2024\/04\/descargar_folleto_PDF_1-300x102.png\" alt=\"\" width=\"200\" height=\"68\" srcset=\"https:\/\/www.utm30.com\/wp-content\/uploads\/2024\/04\/descargar_folleto_PDF_1-300x102.png 300w, https:\/\/www.utm30.com\/wp-content\/uploads\/2024\/04\/descargar_folleto_PDF_1-18x6.png 18w, https:\/\/www.utm30.com\/wp-content\/uploads\/2024\/04\/descargar_folleto_PDF_1.png 458w\" sizes=\"(max-width: 200px) 100vw, 200px\" \/><\/a><\/p>\n<p>&nbsp;<\/p>\n<hr \/>\n<p>&nbsp;<\/p>","protected":false},"excerpt":{"rendered":"<p><img loading=\"lazy\" decoding=\"async\" class=\"alignnone wp-image-3193 size-full\" src=\"https:\/\/www.utm30.com\/wp-content\/uploads\/2024\/01\/Icono_a-GEO_b.png\" alt=\"\" width=\"87\" height=\"20\" srcset=\"https:\/\/www.utm30.com\/wp-content\/uploads\/2024\/01\/Icono_a-GEO_b.png 87w, https:\/\/www.utm30.com\/wp-content\/uploads\/2024\/01\/Icono_a-GEO_b-18x4.png 18w\" sizes=\"(max-width: 87px) 100vw, 87px\" \/><\/p>\n<h1>AlphaGEO Matrix Mi<\/h1>\n<h6><strong>GPS-Empf\u00e4nger (GNSS) mit Lasermessger\u00e4t und zwei Kameras<br \/>\n<\/strong><\/h6>\n<ul>\n<li>Potente l\u00e1ser verde, con registro de las coordenadas X,Y,Z del punto medido en cualquier orientaci\u00f3n e inclinaci\u00f3n. Asistido por c\u00e1mara frontal.<\/li>\n<li>Visuelle \u00dcberwachung \u00fcber die untere Kamera, mit Augmented Reality (AR)<\/li>\n<li>Super IMU mit bis zu 120\u00b0 Neigung, keine Kalibrierung erforderlich<\/li>\n<li>Muy ligero (500g)<\/li>\n<li>7 Konstellationen und 1.408 Kan\u00e4le<\/li>\n<li>RTK, PPK und PPP<\/li>\n<li>Robuste FIX-Verbindung in schwierigen Umgebungen (unter B\u00e4umen, in st\u00e4dtischen Umgebungen, in der N\u00e4he hoher Geb\u00e4ude)<\/li>\n<li>Radio (kompatibel mit f\u00fchrenden Marken), Wifi, 4G, NFC und Bluetooth<\/li>\n<li>SurPro professionelle Feldanwendung<\/li>\n<li>Bater\u00eda de hasta 15 horas de duraci\u00f3n, en modo rover<\/li>\n<li>Schutzart IP67 (\u00fcbersteht St\u00fcrze aus einer H\u00f6he von bis zu 2 m)<\/li>\n<\/ul>","protected":false},"featured_media":4693,"template":"","meta":{"_themeisle_gutenberg_block_has_review":false},"product_cat":[26],"product_tag":[47,22,24,23,25],"yoast_head":"<!-- This site is optimized with the Yoast SEO Premium plugin v21.6 (Yoast SEO v21.6) - https:\/\/yoast.com\/wordpress\/plugins\/seo\/ -->\n<title>AlphaGEO Matrix Mi Laser | GPS topogr\u00e1fico potente y ligero<\/title>\n<meta name=\"description\" content=\"Receptor GNSS topogr\u00e1fico con l\u00e1ser verde integrado y dos c\u00e1maras asistentes. GPS de peque\u00f1as dimensiones con grandes prestaciones.\" \/>\n<meta name=\"robots\" content=\"index, follow, max-snippet:-1, max-image-preview:large, max-video-preview:-1\" \/>\n<link rel=\"canonical\" href=\"https:\/\/www.utm30.com\/de\/produkt\/alphageo-matrix-mi-laser\/\" \/>\n<meta property=\"og:locale\" content=\"de_DE\" \/>\n<meta property=\"og:type\" content=\"article\" \/>\n<meta property=\"og:title\" content=\"AlphaGEO Matrix Mi Laser\" \/>\n<meta property=\"og:description\" content=\"Receptor GNSS topogr\u00e1fico con l\u00e1ser verde integrado y dos c\u00e1maras asistentes. GPS de peque\u00f1as dimensiones con grandes prestaciones.\" \/>\n<meta property=\"og:url\" content=\"https:\/\/www.utm30.com\/de\/produkt\/alphageo-matrix-mi-laser\/\" \/>\n<meta property=\"og:site_name\" content=\"UTM30 \u00b7 Equipos de topograf\u00eda\" \/>\n<meta property=\"article:modified_time\" content=\"2025-06-05T07:57:08+00:00\" \/>\n<meta property=\"og:image\" content=\"https:\/\/www.utm30.com\/wp-content\/uploads\/2025\/06\/Alphageo_Matrix_Mi_1.jpg\" \/>\n\t<meta property=\"og:image:width\" content=\"1500\" \/>\n\t<meta property=\"og:image:height\" content=\"1500\" \/>\n\t<meta property=\"og:image:type\" content=\"image\/jpeg\" \/>\n<meta name=\"twitter:card\" content=\"summary_large_image\" \/>\n<meta name=\"twitter:label1\" content=\"Gesch\u00e4tzte Lesezeit\" \/>\n\t<meta name=\"twitter:data1\" content=\"1\u00a0Minute\" \/>\n<script type=\"application\/ld+json\" class=\"yoast-schema-graph\">{\"@context\":\"https:\/\/schema.org\",\"@graph\":[{\"@type\":\"WebPage\",\"@id\":\"https:\/\/www.utm30.com\/producto\/alphageo-matrix-mi-laser\/\",\"url\":\"https:\/\/www.utm30.com\/producto\/alphageo-matrix-mi-laser\/\",\"name\":\"AlphaGEO Matrix Mi Laser | GPS topogr\u00e1fico potente y ligero\",\"isPartOf\":{\"@id\":\"https:\/\/www.utm30.com\/#website\"},\"datePublished\":\"2025-06-05T05:56:21+00:00\",\"dateModified\":\"2025-06-05T07:57:08+00:00\",\"description\":\"Receptor GNSS topogr\u00e1fico con l\u00e1ser verde integrado y dos c\u00e1maras asistentes. GPS de peque\u00f1as dimensiones con grandes prestaciones.\",\"breadcrumb\":{\"@id\":\"https:\/\/www.utm30.com\/producto\/alphageo-matrix-mi-laser\/#breadcrumb\"},\"inLanguage\":\"de\",\"potentialAction\":[{\"@type\":\"ReadAction\",\"target\":[\"https:\/\/www.utm30.com\/producto\/alphageo-matrix-mi-laser\/\"]}]},{\"@type\":\"BreadcrumbList\",\"@id\":\"https:\/\/www.utm30.com\/producto\/alphageo-matrix-mi-laser\/#breadcrumb\",\"itemListElement\":[{\"@type\":\"ListItem\",\"position\":1,\"name\":\"Portada\",\"item\":\"https:\/\/www.utm30.com\/\"},{\"@type\":\"ListItem\",\"position\":2,\"name\":\"Productos UTM30\",\"item\":\"https:\/\/www.utm30.com\/productos-utm30\/\"},{\"@type\":\"ListItem\",\"position\":3,\"name\":\"AlphaGEO Matrix Mi Laser\"}]},{\"@type\":\"WebSite\",\"@id\":\"https:\/\/www.utm30.com\/#website\",\"url\":\"https:\/\/www.utm30.com\/\",\"name\":\"UTM30 \u00b7 Equipos de Topografia\",\"description\":\"Equipos de topograf\u00eda\",\"publisher\":{\"@id\":\"https:\/\/www.utm30.com\/#organization\"},\"alternateName\":\"UTM30\",\"potentialAction\":[{\"@type\":\"SearchAction\",\"target\":{\"@type\":\"EntryPoint\",\"urlTemplate\":\"https:\/\/www.utm30.com\/?s={search_term_string}\"},\"query-input\":\"required name=search_term_string\"}],\"inLanguage\":\"de\"},{\"@type\":\"Organization\",\"@id\":\"https:\/\/www.utm30.com\/#organization\",\"name\":\"UTM30 \u00b7 Equipos de topografia\",\"alternateName\":\"UTM30\",\"url\":\"https:\/\/www.utm30.com\/\",\"logo\":{\"@type\":\"ImageObject\",\"inLanguage\":\"de\",\"@id\":\"https:\/\/www.utm30.com\/#\/schema\/logo\/image\/\",\"url\":\"https:\/\/www.utm30.com\/wp-content\/uploads\/2023\/10\/logo_cartel_UTM30.png\",\"contentUrl\":\"https:\/\/www.utm30.com\/wp-content\/uploads\/2023\/10\/logo_cartel_UTM30.png\",\"width\":1854,\"height\":475,\"caption\":\"UTM30 \u00b7 Equipos de topografia\"},\"image\":{\"@id\":\"https:\/\/www.utm30.com\/#\/schema\/logo\/image\/\"},\"sameAs\":[\"https:\/\/www.youtube.com\/channel\/UC492H-BCfKZoCIkRsT244xQ\"]}]}<\/script>\n<!-- \/ Yoast SEO Premium plugin. -->","yoast_head_json":{"title":"AlphaGEO Matrix Mi Laser | GPS topogr\u00e1fico potente y ligero","description":"Receptor GNSS topogr\u00e1fico con l\u00e1ser verde integrado y dos c\u00e1maras asistentes. GPS de peque\u00f1as dimensiones con grandes prestaciones.","robots":{"index":"index","follow":"follow","max-snippet":"max-snippet:-1","max-image-preview":"max-image-preview:large","max-video-preview":"max-video-preview:-1"},"canonical":"https:\/\/www.utm30.com\/de\/produkt\/alphageo-matrix-mi-laser\/","og_locale":"de_DE","og_type":"article","og_title":"AlphaGEO Matrix Mi Laser","og_description":"Receptor GNSS topogr\u00e1fico con l\u00e1ser verde integrado y dos c\u00e1maras asistentes. GPS de peque\u00f1as dimensiones con grandes prestaciones.","og_url":"https:\/\/www.utm30.com\/de\/produkt\/alphageo-matrix-mi-laser\/","og_site_name":"UTM30 \u00b7 Equipos de topograf\u00eda","article_modified_time":"2025-06-05T07:57:08+00:00","og_image":[{"width":1500,"height":1500,"url":"https:\/\/www.utm30.com\/wp-content\/uploads\/2025\/06\/Alphageo_Matrix_Mi_1.jpg","type":"image\/jpeg"}],"twitter_card":"summary_large_image","twitter_misc":{"Gesch\u00e4tzte Lesezeit":"1\u00a0Minute"},"schema":{"@context":"https:\/\/schema.org","@graph":[{"@type":"WebPage","@id":"https:\/\/www.utm30.com\/producto\/alphageo-matrix-mi-laser\/","url":"https:\/\/www.utm30.com\/producto\/alphageo-matrix-mi-laser\/","name":"AlphaGEO Matrix Mi Laser | GPS topogr\u00e1fico potente y ligero","isPartOf":{"@id":"https:\/\/www.utm30.com\/#website"},"datePublished":"2025-06-05T05:56:21+00:00","dateModified":"2025-06-05T07:57:08+00:00","description":"Receptor GNSS topogr\u00e1fico con l\u00e1ser verde integrado y dos c\u00e1maras asistentes. GPS de peque\u00f1as dimensiones con grandes prestaciones.","breadcrumb":{"@id":"https:\/\/www.utm30.com\/producto\/alphageo-matrix-mi-laser\/#breadcrumb"},"inLanguage":"de","potentialAction":[{"@type":"ReadAction","target":["https:\/\/www.utm30.com\/producto\/alphageo-matrix-mi-laser\/"]}]},{"@type":"BreadcrumbList","@id":"https:\/\/www.utm30.com\/producto\/alphageo-matrix-mi-laser\/#breadcrumb","itemListElement":[{"@type":"ListItem","position":1,"name":"Portada","item":"https:\/\/www.utm30.com\/"},{"@type":"ListItem","position":2,"name":"Productos UTM30","item":"https:\/\/www.utm30.com\/productos-utm30\/"},{"@type":"ListItem","position":3,"name":"AlphaGEO Matrix Mi Laser"}]},{"@type":"WebSite","@id":"https:\/\/www.utm30.com\/#website","url":"https:\/\/www.utm30.com\/","name":"UTM30 \u00b7 Equipos de Topografia","description":"Equipos de topograf\u00eda","publisher":{"@id":"https:\/\/www.utm30.com\/#organization"},"alternateName":"UTM30","potentialAction":[{"@type":"SearchAction","target":{"@type":"EntryPoint","urlTemplate":"https:\/\/www.utm30.com\/?s={search_term_string}"},"query-input":"required name=search_term_string"}],"inLanguage":"de"},{"@type":"Organization","@id":"https:\/\/www.utm30.com\/#organization","name":"UTM30 \u00b7 Equipos de topografia","alternateName":"UTM30","url":"https:\/\/www.utm30.com\/","logo":{"@type":"ImageObject","inLanguage":"de","@id":"https:\/\/www.utm30.com\/#\/schema\/logo\/image\/","url":"https:\/\/www.utm30.com\/wp-content\/uploads\/2023\/10\/logo_cartel_UTM30.png","contentUrl":"https:\/\/www.utm30.com\/wp-content\/uploads\/2023\/10\/logo_cartel_UTM30.png","width":1854,"height":475,"caption":"UTM30 \u00b7 Equipos de topografia"},"image":{"@id":"https:\/\/www.utm30.com\/#\/schema\/logo\/image\/"},"sameAs":["https:\/\/www.youtube.com\/channel\/UC492H-BCfKZoCIkRsT244xQ"]}]}},"_links":{"self":[{"href":"https:\/\/www.utm30.com\/de\/wp-json\/wp\/v2\/product\/4690"}],"collection":[{"href":"https:\/\/www.utm30.com\/de\/wp-json\/wp\/v2\/product"}],"about":[{"href":"https:\/\/www.utm30.com\/de\/wp-json\/wp\/v2\/types\/product"}],"version-history":[{"count":5,"href":"https:\/\/www.utm30.com\/de\/wp-json\/wp\/v2\/product\/4690\/revisions"}],"predecessor-version":[{"id":4705,"href":"https:\/\/www.utm30.com\/de\/wp-json\/wp\/v2\/product\/4690\/revisions\/4705"}],"wp:featuredmedia":[{"embeddable":true,"href":"https:\/\/www.utm30.com\/de\/wp-json\/wp\/v2\/media\/4693"}],"wp:attachment":[{"href":"https:\/\/www.utm30.com\/de\/wp-json\/wp\/v2\/media?parent=4690"}],"wp:term":[{"taxonomy":"product_cat","embeddable":true,"href":"https:\/\/www.utm30.com\/de\/wp-json\/wp\/v2\/product_cat?post=4690"},{"taxonomy":"product_tag","embeddable":true,"href":"https:\/\/www.utm30.com\/de\/wp-json\/wp\/v2\/product_tag?post=4690"}],"curies":[{"name":"wp","href":"https:\/\/api.w.org\/{rel}","templated":true}]}}