{"id":3700,"date":"2024-03-30T08:54:02","date_gmt":"2024-03-30T07:54:02","guid":{"rendered":"https:\/\/www.utm30.com\/?post_type=product&#038;p=3700"},"modified":"2026-03-17T16:22:58","modified_gmt":"2026-03-17T15:22:58","slug":"pozstar-s5","status":"publish","type":"product","link":"https:\/\/www.utm30.com\/en\/product\/pozstar-s5\/","title":{"rendered":"PozStar S5"},"content":{"rendered":"<p>High-performance, high-end GPS topographic receiver, with top-quality competence. Made in Korea. PozStar S5. Medium-low price.<\/p>\n<p><span style=\"color: #3366ff;\"><a style=\"color: #3366ff;\" href=\"https:\/\/www.utm30.com\/wp-content\/uploads\/2024\/04\/Folleto_PozStar_S5.pdf\"><strong>\u2913 View PDF brochure<\/strong><\/a><\/span><\/p>\n<p>&nbsp;<\/p>\n<p><a href=\"https:\/\/www.utm30.com\/wp-content\/uploads\/2024\/03\/Pozstar_changed.svg\"><img loading=\"lazy\" decoding=\"async\" class=\"wp-image-3703 aligncenter\" src=\"https:\/\/www.utm30.com\/wp-content\/uploads\/2024\/03\/Pozstar_changed.svg\" alt=\"\" width=\"321\" height=\"100\" \/><\/a><\/p>\n<p>&nbsp;<\/p>\n<p>&nbsp;<\/p>\n<hr \/>\n<p>&nbsp;<\/p>","protected":false},"excerpt":{"rendered":"<p><img loading=\"lazy\" decoding=\"async\" class=\"alignnone wp-image-3685\" src=\"https:\/\/www.utm30.com\/wp-content\/uploads\/2024\/03\/Icono_PozStar-300x57.png\" alt=\"\" width=\"111\" height=\"21\" srcset=\"https:\/\/www.utm30.com\/wp-content\/uploads\/2024\/03\/Icono_PozStar-300x57.png 300w, https:\/\/www.utm30.com\/wp-content\/uploads\/2024\/03\/Icono_PozStar-18x3.png 18w, https:\/\/www.utm30.com\/wp-content\/uploads\/2024\/03\/Icono_PozStar.png 407w\" sizes=\"(max-width: 111px) 100vw, 111px\" \/><\/p>\n<h1>PozStar S5<\/h1>\n<h6><strong>High performance GPS (GNSS) receiver<br \/>\n<\/strong><\/h6>\n<ul>\n<li>Designed and manufactured in South Korea<\/li>\n<li>Economy version of the PozSatr P5 model<\/li>\n<li>High-quality components for unlimited service life<\/li>\n<li>Super fast FIX start-up<\/li>\n<li>Visual stakeout via controller camera, with Augmented Reality (AR)<\/li>\n<li>IMU up to 60\u00b0 tilt, no calibration necessary<\/li>\n<li>Lightweight (793g)<\/li>\n<li>7 constellations and 1,408 channels<\/li>\n<li>RTK and PPK<\/li>\n<li>Robust FIX connection in challenging environments (under trees, urban environments, near tall buildings)<\/li>\n<li>Radio up to 15 Km (compatible with major brands), Wifi and Bluetooth<\/li>\n<li>PozPad professional field application included (For installation on smartphone \/ Android controller)<\/li>\n<li>Samsung 6700 mAh battery (up to 12 hours battery life, in Rover mode)<\/li>\n<li>Powerful 1W speaker<\/li>\n<li>IP67 protection (withstands drops of up to 2 m in height)<\/li>\n<\/ul>","protected":false},"featured_media":3706,"template":"","meta":{"_themeisle_gutenberg_block_has_review":false},"product_cat":[26],"product_tag":[22,24,25],"yoast_head":"<!-- This site is optimized with the Yoast SEO Premium plugin v21.6 (Yoast SEO v21.6) - https:\/\/yoast.com\/wordpress\/plugins\/seo\/ -->\n<title>Receptor GNSS premium | PozStar S5<\/title>\n<meta name=\"description\" content=\"Receptor topogr\u00e1fico GPS (GNSS) de alto rendimiento, FIX instant\u00e1neo, con componentes de alta calidad. Durabilidad sin l\u00edmites. Fabricado en Corea.\" \/>\n<meta name=\"robots\" content=\"index, follow, max-snippet:-1, max-image-preview:large, max-video-preview:-1\" \/>\n<link rel=\"canonical\" href=\"https:\/\/www.utm30.com\/en\/product\/pozstar-s5\/\" \/>\n<meta property=\"og:locale\" content=\"en_GB\" \/>\n<meta property=\"og:type\" content=\"article\" \/>\n<meta property=\"og:title\" content=\"PozStar S5\" \/>\n<meta property=\"og:description\" content=\"Receptor topogr\u00e1fico GPS (GNSS) de alto rendimiento, FIX instant\u00e1neo, con componentes de alta calidad. Durabilidad sin l\u00edmites. Fabricado en Corea.\" \/>\n<meta property=\"og:url\" content=\"https:\/\/www.utm30.com\/en\/product\/pozstar-s5\/\" \/>\n<meta property=\"og:site_name\" content=\"UTM30 \u00b7 Equipos de topograf\u00eda\" \/>\n<meta property=\"article:modified_time\" content=\"2026-03-17T15:22:58+00:00\" \/>\n<meta property=\"og:image\" content=\"https:\/\/www.utm30.com\/wp-content\/uploads\/2024\/03\/PozStar_S5-1.jpg\" \/>\n\t<meta property=\"og:image:width\" content=\"650\" \/>\n\t<meta property=\"og:image:height\" content=\"650\" \/>\n\t<meta property=\"og:image:type\" content=\"image\/jpeg\" \/>\n<meta name=\"twitter:card\" content=\"summary_large_image\" \/>\n<meta name=\"twitter:label1\" content=\"Estimated reading time\" \/>\n\t<meta name=\"twitter:data1\" content=\"1 minute\" \/>\n<script type=\"application\/ld+json\" class=\"yoast-schema-graph\">{\"@context\":\"https:\/\/schema.org\",\"@graph\":[{\"@type\":\"WebPage\",\"@id\":\"https:\/\/www.utm30.com\/producto\/pozstar-s5\/\",\"url\":\"https:\/\/www.utm30.com\/producto\/pozstar-s5\/\",\"name\":\"Receptor GNSS premium | PozStar S5\",\"isPartOf\":{\"@id\":\"https:\/\/www.utm30.com\/#website\"},\"datePublished\":\"2024-03-30T07:54:02+00:00\",\"dateModified\":\"2026-03-17T15:22:58+00:00\",\"description\":\"Receptor topogr\u00e1fico GPS (GNSS) de alto rendimiento, FIX instant\u00e1neo, con componentes de alta calidad. Durabilidad sin l\u00edmites. Fabricado en Corea.\",\"breadcrumb\":{\"@id\":\"https:\/\/www.utm30.com\/producto\/pozstar-s5\/#breadcrumb\"},\"inLanguage\":\"en-GB\",\"potentialAction\":[{\"@type\":\"ReadAction\",\"target\":[\"https:\/\/www.utm30.com\/producto\/pozstar-s5\/\"]}]},{\"@type\":\"BreadcrumbList\",\"@id\":\"https:\/\/www.utm30.com\/producto\/pozstar-s5\/#breadcrumb\",\"itemListElement\":[{\"@type\":\"ListItem\",\"position\":1,\"name\":\"Portada\",\"item\":\"https:\/\/www.utm30.com\/\"},{\"@type\":\"ListItem\",\"position\":2,\"name\":\"Productos UTM30\",\"item\":\"https:\/\/www.utm30.com\/productos-utm30\/\"},{\"@type\":\"ListItem\",\"position\":3,\"name\":\"PozStar S5\"}]},{\"@type\":\"WebSite\",\"@id\":\"https:\/\/www.utm30.com\/#website\",\"url\":\"https:\/\/www.utm30.com\/\",\"name\":\"UTM30 \u00b7 Equipos de Topografia\",\"description\":\"Equipos de topograf\u00eda\",\"publisher\":{\"@id\":\"https:\/\/www.utm30.com\/#organization\"},\"alternateName\":\"UTM30\",\"potentialAction\":[{\"@type\":\"SearchAction\",\"target\":{\"@type\":\"EntryPoint\",\"urlTemplate\":\"https:\/\/www.utm30.com\/?s={search_term_string}\"},\"query-input\":\"required name=search_term_string\"}],\"inLanguage\":\"en-GB\"},{\"@type\":\"Organization\",\"@id\":\"https:\/\/www.utm30.com\/#organization\",\"name\":\"UTM30 \u00b7 Equipos de topografia\",\"alternateName\":\"UTM30\",\"url\":\"https:\/\/www.utm30.com\/\",\"logo\":{\"@type\":\"ImageObject\",\"inLanguage\":\"en-GB\",\"@id\":\"https:\/\/www.utm30.com\/#\/schema\/logo\/image\/\",\"url\":\"https:\/\/www.utm30.com\/wp-content\/uploads\/2023\/10\/logo_cartel_UTM30.png\",\"contentUrl\":\"https:\/\/www.utm30.com\/wp-content\/uploads\/2023\/10\/logo_cartel_UTM30.png\",\"width\":1854,\"height\":475,\"caption\":\"UTM30 \u00b7 Equipos de topografia\"},\"image\":{\"@id\":\"https:\/\/www.utm30.com\/#\/schema\/logo\/image\/\"},\"sameAs\":[\"https:\/\/www.youtube.com\/channel\/UC492H-BCfKZoCIkRsT244xQ\"]}]}<\/script>\n<!-- \/ Yoast SEO Premium plugin. -->","yoast_head_json":{"title":"Receptor GNSS premium | PozStar S5","description":"Receptor topogr\u00e1fico GPS (GNSS) de alto rendimiento, FIX instant\u00e1neo, con componentes de alta calidad. Durabilidad sin l\u00edmites. Fabricado en Corea.","robots":{"index":"index","follow":"follow","max-snippet":"max-snippet:-1","max-image-preview":"max-image-preview:large","max-video-preview":"max-video-preview:-1"},"canonical":"https:\/\/www.utm30.com\/en\/product\/pozstar-s5\/","og_locale":"en_GB","og_type":"article","og_title":"PozStar S5","og_description":"Receptor topogr\u00e1fico GPS (GNSS) de alto rendimiento, FIX instant\u00e1neo, con componentes de alta calidad. Durabilidad sin l\u00edmites. Fabricado en Corea.","og_url":"https:\/\/www.utm30.com\/en\/product\/pozstar-s5\/","og_site_name":"UTM30 \u00b7 Equipos de topograf\u00eda","article_modified_time":"2026-03-17T15:22:58+00:00","og_image":[{"width":650,"height":650,"url":"https:\/\/www.utm30.com\/wp-content\/uploads\/2024\/03\/PozStar_S5-1.jpg","type":"image\/jpeg"}],"twitter_card":"summary_large_image","twitter_misc":{"Estimated reading time":"1 minute"},"schema":{"@context":"https:\/\/schema.org","@graph":[{"@type":"WebPage","@id":"https:\/\/www.utm30.com\/producto\/pozstar-s5\/","url":"https:\/\/www.utm30.com\/producto\/pozstar-s5\/","name":"Receptor GNSS premium | PozStar S5","isPartOf":{"@id":"https:\/\/www.utm30.com\/#website"},"datePublished":"2024-03-30T07:54:02+00:00","dateModified":"2026-03-17T15:22:58+00:00","description":"Receptor topogr\u00e1fico GPS (GNSS) de alto rendimiento, FIX instant\u00e1neo, con componentes de alta calidad. Durabilidad sin l\u00edmites. Fabricado en Corea.","breadcrumb":{"@id":"https:\/\/www.utm30.com\/producto\/pozstar-s5\/#breadcrumb"},"inLanguage":"en-GB","potentialAction":[{"@type":"ReadAction","target":["https:\/\/www.utm30.com\/producto\/pozstar-s5\/"]}]},{"@type":"BreadcrumbList","@id":"https:\/\/www.utm30.com\/producto\/pozstar-s5\/#breadcrumb","itemListElement":[{"@type":"ListItem","position":1,"name":"Portada","item":"https:\/\/www.utm30.com\/"},{"@type":"ListItem","position":2,"name":"Productos UTM30","item":"https:\/\/www.utm30.com\/productos-utm30\/"},{"@type":"ListItem","position":3,"name":"PozStar S5"}]},{"@type":"WebSite","@id":"https:\/\/www.utm30.com\/#website","url":"https:\/\/www.utm30.com\/","name":"UTM30 \u00b7 Equipos de Topografia","description":"Equipos de topograf\u00eda","publisher":{"@id":"https:\/\/www.utm30.com\/#organization"},"alternateName":"UTM30","potentialAction":[{"@type":"SearchAction","target":{"@type":"EntryPoint","urlTemplate":"https:\/\/www.utm30.com\/?s={search_term_string}"},"query-input":"required name=search_term_string"}],"inLanguage":"en-GB"},{"@type":"Organization","@id":"https:\/\/www.utm30.com\/#organization","name":"UTM30 \u00b7 Equipos de topografia","alternateName":"UTM30","url":"https:\/\/www.utm30.com\/","logo":{"@type":"ImageObject","inLanguage":"en-GB","@id":"https:\/\/www.utm30.com\/#\/schema\/logo\/image\/","url":"https:\/\/www.utm30.com\/wp-content\/uploads\/2023\/10\/logo_cartel_UTM30.png","contentUrl":"https:\/\/www.utm30.com\/wp-content\/uploads\/2023\/10\/logo_cartel_UTM30.png","width":1854,"height":475,"caption":"UTM30 \u00b7 Equipos de topografia"},"image":{"@id":"https:\/\/www.utm30.com\/#\/schema\/logo\/image\/"},"sameAs":["https:\/\/www.youtube.com\/channel\/UC492H-BCfKZoCIkRsT244xQ"]}]}},"_links":{"self":[{"href":"https:\/\/www.utm30.com\/en\/wp-json\/wp\/v2\/product\/3700"}],"collection":[{"href":"https:\/\/www.utm30.com\/en\/wp-json\/wp\/v2\/product"}],"about":[{"href":"https:\/\/www.utm30.com\/en\/wp-json\/wp\/v2\/types\/product"}],"version-history":[{"count":11,"href":"https:\/\/www.utm30.com\/en\/wp-json\/wp\/v2\/product\/3700\/revisions"}],"predecessor-version":[{"id":4006,"href":"https:\/\/www.utm30.com\/en\/wp-json\/wp\/v2\/product\/3700\/revisions\/4006"}],"wp:featuredmedia":[{"embeddable":true,"href":"https:\/\/www.utm30.com\/en\/wp-json\/wp\/v2\/media\/3706"}],"wp:attachment":[{"href":"https:\/\/www.utm30.com\/en\/wp-json\/wp\/v2\/media?parent=3700"}],"wp:term":[{"taxonomy":"product_cat","embeddable":true,"href":"https:\/\/www.utm30.com\/en\/wp-json\/wp\/v2\/product_cat?post=3700"},{"taxonomy":"product_tag","embeddable":true,"href":"https:\/\/www.utm30.com\/en\/wp-json\/wp\/v2\/product_tag?post=3700"}],"curies":[{"name":"wp","href":"https:\/\/api.w.org\/{rel}","templated":true}]}}