{"id":3721,"date":"2024-04-10T12:52:28","date_gmt":"2024-04-10T10:52:28","guid":{"rendered":"https:\/\/www.utm30.com\/?post_type=product&#038;p=3721"},"modified":"2025-10-21T07:43:29","modified_gmt":"2025-10-21T05:43:29","slug":"geosun-slam-gs-100g","status":"publish","type":"product","link":"https:\/\/www.utm30.com\/en\/product\/geosun-slam-gs-100g\/","title":{"rendered":"Geosun SLAM GS-100G"},"content":{"rendered":"<p>Handheld laser scanner for fast measurements and LiDAR point cloud creation. The most economical SLAM in its class.<\/p>\n<p>&nbsp;<\/p>\n<hr style=\"border: none; height: 1px; background-color: #dcdcdc;\" \/>\n<p>&nbsp;<\/p>\n<p><a style=\"background-color: #184f7c; color: white; font-size: 22px; padding: 10px; text-decoration: none; border-radius: 5px;\" href=\"https:\/\/www.utm30.com\/en\/alquiler\/\">TRY IT OUT FOR RENT \u27f9<\/a><\/p>\n<p><span style=\"color: #333333;\">If you then buy it <\/span><strong><span style=\"color: #b88041;\">50% of the amount paid for the rental is returned to you!<\/span><br \/>\n<\/strong><\/p>\n<hr style=\"border: none; height: 1px; background-color: #dcdcdc;\" \/>\n<p>&nbsp;<\/p>\n<p><em>Video 1. Pure SLAM mode (relative coordinates):<\/em><\/p>\n<p><iframe style=\"aspect-ratio: 16\/9;\" src=\"https:\/\/www.youtube.com\/embed\/qOWaqHGJcHs\" allowfullscreen=\"allowfullscreen\"><span style=\"display: inline-block; width: 0px; overflow: hidden; line-height: 0;\" data-mce-type=\"bookmark\" class=\"mce_SELRES_start\"><\/span><\/iframe><\/p>\n<p>&nbsp;<\/p>\n<p>&nbsp;<\/p>\n<p><em>Anchor points mode (geo-referenced coordinates):<\/em><\/p>\n<p><iframe style=\"aspect-ratio: 16\/9;\" src=\"https:\/\/www.youtube.com\/embed\/vfRlE23FZkU\" allowfullscreen=\"allowfullscreen\"><span style=\"display: inline-block; width: 0px; overflow: hidden; line-height: 0;\" data-mce-type=\"bookmark\" class=\"mce_SELRES_start\"><\/span><\/iframe><\/p>\n<p>&nbsp;<\/p>\n<p>&nbsp;<\/p>\n<p><em>Video 3. RTK mode (georeferenced coordinates):<\/em><\/p>\n<p><iframe style=\"aspect-ratio: 16\/9;\" src=\"https:\/\/www.youtube.com\/embed\/edy1cSINrec\" allowfullscreen=\"allowfullscreen\"><span style=\"display: inline-block; width: 0px; overflow: hidden; line-height: 0;\" data-mce-type=\"bookmark\" class=\"mce_SELRES_start\"><\/span><\/iframe><\/p>\n<p>&nbsp;<\/p>\n<p>&nbsp;<\/p>\n<p><a href=\"https:\/\/www.utm30.com\/wp-content\/uploads\/2024\/09\/Geosun-GS-100G.pdf\"><img loading=\"lazy\" decoding=\"async\" class=\"aligncenter wp-image-4073\" src=\"https:\/\/www.utm30.com\/wp-content\/uploads\/2024\/04\/descargar_folleto_PDF_1-300x102.png\" alt=\"\" width=\"200\" height=\"68\" srcset=\"https:\/\/www.utm30.com\/wp-content\/uploads\/2024\/04\/descargar_folleto_PDF_1-300x102.png 300w, https:\/\/www.utm30.com\/wp-content\/uploads\/2024\/04\/descargar_folleto_PDF_1-18x6.png 18w, https:\/\/www.utm30.com\/wp-content\/uploads\/2024\/04\/descargar_folleto_PDF_1.png 458w\" sizes=\"(max-width: 200px) 100vw, 200px\" \/><\/a><\/p>\n<p>&nbsp;<\/p>\n<hr \/>\n<p>&nbsp;<\/p>","protected":false},"excerpt":{"rendered":"<p><img loading=\"lazy\" decoding=\"async\" class=\"alignnone wp-image-3723\" src=\"https:\/\/www.utm30.com\/wp-content\/uploads\/2024\/04\/Icono_geosun.png\" alt=\"\" width=\"87\" height=\"25\" srcset=\"https:\/\/www.utm30.com\/wp-content\/uploads\/2024\/04\/Icono_geosun.png 279w, https:\/\/www.utm30.com\/wp-content\/uploads\/2024\/04\/Icono_geosun-18x5.png 18w\" sizes=\"(max-width: 87px) 100vw, 87px\" \/><\/p>\n<h1>Geosun GS-100G<\/h1>\n<h6><strong>Manual laser scanner (SLAM)<br \/>\n<\/strong><\/h6>\n<ul>\n<li>16-channel LiDAR laser unit<\/li>\n<li>Range up to 120m<\/li>\n<li>Up to 320,000 pts \/ second<\/li>\n<li>Double pulse<\/li>\n<li>Absolute accuracy of 5cm, without control points<\/li>\n<li>Relative accuracy of 1.5cm<\/li>\n<li>3 cameras of 5 Mpx<\/li>\n<li>Includes centimetre-accurate GNSS RTK module<\/li>\n<li>Up to 40 minutes battery life (extendable with power bank)<\/li>\n<li>Includes field APP and post-processing software<\/li>\n<\/ul>\n<p>&nbsp;<\/p>\n<p><span style=\"color: #339966;\"><span style=\"color: #ff0000;\">DESCATALOGADO:<\/span> <a href=\"https:\/\/www.utm30.com\/en\/product\/geosun-slam-gs-100g-pro\/\"><u>(Vea aqu\u00ed la nueva versi\u00f3n 2025)<\/u><\/a><\/span><\/p>","protected":false},"featured_media":3726,"template":"","meta":{"_themeisle_gutenberg_block_has_review":false},"product_cat":[53],"product_tag":[],"yoast_head":"<!-- This site is optimized with the Yoast SEO Premium plugin v21.6 (Yoast SEO v21.6) - https:\/\/yoast.com\/wordpress\/plugins\/seo\/ -->\n<title>Geosun SLAM GS-100G | Esc\u00e1ner l\u00e1ser de mano LiDAR<\/title>\n<meta name=\"description\" content=\"SLAM. Esc\u00e1ner l\u00e1ser de mano para creaci\u00f3n de nubes de puntos LiDAR. Trabaja de forma r\u00e1pida y precisa. Incluye potente software de postproceso\" \/>\n<meta name=\"robots\" content=\"index, follow, max-snippet:-1, max-image-preview:large, max-video-preview:-1\" \/>\n<link rel=\"canonical\" href=\"https:\/\/www.utm30.com\/en\/product\/geosun-slam-gs-100g\/\" \/>\n<meta property=\"og:locale\" content=\"en_GB\" \/>\n<meta property=\"og:type\" content=\"article\" \/>\n<meta property=\"og:title\" content=\"Geosun SLAM GS-100G\" \/>\n<meta property=\"og:description\" content=\"SLAM. Esc\u00e1ner l\u00e1ser de mano para creaci\u00f3n de nubes de puntos LiDAR. Trabaja de forma r\u00e1pida y precisa. Incluye potente software de postproceso\" \/>\n<meta property=\"og:url\" content=\"https:\/\/www.utm30.com\/en\/product\/geosun-slam-gs-100g\/\" \/>\n<meta property=\"og:site_name\" content=\"UTM30 \u00b7 Equipos de topograf\u00eda\" \/>\n<meta property=\"article:modified_time\" content=\"2025-10-21T05:43:29+00:00\" \/>\n<meta property=\"og:image\" content=\"https:\/\/www.utm30.com\/wp-content\/uploads\/2024\/04\/Geosun_GS-100G_1.jpg\" \/>\n\t<meta property=\"og:image:width\" content=\"1000\" \/>\n\t<meta property=\"og:image:height\" content=\"1000\" \/>\n\t<meta property=\"og:image:type\" content=\"image\/jpeg\" \/>\n<meta name=\"twitter:card\" content=\"summary_large_image\" \/>\n<meta name=\"twitter:label1\" content=\"Estimated reading time\" \/>\n\t<meta name=\"twitter:data1\" content=\"1 minute\" \/>\n<script type=\"application\/ld+json\" class=\"yoast-schema-graph\">{\"@context\":\"https:\/\/schema.org\",\"@graph\":[{\"@type\":\"WebPage\",\"@id\":\"https:\/\/www.utm30.com\/producto\/geosun-slam-gs-100g\/\",\"url\":\"https:\/\/www.utm30.com\/producto\/geosun-slam-gs-100g\/\",\"name\":\"Geosun SLAM GS-100G | Esc\u00e1ner l\u00e1ser de mano LiDAR\",\"isPartOf\":{\"@id\":\"https:\/\/www.utm30.com\/#website\"},\"datePublished\":\"2024-04-10T10:52:28+00:00\",\"dateModified\":\"2025-10-21T05:43:29+00:00\",\"description\":\"SLAM. Esc\u00e1ner l\u00e1ser de mano para creaci\u00f3n de nubes de puntos LiDAR. Trabaja de forma r\u00e1pida y precisa. Incluye potente software de postproceso\",\"breadcrumb\":{\"@id\":\"https:\/\/www.utm30.com\/producto\/geosun-slam-gs-100g\/#breadcrumb\"},\"inLanguage\":\"en-GB\",\"potentialAction\":[{\"@type\":\"ReadAction\",\"target\":[\"https:\/\/www.utm30.com\/producto\/geosun-slam-gs-100g\/\"]}]},{\"@type\":\"BreadcrumbList\",\"@id\":\"https:\/\/www.utm30.com\/producto\/geosun-slam-gs-100g\/#breadcrumb\",\"itemListElement\":[{\"@type\":\"ListItem\",\"position\":1,\"name\":\"Portada\",\"item\":\"https:\/\/www.utm30.com\/\"},{\"@type\":\"ListItem\",\"position\":2,\"name\":\"Productos UTM30\",\"item\":\"https:\/\/www.utm30.com\/productos-utm30\/\"},{\"@type\":\"ListItem\",\"position\":3,\"name\":\"Geosun SLAM GS-100G\"}]},{\"@type\":\"WebSite\",\"@id\":\"https:\/\/www.utm30.com\/#website\",\"url\":\"https:\/\/www.utm30.com\/\",\"name\":\"UTM30 \u00b7 Equipos de Topografia\",\"description\":\"Equipos de topograf\u00eda\",\"publisher\":{\"@id\":\"https:\/\/www.utm30.com\/#organization\"},\"alternateName\":\"UTM30\",\"potentialAction\":[{\"@type\":\"SearchAction\",\"target\":{\"@type\":\"EntryPoint\",\"urlTemplate\":\"https:\/\/www.utm30.com\/?s={search_term_string}\"},\"query-input\":\"required name=search_term_string\"}],\"inLanguage\":\"en-GB\"},{\"@type\":\"Organization\",\"@id\":\"https:\/\/www.utm30.com\/#organization\",\"name\":\"UTM30 \u00b7 Equipos de topografia\",\"alternateName\":\"UTM30\",\"url\":\"https:\/\/www.utm30.com\/\",\"logo\":{\"@type\":\"ImageObject\",\"inLanguage\":\"en-GB\",\"@id\":\"https:\/\/www.utm30.com\/#\/schema\/logo\/image\/\",\"url\":\"https:\/\/www.utm30.com\/wp-content\/uploads\/2023\/10\/logo_cartel_UTM30.png\",\"contentUrl\":\"https:\/\/www.utm30.com\/wp-content\/uploads\/2023\/10\/logo_cartel_UTM30.png\",\"width\":1854,\"height\":475,\"caption\":\"UTM30 \u00b7 Equipos de topografia\"},\"image\":{\"@id\":\"https:\/\/www.utm30.com\/#\/schema\/logo\/image\/\"},\"sameAs\":[\"https:\/\/www.youtube.com\/channel\/UC492H-BCfKZoCIkRsT244xQ\"]}]}<\/script>\n<!-- \/ Yoast SEO Premium plugin. -->","yoast_head_json":{"title":"Geosun SLAM GS-100G | Esc\u00e1ner l\u00e1ser de mano LiDAR","description":"SLAM. Esc\u00e1ner l\u00e1ser de mano para creaci\u00f3n de nubes de puntos LiDAR. Trabaja de forma r\u00e1pida y precisa. Incluye potente software de postproceso","robots":{"index":"index","follow":"follow","max-snippet":"max-snippet:-1","max-image-preview":"max-image-preview:large","max-video-preview":"max-video-preview:-1"},"canonical":"https:\/\/www.utm30.com\/en\/product\/geosun-slam-gs-100g\/","og_locale":"en_GB","og_type":"article","og_title":"Geosun SLAM GS-100G","og_description":"SLAM. Esc\u00e1ner l\u00e1ser de mano para creaci\u00f3n de nubes de puntos LiDAR. Trabaja de forma r\u00e1pida y precisa. Incluye potente software de postproceso","og_url":"https:\/\/www.utm30.com\/en\/product\/geosun-slam-gs-100g\/","og_site_name":"UTM30 \u00b7 Equipos de topograf\u00eda","article_modified_time":"2025-10-21T05:43:29+00:00","og_image":[{"width":1000,"height":1000,"url":"https:\/\/www.utm30.com\/wp-content\/uploads\/2024\/04\/Geosun_GS-100G_1.jpg","type":"image\/jpeg"}],"twitter_card":"summary_large_image","twitter_misc":{"Estimated reading time":"1 minute"},"schema":{"@context":"https:\/\/schema.org","@graph":[{"@type":"WebPage","@id":"https:\/\/www.utm30.com\/producto\/geosun-slam-gs-100g\/","url":"https:\/\/www.utm30.com\/producto\/geosun-slam-gs-100g\/","name":"Geosun SLAM GS-100G | Esc\u00e1ner l\u00e1ser de mano LiDAR","isPartOf":{"@id":"https:\/\/www.utm30.com\/#website"},"datePublished":"2024-04-10T10:52:28+00:00","dateModified":"2025-10-21T05:43:29+00:00","description":"SLAM. Esc\u00e1ner l\u00e1ser de mano para creaci\u00f3n de nubes de puntos LiDAR. Trabaja de forma r\u00e1pida y precisa. Incluye potente software de postproceso","breadcrumb":{"@id":"https:\/\/www.utm30.com\/producto\/geosun-slam-gs-100g\/#breadcrumb"},"inLanguage":"en-GB","potentialAction":[{"@type":"ReadAction","target":["https:\/\/www.utm30.com\/producto\/geosun-slam-gs-100g\/"]}]},{"@type":"BreadcrumbList","@id":"https:\/\/www.utm30.com\/producto\/geosun-slam-gs-100g\/#breadcrumb","itemListElement":[{"@type":"ListItem","position":1,"name":"Portada","item":"https:\/\/www.utm30.com\/"},{"@type":"ListItem","position":2,"name":"Productos UTM30","item":"https:\/\/www.utm30.com\/productos-utm30\/"},{"@type":"ListItem","position":3,"name":"Geosun SLAM GS-100G"}]},{"@type":"WebSite","@id":"https:\/\/www.utm30.com\/#website","url":"https:\/\/www.utm30.com\/","name":"UTM30 \u00b7 Equipos de Topografia","description":"Equipos de topograf\u00eda","publisher":{"@id":"https:\/\/www.utm30.com\/#organization"},"alternateName":"UTM30","potentialAction":[{"@type":"SearchAction","target":{"@type":"EntryPoint","urlTemplate":"https:\/\/www.utm30.com\/?s={search_term_string}"},"query-input":"required name=search_term_string"}],"inLanguage":"en-GB"},{"@type":"Organization","@id":"https:\/\/www.utm30.com\/#organization","name":"UTM30 \u00b7 Equipos de topografia","alternateName":"UTM30","url":"https:\/\/www.utm30.com\/","logo":{"@type":"ImageObject","inLanguage":"en-GB","@id":"https:\/\/www.utm30.com\/#\/schema\/logo\/image\/","url":"https:\/\/www.utm30.com\/wp-content\/uploads\/2023\/10\/logo_cartel_UTM30.png","contentUrl":"https:\/\/www.utm30.com\/wp-content\/uploads\/2023\/10\/logo_cartel_UTM30.png","width":1854,"height":475,"caption":"UTM30 \u00b7 Equipos de topografia"},"image":{"@id":"https:\/\/www.utm30.com\/#\/schema\/logo\/image\/"},"sameAs":["https:\/\/www.youtube.com\/channel\/UC492H-BCfKZoCIkRsT244xQ"]}]}},"_links":{"self":[{"href":"https:\/\/www.utm30.com\/en\/wp-json\/wp\/v2\/product\/3721"}],"collection":[{"href":"https:\/\/www.utm30.com\/en\/wp-json\/wp\/v2\/product"}],"about":[{"href":"https:\/\/www.utm30.com\/en\/wp-json\/wp\/v2\/types\/product"}],"version-history":[{"count":17,"href":"https:\/\/www.utm30.com\/en\/wp-json\/wp\/v2\/product\/3721\/revisions"}],"predecessor-version":[{"id":4747,"href":"https:\/\/www.utm30.com\/en\/wp-json\/wp\/v2\/product\/3721\/revisions\/4747"}],"wp:featuredmedia":[{"embeddable":true,"href":"https:\/\/www.utm30.com\/en\/wp-json\/wp\/v2\/media\/3726"}],"wp:attachment":[{"href":"https:\/\/www.utm30.com\/en\/wp-json\/wp\/v2\/media?parent=3721"}],"wp:term":[{"taxonomy":"product_cat","embeddable":true,"href":"https:\/\/www.utm30.com\/en\/wp-json\/wp\/v2\/product_cat?post=3721"},{"taxonomy":"product_tag","embeddable":true,"href":"https:\/\/www.utm30.com\/en\/wp-json\/wp\/v2\/product_tag?post=3721"}],"curies":[{"name":"wp","href":"https:\/\/api.w.org\/{rel}","templated":true}]}}