{"id":3743,"date":"2024-04-10T16:31:57","date_gmt":"2024-04-10T14:31:57","guid":{"rendered":"https:\/\/www.utm30.com\/?post_type=product&#038;p=3743"},"modified":"2025-05-15T18:37:37","modified_gmt":"2025-05-15T16:37:37","slug":"geosun-lidar-gs-100v","status":"publish","type":"product","link":"https:\/\/www.utm30.com\/en\/product\/geosun-lidar-gs-100v\/","title":{"rendered":"Geosun LiDAR GS-100V"},"content":{"rendered":"<p>Laser scanner for mass data capture and LiDAR point cloud creation.<\/p>","protected":false},"excerpt":{"rendered":"<p><img loading=\"lazy\" decoding=\"async\" class=\"alignnone wp-image-3723\" src=\"https:\/\/www.utm30.com\/wp-content\/uploads\/2024\/04\/Icono_geosun.png\" alt=\"\" width=\"87\" height=\"25\" srcset=\"https:\/\/www.utm30.com\/wp-content\/uploads\/2024\/04\/Icono_geosun.png 279w, https:\/\/www.utm30.com\/wp-content\/uploads\/2024\/04\/Icono_geosun-18x5.png 18w\" sizes=\"(max-width: 87px) 100vw, 87px\" \/><\/p>\n<h1>Geosun LiDAR GS-100C+<\/h1>\n<h6><strong>Laser scanner for mounting on drone or terrestrial vehicle<br \/>\n<\/strong><\/h6>\n<ul>\n<li>LiDAR and photogrammetry<\/li>\n<li>640,000 points \/ second<\/li>\n<li>Double pulse<\/li>\n<li>Absolute accuracy &lt; 10 cm<\/li>\n<li>26 Mpx camera<\/li>\n<li>Includes GNSS RTK module<\/li>\n<li>Includes post-processing software<\/li>\n<li>Compatible with DJI and Yuneec drones<\/li>\n<\/ul>","protected":false},"featured_media":3769,"template":"","meta":{"_themeisle_gutenberg_block_has_review":false},"product_cat":[29],"product_tag":[],"yoast_head":"<!-- This site is optimized with the Yoast SEO Premium plugin v21.6 (Yoast SEO v21.6) - https:\/\/yoast.com\/wordpress\/plugins\/seo\/ -->\n<title>Geosun LiDAR GS-100V | Accesorio para drone<\/title>\n<meta name=\"description\" content=\"Sistema LiDAR para montaje en dron o veh\u00edculo. Incorpora sistema de posicionamiento GNSS y c\u00e1mara de 26 Mpx para levantamiento fotogram\u00e9trico combinado\" \/>\n<meta name=\"robots\" content=\"index, follow, max-snippet:-1, max-image-preview:large, max-video-preview:-1\" \/>\n<link rel=\"canonical\" href=\"https:\/\/www.utm30.com\/en\/product\/geosun-lidar-gs-100v\/\" \/>\n<meta property=\"og:locale\" content=\"en_GB\" \/>\n<meta property=\"og:type\" content=\"article\" \/>\n<meta property=\"og:title\" content=\"Geosun LiDAR GS-100V\" \/>\n<meta property=\"og:description\" content=\"Sistema LiDAR para montaje en dron o veh\u00edculo. Incorpora sistema de posicionamiento GNSS y c\u00e1mara de 26 Mpx para levantamiento fotogram\u00e9trico combinado\" \/>\n<meta property=\"og:url\" content=\"https:\/\/www.utm30.com\/en\/product\/geosun-lidar-gs-100v\/\" \/>\n<meta property=\"og:site_name\" content=\"UTM30 \u00b7 Equipos de topograf\u00eda\" \/>\n<meta property=\"article:modified_time\" content=\"2025-05-15T16:37:37+00:00\" \/>\n<meta property=\"og:image\" content=\"https:\/\/www.utm30.com\/wp-content\/uploads\/2024\/04\/Geosun_GS-100V_1b.jpg\" \/>\n\t<meta property=\"og:image:width\" content=\"1650\" \/>\n\t<meta property=\"og:image:height\" content=\"1650\" \/>\n\t<meta property=\"og:image:type\" content=\"image\/jpeg\" \/>\n<meta name=\"twitter:card\" content=\"summary_large_image\" \/>\n<meta name=\"twitter:label1\" content=\"Estimated reading time\" \/>\n\t<meta name=\"twitter:data1\" content=\"1 minute\" \/>\n<script type=\"application\/ld+json\" class=\"yoast-schema-graph\">{\"@context\":\"https:\/\/schema.org\",\"@graph\":[{\"@type\":\"WebPage\",\"@id\":\"https:\/\/www.utm30.com\/producto\/geosun-lidar-gs-100v\/\",\"url\":\"https:\/\/www.utm30.com\/producto\/geosun-lidar-gs-100v\/\",\"name\":\"Geosun LiDAR GS-100V | Accesorio para drone\",\"isPartOf\":{\"@id\":\"https:\/\/www.utm30.com\/#website\"},\"datePublished\":\"2024-04-10T14:31:57+00:00\",\"dateModified\":\"2025-05-15T16:37:37+00:00\",\"description\":\"Sistema LiDAR para montaje en dron o veh\u00edculo. Incorpora sistema de posicionamiento GNSS y c\u00e1mara de 26 Mpx para levantamiento fotogram\u00e9trico combinado\",\"breadcrumb\":{\"@id\":\"https:\/\/www.utm30.com\/producto\/geosun-lidar-gs-100v\/#breadcrumb\"},\"inLanguage\":\"en-GB\",\"potentialAction\":[{\"@type\":\"ReadAction\",\"target\":[\"https:\/\/www.utm30.com\/producto\/geosun-lidar-gs-100v\/\"]}]},{\"@type\":\"BreadcrumbList\",\"@id\":\"https:\/\/www.utm30.com\/producto\/geosun-lidar-gs-100v\/#breadcrumb\",\"itemListElement\":[{\"@type\":\"ListItem\",\"position\":1,\"name\":\"Portada\",\"item\":\"https:\/\/www.utm30.com\/\"},{\"@type\":\"ListItem\",\"position\":2,\"name\":\"Productos UTM30\",\"item\":\"https:\/\/www.utm30.com\/productos-utm30\/\"},{\"@type\":\"ListItem\",\"position\":3,\"name\":\"Geosun LiDAR GS-100V\"}]},{\"@type\":\"WebSite\",\"@id\":\"https:\/\/www.utm30.com\/#website\",\"url\":\"https:\/\/www.utm30.com\/\",\"name\":\"UTM30 \u00b7 Equipos de Topografia\",\"description\":\"Equipos de topograf\u00eda\",\"publisher\":{\"@id\":\"https:\/\/www.utm30.com\/#organization\"},\"alternateName\":\"UTM30\",\"potentialAction\":[{\"@type\":\"SearchAction\",\"target\":{\"@type\":\"EntryPoint\",\"urlTemplate\":\"https:\/\/www.utm30.com\/?s={search_term_string}\"},\"query-input\":\"required name=search_term_string\"}],\"inLanguage\":\"en-GB\"},{\"@type\":\"Organization\",\"@id\":\"https:\/\/www.utm30.com\/#organization\",\"name\":\"UTM30 \u00b7 Equipos de topografia\",\"alternateName\":\"UTM30\",\"url\":\"https:\/\/www.utm30.com\/\",\"logo\":{\"@type\":\"ImageObject\",\"inLanguage\":\"en-GB\",\"@id\":\"https:\/\/www.utm30.com\/#\/schema\/logo\/image\/\",\"url\":\"https:\/\/www.utm30.com\/wp-content\/uploads\/2023\/10\/logo_cartel_UTM30.png\",\"contentUrl\":\"https:\/\/www.utm30.com\/wp-content\/uploads\/2023\/10\/logo_cartel_UTM30.png\",\"width\":1854,\"height\":475,\"caption\":\"UTM30 \u00b7 Equipos de topografia\"},\"image\":{\"@id\":\"https:\/\/www.utm30.com\/#\/schema\/logo\/image\/\"},\"sameAs\":[\"https:\/\/www.youtube.com\/channel\/UC492H-BCfKZoCIkRsT244xQ\"]}]}<\/script>\n<!-- \/ Yoast SEO Premium plugin. -->","yoast_head_json":{"title":"Geosun LiDAR GS-100V | Accesorio para drone","description":"Sistema LiDAR para montaje en dron o veh\u00edculo. Incorpora sistema de posicionamiento GNSS y c\u00e1mara de 26 Mpx para levantamiento fotogram\u00e9trico combinado","robots":{"index":"index","follow":"follow","max-snippet":"max-snippet:-1","max-image-preview":"max-image-preview:large","max-video-preview":"max-video-preview:-1"},"canonical":"https:\/\/www.utm30.com\/en\/product\/geosun-lidar-gs-100v\/","og_locale":"en_GB","og_type":"article","og_title":"Geosun LiDAR GS-100V","og_description":"Sistema LiDAR para montaje en dron o veh\u00edculo. Incorpora sistema de posicionamiento GNSS y c\u00e1mara de 26 Mpx para levantamiento fotogram\u00e9trico combinado","og_url":"https:\/\/www.utm30.com\/en\/product\/geosun-lidar-gs-100v\/","og_site_name":"UTM30 \u00b7 Equipos de topograf\u00eda","article_modified_time":"2025-05-15T16:37:37+00:00","og_image":[{"width":1650,"height":1650,"url":"https:\/\/www.utm30.com\/wp-content\/uploads\/2024\/04\/Geosun_GS-100V_1b.jpg","type":"image\/jpeg"}],"twitter_card":"summary_large_image","twitter_misc":{"Estimated reading time":"1 minute"},"schema":{"@context":"https:\/\/schema.org","@graph":[{"@type":"WebPage","@id":"https:\/\/www.utm30.com\/producto\/geosun-lidar-gs-100v\/","url":"https:\/\/www.utm30.com\/producto\/geosun-lidar-gs-100v\/","name":"Geosun LiDAR GS-100V | Accesorio para drone","isPartOf":{"@id":"https:\/\/www.utm30.com\/#website"},"datePublished":"2024-04-10T14:31:57+00:00","dateModified":"2025-05-15T16:37:37+00:00","description":"Sistema LiDAR para montaje en dron o veh\u00edculo. Incorpora sistema de posicionamiento GNSS y c\u00e1mara de 26 Mpx para levantamiento fotogram\u00e9trico combinado","breadcrumb":{"@id":"https:\/\/www.utm30.com\/producto\/geosun-lidar-gs-100v\/#breadcrumb"},"inLanguage":"en-GB","potentialAction":[{"@type":"ReadAction","target":["https:\/\/www.utm30.com\/producto\/geosun-lidar-gs-100v\/"]}]},{"@type":"BreadcrumbList","@id":"https:\/\/www.utm30.com\/producto\/geosun-lidar-gs-100v\/#breadcrumb","itemListElement":[{"@type":"ListItem","position":1,"name":"Portada","item":"https:\/\/www.utm30.com\/"},{"@type":"ListItem","position":2,"name":"Productos UTM30","item":"https:\/\/www.utm30.com\/productos-utm30\/"},{"@type":"ListItem","position":3,"name":"Geosun LiDAR GS-100V"}]},{"@type":"WebSite","@id":"https:\/\/www.utm30.com\/#website","url":"https:\/\/www.utm30.com\/","name":"UTM30 \u00b7 Equipos de Topografia","description":"Equipos de topograf\u00eda","publisher":{"@id":"https:\/\/www.utm30.com\/#organization"},"alternateName":"UTM30","potentialAction":[{"@type":"SearchAction","target":{"@type":"EntryPoint","urlTemplate":"https:\/\/www.utm30.com\/?s={search_term_string}"},"query-input":"required name=search_term_string"}],"inLanguage":"en-GB"},{"@type":"Organization","@id":"https:\/\/www.utm30.com\/#organization","name":"UTM30 \u00b7 Equipos de topografia","alternateName":"UTM30","url":"https:\/\/www.utm30.com\/","logo":{"@type":"ImageObject","inLanguage":"en-GB","@id":"https:\/\/www.utm30.com\/#\/schema\/logo\/image\/","url":"https:\/\/www.utm30.com\/wp-content\/uploads\/2023\/10\/logo_cartel_UTM30.png","contentUrl":"https:\/\/www.utm30.com\/wp-content\/uploads\/2023\/10\/logo_cartel_UTM30.png","width":1854,"height":475,"caption":"UTM30 \u00b7 Equipos de topografia"},"image":{"@id":"https:\/\/www.utm30.com\/#\/schema\/logo\/image\/"},"sameAs":["https:\/\/www.youtube.com\/channel\/UC492H-BCfKZoCIkRsT244xQ"]}]}},"_links":{"self":[{"href":"https:\/\/www.utm30.com\/en\/wp-json\/wp\/v2\/product\/3743"}],"collection":[{"href":"https:\/\/www.utm30.com\/en\/wp-json\/wp\/v2\/product"}],"about":[{"href":"https:\/\/www.utm30.com\/en\/wp-json\/wp\/v2\/types\/product"}],"version-history":[{"count":2,"href":"https:\/\/www.utm30.com\/en\/wp-json\/wp\/v2\/product\/3743\/revisions"}],"predecessor-version":[{"id":3747,"href":"https:\/\/www.utm30.com\/en\/wp-json\/wp\/v2\/product\/3743\/revisions\/3747"}],"wp:featuredmedia":[{"embeddable":true,"href":"https:\/\/www.utm30.com\/en\/wp-json\/wp\/v2\/media\/3769"}],"wp:attachment":[{"href":"https:\/\/www.utm30.com\/en\/wp-json\/wp\/v2\/media?parent=3743"}],"wp:term":[{"taxonomy":"product_cat","embeddable":true,"href":"https:\/\/www.utm30.com\/en\/wp-json\/wp\/v2\/product_cat?post=3743"},{"taxonomy":"product_tag","embeddable":true,"href":"https:\/\/www.utm30.com\/en\/wp-json\/wp\/v2\/product_tag?post=3743"}],"curies":[{"name":"wp","href":"https:\/\/api.w.org\/{rel}","templated":true}]}}