{"id":3753,"date":"2024-04-10T16:52:13","date_gmt":"2024-04-10T14:52:13","guid":{"rendered":"https:\/\/www.utm30.com\/?post_type=product&#038;p=3753"},"modified":"2024-04-26T16:24:57","modified_gmt":"2024-04-26T14:24:57","slug":"geosun-g-850","status":"publish","type":"product","link":"https:\/\/www.utm30.com\/en\/product\/geosun-g-850\/","title":{"rendered":"Geosun G-850"},"content":{"rendered":"<p><strong>High-precision mapping drone with RTK positioning<\/strong><\/p>\n<p><img loading=\"lazy\" decoding=\"async\" class=\"alignnone size-medium wp-image-3763\" src=\"https:\/\/www.utm30.com\/wp-content\/uploads\/2024\/04\/Geosun_GS-850_8-300x169.jpg\" alt=\"\" width=\"300\" height=\"169\" srcset=\"https:\/\/www.utm30.com\/wp-content\/uploads\/2024\/04\/Geosun_GS-850_8-300x169.jpg 300w, https:\/\/www.utm30.com\/wp-content\/uploads\/2024\/04\/Geosun_GS-850_8-18x10.jpg 18w, https:\/\/www.utm30.com\/wp-content\/uploads\/2024\/04\/Geosun_GS-850_8-600x338.jpg 600w, https:\/\/www.utm30.com\/wp-content\/uploads\/2024\/04\/Geosun_GS-850_8.jpg 680w\" sizes=\"(max-width: 300px) 100vw, 300px\" \/><\/p>\n<p><img loading=\"lazy\" decoding=\"async\" class=\"alignnone size-medium wp-image-3762\" src=\"https:\/\/www.utm30.com\/wp-content\/uploads\/2024\/04\/Geosun_GS-850_7-300x169.jpg\" alt=\"\" width=\"300\" height=\"169\" srcset=\"https:\/\/www.utm30.com\/wp-content\/uploads\/2024\/04\/Geosun_GS-850_7-300x169.jpg 300w, https:\/\/www.utm30.com\/wp-content\/uploads\/2024\/04\/Geosun_GS-850_7-18x10.jpg 18w, https:\/\/www.utm30.com\/wp-content\/uploads\/2024\/04\/Geosun_GS-850_7.jpg 589w\" sizes=\"(max-width: 300px) 100vw, 300px\" \/><\/p>","protected":false},"excerpt":{"rendered":"<p><img loading=\"lazy\" decoding=\"async\" class=\"alignnone wp-image-3723\" src=\"https:\/\/www.utm30.com\/wp-content\/uploads\/2024\/04\/Icono_geosun.png\" alt=\"\" width=\"87\" height=\"25\" srcset=\"https:\/\/www.utm30.com\/wp-content\/uploads\/2024\/04\/Icono_geosun.png 279w, https:\/\/www.utm30.com\/wp-content\/uploads\/2024\/04\/Icono_geosun-18x5.png 18w\" sizes=\"(max-width: 87px) 100vw, 87px\" \/><\/p>\n<h1>Geosun GS-850<\/h1>\n<h6><strong>Multi rotor topographic drone<br \/>\n<\/strong><\/h6>\n<ul>\n<li>6 rotors (excellent stability and wind resistance)<\/li>\n<li>Load up to 3 kg<\/li>\n<li>Possibility to connect LiDAR and photogrammetric equipment<\/li>\n<li>High-precision GNSS module, equipped with RTK\/PPK technology<\/li>\n<li>No control points<\/li>\n<li>Maximum flight time 65 minutes<\/li>\n<li>Remote control up to 15 km<\/li>\n<\/ul>","protected":false},"featured_media":3756,"template":"","meta":{"_themeisle_gutenberg_block_has_review":false},"product_cat":[29],"product_tag":[],"yoast_head":"<!-- This site is optimized with the Yoast SEO Premium plugin v21.6 (Yoast SEO v21.6) - https:\/\/yoast.com\/wordpress\/plugins\/seo\/ -->\n<title>Drone para topograf\u00eda | Geosun G-850<\/title>\n<meta name=\"description\" content=\"Dron de mapeo para levantamientos topogr\u00e1ficos, con tecnolog\u00eda LiDAR y fotogrametr\u00eda. Admite multitud de sensores l\u00e1ser y c\u00e1maras.\" \/>\n<meta name=\"robots\" content=\"index, follow, max-snippet:-1, max-image-preview:large, max-video-preview:-1\" \/>\n<link rel=\"canonical\" href=\"https:\/\/www.utm30.com\/en\/product\/geosun-g-850\/\" \/>\n<meta property=\"og:locale\" content=\"en_GB\" \/>\n<meta property=\"og:type\" content=\"article\" \/>\n<meta property=\"og:title\" content=\"Geosun G-850\" \/>\n<meta property=\"og:description\" content=\"Dron de mapeo para levantamientos topogr\u00e1ficos, con tecnolog\u00eda LiDAR y fotogrametr\u00eda. Admite multitud de sensores l\u00e1ser y c\u00e1maras.\" \/>\n<meta property=\"og:url\" content=\"https:\/\/www.utm30.com\/en\/product\/geosun-g-850\/\" \/>\n<meta property=\"og:site_name\" content=\"UTM30 \u00b7 Equipos de topograf\u00eda\" \/>\n<meta property=\"article:modified_time\" content=\"2024-04-26T14:24:57+00:00\" \/>\n<meta property=\"og:image\" content=\"https:\/\/www.utm30.com\/wp-content\/uploads\/2024\/04\/Geosun_GS-850_1.jpg\" \/>\n\t<meta property=\"og:image:width\" content=\"1100\" \/>\n\t<meta property=\"og:image:height\" content=\"1100\" \/>\n\t<meta property=\"og:image:type\" content=\"image\/jpeg\" \/>\n<meta name=\"twitter:card\" content=\"summary_large_image\" \/>\n<meta name=\"twitter:label1\" content=\"Estimated reading time\" \/>\n\t<meta name=\"twitter:data1\" content=\"1 minute\" \/>\n<script type=\"application\/ld+json\" class=\"yoast-schema-graph\">{\"@context\":\"https:\/\/schema.org\",\"@graph\":[{\"@type\":\"WebPage\",\"@id\":\"https:\/\/www.utm30.com\/producto\/geosun-g-850\/\",\"url\":\"https:\/\/www.utm30.com\/producto\/geosun-g-850\/\",\"name\":\"Drone para topograf\u00eda | Geosun G-850\",\"isPartOf\":{\"@id\":\"https:\/\/www.utm30.com\/#website\"},\"datePublished\":\"2024-04-10T14:52:13+00:00\",\"dateModified\":\"2024-04-26T14:24:57+00:00\",\"description\":\"Dron de mapeo para levantamientos topogr\u00e1ficos, con tecnolog\u00eda LiDAR y fotogrametr\u00eda. Admite multitud de sensores l\u00e1ser y c\u00e1maras.\",\"breadcrumb\":{\"@id\":\"https:\/\/www.utm30.com\/producto\/geosun-g-850\/#breadcrumb\"},\"inLanguage\":\"en-GB\",\"potentialAction\":[{\"@type\":\"ReadAction\",\"target\":[\"https:\/\/www.utm30.com\/producto\/geosun-g-850\/\"]}]},{\"@type\":\"BreadcrumbList\",\"@id\":\"https:\/\/www.utm30.com\/producto\/geosun-g-850\/#breadcrumb\",\"itemListElement\":[{\"@type\":\"ListItem\",\"position\":1,\"name\":\"Portada\",\"item\":\"https:\/\/www.utm30.com\/\"},{\"@type\":\"ListItem\",\"position\":2,\"name\":\"Productos UTM30\",\"item\":\"https:\/\/www.utm30.com\/productos-utm30\/\"},{\"@type\":\"ListItem\",\"position\":3,\"name\":\"Geosun G-850\"}]},{\"@type\":\"WebSite\",\"@id\":\"https:\/\/www.utm30.com\/#website\",\"url\":\"https:\/\/www.utm30.com\/\",\"name\":\"UTM30 \u00b7 Equipos de Topografia\",\"description\":\"Equipos de topograf\u00eda\",\"publisher\":{\"@id\":\"https:\/\/www.utm30.com\/#organization\"},\"alternateName\":\"UTM30\",\"potentialAction\":[{\"@type\":\"SearchAction\",\"target\":{\"@type\":\"EntryPoint\",\"urlTemplate\":\"https:\/\/www.utm30.com\/?s={search_term_string}\"},\"query-input\":\"required name=search_term_string\"}],\"inLanguage\":\"en-GB\"},{\"@type\":\"Organization\",\"@id\":\"https:\/\/www.utm30.com\/#organization\",\"name\":\"UTM30 \u00b7 Equipos de topografia\",\"alternateName\":\"UTM30\",\"url\":\"https:\/\/www.utm30.com\/\",\"logo\":{\"@type\":\"ImageObject\",\"inLanguage\":\"en-GB\",\"@id\":\"https:\/\/www.utm30.com\/#\/schema\/logo\/image\/\",\"url\":\"https:\/\/www.utm30.com\/wp-content\/uploads\/2023\/10\/logo_cartel_UTM30.png\",\"contentUrl\":\"https:\/\/www.utm30.com\/wp-content\/uploads\/2023\/10\/logo_cartel_UTM30.png\",\"width\":1854,\"height\":475,\"caption\":\"UTM30 \u00b7 Equipos de topografia\"},\"image\":{\"@id\":\"https:\/\/www.utm30.com\/#\/schema\/logo\/image\/\"},\"sameAs\":[\"https:\/\/www.youtube.com\/channel\/UC492H-BCfKZoCIkRsT244xQ\"]}]}<\/script>\n<!-- \/ Yoast SEO Premium plugin. -->","yoast_head_json":{"title":"Drone para topograf\u00eda | Geosun G-850","description":"Dron de mapeo para levantamientos topogr\u00e1ficos, con tecnolog\u00eda LiDAR y fotogrametr\u00eda. Admite multitud de sensores l\u00e1ser y c\u00e1maras.","robots":{"index":"index","follow":"follow","max-snippet":"max-snippet:-1","max-image-preview":"max-image-preview:large","max-video-preview":"max-video-preview:-1"},"canonical":"https:\/\/www.utm30.com\/en\/product\/geosun-g-850\/","og_locale":"en_GB","og_type":"article","og_title":"Geosun G-850","og_description":"Dron de mapeo para levantamientos topogr\u00e1ficos, con tecnolog\u00eda LiDAR y fotogrametr\u00eda. Admite multitud de sensores l\u00e1ser y c\u00e1maras.","og_url":"https:\/\/www.utm30.com\/en\/product\/geosun-g-850\/","og_site_name":"UTM30 \u00b7 Equipos de topograf\u00eda","article_modified_time":"2024-04-26T14:24:57+00:00","og_image":[{"width":1100,"height":1100,"url":"https:\/\/www.utm30.com\/wp-content\/uploads\/2024\/04\/Geosun_GS-850_1.jpg","type":"image\/jpeg"}],"twitter_card":"summary_large_image","twitter_misc":{"Estimated reading time":"1 minute"},"schema":{"@context":"https:\/\/schema.org","@graph":[{"@type":"WebPage","@id":"https:\/\/www.utm30.com\/producto\/geosun-g-850\/","url":"https:\/\/www.utm30.com\/producto\/geosun-g-850\/","name":"Drone para topograf\u00eda | Geosun G-850","isPartOf":{"@id":"https:\/\/www.utm30.com\/#website"},"datePublished":"2024-04-10T14:52:13+00:00","dateModified":"2024-04-26T14:24:57+00:00","description":"Dron de mapeo para levantamientos topogr\u00e1ficos, con tecnolog\u00eda LiDAR y fotogrametr\u00eda. Admite multitud de sensores l\u00e1ser y c\u00e1maras.","breadcrumb":{"@id":"https:\/\/www.utm30.com\/producto\/geosun-g-850\/#breadcrumb"},"inLanguage":"en-GB","potentialAction":[{"@type":"ReadAction","target":["https:\/\/www.utm30.com\/producto\/geosun-g-850\/"]}]},{"@type":"BreadcrumbList","@id":"https:\/\/www.utm30.com\/producto\/geosun-g-850\/#breadcrumb","itemListElement":[{"@type":"ListItem","position":1,"name":"Portada","item":"https:\/\/www.utm30.com\/"},{"@type":"ListItem","position":2,"name":"Productos UTM30","item":"https:\/\/www.utm30.com\/productos-utm30\/"},{"@type":"ListItem","position":3,"name":"Geosun G-850"}]},{"@type":"WebSite","@id":"https:\/\/www.utm30.com\/#website","url":"https:\/\/www.utm30.com\/","name":"UTM30 \u00b7 Equipos de Topografia","description":"Equipos de topograf\u00eda","publisher":{"@id":"https:\/\/www.utm30.com\/#organization"},"alternateName":"UTM30","potentialAction":[{"@type":"SearchAction","target":{"@type":"EntryPoint","urlTemplate":"https:\/\/www.utm30.com\/?s={search_term_string}"},"query-input":"required name=search_term_string"}],"inLanguage":"en-GB"},{"@type":"Organization","@id":"https:\/\/www.utm30.com\/#organization","name":"UTM30 \u00b7 Equipos de topografia","alternateName":"UTM30","url":"https:\/\/www.utm30.com\/","logo":{"@type":"ImageObject","inLanguage":"en-GB","@id":"https:\/\/www.utm30.com\/#\/schema\/logo\/image\/","url":"https:\/\/www.utm30.com\/wp-content\/uploads\/2023\/10\/logo_cartel_UTM30.png","contentUrl":"https:\/\/www.utm30.com\/wp-content\/uploads\/2023\/10\/logo_cartel_UTM30.png","width":1854,"height":475,"caption":"UTM30 \u00b7 Equipos de topografia"},"image":{"@id":"https:\/\/www.utm30.com\/#\/schema\/logo\/image\/"},"sameAs":["https:\/\/www.youtube.com\/channel\/UC492H-BCfKZoCIkRsT244xQ"]}]}},"_links":{"self":[{"href":"https:\/\/www.utm30.com\/en\/wp-json\/wp\/v2\/product\/3753"}],"collection":[{"href":"https:\/\/www.utm30.com\/en\/wp-json\/wp\/v2\/product"}],"about":[{"href":"https:\/\/www.utm30.com\/en\/wp-json\/wp\/v2\/types\/product"}],"version-history":[{"count":4,"href":"https:\/\/www.utm30.com\/en\/wp-json\/wp\/v2\/product\/3753\/revisions"}],"predecessor-version":[{"id":3955,"href":"https:\/\/www.utm30.com\/en\/wp-json\/wp\/v2\/product\/3753\/revisions\/3955"}],"wp:featuredmedia":[{"embeddable":true,"href":"https:\/\/www.utm30.com\/en\/wp-json\/wp\/v2\/media\/3756"}],"wp:attachment":[{"href":"https:\/\/www.utm30.com\/en\/wp-json\/wp\/v2\/media?parent=3753"}],"wp:term":[{"taxonomy":"product_cat","embeddable":true,"href":"https:\/\/www.utm30.com\/en\/wp-json\/wp\/v2\/product_cat?post=3753"},{"taxonomy":"product_tag","embeddable":true,"href":"https:\/\/www.utm30.com\/en\/wp-json\/wp\/v2\/product_tag?post=3753"}],"curies":[{"name":"wp","href":"https:\/\/api.w.org\/{rel}","templated":true}]}}