{"id":4382,"date":"2024-11-01T07:58:07","date_gmt":"2024-11-01T06:58:07","guid":{"rendered":"https:\/\/www.utm30.com\/?post_type=product&#038;p=4382"},"modified":"2024-11-01T08:06:31","modified_gmt":"2024-11-01T07:06:31","slug":"goslam_m40","status":"publish","type":"product","link":"https:\/\/www.utm30.com\/en\/product\/goslam_m40\/","title":{"rendered":"GoSLAM M40"},"content":{"rendered":"<p>Handheld laser scanner for fast measurements and LiDAR point cloud creation. The compact SLAM with best price \/ performance ratio<\/p>\n<p>&nbsp;<\/p>\n<p><img loading=\"lazy\" decoding=\"async\" class=\"aligncenter wp-image-4349 size-full\" src=\"https:\/\/www.utm30.com\/wp-content\/uploads\/2024\/10\/GoSLAM_M40_pagina1.jpg\" alt=\"\" width=\"711\" height=\"1472\" srcset=\"https:\/\/www.utm30.com\/wp-content\/uploads\/2024\/10\/GoSLAM_M40_pagina1.jpg 711w, https:\/\/www.utm30.com\/wp-content\/uploads\/2024\/10\/GoSLAM_M40_pagina1-145x300.jpg 145w, https:\/\/www.utm30.com\/wp-content\/uploads\/2024\/10\/GoSLAM_M40_pagina1-495x1024.jpg 495w, https:\/\/www.utm30.com\/wp-content\/uploads\/2024\/10\/GoSLAM_M40_pagina1-6x12.jpg 6w, https:\/\/www.utm30.com\/wp-content\/uploads\/2024\/10\/GoSLAM_M40_pagina1-600x1242.jpg 600w\" sizes=\"(max-width: 711px) 100vw, 711px\" \/><\/p>\n<p><img loading=\"lazy\" decoding=\"async\" class=\"aligncenter wp-image-4350 size-full\" src=\"https:\/\/www.utm30.com\/wp-content\/uploads\/2024\/10\/GoSLAM_M40_pagina2.jpg\" alt=\"\" width=\"684\" height=\"911\" srcset=\"https:\/\/www.utm30.com\/wp-content\/uploads\/2024\/10\/GoSLAM_M40_pagina2.jpg 684w, https:\/\/www.utm30.com\/wp-content\/uploads\/2024\/10\/GoSLAM_M40_pagina2-225x300.jpg 225w, https:\/\/www.utm30.com\/wp-content\/uploads\/2024\/10\/GoSLAM_M40_pagina2-9x12.jpg 9w, https:\/\/www.utm30.com\/wp-content\/uploads\/2024\/10\/GoSLAM_M40_pagina2-600x799.jpg 600w\" sizes=\"(max-width: 684px) 100vw, 684px\" \/><\/p>\n<p>&nbsp;<\/p>\n<hr \/>\n<p>&nbsp;<\/p>\n<p><img loading=\"lazy\" decoding=\"async\" class=\"aligncenter wp-image-4073\" src=\"https:\/\/www.utm30.com\/wp-content\/uploads\/2024\/04\/descargar_folleto_PDF_1-300x102.png\" alt=\"\" width=\"200\" height=\"68\" srcset=\"https:\/\/www.utm30.com\/wp-content\/uploads\/2024\/04\/descargar_folleto_PDF_1-300x102.png 300w, https:\/\/www.utm30.com\/wp-content\/uploads\/2024\/04\/descargar_folleto_PDF_1-18x6.png 18w, https:\/\/www.utm30.com\/wp-content\/uploads\/2024\/04\/descargar_folleto_PDF_1.png 458w\" sizes=\"(max-width: 200px) 100vw, 200px\" \/><\/p>\n<p>&nbsp;<\/p>\n<hr \/>\n<p>&nbsp;<\/p>","protected":false},"excerpt":{"rendered":"<p><img loading=\"lazy\" decoding=\"async\" class=\"alignnone wp-image-4384\" src=\"https:\/\/www.utm30.com\/wp-content\/uploads\/2024\/11\/logo_GoSLAM_oscuro-300x66.png\" alt=\"\" width=\"91\" height=\"20\" srcset=\"https:\/\/www.utm30.com\/wp-content\/uploads\/2024\/11\/logo_GoSLAM_oscuro-300x66.png 300w, https:\/\/www.utm30.com\/wp-content\/uploads\/2024\/11\/logo_GoSLAM_oscuro-1024x224.png 1024w, https:\/\/www.utm30.com\/wp-content\/uploads\/2024\/11\/logo_GoSLAM_oscuro-768x168.png 768w, https:\/\/www.utm30.com\/wp-content\/uploads\/2024\/11\/logo_GoSLAM_oscuro-1536x336.png 1536w, https:\/\/www.utm30.com\/wp-content\/uploads\/2024\/11\/logo_GoSLAM_oscuro-18x4.png 18w, https:\/\/www.utm30.com\/wp-content\/uploads\/2024\/11\/logo_GoSLAM_oscuro-600x131.png 600w, https:\/\/www.utm30.com\/wp-content\/uploads\/2024\/11\/logo_GoSLAM_oscuro.png 1754w\" sizes=\"(max-width: 91px) 100vw, 91px\" \/><\/p>\n<h1>GoSLAM M40<\/h1>\n<h6><strong>Manual laser scanner (SLAM)<br \/>\n<\/strong><\/h6>\n<ul>\n<li>LiDAR FOV laser unit<\/li>\n<li>Compact and very light (0.9kg)<\/li>\n<li>Range up to 70m<\/li>\n<li>Up to 200,000 pts \/ second<\/li>\n<li>Absolute accuracy of 5cm, without control points<\/li>\n<li>Relative accuracy of 1cm<\/li>\n<li>Dot cloud density 2mm<\/li>\n<li>Upgradeable external module with two 36Mpx panoramic cameras<\/li>\n<li>Centimetre-accurate GNSS RTK module (adaptive)<\/li>\n<li>Up to 90 minutes battery life<\/li>\n<li>RGB point cloud display, in real time<\/li>\n<li>Includes field APP and post-processing software, with high density interpolation algorithm (2mm).<\/li>\n<\/ul>","protected":false},"featured_media":4342,"template":"","meta":{"_themeisle_gutenberg_block_has_review":false},"product_cat":[53],"product_tag":[64,65],"yoast_head":"<!-- This site is optimized with the Yoast SEO Premium plugin v21.6 (Yoast SEO v21.6) - https:\/\/yoast.com\/wordpress\/plugins\/seo\/ -->\n<title>GoSLAM M40 | Esc\u00e1ner LiDAR port\u00e1til RTK con c\u00e1mara actualizable<\/title>\n<meta name=\"description\" content=\"SLAM. Esc\u00e1ner l\u00e1ser de mano con antena RTK externa y c\u00e1mara actualizable. Creaci\u00f3n de nubes de puntos con algoritmo 2mm. Dispositivo compacto y muy ligero\" \/>\n<meta name=\"robots\" content=\"index, follow, max-snippet:-1, max-image-preview:large, max-video-preview:-1\" \/>\n<link rel=\"canonical\" href=\"https:\/\/www.utm30.com\/en\/product\/goslam_m40\/\" \/>\n<meta property=\"og:locale\" content=\"en_GB\" \/>\n<meta property=\"og:type\" content=\"article\" \/>\n<meta property=\"og:title\" content=\"GoSLAM M40\" \/>\n<meta property=\"og:description\" content=\"SLAM. Esc\u00e1ner l\u00e1ser de mano con antena RTK externa y c\u00e1mara actualizable. Creaci\u00f3n de nubes de puntos con algoritmo 2mm. Dispositivo compacto y muy ligero\" \/>\n<meta property=\"og:url\" content=\"https:\/\/www.utm30.com\/en\/product\/goslam_m40\/\" \/>\n<meta property=\"og:site_name\" content=\"UTM30 \u00b7 Equipos de topograf\u00eda\" \/>\n<meta property=\"article:modified_time\" content=\"2024-11-01T07:06:31+00:00\" \/>\n<meta property=\"og:image\" content=\"https:\/\/www.utm30.com\/wp-content\/uploads\/2024\/10\/GoSLAM_M40_1.jpg\" \/>\n\t<meta property=\"og:image:width\" content=\"750\" \/>\n\t<meta property=\"og:image:height\" content=\"750\" \/>\n\t<meta property=\"og:image:type\" content=\"image\/jpeg\" \/>\n<meta name=\"twitter:card\" content=\"summary_large_image\" \/>\n<meta name=\"twitter:label1\" content=\"Estimated reading time\" \/>\n\t<meta name=\"twitter:data1\" content=\"1 minute\" \/>\n<script type=\"application\/ld+json\" class=\"yoast-schema-graph\">{\"@context\":\"https:\/\/schema.org\",\"@graph\":[{\"@type\":\"WebPage\",\"@id\":\"https:\/\/www.utm30.com\/producto\/goslam_m40\/\",\"url\":\"https:\/\/www.utm30.com\/producto\/goslam_m40\/\",\"name\":\"GoSLAM M40 | Esc\u00e1ner LiDAR port\u00e1til RTK con c\u00e1mara actualizable\",\"isPartOf\":{\"@id\":\"https:\/\/www.utm30.com\/#website\"},\"datePublished\":\"2024-11-01T06:58:07+00:00\",\"dateModified\":\"2024-11-01T07:06:31+00:00\",\"description\":\"SLAM. Esc\u00e1ner l\u00e1ser de mano con antena RTK externa y c\u00e1mara actualizable. Creaci\u00f3n de nubes de puntos con algoritmo 2mm. Dispositivo compacto y muy ligero\",\"breadcrumb\":{\"@id\":\"https:\/\/www.utm30.com\/producto\/goslam_m40\/#breadcrumb\"},\"inLanguage\":\"en-GB\",\"potentialAction\":[{\"@type\":\"ReadAction\",\"target\":[\"https:\/\/www.utm30.com\/producto\/goslam_m40\/\"]}]},{\"@type\":\"BreadcrumbList\",\"@id\":\"https:\/\/www.utm30.com\/producto\/goslam_m40\/#breadcrumb\",\"itemListElement\":[{\"@type\":\"ListItem\",\"position\":1,\"name\":\"Portada\",\"item\":\"https:\/\/www.utm30.com\/\"},{\"@type\":\"ListItem\",\"position\":2,\"name\":\"Productos UTM30\",\"item\":\"https:\/\/www.utm30.com\/productos-utm30\/\"},{\"@type\":\"ListItem\",\"position\":3,\"name\":\"GoSLAM M40\"}]},{\"@type\":\"WebSite\",\"@id\":\"https:\/\/www.utm30.com\/#website\",\"url\":\"https:\/\/www.utm30.com\/\",\"name\":\"UTM30 \u00b7 Equipos de Topografia\",\"description\":\"Equipos de topograf\u00eda\",\"publisher\":{\"@id\":\"https:\/\/www.utm30.com\/#organization\"},\"alternateName\":\"UTM30\",\"potentialAction\":[{\"@type\":\"SearchAction\",\"target\":{\"@type\":\"EntryPoint\",\"urlTemplate\":\"https:\/\/www.utm30.com\/?s={search_term_string}\"},\"query-input\":\"required name=search_term_string\"}],\"inLanguage\":\"en-GB\"},{\"@type\":\"Organization\",\"@id\":\"https:\/\/www.utm30.com\/#organization\",\"name\":\"UTM30 \u00b7 Equipos de topografia\",\"alternateName\":\"UTM30\",\"url\":\"https:\/\/www.utm30.com\/\",\"logo\":{\"@type\":\"ImageObject\",\"inLanguage\":\"en-GB\",\"@id\":\"https:\/\/www.utm30.com\/#\/schema\/logo\/image\/\",\"url\":\"https:\/\/www.utm30.com\/wp-content\/uploads\/2023\/10\/logo_cartel_UTM30.png\",\"contentUrl\":\"https:\/\/www.utm30.com\/wp-content\/uploads\/2023\/10\/logo_cartel_UTM30.png\",\"width\":1854,\"height\":475,\"caption\":\"UTM30 \u00b7 Equipos de topografia\"},\"image\":{\"@id\":\"https:\/\/www.utm30.com\/#\/schema\/logo\/image\/\"},\"sameAs\":[\"https:\/\/www.youtube.com\/channel\/UC492H-BCfKZoCIkRsT244xQ\"]}]}<\/script>\n<!-- \/ Yoast SEO Premium plugin. -->","yoast_head_json":{"title":"GoSLAM M40 | Esc\u00e1ner LiDAR port\u00e1til RTK con c\u00e1mara actualizable","description":"SLAM. Esc\u00e1ner l\u00e1ser de mano con antena RTK externa y c\u00e1mara actualizable. Creaci\u00f3n de nubes de puntos con algoritmo 2mm. Dispositivo compacto y muy ligero","robots":{"index":"index","follow":"follow","max-snippet":"max-snippet:-1","max-image-preview":"max-image-preview:large","max-video-preview":"max-video-preview:-1"},"canonical":"https:\/\/www.utm30.com\/en\/product\/goslam_m40\/","og_locale":"en_GB","og_type":"article","og_title":"GoSLAM M40","og_description":"SLAM. Esc\u00e1ner l\u00e1ser de mano con antena RTK externa y c\u00e1mara actualizable. Creaci\u00f3n de nubes de puntos con algoritmo 2mm. Dispositivo compacto y muy ligero","og_url":"https:\/\/www.utm30.com\/en\/product\/goslam_m40\/","og_site_name":"UTM30 \u00b7 Equipos de topograf\u00eda","article_modified_time":"2024-11-01T07:06:31+00:00","og_image":[{"width":750,"height":750,"url":"https:\/\/www.utm30.com\/wp-content\/uploads\/2024\/10\/GoSLAM_M40_1.jpg","type":"image\/jpeg"}],"twitter_card":"summary_large_image","twitter_misc":{"Estimated reading time":"1 minute"},"schema":{"@context":"https:\/\/schema.org","@graph":[{"@type":"WebPage","@id":"https:\/\/www.utm30.com\/producto\/goslam_m40\/","url":"https:\/\/www.utm30.com\/producto\/goslam_m40\/","name":"GoSLAM M40 | Esc\u00e1ner LiDAR port\u00e1til RTK con c\u00e1mara actualizable","isPartOf":{"@id":"https:\/\/www.utm30.com\/#website"},"datePublished":"2024-11-01T06:58:07+00:00","dateModified":"2024-11-01T07:06:31+00:00","description":"SLAM. Esc\u00e1ner l\u00e1ser de mano con antena RTK externa y c\u00e1mara actualizable. Creaci\u00f3n de nubes de puntos con algoritmo 2mm. Dispositivo compacto y muy ligero","breadcrumb":{"@id":"https:\/\/www.utm30.com\/producto\/goslam_m40\/#breadcrumb"},"inLanguage":"en-GB","potentialAction":[{"@type":"ReadAction","target":["https:\/\/www.utm30.com\/producto\/goslam_m40\/"]}]},{"@type":"BreadcrumbList","@id":"https:\/\/www.utm30.com\/producto\/goslam_m40\/#breadcrumb","itemListElement":[{"@type":"ListItem","position":1,"name":"Portada","item":"https:\/\/www.utm30.com\/"},{"@type":"ListItem","position":2,"name":"Productos UTM30","item":"https:\/\/www.utm30.com\/productos-utm30\/"},{"@type":"ListItem","position":3,"name":"GoSLAM M40"}]},{"@type":"WebSite","@id":"https:\/\/www.utm30.com\/#website","url":"https:\/\/www.utm30.com\/","name":"UTM30 \u00b7 Equipos de Topografia","description":"Equipos de topograf\u00eda","publisher":{"@id":"https:\/\/www.utm30.com\/#organization"},"alternateName":"UTM30","potentialAction":[{"@type":"SearchAction","target":{"@type":"EntryPoint","urlTemplate":"https:\/\/www.utm30.com\/?s={search_term_string}"},"query-input":"required name=search_term_string"}],"inLanguage":"en-GB"},{"@type":"Organization","@id":"https:\/\/www.utm30.com\/#organization","name":"UTM30 \u00b7 Equipos de topografia","alternateName":"UTM30","url":"https:\/\/www.utm30.com\/","logo":{"@type":"ImageObject","inLanguage":"en-GB","@id":"https:\/\/www.utm30.com\/#\/schema\/logo\/image\/","url":"https:\/\/www.utm30.com\/wp-content\/uploads\/2023\/10\/logo_cartel_UTM30.png","contentUrl":"https:\/\/www.utm30.com\/wp-content\/uploads\/2023\/10\/logo_cartel_UTM30.png","width":1854,"height":475,"caption":"UTM30 \u00b7 Equipos de topografia"},"image":{"@id":"https:\/\/www.utm30.com\/#\/schema\/logo\/image\/"},"sameAs":["https:\/\/www.youtube.com\/channel\/UC492H-BCfKZoCIkRsT244xQ"]}]}},"_links":{"self":[{"href":"https:\/\/www.utm30.com\/en\/wp-json\/wp\/v2\/product\/4382"}],"collection":[{"href":"https:\/\/www.utm30.com\/en\/wp-json\/wp\/v2\/product"}],"about":[{"href":"https:\/\/www.utm30.com\/en\/wp-json\/wp\/v2\/types\/product"}],"version-history":[{"count":2,"href":"https:\/\/www.utm30.com\/en\/wp-json\/wp\/v2\/product\/4382\/revisions"}],"predecessor-version":[{"id":4386,"href":"https:\/\/www.utm30.com\/en\/wp-json\/wp\/v2\/product\/4382\/revisions\/4386"}],"wp:featuredmedia":[{"embeddable":true,"href":"https:\/\/www.utm30.com\/en\/wp-json\/wp\/v2\/media\/4342"}],"wp:attachment":[{"href":"https:\/\/www.utm30.com\/en\/wp-json\/wp\/v2\/media?parent=4382"}],"wp:term":[{"taxonomy":"product_cat","embeddable":true,"href":"https:\/\/www.utm30.com\/en\/wp-json\/wp\/v2\/product_cat?post=4382"},{"taxonomy":"product_tag","embeddable":true,"href":"https:\/\/www.utm30.com\/en\/wp-json\/wp\/v2\/product_tag?post=4382"}],"curies":[{"name":"wp","href":"https:\/\/api.w.org\/{rel}","templated":true}]}}