{"id":4752,"date":"2025-09-10T09:35:28","date_gmt":"2025-09-10T07:35:28","guid":{"rendered":"https:\/\/www.utm30.com\/?post_type=product&#038;p=4752"},"modified":"2025-09-25T17:30:15","modified_gmt":"2025-09-25T15:30:15","slug":"fattnav-capsour","status":"publish","type":"product","link":"https:\/\/www.utm30.com\/en\/product\/fattnav-capsour\/","title":{"rendered":"FattNav Capsour"},"content":{"rendered":"<p>Receptor GPS topogr\u00e1fico (GNSS) RTK econ\u00f3mico, con IMU y ultra-ligero. Precio muy bajo. Uso adecuado en topograf\u00eda y GIS.<\/p>\n<p>&nbsp;<\/p>\n<p><img loading=\"lazy\" decoding=\"async\" class=\"alignnone wp-image-4759 size-full\" src=\"https:\/\/www.utm30.com\/wp-content\/uploads\/2025\/09\/fattnav_capsour4.jpg\" alt=\"\" width=\"1500\" height=\"846\" srcset=\"https:\/\/www.utm30.com\/wp-content\/uploads\/2025\/09\/fattnav_capsour4.jpg 1500w, https:\/\/www.utm30.com\/wp-content\/uploads\/2025\/09\/fattnav_capsour4-300x169.jpg 300w, https:\/\/www.utm30.com\/wp-content\/uploads\/2025\/09\/fattnav_capsour4-1024x578.jpg 1024w, https:\/\/www.utm30.com\/wp-content\/uploads\/2025\/09\/fattnav_capsour4-768x433.jpg 768w, https:\/\/www.utm30.com\/wp-content\/uploads\/2025\/09\/fattnav_capsour4-18x10.jpg 18w, https:\/\/www.utm30.com\/wp-content\/uploads\/2025\/09\/fattnav_capsour4-600x338.jpg 600w\" sizes=\"(max-width: 1500px) 100vw, 1500px\" \/><\/p>\n<p>&nbsp;<\/p>\n<p><img loading=\"lazy\" decoding=\"async\" class=\"alignnone wp-image-4758 size-full\" src=\"https:\/\/www.utm30.com\/wp-content\/uploads\/2025\/09\/fattnav_capsour3.jpg\" alt=\"\" width=\"1500\" height=\"846\" srcset=\"https:\/\/www.utm30.com\/wp-content\/uploads\/2025\/09\/fattnav_capsour3.jpg 1500w, https:\/\/www.utm30.com\/wp-content\/uploads\/2025\/09\/fattnav_capsour3-300x169.jpg 300w, https:\/\/www.utm30.com\/wp-content\/uploads\/2025\/09\/fattnav_capsour3-1024x578.jpg 1024w, https:\/\/www.utm30.com\/wp-content\/uploads\/2025\/09\/fattnav_capsour3-768x433.jpg 768w, https:\/\/www.utm30.com\/wp-content\/uploads\/2025\/09\/fattnav_capsour3-18x10.jpg 18w, https:\/\/www.utm30.com\/wp-content\/uploads\/2025\/09\/fattnav_capsour3-600x338.jpg 600w\" sizes=\"(max-width: 1500px) 100vw, 1500px\" \/><\/p>\n<p>&nbsp;<\/p>\n<p><img loading=\"lazy\" decoding=\"async\" class=\"alignnone wp-image-4760 size-full\" src=\"https:\/\/www.utm30.com\/wp-content\/uploads\/2025\/09\/fattnav_capsure_jalon.jpg\" alt=\"\" width=\"1344\" height=\"768\" srcset=\"https:\/\/www.utm30.com\/wp-content\/uploads\/2025\/09\/fattnav_capsure_jalon.jpg 1344w, https:\/\/www.utm30.com\/wp-content\/uploads\/2025\/09\/fattnav_capsure_jalon-300x171.jpg 300w, https:\/\/www.utm30.com\/wp-content\/uploads\/2025\/09\/fattnav_capsure_jalon-1024x585.jpg 1024w, https:\/\/www.utm30.com\/wp-content\/uploads\/2025\/09\/fattnav_capsure_jalon-768x439.jpg 768w, https:\/\/www.utm30.com\/wp-content\/uploads\/2025\/09\/fattnav_capsure_jalon-18x10.jpg 18w, https:\/\/www.utm30.com\/wp-content\/uploads\/2025\/09\/fattnav_capsure_jalon-600x343.jpg 600w\" sizes=\"(max-width: 1344px) 100vw, 1344px\" \/><\/p>\n<p>&nbsp;<\/p>\n<hr \/>\n<p>&nbsp;<\/p>\n<p><a href=\"https:\/\/www.utm30.com\/wp-content\/uploads\/2025\/09\/Folleto-Fattnav-Capsour_resize.pdf\"><img loading=\"lazy\" decoding=\"async\" class=\"aligncenter wp-image-4073\" src=\"https:\/\/www.utm30.com\/wp-content\/uploads\/2024\/04\/descargar_folleto_PDF_1-300x102.png\" alt=\"\" width=\"200\" height=\"68\" srcset=\"https:\/\/www.utm30.com\/wp-content\/uploads\/2024\/04\/descargar_folleto_PDF_1-300x102.png 300w, https:\/\/www.utm30.com\/wp-content\/uploads\/2024\/04\/descargar_folleto_PDF_1-18x6.png 18w, https:\/\/www.utm30.com\/wp-content\/uploads\/2024\/04\/descargar_folleto_PDF_1.png 458w\" sizes=\"(max-width: 200px) 100vw, 200px\" \/><\/a><\/p>\n<p>&nbsp;<\/p>\n<hr \/>\n<p>&nbsp;<\/p>","protected":false},"excerpt":{"rendered":"<pre><img loading=\"lazy\" decoding=\"async\" class=\"alignnone wp-image-4755\" src=\"https:\/\/www.utm30.com\/wp-content\/uploads\/2025\/09\/Icono_Fattnav.png\" alt=\"\" width=\"66\" height=\"30\" srcset=\"https:\/\/www.utm30.com\/wp-content\/uploads\/2025\/09\/Icono_Fattnav.png 208w, https:\/\/www.utm30.com\/wp-content\/uploads\/2025\/09\/Icono_Fattnav-18x8.png 18w\" sizes=\"(max-width: 66px) 100vw, 66px\" \/><\/pre>\n<h1>FattNav Capsour<\/h1>\n<h6><strong>Cost-effective GPS (GNSS) RTK receiver with compact, ultra-lightweight design<\/strong><\/h6>\n<ul>\n<li>Ultra-ligero (s\u00f3lo 220g)<\/li>\n<li>Dimensiones muy reducidas (4,5cm x 13,5cm)<\/li>\n<li>5 constellations and 1,408 channels<\/li>\n<li>RTK (via Ntrip connection)<\/li>\n<li>FIX r\u00e1pido<\/li>\n<li>IMU 90\u00ba (inclin\u00f3metro)<\/li>\n<li>Bluetooth<\/li>\n<li>Bater\u00eda de m\u00e1s de 12 horas de duraci\u00f3n<\/li>\n<li>Protecci\u00f3n IP67 (soporta ca\u00eddas de hasta 1,6 m de altura)<\/li>\n<li>APP Android de campo incluida<\/li>\n<li>Se puede utilizar en la mano o en jal\u00f3n<\/li>\n<li>Adaptador para jal\u00f3n incluido (rosca 5\/8&#8243;)<\/li>\n<li>Compatible con APP SurPad<\/li>\n<\/ul>","protected":false},"featured_media":4756,"template":"","meta":{"_themeisle_gutenberg_block_has_review":false},"product_cat":[26],"product_tag":[58,22,24,25],"yoast_head":"<!-- This site is optimized with the Yoast SEO Premium plugin v21.6 (Yoast SEO v21.6) - https:\/\/yoast.com\/wordpress\/plugins\/seo\/ -->\n<title>FattNav Capsour | GPS para uso en topograf\u00eda y GIS<\/title>\n<meta name=\"description\" content=\"Receptor GPS (GNSS) para topograf\u00eda y GIS. Muy ligero y peque\u00f1o. Trabaja en RTK mediante conexi\u00f3n Ntrip. Compatible con APP Android SurPad o Survey Master\" \/>\n<meta name=\"robots\" content=\"index, follow, max-snippet:-1, max-image-preview:large, max-video-preview:-1\" \/>\n<link rel=\"canonical\" href=\"https:\/\/www.utm30.com\/en\/product\/fattnav-capsour\/\" \/>\n<meta property=\"og:locale\" content=\"en_GB\" \/>\n<meta property=\"og:type\" content=\"article\" \/>\n<meta property=\"og:title\" content=\"FattNav Capsour\" \/>\n<meta property=\"og:description\" content=\"Receptor GPS (GNSS) para topograf\u00eda y GIS. Muy ligero y peque\u00f1o. Trabaja en RTK mediante conexi\u00f3n Ntrip. Compatible con APP Android SurPad o Survey Master\" \/>\n<meta property=\"og:url\" content=\"https:\/\/www.utm30.com\/en\/product\/fattnav-capsour\/\" \/>\n<meta property=\"og:site_name\" content=\"UTM30 \u00b7 Equipos de topograf\u00eda\" \/>\n<meta property=\"article:modified_time\" content=\"2025-09-25T15:30:15+00:00\" \/>\n<meta property=\"og:image\" content=\"https:\/\/www.utm30.com\/wp-content\/uploads\/2025\/09\/fattnav_capsour1.jpg\" \/>\n\t<meta property=\"og:image:width\" content=\"1000\" \/>\n\t<meta property=\"og:image:height\" content=\"1000\" \/>\n\t<meta property=\"og:image:type\" content=\"image\/jpeg\" \/>\n<meta name=\"twitter:card\" content=\"summary_large_image\" \/>\n<meta name=\"twitter:label1\" content=\"Estimated reading time\" \/>\n\t<meta name=\"twitter:data1\" content=\"1 minute\" \/>\n<script type=\"application\/ld+json\" class=\"yoast-schema-graph\">{\"@context\":\"https:\/\/schema.org\",\"@graph\":[{\"@type\":\"WebPage\",\"@id\":\"https:\/\/www.utm30.com\/producto\/fattnav-capsour\/\",\"url\":\"https:\/\/www.utm30.com\/producto\/fattnav-capsour\/\",\"name\":\"FattNav Capsour | GPS para uso en topograf\u00eda y GIS\",\"isPartOf\":{\"@id\":\"https:\/\/www.utm30.com\/#website\"},\"datePublished\":\"2025-09-10T07:35:28+00:00\",\"dateModified\":\"2025-09-25T15:30:15+00:00\",\"description\":\"Receptor GPS (GNSS) para topograf\u00eda y GIS. Muy ligero y peque\u00f1o. Trabaja en RTK mediante conexi\u00f3n Ntrip. Compatible con APP Android SurPad o Survey Master\",\"breadcrumb\":{\"@id\":\"https:\/\/www.utm30.com\/producto\/fattnav-capsour\/#breadcrumb\"},\"inLanguage\":\"en-GB\",\"potentialAction\":[{\"@type\":\"ReadAction\",\"target\":[\"https:\/\/www.utm30.com\/producto\/fattnav-capsour\/\"]}]},{\"@type\":\"BreadcrumbList\",\"@id\":\"https:\/\/www.utm30.com\/producto\/fattnav-capsour\/#breadcrumb\",\"itemListElement\":[{\"@type\":\"ListItem\",\"position\":1,\"name\":\"Portada\",\"item\":\"https:\/\/www.utm30.com\/\"},{\"@type\":\"ListItem\",\"position\":2,\"name\":\"Productos UTM30\",\"item\":\"https:\/\/www.utm30.com\/productos-utm30\/\"},{\"@type\":\"ListItem\",\"position\":3,\"name\":\"FattNav Capsour\"}]},{\"@type\":\"WebSite\",\"@id\":\"https:\/\/www.utm30.com\/#website\",\"url\":\"https:\/\/www.utm30.com\/\",\"name\":\"UTM30 \u00b7 Equipos de Topografia\",\"description\":\"Equipos de topograf\u00eda\",\"publisher\":{\"@id\":\"https:\/\/www.utm30.com\/#organization\"},\"alternateName\":\"UTM30\",\"potentialAction\":[{\"@type\":\"SearchAction\",\"target\":{\"@type\":\"EntryPoint\",\"urlTemplate\":\"https:\/\/www.utm30.com\/?s={search_term_string}\"},\"query-input\":\"required name=search_term_string\"}],\"inLanguage\":\"en-GB\"},{\"@type\":\"Organization\",\"@id\":\"https:\/\/www.utm30.com\/#organization\",\"name\":\"UTM30 \u00b7 Equipos de topografia\",\"alternateName\":\"UTM30\",\"url\":\"https:\/\/www.utm30.com\/\",\"logo\":{\"@type\":\"ImageObject\",\"inLanguage\":\"en-GB\",\"@id\":\"https:\/\/www.utm30.com\/#\/schema\/logo\/image\/\",\"url\":\"https:\/\/www.utm30.com\/wp-content\/uploads\/2023\/10\/logo_cartel_UTM30.png\",\"contentUrl\":\"https:\/\/www.utm30.com\/wp-content\/uploads\/2023\/10\/logo_cartel_UTM30.png\",\"width\":1854,\"height\":475,\"caption\":\"UTM30 \u00b7 Equipos de topografia\"},\"image\":{\"@id\":\"https:\/\/www.utm30.com\/#\/schema\/logo\/image\/\"},\"sameAs\":[\"https:\/\/www.youtube.com\/channel\/UC492H-BCfKZoCIkRsT244xQ\"]}]}<\/script>\n<!-- \/ Yoast SEO Premium plugin. -->","yoast_head_json":{"title":"FattNav Capsour | GPS para uso en topograf\u00eda y GIS","description":"Receptor GPS (GNSS) para topograf\u00eda y GIS. Muy ligero y peque\u00f1o. Trabaja en RTK mediante conexi\u00f3n Ntrip. Compatible con APP Android SurPad o Survey Master","robots":{"index":"index","follow":"follow","max-snippet":"max-snippet:-1","max-image-preview":"max-image-preview:large","max-video-preview":"max-video-preview:-1"},"canonical":"https:\/\/www.utm30.com\/en\/product\/fattnav-capsour\/","og_locale":"en_GB","og_type":"article","og_title":"FattNav Capsour","og_description":"Receptor GPS (GNSS) para topograf\u00eda y GIS. Muy ligero y peque\u00f1o. Trabaja en RTK mediante conexi\u00f3n Ntrip. Compatible con APP Android SurPad o Survey Master","og_url":"https:\/\/www.utm30.com\/en\/product\/fattnav-capsour\/","og_site_name":"UTM30 \u00b7 Equipos de topograf\u00eda","article_modified_time":"2025-09-25T15:30:15+00:00","og_image":[{"width":1000,"height":1000,"url":"https:\/\/www.utm30.com\/wp-content\/uploads\/2025\/09\/fattnav_capsour1.jpg","type":"image\/jpeg"}],"twitter_card":"summary_large_image","twitter_misc":{"Estimated reading time":"1 minute"},"schema":{"@context":"https:\/\/schema.org","@graph":[{"@type":"WebPage","@id":"https:\/\/www.utm30.com\/producto\/fattnav-capsour\/","url":"https:\/\/www.utm30.com\/producto\/fattnav-capsour\/","name":"FattNav Capsour | GPS para uso en topograf\u00eda y GIS","isPartOf":{"@id":"https:\/\/www.utm30.com\/#website"},"datePublished":"2025-09-10T07:35:28+00:00","dateModified":"2025-09-25T15:30:15+00:00","description":"Receptor GPS (GNSS) para topograf\u00eda y GIS. Muy ligero y peque\u00f1o. Trabaja en RTK mediante conexi\u00f3n Ntrip. Compatible con APP Android SurPad o Survey Master","breadcrumb":{"@id":"https:\/\/www.utm30.com\/producto\/fattnav-capsour\/#breadcrumb"},"inLanguage":"en-GB","potentialAction":[{"@type":"ReadAction","target":["https:\/\/www.utm30.com\/producto\/fattnav-capsour\/"]}]},{"@type":"BreadcrumbList","@id":"https:\/\/www.utm30.com\/producto\/fattnav-capsour\/#breadcrumb","itemListElement":[{"@type":"ListItem","position":1,"name":"Portada","item":"https:\/\/www.utm30.com\/"},{"@type":"ListItem","position":2,"name":"Productos UTM30","item":"https:\/\/www.utm30.com\/productos-utm30\/"},{"@type":"ListItem","position":3,"name":"FattNav Capsour"}]},{"@type":"WebSite","@id":"https:\/\/www.utm30.com\/#website","url":"https:\/\/www.utm30.com\/","name":"UTM30 \u00b7 Equipos de Topografia","description":"Equipos de topograf\u00eda","publisher":{"@id":"https:\/\/www.utm30.com\/#organization"},"alternateName":"UTM30","potentialAction":[{"@type":"SearchAction","target":{"@type":"EntryPoint","urlTemplate":"https:\/\/www.utm30.com\/?s={search_term_string}"},"query-input":"required name=search_term_string"}],"inLanguage":"en-GB"},{"@type":"Organization","@id":"https:\/\/www.utm30.com\/#organization","name":"UTM30 \u00b7 Equipos de topografia","alternateName":"UTM30","url":"https:\/\/www.utm30.com\/","logo":{"@type":"ImageObject","inLanguage":"en-GB","@id":"https:\/\/www.utm30.com\/#\/schema\/logo\/image\/","url":"https:\/\/www.utm30.com\/wp-content\/uploads\/2023\/10\/logo_cartel_UTM30.png","contentUrl":"https:\/\/www.utm30.com\/wp-content\/uploads\/2023\/10\/logo_cartel_UTM30.png","width":1854,"height":475,"caption":"UTM30 \u00b7 Equipos de topografia"},"image":{"@id":"https:\/\/www.utm30.com\/#\/schema\/logo\/image\/"},"sameAs":["https:\/\/www.youtube.com\/channel\/UC492H-BCfKZoCIkRsT244xQ"]}]}},"_links":{"self":[{"href":"https:\/\/www.utm30.com\/en\/wp-json\/wp\/v2\/product\/4752"}],"collection":[{"href":"https:\/\/www.utm30.com\/en\/wp-json\/wp\/v2\/product"}],"about":[{"href":"https:\/\/www.utm30.com\/en\/wp-json\/wp\/v2\/types\/product"}],"version-history":[{"count":2,"href":"https:\/\/www.utm30.com\/en\/wp-json\/wp\/v2\/product\/4752\/revisions"}],"predecessor-version":[{"id":4763,"href":"https:\/\/www.utm30.com\/en\/wp-json\/wp\/v2\/product\/4752\/revisions\/4763"}],"wp:featuredmedia":[{"embeddable":true,"href":"https:\/\/www.utm30.com\/en\/wp-json\/wp\/v2\/media\/4756"}],"wp:attachment":[{"href":"https:\/\/www.utm30.com\/en\/wp-json\/wp\/v2\/media?parent=4752"}],"wp:term":[{"taxonomy":"product_cat","embeddable":true,"href":"https:\/\/www.utm30.com\/en\/wp-json\/wp\/v2\/product_cat?post=4752"},{"taxonomy":"product_tag","embeddable":true,"href":"https:\/\/www.utm30.com\/en\/wp-json\/wp\/v2\/product_tag?post=4752"}],"curies":[{"name":"wp","href":"https:\/\/api.w.org\/{rel}","templated":true}]}}