{"id":1161,"date":"2023-10-12T07:43:31","date_gmt":"2023-10-12T05:43:31","guid":{"rendered":"https:\/\/www.topografocastellon.es\/utm30store\/wordpress\/?post_type=product&#038;p=1161"},"modified":"2024-04-11T23:01:56","modified_gmt":"2024-04-11T21:01:56","slug":"sinognss-mars-laser-rtk","status":"publish","type":"product","link":"https:\/\/www.utm30.com\/fr\/produit\/sinognss-mars-laser-rtk\/","title":{"rendered":"SinoGNSS Mars Laser"},"content":{"rendered":"<p>R\u00e9cepteur GPS topographique avec compteur laser int\u00e9gr\u00e9. SinoGNSS Mars Laser RTK, par ComNav. Prix bas.<\/p>\n<p>&nbsp;<\/p>\n<hr style=\"border: none; height: 1px; background-color: #dcdcdc;\" \/>\n<p>&nbsp;<\/p>\n<p><a style=\"background-color: #184f7c; color: white; font-size: 22px; padding: 10px; text-decoration: none; border-radius: 5px;\" href=\"https:\/\/www.utm30.com\/fr\/alquiler\/\">ESSAYEZ-LE POUR LE LOUER \u27f9<\/a><\/p>\n<p><span style=\"color: #333333;\">Si vous l'achetez ensuite <\/span><strong><span style=\"color: #b88041;\">50% du montant pay\u00e9 pour la location vous sera rembours\u00e9 !<\/span><br \/>\n<\/strong><\/p>\n<hr style=\"border: none; height: 1px; background-color: #dcdcdc;\" \/>\n<p>&nbsp;<\/p>\n<p><em>Pr\u00e9sentation vid\u00e9o :<\/em><\/p>\n<div style=\"width: 800px;\" class=\"wp-video\"><!--[if lt IE 9]><script>document.createElement('video');<\/script><![endif]-->\n<video class=\"wp-video-shortcode\" id=\"video-1161-1\" width=\"800\" height=\"450\" preload=\"metadata\" controls=\"controls\"><source type=\"video\/mp4\" src=\"https:\/\/www.utm30.com\/wp-content\/uploads\/2023\/10\/Comnav_Mars_Laser_1.mp4?_=1\" \/><a href=\"https:\/\/www.utm30.com\/wp-content\/uploads\/2023\/10\/Comnav_Mars_Laser_1.mp4\">https:\/\/www.utm30.com\/wp-content\/uploads\/2023\/10\/Comnav_Mars_Laser_1.mp4<\/a><\/video><\/div>\n<p>&nbsp;<\/p>\n<p><em>D\u00e9monstration vid\u00e9o :<\/em><\/p>\n<p><iframe loading=\"lazy\" title=\"Test \/ test du SinoGNSS Mars Laser\" width=\"800\" height=\"450\" src=\"https:\/\/www.youtube.com\/embed\/c0oPFEP9RN4?feature=oembed\" frameborder=\"0\" allow=\"accelerometer; autoplay; clipboard-write; encrypted-media; gyroscope; picture-in-picture; web-share\" allowfullscreen><\/iframe><\/p>","protected":false},"excerpt":{"rendered":"<pre><img loading=\"lazy\" decoding=\"async\" class=\"alignnone size-full wp-image-3237\" src=\"https:\/\/www.utm30.com\/wp-content\/uploads\/2024\/01\/Icono_SinoGNSSc.png\" alt=\"\" width=\"117\" height=\"32\" srcset=\"https:\/\/www.utm30.com\/wp-content\/uploads\/2024\/01\/Icono_SinoGNSSc.png 117w, https:\/\/www.utm30.com\/wp-content\/uploads\/2024\/01\/Icono_SinoGNSSc-18x5.png 18w\" sizes=\"(max-width: 117px) 100vw, 117px\" \/><\/pre>\n<h1>SinoGNSS Mars Laser<\/h1>\n<h6><strong>Premier r\u00e9cepteur GNSS au monde avec compteur laser int\u00e9gr\u00e9<\/strong><\/h6>\n<ul>\n<li>Laser (jusqu'\u00e0 10 m), avec enregistrement des coordonn\u00e9es X,Y,Z du point mesur\u00e9 dans n'importe quelle orientation et jusqu'\u00e0 60\u00b0 d'inclinaison<\/li>\n<li>IMU de 3\u00e8me g\u00e9n\u00e9ration (inclinaison jusqu'\u00e0 60\u00b0, pr\u00e9cision jusqu'\u00e0 2,50 cm)<\/li>\n<li>7 constellations, plus de 50 satellites et 1 590 cha\u00eenes<\/li>\n<li>RTK, PPK et PPP<\/li>\n<li>Connexion FIX robuste dans des environnements difficiles (sous les arbres, en milieu urbain, \u00e0 proximit\u00e9 de b\u00e2timents \u00e9lev\u00e9s)<\/li>\n<li>Radio, Wifi, 4G, NFC et Bluetooth<\/li>\n<li>Application de terrain Survey Master gratuite (\u00e0 installer sur un smartphone Android)<\/li>\n<li>Fonctionne avec 2 piles simultan\u00e9ment, jusqu'\u00e0 20 heures d'autonomie<\/li>\n<li>Protection IP67 (r\u00e9siste \u00e0 des chutes d'une hauteur maximale de 2 m)<\/li>\n<\/ul>\n<p>&nbsp;<\/p>","protected":false},"featured_media":1164,"template":"","meta":{"_themeisle_gutenberg_block_has_review":false},"product_cat":[26],"product_tag":[22,24,23,25],"yoast_head":"<!-- This site is optimized with the Yoast SEO Premium plugin v21.6 (Yoast SEO v21.6) - https:\/\/yoast.com\/wordpress\/plugins\/seo\/ -->\n<title>SinoGNSS Mars Laser | UTM30 \u00b7 Equipos de topograf\u00eda<\/title>\n<meta name=\"description\" content=\"El primer receptor GNSS con l\u00e1ser integrado del mundo. Registra puntos inaccesibles con esa incre\u00edble funci\u00f3n de triple acci\u00f3n; RTK, IMU y L\u00e1ser\" \/>\n<meta name=\"robots\" content=\"index, follow, max-snippet:-1, max-image-preview:large, max-video-preview:-1\" \/>\n<link rel=\"canonical\" href=\"https:\/\/www.utm30.com\/fr\/produit\/sinognss-mars-laser-rtk\/\" \/>\n<meta property=\"og:locale\" content=\"fr_FR\" \/>\n<meta property=\"og:type\" content=\"article\" \/>\n<meta property=\"og:title\" content=\"SinoGNSS Mars Laser\" \/>\n<meta property=\"og:description\" content=\"El primer receptor GNSS con l\u00e1ser integrado del mundo. Registra puntos inaccesibles con esa incre\u00edble funci\u00f3n de triple acci\u00f3n; RTK, IMU y L\u00e1ser\" \/>\n<meta property=\"og:url\" content=\"https:\/\/www.utm30.com\/fr\/produit\/sinognss-mars-laser-rtk\/\" \/>\n<meta property=\"og:site_name\" content=\"UTM30 \u00b7 Equipos de topograf\u00eda\" \/>\n<meta property=\"article:modified_time\" content=\"2024-04-11T21:01:56+00:00\" \/>\n<meta property=\"og:image\" content=\"https:\/\/www.utm30.com\/wp-content\/uploads\/2023\/10\/MarsLaser2.png\" \/>\n\t<meta property=\"og:image:width\" content=\"500\" \/>\n\t<meta property=\"og:image:height\" content=\"500\" \/>\n\t<meta property=\"og:image:type\" content=\"image\/png\" \/>\n<meta name=\"twitter:card\" content=\"summary_large_image\" \/>\n<meta name=\"twitter:label1\" content=\"Dur\u00e9e de lecture estim\u00e9e\" \/>\n\t<meta name=\"twitter:data1\" content=\"1 minute\" \/>\n<script type=\"application\/ld+json\" class=\"yoast-schema-graph\">{\"@context\":\"https:\/\/schema.org\",\"@graph\":[{\"@type\":\"WebPage\",\"@id\":\"https:\/\/www.utm30.com\/producto\/sinognss-mars-laser-rtk\/\",\"url\":\"https:\/\/www.utm30.com\/producto\/sinognss-mars-laser-rtk\/\",\"name\":\"SinoGNSS Mars Laser | UTM30 \u00b7 Equipos de topograf\u00eda\",\"isPartOf\":{\"@id\":\"https:\/\/www.utm30.com\/#website\"},\"datePublished\":\"2023-10-12T05:43:31+00:00\",\"dateModified\":\"2024-04-11T21:01:56+00:00\",\"description\":\"El primer receptor GNSS con l\u00e1ser integrado del mundo. Registra puntos inaccesibles con esa incre\u00edble funci\u00f3n de triple acci\u00f3n; RTK, IMU y L\u00e1ser\",\"breadcrumb\":{\"@id\":\"https:\/\/www.utm30.com\/producto\/sinognss-mars-laser-rtk\/#breadcrumb\"},\"inLanguage\":\"fr-FR\",\"potentialAction\":[{\"@type\":\"ReadAction\",\"target\":[\"https:\/\/www.utm30.com\/producto\/sinognss-mars-laser-rtk\/\"]}]},{\"@type\":\"BreadcrumbList\",\"@id\":\"https:\/\/www.utm30.com\/producto\/sinognss-mars-laser-rtk\/#breadcrumb\",\"itemListElement\":[{\"@type\":\"ListItem\",\"position\":1,\"name\":\"Portada\",\"item\":\"https:\/\/www.utm30.com\/\"},{\"@type\":\"ListItem\",\"position\":2,\"name\":\"Productos UTM30\",\"item\":\"https:\/\/www.utm30.com\/productos-utm30\/\"},{\"@type\":\"ListItem\",\"position\":3,\"name\":\"SinoGNSS Mars Laser\"}]},{\"@type\":\"WebSite\",\"@id\":\"https:\/\/www.utm30.com\/#website\",\"url\":\"https:\/\/www.utm30.com\/\",\"name\":\"UTM30 \u00b7 Equipos de Topografia\",\"description\":\"Equipos de topograf\u00eda\",\"publisher\":{\"@id\":\"https:\/\/www.utm30.com\/#organization\"},\"alternateName\":\"UTM30\",\"potentialAction\":[{\"@type\":\"SearchAction\",\"target\":{\"@type\":\"EntryPoint\",\"urlTemplate\":\"https:\/\/www.utm30.com\/?s={search_term_string}\"},\"query-input\":\"required name=search_term_string\"}],\"inLanguage\":\"fr-FR\"},{\"@type\":\"Organization\",\"@id\":\"https:\/\/www.utm30.com\/#organization\",\"name\":\"UTM30 \u00b7 Equipos de topografia\",\"alternateName\":\"UTM30\",\"url\":\"https:\/\/www.utm30.com\/\",\"logo\":{\"@type\":\"ImageObject\",\"inLanguage\":\"fr-FR\",\"@id\":\"https:\/\/www.utm30.com\/#\/schema\/logo\/image\/\",\"url\":\"https:\/\/www.utm30.com\/wp-content\/uploads\/2023\/10\/logo_cartel_UTM30.png\",\"contentUrl\":\"https:\/\/www.utm30.com\/wp-content\/uploads\/2023\/10\/logo_cartel_UTM30.png\",\"width\":1854,\"height\":475,\"caption\":\"UTM30 \u00b7 Equipos de topografia\"},\"image\":{\"@id\":\"https:\/\/www.utm30.com\/#\/schema\/logo\/image\/\"},\"sameAs\":[\"https:\/\/www.youtube.com\/channel\/UC492H-BCfKZoCIkRsT244xQ\"]}]}<\/script>\n<!-- \/ Yoast SEO Premium plugin. -->","yoast_head_json":{"title":"SinoGNSS Mars Laser | UTM30 \u00b7 Equipos de topograf\u00eda","description":"El primer receptor GNSS con l\u00e1ser integrado del mundo. Registra puntos inaccesibles con esa incre\u00edble funci\u00f3n de triple acci\u00f3n; RTK, IMU y L\u00e1ser","robots":{"index":"index","follow":"follow","max-snippet":"max-snippet:-1","max-image-preview":"max-image-preview:large","max-video-preview":"max-video-preview:-1"},"canonical":"https:\/\/www.utm30.com\/fr\/produit\/sinognss-mars-laser-rtk\/","og_locale":"fr_FR","og_type":"article","og_title":"SinoGNSS Mars Laser","og_description":"El primer receptor GNSS con l\u00e1ser integrado del mundo. Registra puntos inaccesibles con esa incre\u00edble funci\u00f3n de triple acci\u00f3n; RTK, IMU y L\u00e1ser","og_url":"https:\/\/www.utm30.com\/fr\/produit\/sinognss-mars-laser-rtk\/","og_site_name":"UTM30 \u00b7 Equipos de topograf\u00eda","article_modified_time":"2024-04-11T21:01:56+00:00","og_image":[{"width":500,"height":500,"url":"https:\/\/www.utm30.com\/wp-content\/uploads\/2023\/10\/MarsLaser2.png","type":"image\/png"}],"twitter_card":"summary_large_image","twitter_misc":{"Dur\u00e9e de lecture estim\u00e9e":"1 minute"},"schema":{"@context":"https:\/\/schema.org","@graph":[{"@type":"WebPage","@id":"https:\/\/www.utm30.com\/producto\/sinognss-mars-laser-rtk\/","url":"https:\/\/www.utm30.com\/producto\/sinognss-mars-laser-rtk\/","name":"SinoGNSS Mars Laser | UTM30 \u00b7 Equipos de topograf\u00eda","isPartOf":{"@id":"https:\/\/www.utm30.com\/#website"},"datePublished":"2023-10-12T05:43:31+00:00","dateModified":"2024-04-11T21:01:56+00:00","description":"El primer receptor GNSS con l\u00e1ser integrado del mundo. Registra puntos inaccesibles con esa incre\u00edble funci\u00f3n de triple acci\u00f3n; RTK, IMU y L\u00e1ser","breadcrumb":{"@id":"https:\/\/www.utm30.com\/producto\/sinognss-mars-laser-rtk\/#breadcrumb"},"inLanguage":"fr-FR","potentialAction":[{"@type":"ReadAction","target":["https:\/\/www.utm30.com\/producto\/sinognss-mars-laser-rtk\/"]}]},{"@type":"BreadcrumbList","@id":"https:\/\/www.utm30.com\/producto\/sinognss-mars-laser-rtk\/#breadcrumb","itemListElement":[{"@type":"ListItem","position":1,"name":"Portada","item":"https:\/\/www.utm30.com\/"},{"@type":"ListItem","position":2,"name":"Productos UTM30","item":"https:\/\/www.utm30.com\/productos-utm30\/"},{"@type":"ListItem","position":3,"name":"SinoGNSS Mars Laser"}]},{"@type":"WebSite","@id":"https:\/\/www.utm30.com\/#website","url":"https:\/\/www.utm30.com\/","name":"UTM30 \u00b7 Equipos de Topografia","description":"Equipos de topograf\u00eda","publisher":{"@id":"https:\/\/www.utm30.com\/#organization"},"alternateName":"UTM30","potentialAction":[{"@type":"SearchAction","target":{"@type":"EntryPoint","urlTemplate":"https:\/\/www.utm30.com\/?s={search_term_string}"},"query-input":"required name=search_term_string"}],"inLanguage":"fr-FR"},{"@type":"Organization","@id":"https:\/\/www.utm30.com\/#organization","name":"UTM30 \u00b7 Equipos de topografia","alternateName":"UTM30","url":"https:\/\/www.utm30.com\/","logo":{"@type":"ImageObject","inLanguage":"fr-FR","@id":"https:\/\/www.utm30.com\/#\/schema\/logo\/image\/","url":"https:\/\/www.utm30.com\/wp-content\/uploads\/2023\/10\/logo_cartel_UTM30.png","contentUrl":"https:\/\/www.utm30.com\/wp-content\/uploads\/2023\/10\/logo_cartel_UTM30.png","width":1854,"height":475,"caption":"UTM30 \u00b7 Equipos de topografia"},"image":{"@id":"https:\/\/www.utm30.com\/#\/schema\/logo\/image\/"},"sameAs":["https:\/\/www.youtube.com\/channel\/UC492H-BCfKZoCIkRsT244xQ"]}]}},"_links":{"self":[{"href":"https:\/\/www.utm30.com\/fr\/wp-json\/wp\/v2\/product\/1161"}],"collection":[{"href":"https:\/\/www.utm30.com\/fr\/wp-json\/wp\/v2\/product"}],"about":[{"href":"https:\/\/www.utm30.com\/fr\/wp-json\/wp\/v2\/types\/product"}],"version-history":[{"count":98,"href":"https:\/\/www.utm30.com\/fr\/wp-json\/wp\/v2\/product\/1161\/revisions"}],"predecessor-version":[{"id":2046,"href":"https:\/\/www.utm30.com\/fr\/wp-json\/wp\/v2\/product\/1161\/revisions\/2046"}],"wp:featuredmedia":[{"embeddable":true,"href":"https:\/\/www.utm30.com\/fr\/wp-json\/wp\/v2\/media\/1164"}],"wp:attachment":[{"href":"https:\/\/www.utm30.com\/fr\/wp-json\/wp\/v2\/media?parent=1161"}],"wp:term":[{"taxonomy":"product_cat","embeddable":true,"href":"https:\/\/www.utm30.com\/fr\/wp-json\/wp\/v2\/product_cat?post=1161"},{"taxonomy":"product_tag","embeddable":true,"href":"https:\/\/www.utm30.com\/fr\/wp-json\/wp\/v2\/product_tag?post=1161"}],"curies":[{"name":"wp","href":"https:\/\/api.w.org\/{rel}","templated":true}]}}