{"id":2694,"date":"2023-11-16T18:01:39","date_gmt":"2023-11-16T17:01:39","guid":{"rendered":"https:\/\/www.utm30.com\/?post_type=product&#038;p=2694"},"modified":"2024-04-11T07:40:45","modified_gmt":"2024-04-11T05:40:45","slug":"gintec-g40","status":"publish","type":"product","link":"https:\/\/www.utm30.com\/fr\/produit\/gintec-g40\/","title":{"rendered":"Gintec G40"},"content":{"rendered":"<p>R\u00e9cepteur GPS (GNSS) RTK avec cam\u00e9ra pour le rep\u00e9rage visuel et technologie G-Fix. Prix bas.<\/p>\n<p>&nbsp;<\/p>\n<hr style=\"border: none; height: 1px; background-color: #dcdcdc;\" \/>\n<p>&nbsp;<\/p>\n<p><a style=\"background-color: #184f7c; color: white; font-size: 22px; padding: 10px; text-decoration: none; border-radius: 5px;\" href=\"https:\/\/www.utm30.com\/fr\/alquiler\/\">ESSAYEZ-LE POUR LE LOUER \u27f9<\/a><\/p>\n<p><span style=\"color: #333333;\">Si vous l'achetez ensuite <\/span><strong><span style=\"color: #b88041;\">50% du montant pay\u00e9 pour la location vous sera rembours\u00e9 !<\/span><br \/>\n<\/strong><\/p>\n<hr style=\"border: none; height: 1px; background-color: #dcdcdc;\" \/>\n<p><em>\u00a0<\/em><\/p>\n<p>&nbsp;<\/p>","protected":false},"excerpt":{"rendered":"<pre><img loading=\"lazy\" decoding=\"async\" class=\"alignnone size-full wp-image-3146\" src=\"https:\/\/www.utm30.com\/wp-content\/uploads\/2023\/11\/Icono_Gintec1.png\" alt=\"\" width=\"85\" height=\"20\" srcset=\"https:\/\/www.utm30.com\/wp-content\/uploads\/2023\/11\/Icono_Gintec1.png 85w, https:\/\/www.utm30.com\/wp-content\/uploads\/2023\/11\/Icono_Gintec1-18x4.png 18w\" sizes=\"(max-width: 85px) 100vw, 85px\" \/><\/pre>\n<h1>Gintec G40<\/h1>\n<h6><strong>R\u00e9cepteur GPS (GNSS) avec cam\u00e9ra, pour un rep\u00e9rage visuel par un assistant AR<\/strong><\/h6>\n<ul>\n<li>Surveillance visuelle par cam\u00e9ra, avec r\u00e9alit\u00e9 augment\u00e9e<\/li>\n<li>IMU instantan\u00e9, sans \u00e9talonnage (jusqu'\u00e0 60\u00b0 d'inclinaison)<\/li>\n<li>Technologie G-FIX (jusqu'\u00e0 10 minutes de FIX en cas de perte du signal de correction)<\/li>\n<li>5 constellations et 1 408 canaux<\/li>\n<li>RTK et PPK<\/li>\n<li>Radio, Wifi, 4G, NFC et Bluetooth<\/li>\n<li>Plus de 18 heures d'autonomie<\/li>\n<li>Protection IP68 (r\u00e9siste \u00e0 des chutes d'une hauteur maximale de 2 m)<\/li>\n<li>Comprend la licence APP professionnelle de SurPad<\/li>\n<\/ul>","protected":false},"featured_media":2687,"template":"","meta":{"_themeisle_gutenberg_block_has_review":false},"product_cat":[26],"product_tag":[47,22,24,25],"yoast_head":"<!-- This site is optimized with the Yoast SEO Premium plugin v21.6 (Yoast SEO v21.6) - https:\/\/yoast.com\/wordpress\/plugins\/seo\/ -->\n<title>Gintec G40 | UTM30 \u00b7 Equipos de topograf\u00eda<\/title>\n<meta name=\"description\" content=\"Receptor GPS RTK con c\u00e1mara para replanteo visual con Realidad Aumentada, IMU inmediato sin calibraci\u00f3n y tecnolog\u00eda G-FIX.\" \/>\n<meta name=\"robots\" content=\"index, follow, max-snippet:-1, max-image-preview:large, max-video-preview:-1\" \/>\n<link rel=\"canonical\" href=\"https:\/\/www.utm30.com\/fr\/produit\/gintec-g40\/\" \/>\n<meta property=\"og:locale\" content=\"fr_FR\" \/>\n<meta property=\"og:type\" content=\"article\" \/>\n<meta property=\"og:title\" content=\"Gintec G40\" \/>\n<meta property=\"og:description\" content=\"Receptor GPS RTK con c\u00e1mara para replanteo visual con Realidad Aumentada, IMU inmediato sin calibraci\u00f3n y tecnolog\u00eda G-FIX.\" \/>\n<meta property=\"og:url\" content=\"https:\/\/www.utm30.com\/fr\/produit\/gintec-g40\/\" \/>\n<meta property=\"og:site_name\" content=\"UTM30 \u00b7 Equipos de topograf\u00eda\" \/>\n<meta property=\"article:modified_time\" content=\"2024-04-11T05:40:45+00:00\" \/>\n<meta property=\"og:image\" content=\"https:\/\/www.utm30.com\/wp-content\/uploads\/2023\/11\/GintecG40_01.png\" \/>\n\t<meta property=\"og:image:width\" content=\"500\" \/>\n\t<meta property=\"og:image:height\" content=\"500\" \/>\n\t<meta property=\"og:image:type\" content=\"image\/png\" \/>\n<meta name=\"twitter:card\" content=\"summary_large_image\" \/>\n<meta name=\"twitter:label1\" content=\"Dur\u00e9e de lecture estim\u00e9e\" \/>\n\t<meta name=\"twitter:data1\" content=\"1 minute\" \/>\n<script type=\"application\/ld+json\" class=\"yoast-schema-graph\">{\"@context\":\"https:\/\/schema.org\",\"@graph\":[{\"@type\":\"WebPage\",\"@id\":\"https:\/\/www.utm30.com\/producto\/gintec-g40\/\",\"url\":\"https:\/\/www.utm30.com\/producto\/gintec-g40\/\",\"name\":\"Gintec G40 | UTM30 \u00b7 Equipos de topograf\u00eda\",\"isPartOf\":{\"@id\":\"https:\/\/www.utm30.com\/#website\"},\"datePublished\":\"2023-11-16T17:01:39+00:00\",\"dateModified\":\"2024-04-11T05:40:45+00:00\",\"description\":\"Receptor GPS RTK con c\u00e1mara para replanteo visual con Realidad Aumentada, IMU inmediato sin calibraci\u00f3n y tecnolog\u00eda G-FIX.\",\"breadcrumb\":{\"@id\":\"https:\/\/www.utm30.com\/producto\/gintec-g40\/#breadcrumb\"},\"inLanguage\":\"fr-FR\",\"potentialAction\":[{\"@type\":\"ReadAction\",\"target\":[\"https:\/\/www.utm30.com\/producto\/gintec-g40\/\"]}]},{\"@type\":\"BreadcrumbList\",\"@id\":\"https:\/\/www.utm30.com\/producto\/gintec-g40\/#breadcrumb\",\"itemListElement\":[{\"@type\":\"ListItem\",\"position\":1,\"name\":\"Portada\",\"item\":\"https:\/\/www.utm30.com\/\"},{\"@type\":\"ListItem\",\"position\":2,\"name\":\"Productos UTM30\",\"item\":\"https:\/\/www.utm30.com\/productos-utm30\/\"},{\"@type\":\"ListItem\",\"position\":3,\"name\":\"Gintec G40\"}]},{\"@type\":\"WebSite\",\"@id\":\"https:\/\/www.utm30.com\/#website\",\"url\":\"https:\/\/www.utm30.com\/\",\"name\":\"UTM30 \u00b7 Equipos de Topografia\",\"description\":\"Equipos de topograf\u00eda\",\"publisher\":{\"@id\":\"https:\/\/www.utm30.com\/#organization\"},\"alternateName\":\"UTM30\",\"potentialAction\":[{\"@type\":\"SearchAction\",\"target\":{\"@type\":\"EntryPoint\",\"urlTemplate\":\"https:\/\/www.utm30.com\/?s={search_term_string}\"},\"query-input\":\"required name=search_term_string\"}],\"inLanguage\":\"fr-FR\"},{\"@type\":\"Organization\",\"@id\":\"https:\/\/www.utm30.com\/#organization\",\"name\":\"UTM30 \u00b7 Equipos de topografia\",\"alternateName\":\"UTM30\",\"url\":\"https:\/\/www.utm30.com\/\",\"logo\":{\"@type\":\"ImageObject\",\"inLanguage\":\"fr-FR\",\"@id\":\"https:\/\/www.utm30.com\/#\/schema\/logo\/image\/\",\"url\":\"https:\/\/www.utm30.com\/wp-content\/uploads\/2023\/10\/logo_cartel_UTM30.png\",\"contentUrl\":\"https:\/\/www.utm30.com\/wp-content\/uploads\/2023\/10\/logo_cartel_UTM30.png\",\"width\":1854,\"height\":475,\"caption\":\"UTM30 \u00b7 Equipos de topografia\"},\"image\":{\"@id\":\"https:\/\/www.utm30.com\/#\/schema\/logo\/image\/\"},\"sameAs\":[\"https:\/\/www.youtube.com\/channel\/UC492H-BCfKZoCIkRsT244xQ\"]}]}<\/script>\n<!-- \/ Yoast SEO Premium plugin. -->","yoast_head_json":{"title":"Gintec G40 | UTM30 \u00b7 Equipos de topograf\u00eda","description":"Receptor GPS RTK con c\u00e1mara para replanteo visual con Realidad Aumentada, IMU inmediato sin calibraci\u00f3n y tecnolog\u00eda G-FIX.","robots":{"index":"index","follow":"follow","max-snippet":"max-snippet:-1","max-image-preview":"max-image-preview:large","max-video-preview":"max-video-preview:-1"},"canonical":"https:\/\/www.utm30.com\/fr\/produit\/gintec-g40\/","og_locale":"fr_FR","og_type":"article","og_title":"Gintec G40","og_description":"Receptor GPS RTK con c\u00e1mara para replanteo visual con Realidad Aumentada, IMU inmediato sin calibraci\u00f3n y tecnolog\u00eda G-FIX.","og_url":"https:\/\/www.utm30.com\/fr\/produit\/gintec-g40\/","og_site_name":"UTM30 \u00b7 Equipos de topograf\u00eda","article_modified_time":"2024-04-11T05:40:45+00:00","og_image":[{"width":500,"height":500,"url":"https:\/\/www.utm30.com\/wp-content\/uploads\/2023\/11\/GintecG40_01.png","type":"image\/png"}],"twitter_card":"summary_large_image","twitter_misc":{"Dur\u00e9e de lecture estim\u00e9e":"1 minute"},"schema":{"@context":"https:\/\/schema.org","@graph":[{"@type":"WebPage","@id":"https:\/\/www.utm30.com\/producto\/gintec-g40\/","url":"https:\/\/www.utm30.com\/producto\/gintec-g40\/","name":"Gintec G40 | UTM30 \u00b7 Equipos de topograf\u00eda","isPartOf":{"@id":"https:\/\/www.utm30.com\/#website"},"datePublished":"2023-11-16T17:01:39+00:00","dateModified":"2024-04-11T05:40:45+00:00","description":"Receptor GPS RTK con c\u00e1mara para replanteo visual con Realidad Aumentada, IMU inmediato sin calibraci\u00f3n y tecnolog\u00eda G-FIX.","breadcrumb":{"@id":"https:\/\/www.utm30.com\/producto\/gintec-g40\/#breadcrumb"},"inLanguage":"fr-FR","potentialAction":[{"@type":"ReadAction","target":["https:\/\/www.utm30.com\/producto\/gintec-g40\/"]}]},{"@type":"BreadcrumbList","@id":"https:\/\/www.utm30.com\/producto\/gintec-g40\/#breadcrumb","itemListElement":[{"@type":"ListItem","position":1,"name":"Portada","item":"https:\/\/www.utm30.com\/"},{"@type":"ListItem","position":2,"name":"Productos UTM30","item":"https:\/\/www.utm30.com\/productos-utm30\/"},{"@type":"ListItem","position":3,"name":"Gintec G40"}]},{"@type":"WebSite","@id":"https:\/\/www.utm30.com\/#website","url":"https:\/\/www.utm30.com\/","name":"UTM30 \u00b7 Equipos de Topografia","description":"Equipos de topograf\u00eda","publisher":{"@id":"https:\/\/www.utm30.com\/#organization"},"alternateName":"UTM30","potentialAction":[{"@type":"SearchAction","target":{"@type":"EntryPoint","urlTemplate":"https:\/\/www.utm30.com\/?s={search_term_string}"},"query-input":"required name=search_term_string"}],"inLanguage":"fr-FR"},{"@type":"Organization","@id":"https:\/\/www.utm30.com\/#organization","name":"UTM30 \u00b7 Equipos de topografia","alternateName":"UTM30","url":"https:\/\/www.utm30.com\/","logo":{"@type":"ImageObject","inLanguage":"fr-FR","@id":"https:\/\/www.utm30.com\/#\/schema\/logo\/image\/","url":"https:\/\/www.utm30.com\/wp-content\/uploads\/2023\/10\/logo_cartel_UTM30.png","contentUrl":"https:\/\/www.utm30.com\/wp-content\/uploads\/2023\/10\/logo_cartel_UTM30.png","width":1854,"height":475,"caption":"UTM30 \u00b7 Equipos de topografia"},"image":{"@id":"https:\/\/www.utm30.com\/#\/schema\/logo\/image\/"},"sameAs":["https:\/\/www.youtube.com\/channel\/UC492H-BCfKZoCIkRsT244xQ"]}]}},"_links":{"self":[{"href":"https:\/\/www.utm30.com\/fr\/wp-json\/wp\/v2\/product\/2694"}],"collection":[{"href":"https:\/\/www.utm30.com\/fr\/wp-json\/wp\/v2\/product"}],"about":[{"href":"https:\/\/www.utm30.com\/fr\/wp-json\/wp\/v2\/types\/product"}],"version-history":[{"count":23,"href":"https:\/\/www.utm30.com\/fr\/wp-json\/wp\/v2\/product\/2694\/revisions"}],"predecessor-version":[{"id":3352,"href":"https:\/\/www.utm30.com\/fr\/wp-json\/wp\/v2\/product\/2694\/revisions\/3352"}],"wp:featuredmedia":[{"embeddable":true,"href":"https:\/\/www.utm30.com\/fr\/wp-json\/wp\/v2\/media\/2687"}],"wp:attachment":[{"href":"https:\/\/www.utm30.com\/fr\/wp-json\/wp\/v2\/media?parent=2694"}],"wp:term":[{"taxonomy":"product_cat","embeddable":true,"href":"https:\/\/www.utm30.com\/fr\/wp-json\/wp\/v2\/product_cat?post=2694"},{"taxonomy":"product_tag","embeddable":true,"href":"https:\/\/www.utm30.com\/fr\/wp-json\/wp\/v2\/product_tag?post=2694"}],"curies":[{"name":"wp","href":"https:\/\/api.w.org\/{rel}","templated":true}]}}