{"id":3610,"date":"2024-03-01T20:15:28","date_gmt":"2024-03-01T19:15:28","guid":{"rendered":"https:\/\/www.utm30.com\/?post_type=product&#038;p=3610"},"modified":"2025-11-26T14:23:10","modified_gmt":"2025-11-26T13:23:10","slug":"leica-ms50-robotizada-scanner","status":"publish","type":"product","link":"https:\/\/www.utm30.com\/fr\/produit\/scanner-robotique-leica-ms50\/","title":{"rendered":"Leica MS50 Robotic + Scanner"},"content":{"rendered":"<p>Station totale robotis\u00e9e + scanner, pour travailler avec un seul op\u00e9rateur.<\/p>\n<p>Mat\u00e9riel d'occasion. En bon \u00e9tat.<\/p>","protected":false},"excerpt":{"rendered":"<pre><img loading=\"lazy\" decoding=\"async\" class=\"alignnone wp-image-3612 size-full\" src=\"https:\/\/www.utm30.com\/wp-content\/uploads\/2024\/03\/Icono_Leica_Geosystems.png\" alt=\"\" width=\"80\" height=\"52\" srcset=\"https:\/\/www.utm30.com\/wp-content\/uploads\/2024\/03\/Icono_Leica_Geosystems.png 80w, https:\/\/www.utm30.com\/wp-content\/uploads\/2024\/03\/Icono_Leica_Geosystems-18x12.png 18w\" sizes=\"(max-width: 80px) 100vw, 80px\" \/><\/pre>\n<h1>Leica MS50 Robotique + Scanner laser<\/h1>\n<h6><strong>Station totale enti\u00e8rement robotis\u00e9e, avec fonction de scanner laser<br \/>\n<\/strong><\/h6>\n<ul>\n<li>Travail sur le terrain avec un seul op\u00e9rateur<\/li>\n<li>Scanner laser jusqu'\u00e0 1 000 m et 1 000 points par seconde<\/li>\n<li>Pr\u00e9cision angulaire de 1\u2033.<\/li>\n<li>Mesure sans prisme jusqu'\u00e0 2.000m<\/li>\n<li>ATR (Prisme Auto-Tracking) avec une port\u00e9e allant jusqu'\u00e0 1.000m<\/li>\n<li>Poer Search ultra rapide (recherche automatique de prisme sur 360\u00b0) avec une port\u00e9e allant jusqu'\u00e0 300m.<\/li>\n<li>2 \u00e9crans tactiles en couleur, avec vid\u00e9o en temps r\u00e9el de la cible<\/li>\n<li>Comprend Radio Handle RH15<\/li>\n<li>Fourni avec deux batteries et un chargeur<\/li>\n<\/ul>","protected":false},"featured_media":3633,"template":"","meta":{"_themeisle_gutenberg_block_has_review":false},"product_cat":[27],"product_tag":[51,52,50],"yoast_head":"<!-- This site is optimized with the Yoast SEO Premium plugin v21.6 (Yoast SEO v21.6) - https:\/\/yoast.com\/wordpress\/plugins\/seo\/ -->\n<title>Estaci\u00f3n total premium | Leica MS50 Robotizada + Scanner<\/title>\n<meta name=\"description\" content=\"Estaci\u00f3n total robotizada + scanner laser Leica Nova MS50 1&quot; R2000 (Multiestaci\u00f3n). Equipo usado. En muy buenas condiciones.\" \/>\n<meta name=\"robots\" content=\"index, follow, max-snippet:-1, max-image-preview:large, max-video-preview:-1\" \/>\n<link rel=\"canonical\" href=\"https:\/\/www.utm30.com\/fr\/produit\/scanner-robotique-leica-ms50\/\" \/>\n<meta property=\"og:locale\" content=\"fr_FR\" \/>\n<meta property=\"og:type\" content=\"article\" \/>\n<meta property=\"og:title\" content=\"Leica MS50 Robotizada + Scanner\" \/>\n<meta property=\"og:description\" content=\"Estaci\u00f3n total robotizada + scanner laser Leica Nova MS50 1&quot; R2000 (Multiestaci\u00f3n). Equipo usado. En muy buenas condiciones.\" \/>\n<meta property=\"og:url\" content=\"https:\/\/www.utm30.com\/fr\/produit\/scanner-robotique-leica-ms50\/\" \/>\n<meta property=\"og:site_name\" content=\"UTM30 \u00b7 Equipos de topograf\u00eda\" \/>\n<meta property=\"article:modified_time\" content=\"2025-11-26T13:23:10+00:00\" \/>\n<meta property=\"og:image\" content=\"https:\/\/www.utm30.com\/wp-content\/uploads\/2024\/03\/Leica_MS50_1a.webp\" \/>\n\t<meta property=\"og:image:width\" content=\"1280\" \/>\n\t<meta property=\"og:image:height\" content=\"1280\" \/>\n\t<meta property=\"og:image:type\" content=\"image\/webp\" \/>\n<meta name=\"twitter:card\" content=\"summary_large_image\" \/>\n<meta name=\"twitter:label1\" content=\"Dur\u00e9e de lecture estim\u00e9e\" \/>\n\t<meta name=\"twitter:data1\" content=\"1 minute\" \/>\n<script type=\"application\/ld+json\" class=\"yoast-schema-graph\">{\"@context\":\"https:\/\/schema.org\",\"@graph\":[{\"@type\":\"WebPage\",\"@id\":\"https:\/\/www.utm30.com\/producto\/leica-ms50-robotizada-scanner\/\",\"url\":\"https:\/\/www.utm30.com\/producto\/leica-ms50-robotizada-scanner\/\",\"name\":\"Estaci\u00f3n total premium | Leica MS50 Robotizada + Scanner\",\"isPartOf\":{\"@id\":\"https:\/\/www.utm30.com\/#website\"},\"datePublished\":\"2024-03-01T19:15:28+00:00\",\"dateModified\":\"2025-11-26T13:23:10+00:00\",\"description\":\"Estaci\u00f3n total robotizada + scanner laser Leica Nova MS50 1\\\" R2000 (Multiestaci\u00f3n). Equipo usado. En muy buenas condiciones.\",\"breadcrumb\":{\"@id\":\"https:\/\/www.utm30.com\/producto\/leica-ms50-robotizada-scanner\/#breadcrumb\"},\"inLanguage\":\"fr-FR\",\"potentialAction\":[{\"@type\":\"ReadAction\",\"target\":[\"https:\/\/www.utm30.com\/producto\/leica-ms50-robotizada-scanner\/\"]}]},{\"@type\":\"BreadcrumbList\",\"@id\":\"https:\/\/www.utm30.com\/producto\/leica-ms50-robotizada-scanner\/#breadcrumb\",\"itemListElement\":[{\"@type\":\"ListItem\",\"position\":1,\"name\":\"Portada\",\"item\":\"https:\/\/www.utm30.com\/\"},{\"@type\":\"ListItem\",\"position\":2,\"name\":\"Productos UTM30\",\"item\":\"https:\/\/www.utm30.com\/productos-utm30\/\"},{\"@type\":\"ListItem\",\"position\":3,\"name\":\"Leica MS50 Robotizada + Scanner\"}]},{\"@type\":\"WebSite\",\"@id\":\"https:\/\/www.utm30.com\/#website\",\"url\":\"https:\/\/www.utm30.com\/\",\"name\":\"UTM30 \u00b7 Equipos de Topografia\",\"description\":\"Equipos de topograf\u00eda\",\"publisher\":{\"@id\":\"https:\/\/www.utm30.com\/#organization\"},\"alternateName\":\"UTM30\",\"potentialAction\":[{\"@type\":\"SearchAction\",\"target\":{\"@type\":\"EntryPoint\",\"urlTemplate\":\"https:\/\/www.utm30.com\/?s={search_term_string}\"},\"query-input\":\"required name=search_term_string\"}],\"inLanguage\":\"fr-FR\"},{\"@type\":\"Organization\",\"@id\":\"https:\/\/www.utm30.com\/#organization\",\"name\":\"UTM30 \u00b7 Equipos de topografia\",\"alternateName\":\"UTM30\",\"url\":\"https:\/\/www.utm30.com\/\",\"logo\":{\"@type\":\"ImageObject\",\"inLanguage\":\"fr-FR\",\"@id\":\"https:\/\/www.utm30.com\/#\/schema\/logo\/image\/\",\"url\":\"https:\/\/www.utm30.com\/wp-content\/uploads\/2023\/10\/logo_cartel_UTM30.png\",\"contentUrl\":\"https:\/\/www.utm30.com\/wp-content\/uploads\/2023\/10\/logo_cartel_UTM30.png\",\"width\":1854,\"height\":475,\"caption\":\"UTM30 \u00b7 Equipos de topografia\"},\"image\":{\"@id\":\"https:\/\/www.utm30.com\/#\/schema\/logo\/image\/\"},\"sameAs\":[\"https:\/\/www.youtube.com\/channel\/UC492H-BCfKZoCIkRsT244xQ\"]}]}<\/script>\n<!-- \/ Yoast SEO Premium plugin. -->","yoast_head_json":{"title":"Estaci\u00f3n total premium | Leica MS50 Robotizada + Scanner","description":"Estaci\u00f3n total robotizada + scanner laser Leica Nova MS50 1\" R2000 (Multiestaci\u00f3n). Equipo usado. En muy buenas condiciones.","robots":{"index":"index","follow":"follow","max-snippet":"max-snippet:-1","max-image-preview":"max-image-preview:large","max-video-preview":"max-video-preview:-1"},"canonical":"https:\/\/www.utm30.com\/fr\/produit\/scanner-robotique-leica-ms50\/","og_locale":"fr_FR","og_type":"article","og_title":"Leica MS50 Robotizada + Scanner","og_description":"Estaci\u00f3n total robotizada + scanner laser Leica Nova MS50 1\" R2000 (Multiestaci\u00f3n). Equipo usado. En muy buenas condiciones.","og_url":"https:\/\/www.utm30.com\/fr\/produit\/scanner-robotique-leica-ms50\/","og_site_name":"UTM30 \u00b7 Equipos de topograf\u00eda","article_modified_time":"2025-11-26T13:23:10+00:00","og_image":[{"width":1280,"height":1280,"url":"https:\/\/www.utm30.com\/wp-content\/uploads\/2024\/03\/Leica_MS50_1a.webp","type":"image\/webp"}],"twitter_card":"summary_large_image","twitter_misc":{"Dur\u00e9e de lecture estim\u00e9e":"1 minute"},"schema":{"@context":"https:\/\/schema.org","@graph":[{"@type":"WebPage","@id":"https:\/\/www.utm30.com\/producto\/leica-ms50-robotizada-scanner\/","url":"https:\/\/www.utm30.com\/producto\/leica-ms50-robotizada-scanner\/","name":"Estaci\u00f3n total premium | Leica MS50 Robotizada + Scanner","isPartOf":{"@id":"https:\/\/www.utm30.com\/#website"},"datePublished":"2024-03-01T19:15:28+00:00","dateModified":"2025-11-26T13:23:10+00:00","description":"Estaci\u00f3n total robotizada + scanner laser Leica Nova MS50 1\" R2000 (Multiestaci\u00f3n). Equipo usado. En muy buenas condiciones.","breadcrumb":{"@id":"https:\/\/www.utm30.com\/producto\/leica-ms50-robotizada-scanner\/#breadcrumb"},"inLanguage":"fr-FR","potentialAction":[{"@type":"ReadAction","target":["https:\/\/www.utm30.com\/producto\/leica-ms50-robotizada-scanner\/"]}]},{"@type":"BreadcrumbList","@id":"https:\/\/www.utm30.com\/producto\/leica-ms50-robotizada-scanner\/#breadcrumb","itemListElement":[{"@type":"ListItem","position":1,"name":"Portada","item":"https:\/\/www.utm30.com\/"},{"@type":"ListItem","position":2,"name":"Productos UTM30","item":"https:\/\/www.utm30.com\/productos-utm30\/"},{"@type":"ListItem","position":3,"name":"Leica MS50 Robotizada + Scanner"}]},{"@type":"WebSite","@id":"https:\/\/www.utm30.com\/#website","url":"https:\/\/www.utm30.com\/","name":"UTM30 \u00b7 Equipos de Topografia","description":"Equipos de topograf\u00eda","publisher":{"@id":"https:\/\/www.utm30.com\/#organization"},"alternateName":"UTM30","potentialAction":[{"@type":"SearchAction","target":{"@type":"EntryPoint","urlTemplate":"https:\/\/www.utm30.com\/?s={search_term_string}"},"query-input":"required name=search_term_string"}],"inLanguage":"fr-FR"},{"@type":"Organization","@id":"https:\/\/www.utm30.com\/#organization","name":"UTM30 \u00b7 Equipos de topografia","alternateName":"UTM30","url":"https:\/\/www.utm30.com\/","logo":{"@type":"ImageObject","inLanguage":"fr-FR","@id":"https:\/\/www.utm30.com\/#\/schema\/logo\/image\/","url":"https:\/\/www.utm30.com\/wp-content\/uploads\/2023\/10\/logo_cartel_UTM30.png","contentUrl":"https:\/\/www.utm30.com\/wp-content\/uploads\/2023\/10\/logo_cartel_UTM30.png","width":1854,"height":475,"caption":"UTM30 \u00b7 Equipos de topografia"},"image":{"@id":"https:\/\/www.utm30.com\/#\/schema\/logo\/image\/"},"sameAs":["https:\/\/www.youtube.com\/channel\/UC492H-BCfKZoCIkRsT244xQ"]}]}},"_links":{"self":[{"href":"https:\/\/www.utm30.com\/fr\/wp-json\/wp\/v2\/product\/3610"}],"collection":[{"href":"https:\/\/www.utm30.com\/fr\/wp-json\/wp\/v2\/product"}],"about":[{"href":"https:\/\/www.utm30.com\/fr\/wp-json\/wp\/v2\/types\/product"}],"version-history":[{"count":4,"href":"https:\/\/www.utm30.com\/fr\/wp-json\/wp\/v2\/product\/3610\/revisions"}],"predecessor-version":[{"id":3618,"href":"https:\/\/www.utm30.com\/fr\/wp-json\/wp\/v2\/product\/3610\/revisions\/3618"}],"wp:featuredmedia":[{"embeddable":true,"href":"https:\/\/www.utm30.com\/fr\/wp-json\/wp\/v2\/media\/3633"}],"wp:attachment":[{"href":"https:\/\/www.utm30.com\/fr\/wp-json\/wp\/v2\/media?parent=3610"}],"wp:term":[{"taxonomy":"product_cat","embeddable":true,"href":"https:\/\/www.utm30.com\/fr\/wp-json\/wp\/v2\/product_cat?post=3610"},{"taxonomy":"product_tag","embeddable":true,"href":"https:\/\/www.utm30.com\/fr\/wp-json\/wp\/v2\/product_tag?post=3610"}],"curies":[{"name":"wp","href":"https:\/\/api.w.org\/{rel}","templated":true}]}}