{"id":3666,"date":"2024-03-23T23:34:36","date_gmt":"2024-03-23T22:34:36","guid":{"rendered":"https:\/\/www.utm30.com\/?post_type=product&#038;p=3666"},"modified":"2025-04-03T13:18:50","modified_gmt":"2025-04-03T11:18:50","slug":"alphageo-ts-y-android","status":"publish","type":"product","link":"https:\/\/www.utm30.com\/fr\/produit\/alphageo-ts-y-android\/","title":{"rendered":"AlphaGEO TS-Y Android"},"content":{"rendered":"<p>Station totale portable 2\u2033, avec Android O.S. et logiciel de terrain SurPro. Mesures sans prisme jusqu'\u00e0 1000m. Rapport qualit\u00e9\/prix imbattable. a-GEO Alpha Y.<\/p>\n<p>&nbsp;<\/p>\n<p><strong><a href=\"https:\/\/www.utm30.com\/wp-content\/uploads\/2024\/03\/Folleto_AlphaGEO_Y.pdf\"><span style=\"color: #3366ff;\">\u2913 Voir la brochure PDF<\/span><\/a><\/strong><\/p>","protected":false},"excerpt":{"rendered":"<p><img loading=\"lazy\" decoding=\"async\" class=\"alignnone wp-image-3193 size-full\" src=\"https:\/\/www.utm30.com\/wp-content\/uploads\/2024\/01\/Icono_a-GEO_b.png\" alt=\"\" width=\"87\" height=\"20\" srcset=\"https:\/\/www.utm30.com\/wp-content\/uploads\/2024\/01\/Icono_a-GEO_b.png 87w, https:\/\/www.utm30.com\/wp-content\/uploads\/2024\/01\/Icono_a-GEO_b-18x4.png 18w\" sizes=\"(max-width: 87px) 100vw, 87px\" \/><\/p>\n<h1>AlphaGEO TS Y<\/h1>\n<h6><strong>Station totale portable Android 2\u2033, sans prisme. La station la plus facile \u00e0 utiliser.<br \/>\n<\/strong><\/h6>\n<ul>\n<li>Android 11 O.S. et logiciel professionnel de terrain SurPro (avec fonctions CAO)<\/li>\n<li>Capacit\u00e9 \u00e0 installer plusieurs applications tierces de topographie et de CAO<\/li>\n<li>2 \u00e9crans HD de 5,5 pouces<\/li>\n<li>Vis tournantes non verrouillables (vis sans fin)<\/li>\n<li>2\u2033 pr\u00e9cision angulaire<\/li>\n<li>Mesure sans prisme jusqu'\u00e0 1000 m<\/li>\n<li>Bouton lat\u00e9ral de tir rapide<\/li>\n<li>Implantation graphique en CAO<\/li>\n<li>Syst\u00e8me de correction automatique de la temp\u00e9rature et de l'atmosph\u00e8re<\/li>\n<li>Compensation d'angle \u00e0 deux axes<\/li>\n<li>Bluetooth, Wifi et USB<\/li>\n<li>Abaissement du laser pour un stationnement rapide<\/li>\n<\/ul>","protected":false},"featured_media":3671,"template":"","meta":{"_themeisle_gutenberg_block_has_review":false},"product_cat":[27],"product_tag":[],"yoast_head":"<!-- This site is optimized with the Yoast SEO Premium plugin v21.6 (Yoast SEO v21.6) - https:\/\/yoast.com\/wordpress\/plugins\/seo\/ -->\n<title>Estaci\u00f3n Total | AlphaGEO TS-Y Android<\/title>\n<meta name=\"description\" content=\"Estaci\u00f3n Total con Android y software profesional SurPro. Precisi\u00f3n angular 2&quot; y medici\u00f3n sin prisma 1000m. Gran pantalla HD de 5,5&quot; y tornillos sinf\u00edn.\" \/>\n<meta name=\"robots\" content=\"index, follow, max-snippet:-1, max-image-preview:large, max-video-preview:-1\" \/>\n<link rel=\"canonical\" href=\"https:\/\/www.utm30.com\/fr\/produit\/alphageo-ts-y-android\/\" \/>\n<meta property=\"og:locale\" content=\"fr_FR\" \/>\n<meta property=\"og:type\" content=\"article\" \/>\n<meta property=\"og:title\" content=\"AlphaGEO TS-Y Android\" \/>\n<meta property=\"og:description\" content=\"Estaci\u00f3n Total con Android y software profesional SurPro. Precisi\u00f3n angular 2&quot; y medici\u00f3n sin prisma 1000m. Gran pantalla HD de 5,5&quot; y tornillos sinf\u00edn.\" \/>\n<meta property=\"og:url\" content=\"https:\/\/www.utm30.com\/fr\/produit\/alphageo-ts-y-android\/\" \/>\n<meta property=\"og:site_name\" content=\"UTM30 \u00b7 Equipos de topograf\u00eda\" \/>\n<meta property=\"article:modified_time\" content=\"2025-04-03T11:18:50+00:00\" \/>\n<meta property=\"og:image\" content=\"https:\/\/www.utm30.com\/wp-content\/uploads\/2024\/03\/AlphaGEO_TS_Y-1.png\" \/>\n\t<meta property=\"og:image:width\" content=\"1000\" \/>\n\t<meta property=\"og:image:height\" content=\"1000\" \/>\n\t<meta property=\"og:image:type\" content=\"image\/png\" \/>\n<meta name=\"twitter:card\" content=\"summary_large_image\" \/>\n<meta name=\"twitter:label1\" content=\"Dur\u00e9e de lecture estim\u00e9e\" \/>\n\t<meta name=\"twitter:data1\" content=\"1 minute\" \/>\n<script type=\"application\/ld+json\" class=\"yoast-schema-graph\">{\"@context\":\"https:\/\/schema.org\",\"@graph\":[{\"@type\":\"WebPage\",\"@id\":\"https:\/\/www.utm30.com\/producto\/alphageo-ts-y-android\/\",\"url\":\"https:\/\/www.utm30.com\/producto\/alphageo-ts-y-android\/\",\"name\":\"Estaci\u00f3n Total | AlphaGEO TS-Y Android\",\"isPartOf\":{\"@id\":\"https:\/\/www.utm30.com\/#website\"},\"datePublished\":\"2024-03-23T22:34:36+00:00\",\"dateModified\":\"2025-04-03T11:18:50+00:00\",\"description\":\"Estaci\u00f3n Total con Android y software profesional SurPro. Precisi\u00f3n angular 2\\\" y medici\u00f3n sin prisma 1000m. Gran pantalla HD de 5,5\\\" y tornillos sinf\u00edn.\",\"breadcrumb\":{\"@id\":\"https:\/\/www.utm30.com\/producto\/alphageo-ts-y-android\/#breadcrumb\"},\"inLanguage\":\"fr-FR\",\"potentialAction\":[{\"@type\":\"ReadAction\",\"target\":[\"https:\/\/www.utm30.com\/producto\/alphageo-ts-y-android\/\"]}]},{\"@type\":\"BreadcrumbList\",\"@id\":\"https:\/\/www.utm30.com\/producto\/alphageo-ts-y-android\/#breadcrumb\",\"itemListElement\":[{\"@type\":\"ListItem\",\"position\":1,\"name\":\"Portada\",\"item\":\"https:\/\/www.utm30.com\/\"},{\"@type\":\"ListItem\",\"position\":2,\"name\":\"Productos UTM30\",\"item\":\"https:\/\/www.utm30.com\/productos-utm30\/\"},{\"@type\":\"ListItem\",\"position\":3,\"name\":\"AlphaGEO TS-Y Android\"}]},{\"@type\":\"WebSite\",\"@id\":\"https:\/\/www.utm30.com\/#website\",\"url\":\"https:\/\/www.utm30.com\/\",\"name\":\"UTM30 \u00b7 Equipos de Topografia\",\"description\":\"Equipos de topograf\u00eda\",\"publisher\":{\"@id\":\"https:\/\/www.utm30.com\/#organization\"},\"alternateName\":\"UTM30\",\"potentialAction\":[{\"@type\":\"SearchAction\",\"target\":{\"@type\":\"EntryPoint\",\"urlTemplate\":\"https:\/\/www.utm30.com\/?s={search_term_string}\"},\"query-input\":\"required name=search_term_string\"}],\"inLanguage\":\"fr-FR\"},{\"@type\":\"Organization\",\"@id\":\"https:\/\/www.utm30.com\/#organization\",\"name\":\"UTM30 \u00b7 Equipos de topografia\",\"alternateName\":\"UTM30\",\"url\":\"https:\/\/www.utm30.com\/\",\"logo\":{\"@type\":\"ImageObject\",\"inLanguage\":\"fr-FR\",\"@id\":\"https:\/\/www.utm30.com\/#\/schema\/logo\/image\/\",\"url\":\"https:\/\/www.utm30.com\/wp-content\/uploads\/2023\/10\/logo_cartel_UTM30.png\",\"contentUrl\":\"https:\/\/www.utm30.com\/wp-content\/uploads\/2023\/10\/logo_cartel_UTM30.png\",\"width\":1854,\"height\":475,\"caption\":\"UTM30 \u00b7 Equipos de topografia\"},\"image\":{\"@id\":\"https:\/\/www.utm30.com\/#\/schema\/logo\/image\/\"},\"sameAs\":[\"https:\/\/www.youtube.com\/channel\/UC492H-BCfKZoCIkRsT244xQ\"]}]}<\/script>\n<!-- \/ Yoast SEO Premium plugin. -->","yoast_head_json":{"title":"Estaci\u00f3n Total | AlphaGEO TS-Y Android","description":"Estaci\u00f3n Total con Android y software profesional SurPro. Precisi\u00f3n angular 2\" y medici\u00f3n sin prisma 1000m. Gran pantalla HD de 5,5\" y tornillos sinf\u00edn.","robots":{"index":"index","follow":"follow","max-snippet":"max-snippet:-1","max-image-preview":"max-image-preview:large","max-video-preview":"max-video-preview:-1"},"canonical":"https:\/\/www.utm30.com\/fr\/produit\/alphageo-ts-y-android\/","og_locale":"fr_FR","og_type":"article","og_title":"AlphaGEO TS-Y Android","og_description":"Estaci\u00f3n Total con Android y software profesional SurPro. Precisi\u00f3n angular 2\" y medici\u00f3n sin prisma 1000m. Gran pantalla HD de 5,5\" y tornillos sinf\u00edn.","og_url":"https:\/\/www.utm30.com\/fr\/produit\/alphageo-ts-y-android\/","og_site_name":"UTM30 \u00b7 Equipos de topograf\u00eda","article_modified_time":"2025-04-03T11:18:50+00:00","og_image":[{"width":1000,"height":1000,"url":"https:\/\/www.utm30.com\/wp-content\/uploads\/2024\/03\/AlphaGEO_TS_Y-1.png","type":"image\/png"}],"twitter_card":"summary_large_image","twitter_misc":{"Dur\u00e9e de lecture estim\u00e9e":"1 minute"},"schema":{"@context":"https:\/\/schema.org","@graph":[{"@type":"WebPage","@id":"https:\/\/www.utm30.com\/producto\/alphageo-ts-y-android\/","url":"https:\/\/www.utm30.com\/producto\/alphageo-ts-y-android\/","name":"Estaci\u00f3n Total | AlphaGEO TS-Y Android","isPartOf":{"@id":"https:\/\/www.utm30.com\/#website"},"datePublished":"2024-03-23T22:34:36+00:00","dateModified":"2025-04-03T11:18:50+00:00","description":"Estaci\u00f3n Total con Android y software profesional SurPro. Precisi\u00f3n angular 2\" y medici\u00f3n sin prisma 1000m. Gran pantalla HD de 5,5\" y tornillos sinf\u00edn.","breadcrumb":{"@id":"https:\/\/www.utm30.com\/producto\/alphageo-ts-y-android\/#breadcrumb"},"inLanguage":"fr-FR","potentialAction":[{"@type":"ReadAction","target":["https:\/\/www.utm30.com\/producto\/alphageo-ts-y-android\/"]}]},{"@type":"BreadcrumbList","@id":"https:\/\/www.utm30.com\/producto\/alphageo-ts-y-android\/#breadcrumb","itemListElement":[{"@type":"ListItem","position":1,"name":"Portada","item":"https:\/\/www.utm30.com\/"},{"@type":"ListItem","position":2,"name":"Productos UTM30","item":"https:\/\/www.utm30.com\/productos-utm30\/"},{"@type":"ListItem","position":3,"name":"AlphaGEO TS-Y Android"}]},{"@type":"WebSite","@id":"https:\/\/www.utm30.com\/#website","url":"https:\/\/www.utm30.com\/","name":"UTM30 \u00b7 Equipos de Topografia","description":"Equipos de topograf\u00eda","publisher":{"@id":"https:\/\/www.utm30.com\/#organization"},"alternateName":"UTM30","potentialAction":[{"@type":"SearchAction","target":{"@type":"EntryPoint","urlTemplate":"https:\/\/www.utm30.com\/?s={search_term_string}"},"query-input":"required name=search_term_string"}],"inLanguage":"fr-FR"},{"@type":"Organization","@id":"https:\/\/www.utm30.com\/#organization","name":"UTM30 \u00b7 Equipos de topografia","alternateName":"UTM30","url":"https:\/\/www.utm30.com\/","logo":{"@type":"ImageObject","inLanguage":"fr-FR","@id":"https:\/\/www.utm30.com\/#\/schema\/logo\/image\/","url":"https:\/\/www.utm30.com\/wp-content\/uploads\/2023\/10\/logo_cartel_UTM30.png","contentUrl":"https:\/\/www.utm30.com\/wp-content\/uploads\/2023\/10\/logo_cartel_UTM30.png","width":1854,"height":475,"caption":"UTM30 \u00b7 Equipos de topografia"},"image":{"@id":"https:\/\/www.utm30.com\/#\/schema\/logo\/image\/"},"sameAs":["https:\/\/www.youtube.com\/channel\/UC492H-BCfKZoCIkRsT244xQ"]}]}},"_links":{"self":[{"href":"https:\/\/www.utm30.com\/fr\/wp-json\/wp\/v2\/product\/3666"}],"collection":[{"href":"https:\/\/www.utm30.com\/fr\/wp-json\/wp\/v2\/product"}],"about":[{"href":"https:\/\/www.utm30.com\/fr\/wp-json\/wp\/v2\/types\/product"}],"version-history":[{"count":7,"href":"https:\/\/www.utm30.com\/fr\/wp-json\/wp\/v2\/product\/3666\/revisions"}],"predecessor-version":[{"id":4004,"href":"https:\/\/www.utm30.com\/fr\/wp-json\/wp\/v2\/product\/3666\/revisions\/4004"}],"wp:featuredmedia":[{"embeddable":true,"href":"https:\/\/www.utm30.com\/fr\/wp-json\/wp\/v2\/media\/3671"}],"wp:attachment":[{"href":"https:\/\/www.utm30.com\/fr\/wp-json\/wp\/v2\/media?parent=3666"}],"wp:term":[{"taxonomy":"product_cat","embeddable":true,"href":"https:\/\/www.utm30.com\/fr\/wp-json\/wp\/v2\/product_cat?post=3666"},{"taxonomy":"product_tag","embeddable":true,"href":"https:\/\/www.utm30.com\/fr\/wp-json\/wp\/v2\/product_tag?post=3666"}],"curies":[{"name":"wp","href":"https:\/\/api.w.org\/{rel}","templated":true}]}}