{"id":3789,"date":"2024-04-11T08:22:32","date_gmt":"2024-04-11T06:22:32","guid":{"rendered":"https:\/\/www.utm30.com\/?post_type=product&#038;p=3789"},"modified":"2024-04-11T09:41:05","modified_gmt":"2024-04-11T07:41:05","slug":"stec-axis-10-robotizada","status":"publish","type":"product","link":"https:\/\/www.utm30.com\/fr\/produit\/stec-axis-10-robotique\/","title":{"rendered":"Stec Axis 10 Robotis\u00e9"},"content":{"rendered":"<p>Station totale robotis\u00e9e, pour une utilisation par un seul op\u00e9rateur<\/p>\n<pre><a href=\"https:\/\/www.utm30.com\/wp-content\/uploads\/2024\/04\/Folleto_Stec_Axis10.pdf\"><strong>\u2913 Voir la brochure PDF<\/strong><\/a>\r\n\r\n\r\n<img decoding=\"async\" class=\"alignnone wp-image-3793 size-full\" src=\"https:\/\/www.utm30.com\/wp-content\/uploads\/2024\/04\/Stec_Axis10_2.jpg\" alt=\"\" width=\"100%\" height=\"auto\" srcset=\"https:\/\/www.utm30.com\/wp-content\/uploads\/2024\/04\/Stec_Axis10_2.jpg 2560w, https:\/\/www.utm30.com\/wp-content\/uploads\/2024\/04\/Stec_Axis10_2-300x150.jpg 300w, https:\/\/www.utm30.com\/wp-content\/uploads\/2024\/04\/Stec_Axis10_2-1024x512.jpg 1024w, https:\/\/www.utm30.com\/wp-content\/uploads\/2024\/04\/Stec_Axis10_2-768x384.jpg 768w, https:\/\/www.utm30.com\/wp-content\/uploads\/2024\/04\/Stec_Axis10_2-1536x768.jpg 1536w, https:\/\/www.utm30.com\/wp-content\/uploads\/2024\/04\/Stec_Axis10_2-2048x1024.jpg 2048w, https:\/\/www.utm30.com\/wp-content\/uploads\/2024\/04\/Stec_Axis10_2-18x9.jpg 18w, https:\/\/www.utm30.com\/wp-content\/uploads\/2024\/04\/Stec_Axis10_2-600x300.jpg 600w\" sizes=\"(max-width: 2560px) 100vw, 2560px\" \/>\r\n\r\n<img decoding=\"async\" class=\"alignnone wp-image-3794 size-full\" src=\"https:\/\/www.utm30.com\/wp-content\/uploads\/2024\/04\/Stec_Axis10_3.jpg\" alt=\"\" width=\"100%\" height=\"auto\" srcset=\"https:\/\/www.utm30.com\/wp-content\/uploads\/2024\/04\/Stec_Axis10_3.jpg 2560w, https:\/\/www.utm30.com\/wp-content\/uploads\/2024\/04\/Stec_Axis10_3-300x167.jpg 300w, https:\/\/www.utm30.com\/wp-content\/uploads\/2024\/04\/Stec_Axis10_3-1024x569.jpg 1024w, https:\/\/www.utm30.com\/wp-content\/uploads\/2024\/04\/Stec_Axis10_3-768x427.jpg 768w, https:\/\/www.utm30.com\/wp-content\/uploads\/2024\/04\/Stec_Axis10_3-1536x853.jpg 1536w, https:\/\/www.utm30.com\/wp-content\/uploads\/2024\/04\/Stec_Axis10_3-2048x1138.jpg 2048w, https:\/\/www.utm30.com\/wp-content\/uploads\/2024\/04\/Stec_Axis10_3-18x10.jpg 18w, https:\/\/www.utm30.com\/wp-content\/uploads\/2024\/04\/Stec_Axis10_3-600x333.jpg 600w\" sizes=\"(max-width: 2560px) 100vw, 2560px\" \/>\r\n\r\n<img decoding=\"async\" class=\"alignnone wp-image-3795 size-full\" src=\"https:\/\/www.utm30.com\/wp-content\/uploads\/2024\/04\/Stec_Axis10_4.jpg\" alt=\"\" width=\"100%\" height=\"auto\" srcset=\"https:\/\/www.utm30.com\/wp-content\/uploads\/2024\/04\/Stec_Axis10_4.jpg 2560w, https:\/\/www.utm30.com\/wp-content\/uploads\/2024\/04\/Stec_Axis10_4-300x169.jpg 300w, https:\/\/www.utm30.com\/wp-content\/uploads\/2024\/04\/Stec_Axis10_4-1024x576.jpg 1024w, https:\/\/www.utm30.com\/wp-content\/uploads\/2024\/04\/Stec_Axis10_4-768x432.jpg 768w, https:\/\/www.utm30.com\/wp-content\/uploads\/2024\/04\/Stec_Axis10_4-1536x864.jpg 1536w, https:\/\/www.utm30.com\/wp-content\/uploads\/2024\/04\/Stec_Axis10_4-2048x1152.jpg 2048w, https:\/\/www.utm30.com\/wp-content\/uploads\/2024\/04\/Stec_Axis10_4-18x10.jpg 18w, https:\/\/www.utm30.com\/wp-content\/uploads\/2024\/04\/Stec_Axis10_4-600x338.jpg 600w\" sizes=\"(max-width: 2560px) 100vw, 2560px\" \/>\r\n\r\n<img decoding=\"async\" class=\"alignnone wp-image-3796 size-full\" src=\"https:\/\/www.utm30.com\/wp-content\/uploads\/2024\/04\/Stec_Axis10_5.jpg\" alt=\"\" width=\"100%\" height=\"auto\" srcset=\"https:\/\/www.utm30.com\/wp-content\/uploads\/2024\/04\/Stec_Axis10_5.jpg 1174w, https:\/\/www.utm30.com\/wp-content\/uploads\/2024\/04\/Stec_Axis10_5-300x150.jpg 300w, https:\/\/www.utm30.com\/wp-content\/uploads\/2024\/04\/Stec_Axis10_5-1024x512.jpg 1024w, https:\/\/www.utm30.com\/wp-content\/uploads\/2024\/04\/Stec_Axis10_5-768x384.jpg 768w, https:\/\/www.utm30.com\/wp-content\/uploads\/2024\/04\/Stec_Axis10_5-18x9.jpg 18w, https:\/\/www.utm30.com\/wp-content\/uploads\/2024\/04\/Stec_Axis10_5-600x300.jpg 600w\" sizes=\"(max-width: 1174px) 100vw, 1174px\" \/>\r\n\r\n<img decoding=\"async\" class=\"alignnone wp-image-3797 size-full\" src=\"https:\/\/www.utm30.com\/wp-content\/uploads\/2024\/04\/Stec_Axis10_6.jpg\" alt=\"\" width=\"100%\" height=\"auto\" srcset=\"https:\/\/www.utm30.com\/wp-content\/uploads\/2024\/04\/Stec_Axis10_6.jpg 1174w, https:\/\/www.utm30.com\/wp-content\/uploads\/2024\/04\/Stec_Axis10_6-300x150.jpg 300w, https:\/\/www.utm30.com\/wp-content\/uploads\/2024\/04\/Stec_Axis10_6-1024x512.jpg 1024w, https:\/\/www.utm30.com\/wp-content\/uploads\/2024\/04\/Stec_Axis10_6-768x384.jpg 768w, https:\/\/www.utm30.com\/wp-content\/uploads\/2024\/04\/Stec_Axis10_6-18x9.jpg 18w, https:\/\/www.utm30.com\/wp-content\/uploads\/2024\/04\/Stec_Axis10_6-600x300.jpg 600w\" sizes=\"(max-width: 1174px) 100vw, 1174px\" \/><\/pre>","protected":false},"excerpt":{"rendered":"<pre><img loading=\"lazy\" decoding=\"async\" class=\"alignnone wp-image-3774\" src=\"https:\/\/www.utm30.com\/wp-content\/uploads\/2024\/04\/Icono_STEC.png\" alt=\"\" width=\"80\" height=\"30\" srcset=\"https:\/\/www.utm30.com\/wp-content\/uploads\/2024\/04\/Icono_STEC.png 100w, https:\/\/www.utm30.com\/wp-content\/uploads\/2024\/04\/Icono_STEC-18x7.png 18w\" sizes=\"(max-width: 80px) 100vw, 80px\" \/>\r\n\r\n<\/pre>\n<h1>Stec Axis 10 Robotis\u00e9<\/h1>\n<h6><strong>100% station totale robotis\u00e9e, 1\u2033 long<br \/>\n<\/strong><\/h6>\n<ul>\n<li>Travail sur le terrain avec un seul op\u00e9rateur<\/li>\n<li>ATR (Auto-Tracing Prism) avec une port\u00e9e jusqu'\u00e0 1.000 m<\/li>\n<li>XTrak (recherche automatique de prisme) avec une port\u00e9e allant jusqu'\u00e0 300 m<\/li>\n<li>Vitesse de suivi du prisme jusqu'\u00e0 60 km\/h<\/li>\n<li>Moteur \u00e9lectrom\u00e9canique avec une vitesse de rotation de 180\u00b0\/s<\/li>\n<li>Cam\u00e9ra int\u00e9gr\u00e9e pour l'affichage de la cible \u00e0 l'\u00e9cran<\/li>\n<li>T\u00e9l\u00e9commande avec contr\u00f4leur ou smartphone, via bluetooth, longue port\u00e9e (jusqu'\u00e0 500 m)<\/li>\n<li>Pr\u00e9cision 1\u2033 et mesure sans prisme 1 000 m<\/li>\n<li>Syst\u00e8me d'exploitation Android<\/li>\n<li>2 x 6\u2033 \u00e9crans tactiles<\/li>\n<li>R\u00e9sistant \u00e0 l'eau et \u00e0 la poussi\u00e8re (IP66)<\/li>\n<li>Comprend le contr\u00f4leur et le logiciel de terrain<\/li>\n<\/ul>","protected":false},"featured_media":3792,"template":"","meta":{"_themeisle_gutenberg_block_has_review":false},"product_cat":[27],"product_tag":[52],"yoast_head":"<!-- This site is optimized with the Yoast SEO Premium plugin v21.6 (Yoast SEO v21.6) - https:\/\/yoast.com\/wordpress\/plugins\/seo\/ -->\n<title>Stec Axis 10 Robotizada | UTM30 \u00b7 Equipos de topograf\u00eda<\/title>\n<meta name=\"description\" content=\"Estaci\u00f3n total robotizada con S.O. Android. ATR, seguimiento y b\u00fasqueda autom\u00e1tica de prisma. C\u00e1mara integrada para visualizaci\u00f3n de objetivo en pantalla\" \/>\n<meta name=\"robots\" content=\"index, follow, max-snippet:-1, max-image-preview:large, max-video-preview:-1\" \/>\n<link rel=\"canonical\" href=\"https:\/\/www.utm30.com\/fr\/produit\/stec-axis-10-robotique\/\" \/>\n<meta property=\"og:locale\" content=\"fr_FR\" \/>\n<meta property=\"og:type\" content=\"article\" \/>\n<meta property=\"og:title\" content=\"Stec Axis 10 Robotizada\" \/>\n<meta property=\"og:description\" content=\"Estaci\u00f3n total robotizada con S.O. Android. ATR, seguimiento y b\u00fasqueda autom\u00e1tica de prisma. C\u00e1mara integrada para visualizaci\u00f3n de objetivo en pantalla\" \/>\n<meta property=\"og:url\" content=\"https:\/\/www.utm30.com\/fr\/produit\/stec-axis-10-robotique\/\" \/>\n<meta property=\"og:site_name\" content=\"UTM30 \u00b7 Equipos de topograf\u00eda\" \/>\n<meta property=\"article:modified_time\" content=\"2024-04-11T07:41:05+00:00\" \/>\n<meta property=\"og:image\" content=\"https:\/\/www.utm30.com\/wp-content\/uploads\/2024\/04\/Stec_Axis10_1.jpg\" \/>\n\t<meta property=\"og:image:width\" content=\"1200\" \/>\n\t<meta property=\"og:image:height\" content=\"1200\" \/>\n\t<meta property=\"og:image:type\" content=\"image\/jpeg\" \/>\n<meta name=\"twitter:card\" content=\"summary_large_image\" \/>\n<meta name=\"twitter:label1\" content=\"Dur\u00e9e de lecture estim\u00e9e\" \/>\n\t<meta name=\"twitter:data1\" content=\"1 minute\" \/>\n<script type=\"application\/ld+json\" class=\"yoast-schema-graph\">{\"@context\":\"https:\/\/schema.org\",\"@graph\":[{\"@type\":\"WebPage\",\"@id\":\"https:\/\/www.utm30.com\/producto\/stec-axis-10-robotizada\/\",\"url\":\"https:\/\/www.utm30.com\/producto\/stec-axis-10-robotizada\/\",\"name\":\"Stec Axis 10 Robotizada | UTM30 \u00b7 Equipos de topograf\u00eda\",\"isPartOf\":{\"@id\":\"https:\/\/www.utm30.com\/#website\"},\"datePublished\":\"2024-04-11T06:22:32+00:00\",\"dateModified\":\"2024-04-11T07:41:05+00:00\",\"description\":\"Estaci\u00f3n total robotizada con S.O. Android. ATR, seguimiento y b\u00fasqueda autom\u00e1tica de prisma. C\u00e1mara integrada para visualizaci\u00f3n de objetivo en pantalla\",\"breadcrumb\":{\"@id\":\"https:\/\/www.utm30.com\/producto\/stec-axis-10-robotizada\/#breadcrumb\"},\"inLanguage\":\"fr-FR\",\"potentialAction\":[{\"@type\":\"ReadAction\",\"target\":[\"https:\/\/www.utm30.com\/producto\/stec-axis-10-robotizada\/\"]}]},{\"@type\":\"BreadcrumbList\",\"@id\":\"https:\/\/www.utm30.com\/producto\/stec-axis-10-robotizada\/#breadcrumb\",\"itemListElement\":[{\"@type\":\"ListItem\",\"position\":1,\"name\":\"Portada\",\"item\":\"https:\/\/www.utm30.com\/\"},{\"@type\":\"ListItem\",\"position\":2,\"name\":\"Productos UTM30\",\"item\":\"https:\/\/www.utm30.com\/productos-utm30\/\"},{\"@type\":\"ListItem\",\"position\":3,\"name\":\"Stec Axis 10 Robotizada\"}]},{\"@type\":\"WebSite\",\"@id\":\"https:\/\/www.utm30.com\/#website\",\"url\":\"https:\/\/www.utm30.com\/\",\"name\":\"UTM30 \u00b7 Equipos de Topografia\",\"description\":\"Equipos de topograf\u00eda\",\"publisher\":{\"@id\":\"https:\/\/www.utm30.com\/#organization\"},\"alternateName\":\"UTM30\",\"potentialAction\":[{\"@type\":\"SearchAction\",\"target\":{\"@type\":\"EntryPoint\",\"urlTemplate\":\"https:\/\/www.utm30.com\/?s={search_term_string}\"},\"query-input\":\"required name=search_term_string\"}],\"inLanguage\":\"fr-FR\"},{\"@type\":\"Organization\",\"@id\":\"https:\/\/www.utm30.com\/#organization\",\"name\":\"UTM30 \u00b7 Equipos de topografia\",\"alternateName\":\"UTM30\",\"url\":\"https:\/\/www.utm30.com\/\",\"logo\":{\"@type\":\"ImageObject\",\"inLanguage\":\"fr-FR\",\"@id\":\"https:\/\/www.utm30.com\/#\/schema\/logo\/image\/\",\"url\":\"https:\/\/www.utm30.com\/wp-content\/uploads\/2023\/10\/logo_cartel_UTM30.png\",\"contentUrl\":\"https:\/\/www.utm30.com\/wp-content\/uploads\/2023\/10\/logo_cartel_UTM30.png\",\"width\":1854,\"height\":475,\"caption\":\"UTM30 \u00b7 Equipos de topografia\"},\"image\":{\"@id\":\"https:\/\/www.utm30.com\/#\/schema\/logo\/image\/\"},\"sameAs\":[\"https:\/\/www.youtube.com\/channel\/UC492H-BCfKZoCIkRsT244xQ\"]}]}<\/script>\n<!-- \/ Yoast SEO Premium plugin. -->","yoast_head_json":{"title":"Stec Axis 10 Robotizada | UTM30 \u00b7 Equipos de topograf\u00eda","description":"Estaci\u00f3n total robotizada con S.O. Android. ATR, seguimiento y b\u00fasqueda autom\u00e1tica de prisma. C\u00e1mara integrada para visualizaci\u00f3n de objetivo en pantalla","robots":{"index":"index","follow":"follow","max-snippet":"max-snippet:-1","max-image-preview":"max-image-preview:large","max-video-preview":"max-video-preview:-1"},"canonical":"https:\/\/www.utm30.com\/fr\/produit\/stec-axis-10-robotique\/","og_locale":"fr_FR","og_type":"article","og_title":"Stec Axis 10 Robotizada","og_description":"Estaci\u00f3n total robotizada con S.O. Android. ATR, seguimiento y b\u00fasqueda autom\u00e1tica de prisma. C\u00e1mara integrada para visualizaci\u00f3n de objetivo en pantalla","og_url":"https:\/\/www.utm30.com\/fr\/produit\/stec-axis-10-robotique\/","og_site_name":"UTM30 \u00b7 Equipos de topograf\u00eda","article_modified_time":"2024-04-11T07:41:05+00:00","og_image":[{"width":1200,"height":1200,"url":"https:\/\/www.utm30.com\/wp-content\/uploads\/2024\/04\/Stec_Axis10_1.jpg","type":"image\/jpeg"}],"twitter_card":"summary_large_image","twitter_misc":{"Dur\u00e9e de lecture estim\u00e9e":"1 minute"},"schema":{"@context":"https:\/\/schema.org","@graph":[{"@type":"WebPage","@id":"https:\/\/www.utm30.com\/producto\/stec-axis-10-robotizada\/","url":"https:\/\/www.utm30.com\/producto\/stec-axis-10-robotizada\/","name":"Stec Axis 10 Robotizada | UTM30 \u00b7 Equipos de topograf\u00eda","isPartOf":{"@id":"https:\/\/www.utm30.com\/#website"},"datePublished":"2024-04-11T06:22:32+00:00","dateModified":"2024-04-11T07:41:05+00:00","description":"Estaci\u00f3n total robotizada con S.O. Android. ATR, seguimiento y b\u00fasqueda autom\u00e1tica de prisma. C\u00e1mara integrada para visualizaci\u00f3n de objetivo en pantalla","breadcrumb":{"@id":"https:\/\/www.utm30.com\/producto\/stec-axis-10-robotizada\/#breadcrumb"},"inLanguage":"fr-FR","potentialAction":[{"@type":"ReadAction","target":["https:\/\/www.utm30.com\/producto\/stec-axis-10-robotizada\/"]}]},{"@type":"BreadcrumbList","@id":"https:\/\/www.utm30.com\/producto\/stec-axis-10-robotizada\/#breadcrumb","itemListElement":[{"@type":"ListItem","position":1,"name":"Portada","item":"https:\/\/www.utm30.com\/"},{"@type":"ListItem","position":2,"name":"Productos UTM30","item":"https:\/\/www.utm30.com\/productos-utm30\/"},{"@type":"ListItem","position":3,"name":"Stec Axis 10 Robotizada"}]},{"@type":"WebSite","@id":"https:\/\/www.utm30.com\/#website","url":"https:\/\/www.utm30.com\/","name":"UTM30 \u00b7 Equipos de Topografia","description":"Equipos de topograf\u00eda","publisher":{"@id":"https:\/\/www.utm30.com\/#organization"},"alternateName":"UTM30","potentialAction":[{"@type":"SearchAction","target":{"@type":"EntryPoint","urlTemplate":"https:\/\/www.utm30.com\/?s={search_term_string}"},"query-input":"required name=search_term_string"}],"inLanguage":"fr-FR"},{"@type":"Organization","@id":"https:\/\/www.utm30.com\/#organization","name":"UTM30 \u00b7 Equipos de topografia","alternateName":"UTM30","url":"https:\/\/www.utm30.com\/","logo":{"@type":"ImageObject","inLanguage":"fr-FR","@id":"https:\/\/www.utm30.com\/#\/schema\/logo\/image\/","url":"https:\/\/www.utm30.com\/wp-content\/uploads\/2023\/10\/logo_cartel_UTM30.png","contentUrl":"https:\/\/www.utm30.com\/wp-content\/uploads\/2023\/10\/logo_cartel_UTM30.png","width":1854,"height":475,"caption":"UTM30 \u00b7 Equipos de topografia"},"image":{"@id":"https:\/\/www.utm30.com\/#\/schema\/logo\/image\/"},"sameAs":["https:\/\/www.youtube.com\/channel\/UC492H-BCfKZoCIkRsT244xQ"]}]}},"_links":{"self":[{"href":"https:\/\/www.utm30.com\/fr\/wp-json\/wp\/v2\/product\/3789"}],"collection":[{"href":"https:\/\/www.utm30.com\/fr\/wp-json\/wp\/v2\/product"}],"about":[{"href":"https:\/\/www.utm30.com\/fr\/wp-json\/wp\/v2\/types\/product"}],"version-history":[{"count":6,"href":"https:\/\/www.utm30.com\/fr\/wp-json\/wp\/v2\/product\/3789\/revisions"}],"predecessor-version":[{"id":3802,"href":"https:\/\/www.utm30.com\/fr\/wp-json\/wp\/v2\/product\/3789\/revisions\/3802"}],"wp:featuredmedia":[{"embeddable":true,"href":"https:\/\/www.utm30.com\/fr\/wp-json\/wp\/v2\/media\/3792"}],"wp:attachment":[{"href":"https:\/\/www.utm30.com\/fr\/wp-json\/wp\/v2\/media?parent=3789"}],"wp:term":[{"taxonomy":"product_cat","embeddable":true,"href":"https:\/\/www.utm30.com\/fr\/wp-json\/wp\/v2\/product_cat?post=3789"},{"taxonomy":"product_tag","embeddable":true,"href":"https:\/\/www.utm30.com\/fr\/wp-json\/wp\/v2\/product_tag?post=3789"}],"curies":[{"name":"wp","href":"https:\/\/api.w.org\/{rel}","templated":true}]}}