{"id":3852,"date":"2024-04-12T18:12:24","date_gmt":"2024-04-12T16:12:24","guid":{"rendered":"https:\/\/www.utm30.com\/?post_type=product&#038;p=3852"},"modified":"2024-12-09T07:45:20","modified_gmt":"2024-12-09T06:45:20","slug":"reno2-3d-h6","status":"publish","type":"product","link":"https:\/\/www.utm30.com\/fr\/produit\/reno2-3d-h6\/","title":{"rendered":"Reno2 3D + H6"},"content":{"rendered":"","protected":false},"excerpt":{"rendered":"<pre><img loading=\"lazy\" decoding=\"async\" class=\"alignnone wp-image-3805\" src=\"https:\/\/www.utm30.com\/wp-content\/uploads\/2024\/04\/Icono_RUIDE.png\" alt=\"\" width=\"115\" height=\"22\" srcset=\"https:\/\/www.utm30.com\/wp-content\/uploads\/2024\/04\/Icono_RUIDE.png 209w, https:\/\/www.utm30.com\/wp-content\/uploads\/2024\/04\/Icono_RUIDE-18x3.png 18w\" sizes=\"(max-width: 115px) 100vw, 115px\" \/><\/pre>\n<h1>Reno2 visual 3D + H6<\/h1>\n<h6><strong>Offre group\u00e9e, comprenant les produits suivants :<br \/>\n<\/strong><\/h6>\n<ul>\n<li>R\u00e9cepteur Ruide Reno2 <a href=\"https:\/\/www.utm30.com\/fr\/produit\/ruide-reno2-visual-3d-2\/\"><strong><span style=\"color: #3366ff;\">(Voir le produit)<\/span><\/strong><\/a><\/li>\n<li>Contr\u00f4leur Ruide H6 <span style=\"color: #3366ff;\"><a style=\"color: #3366ff;\" href=\"https:\/\/www.utm30.com\/fr\/produit\/ruide-h6\/\"><strong>(Voir le produit)<\/strong><\/a><\/span><\/li>\n<li>Application professionnelle RTK GO <img loading=\"lazy\" decoding=\"async\" class=\"alignnone wp-image-3854\" src=\"https:\/\/www.utm30.com\/wp-content\/uploads\/2024\/04\/RTK-GO-ICON-MK3.png\" alt=\"\" width=\"15\" height=\"15\" srcset=\"https:\/\/www.utm30.com\/wp-content\/uploads\/2024\/04\/RTK-GO-ICON-MK3.png 150w, https:\/\/www.utm30.com\/wp-content\/uploads\/2024\/04\/RTK-GO-ICON-MK3-12x12.png 12w, https:\/\/www.utm30.com\/wp-content\/uploads\/2024\/04\/RTK-GO-ICON-MK3-100x100.png 100w\" sizes=\"(max-width: 15px) 100vw, 15px\" \/> <a href=\"https:\/\/www.utm30.com\/wp-content\/uploads\/2024\/01\/android_icono.svg\"><img loading=\"lazy\" decoding=\"async\" class=\"alignnone wp-image-3288\" src=\"https:\/\/www.utm30.com\/wp-content\/uploads\/2024\/01\/android_icono.svg\" alt=\"\" width=\"15\" height=\"15\" \/><\/a><\/li>\n<li>Support pour les contr\u00f4leurs<\/li>\n<li>Bandouli\u00e8re extensible (en option)<\/li>\n<li>Pr\u00e9configuration des points de r\u00e9f\u00e9rence et des stations de d\u00e9part (CORS), \u00e0 la demande du client<\/li>\n<\/ul>\n<p>&nbsp;<\/p>","protected":false},"featured_media":3882,"template":"","meta":{"_themeisle_gutenberg_block_has_review":false},"product_cat":[48],"product_tag":[49,22,63],"yoast_head":"<!-- This site is optimized with the Yoast SEO Premium plugin v21.6 (Yoast SEO v21.6) - https:\/\/yoast.com\/wordpress\/plugins\/seo\/ -->\n<title>GPS y controladora Ruide | Reno2 3D + H6<\/title>\n<meta name=\"description\" content=\"Pack oferta de receptor GPS Ruide Reno2 Visual 3D y Colectora de datos Ruide H6\" \/>\n<meta name=\"robots\" content=\"index, follow, max-snippet:-1, max-image-preview:large, max-video-preview:-1\" \/>\n<link rel=\"canonical\" href=\"https:\/\/www.utm30.com\/fr\/produit\/reno2-3d-h6\/\" \/>\n<meta property=\"og:locale\" content=\"fr_FR\" \/>\n<meta property=\"og:type\" content=\"article\" \/>\n<meta property=\"og:title\" content=\"Reno2 3D + H6\" \/>\n<meta property=\"og:description\" content=\"Pack oferta de receptor GPS Ruide Reno2 Visual 3D y Colectora de datos Ruide H6\" \/>\n<meta property=\"og:url\" content=\"https:\/\/www.utm30.com\/fr\/produit\/reno2-3d-h6\/\" \/>\n<meta property=\"og:site_name\" content=\"UTM30 \u00b7 Equipos de topograf\u00eda\" \/>\n<meta property=\"article:modified_time\" content=\"2024-12-09T06:45:20+00:00\" \/>\n<meta property=\"og:image\" content=\"https:\/\/www.utm30.com\/wp-content\/uploads\/2024\/04\/pack_Ruide_2b.jpg\" \/>\n\t<meta property=\"og:image:width\" content=\"800\" \/>\n\t<meta property=\"og:image:height\" content=\"800\" \/>\n\t<meta property=\"og:image:type\" content=\"image\/jpeg\" \/>\n<meta name=\"twitter:card\" content=\"summary_large_image\" \/>\n<script type=\"application\/ld+json\" class=\"yoast-schema-graph\">{\"@context\":\"https:\/\/schema.org\",\"@graph\":[{\"@type\":\"WebPage\",\"@id\":\"https:\/\/www.utm30.com\/producto\/reno2-3d-h6\/\",\"url\":\"https:\/\/www.utm30.com\/producto\/reno2-3d-h6\/\",\"name\":\"GPS y controladora Ruide | Reno2 3D + H6\",\"isPartOf\":{\"@id\":\"https:\/\/www.utm30.com\/#website\"},\"datePublished\":\"2024-04-12T16:12:24+00:00\",\"dateModified\":\"2024-12-09T06:45:20+00:00\",\"description\":\"Pack oferta de receptor GPS Ruide Reno2 Visual 3D y Colectora de datos Ruide H6\",\"breadcrumb\":{\"@id\":\"https:\/\/www.utm30.com\/producto\/reno2-3d-h6\/#breadcrumb\"},\"inLanguage\":\"fr-FR\",\"potentialAction\":[{\"@type\":\"ReadAction\",\"target\":[\"https:\/\/www.utm30.com\/producto\/reno2-3d-h6\/\"]}]},{\"@type\":\"BreadcrumbList\",\"@id\":\"https:\/\/www.utm30.com\/producto\/reno2-3d-h6\/#breadcrumb\",\"itemListElement\":[{\"@type\":\"ListItem\",\"position\":1,\"name\":\"Portada\",\"item\":\"https:\/\/www.utm30.com\/\"},{\"@type\":\"ListItem\",\"position\":2,\"name\":\"Productos UTM30\",\"item\":\"https:\/\/www.utm30.com\/productos-utm30\/\"},{\"@type\":\"ListItem\",\"position\":3,\"name\":\"Reno2 3D + H6\"}]},{\"@type\":\"WebSite\",\"@id\":\"https:\/\/www.utm30.com\/#website\",\"url\":\"https:\/\/www.utm30.com\/\",\"name\":\"UTM30 \u00b7 Equipos de Topografia\",\"description\":\"Equipos de topograf\u00eda\",\"publisher\":{\"@id\":\"https:\/\/www.utm30.com\/#organization\"},\"alternateName\":\"UTM30\",\"potentialAction\":[{\"@type\":\"SearchAction\",\"target\":{\"@type\":\"EntryPoint\",\"urlTemplate\":\"https:\/\/www.utm30.com\/?s={search_term_string}\"},\"query-input\":\"required name=search_term_string\"}],\"inLanguage\":\"fr-FR\"},{\"@type\":\"Organization\",\"@id\":\"https:\/\/www.utm30.com\/#organization\",\"name\":\"UTM30 \u00b7 Equipos de topografia\",\"alternateName\":\"UTM30\",\"url\":\"https:\/\/www.utm30.com\/\",\"logo\":{\"@type\":\"ImageObject\",\"inLanguage\":\"fr-FR\",\"@id\":\"https:\/\/www.utm30.com\/#\/schema\/logo\/image\/\",\"url\":\"https:\/\/www.utm30.com\/wp-content\/uploads\/2023\/10\/logo_cartel_UTM30.png\",\"contentUrl\":\"https:\/\/www.utm30.com\/wp-content\/uploads\/2023\/10\/logo_cartel_UTM30.png\",\"width\":1854,\"height\":475,\"caption\":\"UTM30 \u00b7 Equipos de topografia\"},\"image\":{\"@id\":\"https:\/\/www.utm30.com\/#\/schema\/logo\/image\/\"},\"sameAs\":[\"https:\/\/www.youtube.com\/channel\/UC492H-BCfKZoCIkRsT244xQ\"]}]}<\/script>\n<!-- \/ Yoast SEO Premium plugin. -->","yoast_head_json":{"title":"GPS y controladora Ruide | Reno2 3D + H6","description":"Pack oferta de receptor GPS Ruide Reno2 Visual 3D y Colectora de datos Ruide H6","robots":{"index":"index","follow":"follow","max-snippet":"max-snippet:-1","max-image-preview":"max-image-preview:large","max-video-preview":"max-video-preview:-1"},"canonical":"https:\/\/www.utm30.com\/fr\/produit\/reno2-3d-h6\/","og_locale":"fr_FR","og_type":"article","og_title":"Reno2 3D + H6","og_description":"Pack oferta de receptor GPS Ruide Reno2 Visual 3D y Colectora de datos Ruide H6","og_url":"https:\/\/www.utm30.com\/fr\/produit\/reno2-3d-h6\/","og_site_name":"UTM30 \u00b7 Equipos de topograf\u00eda","article_modified_time":"2024-12-09T06:45:20+00:00","og_image":[{"width":800,"height":800,"url":"https:\/\/www.utm30.com\/wp-content\/uploads\/2024\/04\/pack_Ruide_2b.jpg","type":"image\/jpeg"}],"twitter_card":"summary_large_image","schema":{"@context":"https:\/\/schema.org","@graph":[{"@type":"WebPage","@id":"https:\/\/www.utm30.com\/producto\/reno2-3d-h6\/","url":"https:\/\/www.utm30.com\/producto\/reno2-3d-h6\/","name":"GPS y controladora Ruide | Reno2 3D + H6","isPartOf":{"@id":"https:\/\/www.utm30.com\/#website"},"datePublished":"2024-04-12T16:12:24+00:00","dateModified":"2024-12-09T06:45:20+00:00","description":"Pack oferta de receptor GPS Ruide Reno2 Visual 3D y Colectora de datos Ruide H6","breadcrumb":{"@id":"https:\/\/www.utm30.com\/producto\/reno2-3d-h6\/#breadcrumb"},"inLanguage":"fr-FR","potentialAction":[{"@type":"ReadAction","target":["https:\/\/www.utm30.com\/producto\/reno2-3d-h6\/"]}]},{"@type":"BreadcrumbList","@id":"https:\/\/www.utm30.com\/producto\/reno2-3d-h6\/#breadcrumb","itemListElement":[{"@type":"ListItem","position":1,"name":"Portada","item":"https:\/\/www.utm30.com\/"},{"@type":"ListItem","position":2,"name":"Productos UTM30","item":"https:\/\/www.utm30.com\/productos-utm30\/"},{"@type":"ListItem","position":3,"name":"Reno2 3D + H6"}]},{"@type":"WebSite","@id":"https:\/\/www.utm30.com\/#website","url":"https:\/\/www.utm30.com\/","name":"UTM30 \u00b7 Equipos de Topografia","description":"Equipos de topograf\u00eda","publisher":{"@id":"https:\/\/www.utm30.com\/#organization"},"alternateName":"UTM30","potentialAction":[{"@type":"SearchAction","target":{"@type":"EntryPoint","urlTemplate":"https:\/\/www.utm30.com\/?s={search_term_string}"},"query-input":"required name=search_term_string"}],"inLanguage":"fr-FR"},{"@type":"Organization","@id":"https:\/\/www.utm30.com\/#organization","name":"UTM30 \u00b7 Equipos de topografia","alternateName":"UTM30","url":"https:\/\/www.utm30.com\/","logo":{"@type":"ImageObject","inLanguage":"fr-FR","@id":"https:\/\/www.utm30.com\/#\/schema\/logo\/image\/","url":"https:\/\/www.utm30.com\/wp-content\/uploads\/2023\/10\/logo_cartel_UTM30.png","contentUrl":"https:\/\/www.utm30.com\/wp-content\/uploads\/2023\/10\/logo_cartel_UTM30.png","width":1854,"height":475,"caption":"UTM30 \u00b7 Equipos de topografia"},"image":{"@id":"https:\/\/www.utm30.com\/#\/schema\/logo\/image\/"},"sameAs":["https:\/\/www.youtube.com\/channel\/UC492H-BCfKZoCIkRsT244xQ"]}]}},"_links":{"self":[{"href":"https:\/\/www.utm30.com\/fr\/wp-json\/wp\/v2\/product\/3852"}],"collection":[{"href":"https:\/\/www.utm30.com\/fr\/wp-json\/wp\/v2\/product"}],"about":[{"href":"https:\/\/www.utm30.com\/fr\/wp-json\/wp\/v2\/types\/product"}],"version-history":[{"count":4,"href":"https:\/\/www.utm30.com\/fr\/wp-json\/wp\/v2\/product\/3852\/revisions"}],"predecessor-version":[{"id":3865,"href":"https:\/\/www.utm30.com\/fr\/wp-json\/wp\/v2\/product\/3852\/revisions\/3865"}],"wp:featuredmedia":[{"embeddable":true,"href":"https:\/\/www.utm30.com\/fr\/wp-json\/wp\/v2\/media\/3882"}],"wp:attachment":[{"href":"https:\/\/www.utm30.com\/fr\/wp-json\/wp\/v2\/media?parent=3852"}],"wp:term":[{"taxonomy":"product_cat","embeddable":true,"href":"https:\/\/www.utm30.com\/fr\/wp-json\/wp\/v2\/product_cat?post=3852"},{"taxonomy":"product_tag","embeddable":true,"href":"https:\/\/www.utm30.com\/fr\/wp-json\/wp\/v2\/product_tag?post=3852"}],"curies":[{"name":"wp","href":"https:\/\/api.w.org\/{rel}","templated":true}]}}