{"id":4505,"date":"2025-01-31T18:29:55","date_gmt":"2025-01-31T17:29:55","guid":{"rendered":"https:\/\/www.utm30.com\/?post_type=product&#038;p=4505"},"modified":"2025-07-30T13:44:57","modified_gmt":"2025-07-30T11:44:57","slug":"intec-marvel-lite","status":"publish","type":"product","link":"https:\/\/www.utm30.com\/fr\/produit\/intec-marvel-lite-2\/","title":{"rendered":"Intec Marvel Lite"},"content":{"rendered":"<p>R\u00e9cepteur GPS avec inclinom\u00e8tre IMU pour les lev\u00e9s RTK, par Ntrip ou Radio. Intec Marvel Lite. Le GNSS le plus \u00e9conomique de la marque ! Parfait pour une base ou un rover.<\/p>\n<hr \/>\n<p>&nbsp;<\/p>\n<p><a href=\"https:\/\/www.utm30.com\/wp-content\/uploads\/2025\/01\/Folleto-Intec-Marvel-Lite_ES.pdf\"><img loading=\"lazy\" decoding=\"async\" class=\"aligncenter wp-image-4073\" src=\"https:\/\/www.utm30.com\/wp-content\/uploads\/2024\/04\/descargar_folleto_PDF_1-300x102.png\" alt=\"\" width=\"200\" height=\"68\" srcset=\"https:\/\/www.utm30.com\/wp-content\/uploads\/2024\/04\/descargar_folleto_PDF_1-300x102.png 300w, https:\/\/www.utm30.com\/wp-content\/uploads\/2024\/04\/descargar_folleto_PDF_1-18x6.png 18w, https:\/\/www.utm30.com\/wp-content\/uploads\/2024\/04\/descargar_folleto_PDF_1.png 458w\" sizes=\"(max-width: 200px) 100vw, 200px\" \/><\/a><\/p>\n<p>&nbsp;<\/p>\n<hr \/>","protected":false},"excerpt":{"rendered":"<h1><img loading=\"lazy\" decoding=\"async\" class=\"alignnone wp-image-4489\" src=\"https:\/\/www.utm30.com\/wp-content\/uploads\/2025\/01\/Logo_Intec.svg\" alt=\"\" width=\"108\" height=\"30\" \/><\/h1>\n<h1>Intec Marvel Lite<\/h1>\n<h6><strong>R\u00e9cepteur GPS (GNSS) performant et \u00e9conomique<\/strong><\/h6>\n<ul>\n<li style=\"list-style-type: none;\">\n<ul>\n<li>Possibilit\u00e9 d'utiliser la base ou le rover<\/li>\n<li>Radio Tx\/Rx et LoRa, port\u00e9e jusqu'\u00e0 12 km, avec diff\u00e9rents protocoles compatibles avec de nombreuses marques.<\/li>\n<li>IMU jusqu'\u00e0 120<\/li>\n<li>Multi-constellation et 1 408 canaux<\/li>\n<li>RTK, PPK (autog\u00e9r\u00e9 ou Ntrip) et PPP<\/li>\n<li>Connexion FIX robuste dans des environnements difficiles (sous les arbres, en milieu urbain, \u00e0 proximit\u00e9 de b\u00e2timents \u00e9lev\u00e9s)<\/li>\n<li>Application professionnelle d'enqu\u00eate sur le terrain InPad Field Survey<\/li>\n<li>Protection IP67 (r\u00e9siste \u00e0 des chutes d'une hauteur maximale de 1,80 m)<\/li>\n<\/ul>\n<\/li>\n<\/ul>\n<p>&nbsp;<\/p>\n<p><strong><span style=\"color: #339966;\">OFFRE DE LANCEMENT !<\/span><\/strong><\/p>","protected":false},"featured_media":4508,"template":"","meta":{"_themeisle_gutenberg_block_has_review":false},"product_cat":[26],"product_tag":[58,22,24,25],"yoast_head":"<!-- This site is optimized with the Yoast SEO Premium plugin v21.6 (Yoast SEO v21.6) - https:\/\/yoast.com\/wordpress\/plugins\/seo\/ -->\n<title>Intec Marvel Lite | Receptor GNSS econ\u00f3mico, robusto y muy ligero<\/title>\n<meta name=\"description\" content=\"GPS topogr\u00e1fico muy econ\u00f3mico, para trabajar como Base o como Rover. Dispone de IMU y puede funcionar en RTK mediante Ntrip o Radio\" \/>\n<meta name=\"robots\" content=\"index, follow, max-snippet:-1, max-image-preview:large, max-video-preview:-1\" \/>\n<link rel=\"canonical\" href=\"https:\/\/www.utm30.com\/fr\/produit\/intec-marvel-lite-2\/\" \/>\n<meta property=\"og:locale\" content=\"fr_FR\" \/>\n<meta property=\"og:type\" content=\"article\" \/>\n<meta property=\"og:title\" content=\"Intec Marvel Lite\" \/>\n<meta property=\"og:description\" content=\"GPS topogr\u00e1fico muy econ\u00f3mico, para trabajar como Base o como Rover. Dispone de IMU y puede funcionar en RTK mediante Ntrip o Radio\" \/>\n<meta property=\"og:url\" content=\"https:\/\/www.utm30.com\/fr\/produit\/intec-marvel-lite-2\/\" \/>\n<meta property=\"og:site_name\" content=\"UTM30 \u00b7 Equipos de topograf\u00eda\" \/>\n<meta property=\"article:modified_time\" content=\"2025-07-30T11:44:57+00:00\" \/>\n<meta property=\"og:image\" content=\"https:\/\/www.utm30.com\/wp-content\/uploads\/2025\/01\/IntecMarvelLite1.jpg\" \/>\n\t<meta property=\"og:image:width\" content=\"1000\" \/>\n\t<meta property=\"og:image:height\" content=\"1000\" \/>\n\t<meta property=\"og:image:type\" content=\"image\/jpeg\" \/>\n<meta name=\"twitter:card\" content=\"summary_large_image\" \/>\n<meta name=\"twitter:label1\" content=\"Dur\u00e9e de lecture estim\u00e9e\" \/>\n\t<meta name=\"twitter:data1\" content=\"1 minute\" \/>\n<script type=\"application\/ld+json\" class=\"yoast-schema-graph\">{\"@context\":\"https:\/\/schema.org\",\"@graph\":[{\"@type\":\"WebPage\",\"@id\":\"https:\/\/www.utm30.com\/producto\/intec-marvel-lite\/\",\"url\":\"https:\/\/www.utm30.com\/producto\/intec-marvel-lite\/\",\"name\":\"Intec Marvel Lite | Receptor GNSS econ\u00f3mico, robusto y muy ligero\",\"isPartOf\":{\"@id\":\"https:\/\/www.utm30.com\/#website\"},\"datePublished\":\"2025-01-31T17:29:55+00:00\",\"dateModified\":\"2025-07-30T11:44:57+00:00\",\"description\":\"GPS topogr\u00e1fico muy econ\u00f3mico, para trabajar como Base o como Rover. Dispone de IMU y puede funcionar en RTK mediante Ntrip o Radio\",\"breadcrumb\":{\"@id\":\"https:\/\/www.utm30.com\/producto\/intec-marvel-lite\/#breadcrumb\"},\"inLanguage\":\"fr-FR\",\"potentialAction\":[{\"@type\":\"ReadAction\",\"target\":[\"https:\/\/www.utm30.com\/producto\/intec-marvel-lite\/\"]}]},{\"@type\":\"BreadcrumbList\",\"@id\":\"https:\/\/www.utm30.com\/producto\/intec-marvel-lite\/#breadcrumb\",\"itemListElement\":[{\"@type\":\"ListItem\",\"position\":1,\"name\":\"Portada\",\"item\":\"https:\/\/www.utm30.com\/\"},{\"@type\":\"ListItem\",\"position\":2,\"name\":\"Productos UTM30\",\"item\":\"https:\/\/www.utm30.com\/productos-utm30\/\"},{\"@type\":\"ListItem\",\"position\":3,\"name\":\"Intec Marvel Lite\"}]},{\"@type\":\"WebSite\",\"@id\":\"https:\/\/www.utm30.com\/#website\",\"url\":\"https:\/\/www.utm30.com\/\",\"name\":\"UTM30 \u00b7 Equipos de Topografia\",\"description\":\"Equipos de topograf\u00eda\",\"publisher\":{\"@id\":\"https:\/\/www.utm30.com\/#organization\"},\"alternateName\":\"UTM30\",\"potentialAction\":[{\"@type\":\"SearchAction\",\"target\":{\"@type\":\"EntryPoint\",\"urlTemplate\":\"https:\/\/www.utm30.com\/?s={search_term_string}\"},\"query-input\":\"required name=search_term_string\"}],\"inLanguage\":\"fr-FR\"},{\"@type\":\"Organization\",\"@id\":\"https:\/\/www.utm30.com\/#organization\",\"name\":\"UTM30 \u00b7 Equipos de topografia\",\"alternateName\":\"UTM30\",\"url\":\"https:\/\/www.utm30.com\/\",\"logo\":{\"@type\":\"ImageObject\",\"inLanguage\":\"fr-FR\",\"@id\":\"https:\/\/www.utm30.com\/#\/schema\/logo\/image\/\",\"url\":\"https:\/\/www.utm30.com\/wp-content\/uploads\/2023\/10\/logo_cartel_UTM30.png\",\"contentUrl\":\"https:\/\/www.utm30.com\/wp-content\/uploads\/2023\/10\/logo_cartel_UTM30.png\",\"width\":1854,\"height\":475,\"caption\":\"UTM30 \u00b7 Equipos de topografia\"},\"image\":{\"@id\":\"https:\/\/www.utm30.com\/#\/schema\/logo\/image\/\"},\"sameAs\":[\"https:\/\/www.youtube.com\/channel\/UC492H-BCfKZoCIkRsT244xQ\"]}]}<\/script>\n<!-- \/ Yoast SEO Premium plugin. -->","yoast_head_json":{"title":"Intec Marvel Lite | Receptor GNSS econ\u00f3mico, robusto y muy ligero","description":"GPS topogr\u00e1fico muy econ\u00f3mico, para trabajar como Base o como Rover. Dispone de IMU y puede funcionar en RTK mediante Ntrip o Radio","robots":{"index":"index","follow":"follow","max-snippet":"max-snippet:-1","max-image-preview":"max-image-preview:large","max-video-preview":"max-video-preview:-1"},"canonical":"https:\/\/www.utm30.com\/fr\/produit\/intec-marvel-lite-2\/","og_locale":"fr_FR","og_type":"article","og_title":"Intec Marvel Lite","og_description":"GPS topogr\u00e1fico muy econ\u00f3mico, para trabajar como Base o como Rover. Dispone de IMU y puede funcionar en RTK mediante Ntrip o Radio","og_url":"https:\/\/www.utm30.com\/fr\/produit\/intec-marvel-lite-2\/","og_site_name":"UTM30 \u00b7 Equipos de topograf\u00eda","article_modified_time":"2025-07-30T11:44:57+00:00","og_image":[{"width":1000,"height":1000,"url":"https:\/\/www.utm30.com\/wp-content\/uploads\/2025\/01\/IntecMarvelLite1.jpg","type":"image\/jpeg"}],"twitter_card":"summary_large_image","twitter_misc":{"Dur\u00e9e de lecture estim\u00e9e":"1 minute"},"schema":{"@context":"https:\/\/schema.org","@graph":[{"@type":"WebPage","@id":"https:\/\/www.utm30.com\/producto\/intec-marvel-lite\/","url":"https:\/\/www.utm30.com\/producto\/intec-marvel-lite\/","name":"Intec Marvel Lite | Receptor GNSS econ\u00f3mico, robusto y muy ligero","isPartOf":{"@id":"https:\/\/www.utm30.com\/#website"},"datePublished":"2025-01-31T17:29:55+00:00","dateModified":"2025-07-30T11:44:57+00:00","description":"GPS topogr\u00e1fico muy econ\u00f3mico, para trabajar como Base o como Rover. Dispone de IMU y puede funcionar en RTK mediante Ntrip o Radio","breadcrumb":{"@id":"https:\/\/www.utm30.com\/producto\/intec-marvel-lite\/#breadcrumb"},"inLanguage":"fr-FR","potentialAction":[{"@type":"ReadAction","target":["https:\/\/www.utm30.com\/producto\/intec-marvel-lite\/"]}]},{"@type":"BreadcrumbList","@id":"https:\/\/www.utm30.com\/producto\/intec-marvel-lite\/#breadcrumb","itemListElement":[{"@type":"ListItem","position":1,"name":"Portada","item":"https:\/\/www.utm30.com\/"},{"@type":"ListItem","position":2,"name":"Productos UTM30","item":"https:\/\/www.utm30.com\/productos-utm30\/"},{"@type":"ListItem","position":3,"name":"Intec Marvel Lite"}]},{"@type":"WebSite","@id":"https:\/\/www.utm30.com\/#website","url":"https:\/\/www.utm30.com\/","name":"UTM30 \u00b7 Equipos de Topografia","description":"Equipos de topograf\u00eda","publisher":{"@id":"https:\/\/www.utm30.com\/#organization"},"alternateName":"UTM30","potentialAction":[{"@type":"SearchAction","target":{"@type":"EntryPoint","urlTemplate":"https:\/\/www.utm30.com\/?s={search_term_string}"},"query-input":"required name=search_term_string"}],"inLanguage":"fr-FR"},{"@type":"Organization","@id":"https:\/\/www.utm30.com\/#organization","name":"UTM30 \u00b7 Equipos de topografia","alternateName":"UTM30","url":"https:\/\/www.utm30.com\/","logo":{"@type":"ImageObject","inLanguage":"fr-FR","@id":"https:\/\/www.utm30.com\/#\/schema\/logo\/image\/","url":"https:\/\/www.utm30.com\/wp-content\/uploads\/2023\/10\/logo_cartel_UTM30.png","contentUrl":"https:\/\/www.utm30.com\/wp-content\/uploads\/2023\/10\/logo_cartel_UTM30.png","width":1854,"height":475,"caption":"UTM30 \u00b7 Equipos de topografia"},"image":{"@id":"https:\/\/www.utm30.com\/#\/schema\/logo\/image\/"},"sameAs":["https:\/\/www.youtube.com\/channel\/UC492H-BCfKZoCIkRsT244xQ"]}]}},"_links":{"self":[{"href":"https:\/\/www.utm30.com\/fr\/wp-json\/wp\/v2\/product\/4505"}],"collection":[{"href":"https:\/\/www.utm30.com\/fr\/wp-json\/wp\/v2\/product"}],"about":[{"href":"https:\/\/www.utm30.com\/fr\/wp-json\/wp\/v2\/types\/product"}],"version-history":[{"count":5,"href":"https:\/\/www.utm30.com\/fr\/wp-json\/wp\/v2\/product\/4505\/revisions"}],"predecessor-version":[{"id":4737,"href":"https:\/\/www.utm30.com\/fr\/wp-json\/wp\/v2\/product\/4505\/revisions\/4737"}],"wp:featuredmedia":[{"embeddable":true,"href":"https:\/\/www.utm30.com\/fr\/wp-json\/wp\/v2\/media\/4508"}],"wp:attachment":[{"href":"https:\/\/www.utm30.com\/fr\/wp-json\/wp\/v2\/media?parent=4505"}],"wp:term":[{"taxonomy":"product_cat","embeddable":true,"href":"https:\/\/www.utm30.com\/fr\/wp-json\/wp\/v2\/product_cat?post=4505"},{"taxonomy":"product_tag","embeddable":true,"href":"https:\/\/www.utm30.com\/fr\/wp-json\/wp\/v2\/product_tag?post=4505"}],"curies":[{"name":"wp","href":"https:\/\/api.w.org\/{rel}","templated":true}]}}