{"id":5168,"date":"2025-12-08T07:22:20","date_gmt":"2025-12-08T06:22:20","guid":{"rendered":"https:\/\/www.utm30.com\/?post_type=product&#038;p=5168"},"modified":"2025-12-08T07:22:21","modified_gmt":"2025-12-08T06:22:21","slug":"surpro","status":"publish","type":"product","link":"https:\/\/www.utm30.com\/fr\/produit\/surpro\/","title":{"rendered":"SurPro"},"content":{"rendered":"<p>Software para uso en dispositivos Android y conexi\u00f3n con receptores GNSS, Estaciones Totales y Esc\u00e1ner l\u00e1ser (SLAM)<\/p>","protected":false},"excerpt":{"rendered":"<h1>SurPro<\/h1>\n<h1><img loading=\"lazy\" decoding=\"async\" class=\"alignnone wp-image-3193 size-full\" src=\"https:\/\/www.utm30.com\/wp-content\/uploads\/2024\/01\/Icono_a-GEO_b.png\" alt=\"\" width=\"87\" height=\"20\" srcset=\"https:\/\/www.utm30.com\/wp-content\/uploads\/2024\/01\/Icono_a-GEO_b.png 87w, https:\/\/www.utm30.com\/wp-content\/uploads\/2024\/01\/Icono_a-GEO_b-18x4.png 18w\" sizes=\"(max-width: 87px) 100vw, 87px\" \/><\/h1>\n<h6><strong>APP Android para utilizar en campo con receptor GPS y Estaci\u00f3n Total<\/strong><\/h6>\n<ul>\n<li>Utilizable en GPS y Estaci\u00f3n total<\/li>\n<li>Compatible con diversas marcas<\/li>\n<li>Multi-lenguaje (m\u00e1s de 30 idiomas disponibles)<\/li>\n<li>Interfaz muy intuitiva e iconos amigables<\/li>\n<li>Numerosas funciones<\/li>\n<li>Fotogrametr\u00eda, Laser y Realidad aumentada<\/li>\n<li>Levantamiento de puntos, Levantamiento de lineas<\/li>\n<li>Replanteo de puntos, Replanteo de lineas, Replanteo de caminos<\/li>\n<li>Replanteo de superficies MDT, Replanteo CAD<\/li>\n<li>Superposici\u00f3n de CAD, Mapas, Ortofotos, WMS<\/li>\n<li>Importaci\u00f3n y Exportaci\u00f3n sencilla<\/li>\n<li>Sistemas de coordenadas predefinidos, por pa\u00eds<\/li>\n<li>Licencia perpetua (sin otros pagos) y actualizaciones gratuitas<\/li>\n<\/ul>","protected":false},"featured_media":5171,"template":"","meta":{"_themeisle_gutenberg_block_has_review":false},"product_cat":[68],"product_tag":[],"yoast_head":"<!-- This site is optimized with the Yoast SEO Premium plugin v21.6 (Yoast SEO v21.6) - https:\/\/yoast.com\/wordpress\/plugins\/seo\/ -->\n<title>SurPro | Software profesional de campo para topograf\u00eda<\/title>\n<meta name=\"description\" content=\"APP para dispositivos Android. Herramienta profesional para uso en aplicaciones topog\u00e1ficas y geod\u00e9sicas. Control de GPS, Estaci\u00f3n Total y SLAM\" \/>\n<meta name=\"robots\" content=\"index, follow, max-snippet:-1, max-image-preview:large, max-video-preview:-1\" \/>\n<link rel=\"canonical\" href=\"https:\/\/www.utm30.com\/fr\/produit\/surpro\/\" \/>\n<meta property=\"og:locale\" content=\"fr_FR\" \/>\n<meta property=\"og:type\" content=\"article\" \/>\n<meta property=\"og:title\" content=\"SurPro\" \/>\n<meta property=\"og:description\" content=\"APP para dispositivos Android. Herramienta profesional para uso en aplicaciones topog\u00e1ficas y geod\u00e9sicas. Control de GPS, Estaci\u00f3n Total y SLAM\" \/>\n<meta property=\"og:url\" content=\"https:\/\/www.utm30.com\/fr\/produit\/surpro\/\" \/>\n<meta property=\"og:site_name\" content=\"UTM30 \u00b7 Equipos de topograf\u00eda\" \/>\n<meta property=\"article:modified_time\" content=\"2025-12-08T06:22:21+00:00\" \/>\n<meta property=\"og:image\" content=\"https:\/\/www.utm30.com\/wp-content\/uploads\/2025\/12\/SurPro_01.jpg\" \/>\n\t<meta property=\"og:image:width\" content=\"1000\" \/>\n\t<meta property=\"og:image:height\" content=\"1000\" \/>\n\t<meta property=\"og:image:type\" content=\"image\/jpeg\" \/>\n<meta name=\"twitter:card\" content=\"summary_large_image\" \/>\n<meta name=\"twitter:label1\" content=\"Dur\u00e9e de lecture estim\u00e9e\" \/>\n\t<meta name=\"twitter:data1\" content=\"1 minute\" \/>\n<script type=\"application\/ld+json\" class=\"yoast-schema-graph\">{\"@context\":\"https:\/\/schema.org\",\"@graph\":[{\"@type\":\"WebPage\",\"@id\":\"https:\/\/www.utm30.com\/producto\/surpro\/\",\"url\":\"https:\/\/www.utm30.com\/producto\/surpro\/\",\"name\":\"SurPro | Software profesional de campo para topograf\u00eda\",\"isPartOf\":{\"@id\":\"https:\/\/www.utm30.com\/#website\"},\"datePublished\":\"2025-12-08T06:22:20+00:00\",\"dateModified\":\"2025-12-08T06:22:21+00:00\",\"description\":\"APP para dispositivos Android. Herramienta profesional para uso en aplicaciones topog\u00e1ficas y geod\u00e9sicas. Control de GPS, Estaci\u00f3n Total y SLAM\",\"breadcrumb\":{\"@id\":\"https:\/\/www.utm30.com\/producto\/surpro\/#breadcrumb\"},\"inLanguage\":\"fr-FR\",\"potentialAction\":[{\"@type\":\"ReadAction\",\"target\":[\"https:\/\/www.utm30.com\/producto\/surpro\/\"]}]},{\"@type\":\"BreadcrumbList\",\"@id\":\"https:\/\/www.utm30.com\/producto\/surpro\/#breadcrumb\",\"itemListElement\":[{\"@type\":\"ListItem\",\"position\":1,\"name\":\"Portada\",\"item\":\"https:\/\/www.utm30.com\/\"},{\"@type\":\"ListItem\",\"position\":2,\"name\":\"Productos UTM30\",\"item\":\"https:\/\/www.utm30.com\/productos-utm30\/\"},{\"@type\":\"ListItem\",\"position\":3,\"name\":\"SurPro\"}]},{\"@type\":\"WebSite\",\"@id\":\"https:\/\/www.utm30.com\/#website\",\"url\":\"https:\/\/www.utm30.com\/\",\"name\":\"UTM30 \u00b7 Equipos de Topografia\",\"description\":\"Equipos de topograf\u00eda\",\"publisher\":{\"@id\":\"https:\/\/www.utm30.com\/#organization\"},\"alternateName\":\"UTM30\",\"potentialAction\":[{\"@type\":\"SearchAction\",\"target\":{\"@type\":\"EntryPoint\",\"urlTemplate\":\"https:\/\/www.utm30.com\/?s={search_term_string}\"},\"query-input\":\"required name=search_term_string\"}],\"inLanguage\":\"fr-FR\"},{\"@type\":\"Organization\",\"@id\":\"https:\/\/www.utm30.com\/#organization\",\"name\":\"UTM30 \u00b7 Equipos de topografia\",\"alternateName\":\"UTM30\",\"url\":\"https:\/\/www.utm30.com\/\",\"logo\":{\"@type\":\"ImageObject\",\"inLanguage\":\"fr-FR\",\"@id\":\"https:\/\/www.utm30.com\/#\/schema\/logo\/image\/\",\"url\":\"https:\/\/www.utm30.com\/wp-content\/uploads\/2023\/10\/logo_cartel_UTM30.png\",\"contentUrl\":\"https:\/\/www.utm30.com\/wp-content\/uploads\/2023\/10\/logo_cartel_UTM30.png\",\"width\":1854,\"height\":475,\"caption\":\"UTM30 \u00b7 Equipos de topografia\"},\"image\":{\"@id\":\"https:\/\/www.utm30.com\/#\/schema\/logo\/image\/\"},\"sameAs\":[\"https:\/\/www.youtube.com\/channel\/UC492H-BCfKZoCIkRsT244xQ\"]}]}<\/script>\n<!-- \/ Yoast SEO Premium plugin. -->","yoast_head_json":{"title":"SurPro | Software profesional de campo para topograf\u00eda","description":"APP para dispositivos Android. Herramienta profesional para uso en aplicaciones topog\u00e1ficas y geod\u00e9sicas. Control de GPS, Estaci\u00f3n Total y SLAM","robots":{"index":"index","follow":"follow","max-snippet":"max-snippet:-1","max-image-preview":"max-image-preview:large","max-video-preview":"max-video-preview:-1"},"canonical":"https:\/\/www.utm30.com\/fr\/produit\/surpro\/","og_locale":"fr_FR","og_type":"article","og_title":"SurPro","og_description":"APP para dispositivos Android. Herramienta profesional para uso en aplicaciones topog\u00e1ficas y geod\u00e9sicas. Control de GPS, Estaci\u00f3n Total y SLAM","og_url":"https:\/\/www.utm30.com\/fr\/produit\/surpro\/","og_site_name":"UTM30 \u00b7 Equipos de topograf\u00eda","article_modified_time":"2025-12-08T06:22:21+00:00","og_image":[{"width":1000,"height":1000,"url":"https:\/\/www.utm30.com\/wp-content\/uploads\/2025\/12\/SurPro_01.jpg","type":"image\/jpeg"}],"twitter_card":"summary_large_image","twitter_misc":{"Dur\u00e9e de lecture estim\u00e9e":"1 minute"},"schema":{"@context":"https:\/\/schema.org","@graph":[{"@type":"WebPage","@id":"https:\/\/www.utm30.com\/producto\/surpro\/","url":"https:\/\/www.utm30.com\/producto\/surpro\/","name":"SurPro | Software profesional de campo para topograf\u00eda","isPartOf":{"@id":"https:\/\/www.utm30.com\/#website"},"datePublished":"2025-12-08T06:22:20+00:00","dateModified":"2025-12-08T06:22:21+00:00","description":"APP para dispositivos Android. Herramienta profesional para uso en aplicaciones topog\u00e1ficas y geod\u00e9sicas. Control de GPS, Estaci\u00f3n Total y SLAM","breadcrumb":{"@id":"https:\/\/www.utm30.com\/producto\/surpro\/#breadcrumb"},"inLanguage":"fr-FR","potentialAction":[{"@type":"ReadAction","target":["https:\/\/www.utm30.com\/producto\/surpro\/"]}]},{"@type":"BreadcrumbList","@id":"https:\/\/www.utm30.com\/producto\/surpro\/#breadcrumb","itemListElement":[{"@type":"ListItem","position":1,"name":"Portada","item":"https:\/\/www.utm30.com\/"},{"@type":"ListItem","position":2,"name":"Productos UTM30","item":"https:\/\/www.utm30.com\/productos-utm30\/"},{"@type":"ListItem","position":3,"name":"SurPro"}]},{"@type":"WebSite","@id":"https:\/\/www.utm30.com\/#website","url":"https:\/\/www.utm30.com\/","name":"UTM30 \u00b7 Equipos de Topografia","description":"Equipos de topograf\u00eda","publisher":{"@id":"https:\/\/www.utm30.com\/#organization"},"alternateName":"UTM30","potentialAction":[{"@type":"SearchAction","target":{"@type":"EntryPoint","urlTemplate":"https:\/\/www.utm30.com\/?s={search_term_string}"},"query-input":"required name=search_term_string"}],"inLanguage":"fr-FR"},{"@type":"Organization","@id":"https:\/\/www.utm30.com\/#organization","name":"UTM30 \u00b7 Equipos de topografia","alternateName":"UTM30","url":"https:\/\/www.utm30.com\/","logo":{"@type":"ImageObject","inLanguage":"fr-FR","@id":"https:\/\/www.utm30.com\/#\/schema\/logo\/image\/","url":"https:\/\/www.utm30.com\/wp-content\/uploads\/2023\/10\/logo_cartel_UTM30.png","contentUrl":"https:\/\/www.utm30.com\/wp-content\/uploads\/2023\/10\/logo_cartel_UTM30.png","width":1854,"height":475,"caption":"UTM30 \u00b7 Equipos de topografia"},"image":{"@id":"https:\/\/www.utm30.com\/#\/schema\/logo\/image\/"},"sameAs":["https:\/\/www.youtube.com\/channel\/UC492H-BCfKZoCIkRsT244xQ"]}]}},"_links":{"self":[{"href":"https:\/\/www.utm30.com\/fr\/wp-json\/wp\/v2\/product\/5168"}],"collection":[{"href":"https:\/\/www.utm30.com\/fr\/wp-json\/wp\/v2\/product"}],"about":[{"href":"https:\/\/www.utm30.com\/fr\/wp-json\/wp\/v2\/types\/product"}],"version-history":[{"count":1,"href":"https:\/\/www.utm30.com\/fr\/wp-json\/wp\/v2\/product\/5168\/revisions"}],"predecessor-version":[{"id":5174,"href":"https:\/\/www.utm30.com\/fr\/wp-json\/wp\/v2\/product\/5168\/revisions\/5174"}],"wp:featuredmedia":[{"embeddable":true,"href":"https:\/\/www.utm30.com\/fr\/wp-json\/wp\/v2\/media\/5171"}],"wp:attachment":[{"href":"https:\/\/www.utm30.com\/fr\/wp-json\/wp\/v2\/media?parent=5168"}],"wp:term":[{"taxonomy":"product_cat","embeddable":true,"href":"https:\/\/www.utm30.com\/fr\/wp-json\/wp\/v2\/product_cat?post=5168"},{"taxonomy":"product_tag","embeddable":true,"href":"https:\/\/www.utm30.com\/fr\/wp-json\/wp\/v2\/product_tag?post=5168"}],"curies":[{"name":"wp","href":"https:\/\/api.w.org\/{rel}","templated":true}]}}