{"id":3815,"date":"2024-04-11T22:59:22","date_gmt":"2024-04-11T20:59:22","guid":{"rendered":"https:\/\/www.utm30.com\/?post_type=product&#038;p=3815"},"modified":"2026-03-17T16:23:29","modified_gmt":"2026-03-17T15:23:29","slug":"ruide-v1","status":"publish","type":"product","link":"https:\/\/www.utm30.com\/it\/prodotto\/ruide-v1\/","title":{"rendered":"Ruide V1"},"content":{"rendered":"<p>Ricevitore GPS (GNSS) per la topografia con fotocamera per il picchettamento AR. Ruide V1 per il rilevamento del territorio. Prezzo basso.<\/p>\n<p>&nbsp;<\/p>\n<hr style=\"border: none; height: 1px; background-color: #dcdcdc;\" \/>\n<p>&nbsp;<\/p>\n<p><a style=\"background-color: #184f7c; color: white; font-size: 22px; padding: 10px; text-decoration: none; border-radius: 5px;\" href=\"https:\/\/www.utm30.com\/it\/alquiler\/\">PROVALO IN AFFITTO \u27f9<\/a><\/p>\n<p><span style=\"color: #333333;\">Se poi lo si acquista <\/span><strong><span style=\"color: #b88041;\">50% dell'importo pagato per il noleggio vi sar\u00e0 rimborsato!<\/span><br \/>\n<\/strong><\/p>\n<hr style=\"border: none; height: 1px; background-color: #dcdcdc;\" \/>\n<p>&nbsp;<\/p>\n<p><img loading=\"lazy\" decoding=\"async\" class=\"wp-image-4068 size-full aligncenter\" src=\"https:\/\/www.utm30.com\/wp-content\/uploads\/2024\/04\/Ruide_V1_10.jpg\" alt=\"\" width=\"643\" height=\"432\" srcset=\"https:\/\/www.utm30.com\/wp-content\/uploads\/2024\/04\/Ruide_V1_10.jpg 643w, https:\/\/www.utm30.com\/wp-content\/uploads\/2024\/04\/Ruide_V1_10-300x202.jpg 300w, https:\/\/www.utm30.com\/wp-content\/uploads\/2024\/04\/Ruide_V1_10-18x12.jpg 18w, https:\/\/www.utm30.com\/wp-content\/uploads\/2024\/04\/Ruide_V1_10-600x403.jpg 600w\" sizes=\"(max-width: 643px) 100vw, 643px\" \/><\/p>\n<p>&nbsp;<\/p>\n<p><img decoding=\"async\" class=\"alignnone wp-image-4066 size-full\" src=\"https:\/\/www.utm30.com\/wp-content\/uploads\/2024\/04\/Ruide_V1_11.jpg\" alt=\"\" width=\"100%\" height=\"auto\" srcset=\"https:\/\/www.utm30.com\/wp-content\/uploads\/2024\/04\/Ruide_V1_11.jpg 1075w, https:\/\/www.utm30.com\/wp-content\/uploads\/2024\/04\/Ruide_V1_11-300x112.jpg 300w, https:\/\/www.utm30.com\/wp-content\/uploads\/2024\/04\/Ruide_V1_11-1024x381.jpg 1024w, https:\/\/www.utm30.com\/wp-content\/uploads\/2024\/04\/Ruide_V1_11-768x286.jpg 768w, https:\/\/www.utm30.com\/wp-content\/uploads\/2024\/04\/Ruide_V1_11-18x7.jpg 18w, https:\/\/www.utm30.com\/wp-content\/uploads\/2024\/04\/Ruide_V1_11-600x223.jpg 600w\" sizes=\"(max-width: 1075px) 100vw, 1075px\" \/><\/p>\n<p>&nbsp;<\/p>\n<p><img decoding=\"async\" class=\"wp-image-4067 size-full aligncenter\" src=\"https:\/\/www.utm30.com\/wp-content\/uploads\/2024\/04\/Ruide_V1_12.jpg\" alt=\"\" width=\"100%\" height=\"auto\" srcset=\"https:\/\/www.utm30.com\/wp-content\/uploads\/2024\/04\/Ruide_V1_12.jpg 574w, https:\/\/www.utm30.com\/wp-content\/uploads\/2024\/04\/Ruide_V1_12-300x118.jpg 300w, https:\/\/www.utm30.com\/wp-content\/uploads\/2024\/04\/Ruide_V1_12-18x7.jpg 18w\" sizes=\"(max-width: 574px) 100vw, 574px\" \/><\/p>\n<p>&nbsp;<\/p>\n<p>&nbsp;<\/p>\n<p>&nbsp;<\/p>\n<p><a href=\"https:\/\/www.utm30.com\/wp-content\/uploads\/2024\/04\/RUIDE-V1.pdf\"><img loading=\"lazy\" decoding=\"async\" class=\"aligncenter wp-image-4073\" src=\"https:\/\/www.utm30.com\/wp-content\/uploads\/2024\/04\/descargar_folleto_PDF_1-300x102.png\" alt=\"\" width=\"200\" height=\"68\" srcset=\"https:\/\/www.utm30.com\/wp-content\/uploads\/2024\/04\/descargar_folleto_PDF_1-300x102.png 300w, https:\/\/www.utm30.com\/wp-content\/uploads\/2024\/04\/descargar_folleto_PDF_1-18x6.png 18w, https:\/\/www.utm30.com\/wp-content\/uploads\/2024\/04\/descargar_folleto_PDF_1.png 458w\" sizes=\"(max-width: 200px) 100vw, 200px\" \/><\/a><br \/>\n&nbsp;<\/p>\n<p>&nbsp;<\/p>\n<p>&nbsp;<\/p>","protected":false},"excerpt":{"rendered":"<p><img loading=\"lazy\" decoding=\"async\" class=\"alignnone wp-image-3805\" src=\"https:\/\/www.utm30.com\/wp-content\/uploads\/2024\/04\/Icono_RUIDE.png\" alt=\"\" width=\"115\" height=\"22\" srcset=\"https:\/\/www.utm30.com\/wp-content\/uploads\/2024\/04\/Icono_RUIDE.png 209w, https:\/\/www.utm30.com\/wp-content\/uploads\/2024\/04\/Icono_RUIDE-18x3.png 18w\" sizes=\"(max-width: 115px) 100vw, 115px\" \/><\/p>\n<h1>Ruide V1<\/h1>\n<h6><strong>Ricevitore GPS (GNSS) a basso costo con fotocamera per il picchetto AR<br \/>\n<\/strong><\/h6>\n<ul>\n<li>Appostamento AR tramite telecamera inferiore<\/li>\n<li>IMU con inclinazione di 60<\/li>\n<li>Radio multimarca 2W Rx\/Tx<\/li>\n<li>Leggero (668 g)<\/li>\n<li>7 costellazioni e 1.808 canali<\/li>\n<li>RTK e PPK<\/li>\n<li>Connessione FIX robusta in ambienti difficili (sotto gli alberi, ambienti urbani, vicino a edifici alti)<\/li>\n<li>Applicazione professionale sul campo SurPad<\/li>\n<li>4G, Bluetooth, Wifi e NFC<\/li>\n<li>Fino a 23 ore di autonomia in modalit\u00e0 rover<\/li>\n<li>Protezione IP68 (resiste a cadute fino a 2 m di altezza)<\/li>\n<\/ul>","protected":false},"featured_media":3817,"template":"","meta":{"_themeisle_gutenberg_block_has_review":false},"product_cat":[26],"product_tag":[47,22,24,25],"yoast_head":"<!-- This site is optimized with the Yoast SEO Premium plugin v21.6 (Yoast SEO v21.6) - https:\/\/yoast.com\/wordpress\/plugins\/seo\/ -->\n<title>GPS topogr\u00e1fico RTK | Ruide V1<\/title>\n<meta name=\"description\" content=\"Receptor GPS (GNSS) topogr\u00e1fico, econ\u00f3mico. Trabajo en RTK, mediante Ntrip o radio. Dispone de IMU y C\u00e1mara para replanteo AR.\" \/>\n<meta name=\"robots\" content=\"index, follow, max-snippet:-1, max-image-preview:large, max-video-preview:-1\" \/>\n<link rel=\"canonical\" href=\"https:\/\/www.utm30.com\/it\/prodotto\/ruide-v1\/\" \/>\n<meta property=\"og:locale\" content=\"it_IT\" \/>\n<meta property=\"og:type\" content=\"article\" \/>\n<meta property=\"og:title\" content=\"Ruide V1\" \/>\n<meta property=\"og:description\" content=\"Receptor GPS (GNSS) topogr\u00e1fico, econ\u00f3mico. Trabajo en RTK, mediante Ntrip o radio. Dispone de IMU y C\u00e1mara para replanteo AR.\" \/>\n<meta property=\"og:url\" content=\"https:\/\/www.utm30.com\/it\/prodotto\/ruide-v1\/\" \/>\n<meta property=\"og:site_name\" content=\"UTM30 \u00b7 Equipos de topograf\u00eda\" \/>\n<meta property=\"article:modified_time\" content=\"2026-03-17T15:23:29+00:00\" \/>\n<meta property=\"og:image\" content=\"https:\/\/www.utm30.com\/wp-content\/uploads\/2024\/04\/Ruide_V1_1.jpg\" \/>\n\t<meta property=\"og:image:width\" content=\"735\" \/>\n\t<meta property=\"og:image:height\" content=\"735\" \/>\n\t<meta property=\"og:image:type\" content=\"image\/jpeg\" \/>\n<meta name=\"twitter:card\" content=\"summary_large_image\" \/>\n<meta name=\"twitter:label1\" content=\"Tempo di lettura stimato\" \/>\n\t<meta name=\"twitter:data1\" content=\"1 minuto\" \/>\n<script type=\"application\/ld+json\" class=\"yoast-schema-graph\">{\"@context\":\"https:\/\/schema.org\",\"@graph\":[{\"@type\":\"WebPage\",\"@id\":\"https:\/\/www.utm30.com\/producto\/ruide-v1\/\",\"url\":\"https:\/\/www.utm30.com\/producto\/ruide-v1\/\",\"name\":\"GPS topogr\u00e1fico RTK | Ruide V1\",\"isPartOf\":{\"@id\":\"https:\/\/www.utm30.com\/#website\"},\"datePublished\":\"2024-04-11T20:59:22+00:00\",\"dateModified\":\"2026-03-17T15:23:29+00:00\",\"description\":\"Receptor GPS (GNSS) topogr\u00e1fico, econ\u00f3mico. Trabajo en RTK, mediante Ntrip o radio. Dispone de IMU y C\u00e1mara para replanteo AR.\",\"breadcrumb\":{\"@id\":\"https:\/\/www.utm30.com\/producto\/ruide-v1\/#breadcrumb\"},\"inLanguage\":\"it-IT\",\"potentialAction\":[{\"@type\":\"ReadAction\",\"target\":[\"https:\/\/www.utm30.com\/producto\/ruide-v1\/\"]}]},{\"@type\":\"BreadcrumbList\",\"@id\":\"https:\/\/www.utm30.com\/producto\/ruide-v1\/#breadcrumb\",\"itemListElement\":[{\"@type\":\"ListItem\",\"position\":1,\"name\":\"Portada\",\"item\":\"https:\/\/www.utm30.com\/\"},{\"@type\":\"ListItem\",\"position\":2,\"name\":\"Productos UTM30\",\"item\":\"https:\/\/www.utm30.com\/productos-utm30\/\"},{\"@type\":\"ListItem\",\"position\":3,\"name\":\"Ruide V1\"}]},{\"@type\":\"WebSite\",\"@id\":\"https:\/\/www.utm30.com\/#website\",\"url\":\"https:\/\/www.utm30.com\/\",\"name\":\"UTM30 \u00b7 Equipos de Topografia\",\"description\":\"Equipos de topograf\u00eda\",\"publisher\":{\"@id\":\"https:\/\/www.utm30.com\/#organization\"},\"alternateName\":\"UTM30\",\"potentialAction\":[{\"@type\":\"SearchAction\",\"target\":{\"@type\":\"EntryPoint\",\"urlTemplate\":\"https:\/\/www.utm30.com\/?s={search_term_string}\"},\"query-input\":\"required name=search_term_string\"}],\"inLanguage\":\"it-IT\"},{\"@type\":\"Organization\",\"@id\":\"https:\/\/www.utm30.com\/#organization\",\"name\":\"UTM30 \u00b7 Equipos de topografia\",\"alternateName\":\"UTM30\",\"url\":\"https:\/\/www.utm30.com\/\",\"logo\":{\"@type\":\"ImageObject\",\"inLanguage\":\"it-IT\",\"@id\":\"https:\/\/www.utm30.com\/#\/schema\/logo\/image\/\",\"url\":\"https:\/\/www.utm30.com\/wp-content\/uploads\/2023\/10\/logo_cartel_UTM30.png\",\"contentUrl\":\"https:\/\/www.utm30.com\/wp-content\/uploads\/2023\/10\/logo_cartel_UTM30.png\",\"width\":1854,\"height\":475,\"caption\":\"UTM30 \u00b7 Equipos de topografia\"},\"image\":{\"@id\":\"https:\/\/www.utm30.com\/#\/schema\/logo\/image\/\"},\"sameAs\":[\"https:\/\/www.youtube.com\/channel\/UC492H-BCfKZoCIkRsT244xQ\"]}]}<\/script>\n<!-- \/ Yoast SEO Premium plugin. -->","yoast_head_json":{"title":"GPS topogr\u00e1fico RTK | Ruide V1","description":"Receptor GPS (GNSS) topogr\u00e1fico, econ\u00f3mico. Trabajo en RTK, mediante Ntrip o radio. Dispone de IMU y C\u00e1mara para replanteo AR.","robots":{"index":"index","follow":"follow","max-snippet":"max-snippet:-1","max-image-preview":"max-image-preview:large","max-video-preview":"max-video-preview:-1"},"canonical":"https:\/\/www.utm30.com\/it\/prodotto\/ruide-v1\/","og_locale":"it_IT","og_type":"article","og_title":"Ruide V1","og_description":"Receptor GPS (GNSS) topogr\u00e1fico, econ\u00f3mico. Trabajo en RTK, mediante Ntrip o radio. Dispone de IMU y C\u00e1mara para replanteo AR.","og_url":"https:\/\/www.utm30.com\/it\/prodotto\/ruide-v1\/","og_site_name":"UTM30 \u00b7 Equipos de topograf\u00eda","article_modified_time":"2026-03-17T15:23:29+00:00","og_image":[{"width":735,"height":735,"url":"https:\/\/www.utm30.com\/wp-content\/uploads\/2024\/04\/Ruide_V1_1.jpg","type":"image\/jpeg"}],"twitter_card":"summary_large_image","twitter_misc":{"Tempo di lettura stimato":"1 minuto"},"schema":{"@context":"https:\/\/schema.org","@graph":[{"@type":"WebPage","@id":"https:\/\/www.utm30.com\/producto\/ruide-v1\/","url":"https:\/\/www.utm30.com\/producto\/ruide-v1\/","name":"GPS topogr\u00e1fico RTK | Ruide V1","isPartOf":{"@id":"https:\/\/www.utm30.com\/#website"},"datePublished":"2024-04-11T20:59:22+00:00","dateModified":"2026-03-17T15:23:29+00:00","description":"Receptor GPS (GNSS) topogr\u00e1fico, econ\u00f3mico. Trabajo en RTK, mediante Ntrip o radio. Dispone de IMU y C\u00e1mara para replanteo AR.","breadcrumb":{"@id":"https:\/\/www.utm30.com\/producto\/ruide-v1\/#breadcrumb"},"inLanguage":"it-IT","potentialAction":[{"@type":"ReadAction","target":["https:\/\/www.utm30.com\/producto\/ruide-v1\/"]}]},{"@type":"BreadcrumbList","@id":"https:\/\/www.utm30.com\/producto\/ruide-v1\/#breadcrumb","itemListElement":[{"@type":"ListItem","position":1,"name":"Portada","item":"https:\/\/www.utm30.com\/"},{"@type":"ListItem","position":2,"name":"Productos UTM30","item":"https:\/\/www.utm30.com\/productos-utm30\/"},{"@type":"ListItem","position":3,"name":"Ruide V1"}]},{"@type":"WebSite","@id":"https:\/\/www.utm30.com\/#website","url":"https:\/\/www.utm30.com\/","name":"UTM30 \u00b7 Equipos de Topografia","description":"Equipos de topograf\u00eda","publisher":{"@id":"https:\/\/www.utm30.com\/#organization"},"alternateName":"UTM30","potentialAction":[{"@type":"SearchAction","target":{"@type":"EntryPoint","urlTemplate":"https:\/\/www.utm30.com\/?s={search_term_string}"},"query-input":"required name=search_term_string"}],"inLanguage":"it-IT"},{"@type":"Organization","@id":"https:\/\/www.utm30.com\/#organization","name":"UTM30 \u00b7 Equipos de topografia","alternateName":"UTM30","url":"https:\/\/www.utm30.com\/","logo":{"@type":"ImageObject","inLanguage":"it-IT","@id":"https:\/\/www.utm30.com\/#\/schema\/logo\/image\/","url":"https:\/\/www.utm30.com\/wp-content\/uploads\/2023\/10\/logo_cartel_UTM30.png","contentUrl":"https:\/\/www.utm30.com\/wp-content\/uploads\/2023\/10\/logo_cartel_UTM30.png","width":1854,"height":475,"caption":"UTM30 \u00b7 Equipos de topografia"},"image":{"@id":"https:\/\/www.utm30.com\/#\/schema\/logo\/image\/"},"sameAs":["https:\/\/www.youtube.com\/channel\/UC492H-BCfKZoCIkRsT244xQ"]}]}},"_links":{"self":[{"href":"https:\/\/www.utm30.com\/it\/wp-json\/wp\/v2\/product\/3815"}],"collection":[{"href":"https:\/\/www.utm30.com\/it\/wp-json\/wp\/v2\/product"}],"about":[{"href":"https:\/\/www.utm30.com\/it\/wp-json\/wp\/v2\/types\/product"}],"version-history":[{"count":14,"href":"https:\/\/www.utm30.com\/it\/wp-json\/wp\/v2\/product\/3815\/revisions"}],"predecessor-version":[{"id":3861,"href":"https:\/\/www.utm30.com\/it\/wp-json\/wp\/v2\/product\/3815\/revisions\/3861"}],"wp:featuredmedia":[{"embeddable":true,"href":"https:\/\/www.utm30.com\/it\/wp-json\/wp\/v2\/media\/3817"}],"wp:attachment":[{"href":"https:\/\/www.utm30.com\/it\/wp-json\/wp\/v2\/media?parent=3815"}],"wp:term":[{"taxonomy":"product_cat","embeddable":true,"href":"https:\/\/www.utm30.com\/it\/wp-json\/wp\/v2\/product_cat?post=3815"},{"taxonomy":"product_tag","embeddable":true,"href":"https:\/\/www.utm30.com\/it\/wp-json\/wp\/v2\/product_tag?post=3815"}],"curies":[{"name":"wp","href":"https:\/\/api.w.org\/{rel}","templated":true}]}}