{"id":4387,"date":"2024-11-01T08:32:48","date_gmt":"2024-11-01T07:32:48","guid":{"rendered":"https:\/\/www.utm30.com\/?post_type=product&#038;p=4387"},"modified":"2026-04-15T18:51:09","modified_gmt":"2026-04-15T16:51:09","slug":"share_slam-s10","status":"publish","type":"product","link":"https:\/\/www.utm30.com\/it\/prodotto\/share_slam-s10\/","title":{"rendered":"Share SLAM S10"},"content":{"rendered":"<p>Laser scanner portatile per misurazioni rapide e creazione di nuvole di punti LiDAR. Il pi\u00f9 compatto e leggero RTK SLAM.<\/p>\n<p>&nbsp;<\/p>\n<hr style=\"border: none; height: 1px; background-color: #dcdcdc;\" \/>\n<p>&nbsp;<\/p>\n<p>&nbsp;<\/p>\n<p><em>Video 1. Test in interni. Modalit\u00e0 SLAM pura:<\/em><\/p>\n<p><iframe style=\"aspect-ratio: 16\/9;\" src=\"https:\/\/www.youtube.com\/embed\/-d48uL-UiRw \" allowfullscreen=\"allowfullscreen\"><span style=\"display: inline-block; width: 0px; overflow: hidden; line-height: 0;\" data-mce-type=\"bookmark\" class=\"mce_SELRES_start\"><\/span><span style=\"display: inline-block; width: 0px; overflow: hidden; line-height: 0;\" data-mce-type=\"bookmark\" class=\"mce_SELRES_start\"><\/span><\/iframe><\/p>\n<p>&nbsp;<\/p>\n<p>&nbsp;<\/p>\n<p><em>Video 2. Test all'aperto. Modalit\u00e0 RTK:<\/em><\/p>\n<p><iframe style=\"aspect-ratio: 16\/9;\" src=\"https:\/\/www.youtube.com\/embed\/98vSD2P4qho\" allowfullscreen=\"allowfullscreen\"><span style=\"display: inline-block; width: 0px; overflow: hidden; line-height: 0;\" data-mce-type=\"bookmark\" class=\"mce_SELRES_start\"><\/span><span style=\"display: inline-block; width: 0px; overflow: hidden; line-height: 0;\" data-mce-type=\"bookmark\" class=\"mce_SELRES_start\"><\/span><span style=\"display: inline-block; width: 0px; overflow: hidden; line-height: 0;\" data-mce-type=\"bookmark\" class=\"mce_SELRES_start\"><\/span><\/iframe><\/p>\n<p>&nbsp;<\/p>\n<p>&nbsp;<\/p>\n<hr style=\"border: none; height: 1px; background-color: #dcdcdc;\" \/>\n<p>&nbsp;<\/p>\n<p>&nbsp;<\/p>\n<p><img decoding=\"async\" class=\"aligncenter wp-image-4325 size-full\" src=\"https:\/\/www.utm30.com\/wp-content\/uploads\/2024\/10\/s10_pagina_completa_1.jpg\" alt=\"\" width=\"100%\" height=\"auto\" srcset=\"https:\/\/www.utm30.com\/wp-content\/uploads\/2024\/10\/s10_pagina_completa_1.jpg 1143w, https:\/\/www.utm30.com\/wp-content\/uploads\/2024\/10\/s10_pagina_completa_1-300x227.jpg 300w, https:\/\/www.utm30.com\/wp-content\/uploads\/2024\/10\/s10_pagina_completa_1-1024x775.jpg 1024w, https:\/\/www.utm30.com\/wp-content\/uploads\/2024\/10\/s10_pagina_completa_1-768x581.jpg 768w, https:\/\/www.utm30.com\/wp-content\/uploads\/2024\/10\/s10_pagina_completa_1-16x12.jpg 16w, https:\/\/www.utm30.com\/wp-content\/uploads\/2024\/10\/s10_pagina_completa_1-600x454.jpg 600w\" sizes=\"(max-width: 1143px) 100vw, 1143px\" \/><\/p>\n<p><img decoding=\"async\" class=\"aligncenter wp-image-4326 size-full\" src=\"https:\/\/www.utm30.com\/wp-content\/uploads\/2024\/10\/S10_pagina_completa_2.jpg\" alt=\"\" width=\"100%\" height=\"auto\" srcset=\"https:\/\/www.utm30.com\/wp-content\/uploads\/2024\/10\/S10_pagina_completa_2.jpg 750w, https:\/\/www.utm30.com\/wp-content\/uploads\/2024\/10\/S10_pagina_completa_2-90x300.jpg 90w, https:\/\/www.utm30.com\/wp-content\/uploads\/2024\/10\/S10_pagina_completa_2-307x1024.jpg 307w, https:\/\/www.utm30.com\/wp-content\/uploads\/2024\/10\/S10_pagina_completa_2-461x1536.jpg 461w, https:\/\/www.utm30.com\/wp-content\/uploads\/2024\/10\/S10_pagina_completa_2-614x2048.jpg 614w, https:\/\/www.utm30.com\/wp-content\/uploads\/2024\/10\/S10_pagina_completa_2-4x12.jpg 4w, https:\/\/www.utm30.com\/wp-content\/uploads\/2024\/10\/S10_pagina_completa_2-600x2000.jpg 600w\" sizes=\"(max-width: 750px) 100vw, 750px\" \/><\/p>\n<p>&nbsp;<\/p>\n<hr \/>\n<p>&nbsp;<\/p>\n<p><a href=\"https:\/\/www.utm30.com\/wp-content\/uploads\/2024\/10\/Folleto-Share-SLAM-S10.pdf\"><img loading=\"lazy\" decoding=\"async\" class=\"aligncenter wp-image-4073\" src=\"https:\/\/www.utm30.com\/wp-content\/uploads\/2024\/04\/descargar_folleto_PDF_1-300x102.png\" alt=\"\" width=\"200\" height=\"68\" srcset=\"https:\/\/www.utm30.com\/wp-content\/uploads\/2024\/04\/descargar_folleto_PDF_1-300x102.png 300w, https:\/\/www.utm30.com\/wp-content\/uploads\/2024\/04\/descargar_folleto_PDF_1-18x6.png 18w, https:\/\/www.utm30.com\/wp-content\/uploads\/2024\/04\/descargar_folleto_PDF_1.png 458w\" sizes=\"(max-width: 200px) 100vw, 200px\" \/><\/a><\/p>\n<p>&nbsp;<\/p>\n<hr \/>\n<p>&nbsp;<\/p>","protected":false},"excerpt":{"rendered":"<p><img loading=\"lazy\" decoding=\"async\" class=\"alignnone wp-image-4318\" src=\"https:\/\/www.utm30.com\/wp-content\/uploads\/2024\/10\/logo_SHARE-300x70.png\" alt=\"\" width=\"77\" height=\"18\" srcset=\"https:\/\/www.utm30.com\/wp-content\/uploads\/2024\/10\/logo_SHARE-300x70.png 300w, https:\/\/www.utm30.com\/wp-content\/uploads\/2024\/10\/logo_SHARE-18x4.png 18w, https:\/\/www.utm30.com\/wp-content\/uploads\/2024\/10\/logo_SHARE.png 421w\" sizes=\"(max-width: 77px) 100vw, 77px\" \/><\/p>\n<h1>SHARE SLAM S10<\/h1>\n<h6><strong>Scanner laser manuale (SLAM)<br \/>\n<\/strong><\/h6>\n<ul>\n<li>Unit\u00e0 laser LiDAR FOV<\/li>\n<li>Compatto e leggero (1 kg)<\/li>\n<li>Portata fino a 70 m<\/li>\n<li>Fino a 200.000 punti al secondo<\/li>\n<li>Precisione assoluta di 5 cm, senza punti di controllo<\/li>\n<li>Precisione relativa di 1 cm<\/li>\n<li>Densit\u00e0 delle nubi a punti &lt; 1 cm<\/li>\n<li>2 telecamere panoramiche da 12 Mpx<\/li>\n<li>Include un modulo GNSS RTK con precisione centimetrica<\/li>\n<li>Durata della batteria fino a 90 minuti<\/li>\n<li>Visualizzazione della nuvola di punti RGB, in tempo reale<\/li>\n<li>Include una APP da campo e un software di post-elaborazione.<\/li>\n<\/ul>\n<p>&nbsp;<\/p>\n<p><span style=\"color: #339966;\"><span style=\"color: #ff0000;\">DESCATALOGADO:<\/span> <a href=\"https:\/\/www.utm30.com\/it\/prodotto\/share-slam-s20\/\"><u>(Vea aqu\u00ed la nueva versi\u00f3n S20)<\/u><\/a><\/span><\/p>","protected":false},"featured_media":4319,"template":"","meta":{"_themeisle_gutenberg_block_has_review":false},"product_cat":[53],"product_tag":[64,65],"yoast_head":"<!-- This site is optimized with the Yoast SEO Premium plugin v21.6 (Yoast SEO v21.6) - https:\/\/yoast.com\/wordpress\/plugins\/seo\/ -->\n<title>Share SLAM S10 | Esc\u00e1ner LiDAR port\u00e1til con GNSS RTK integrado<\/title>\n<meta name=\"description\" content=\"SLAM. Esc\u00e1ner l\u00e1ser de mano con m\u00f3dulo RTK, para creaci\u00f3n de nubes de puntos LiDAR georreferenciadas. Dispositivo muy compacto y ligero.\" \/>\n<meta name=\"robots\" content=\"index, follow, max-snippet:-1, max-image-preview:large, max-video-preview:-1\" \/>\n<link rel=\"canonical\" href=\"https:\/\/www.utm30.com\/it\/prodotto\/share_slam-s10\/\" \/>\n<meta property=\"og:locale\" content=\"it_IT\" \/>\n<meta property=\"og:type\" content=\"article\" \/>\n<meta property=\"og:title\" content=\"Share SLAM S10\" \/>\n<meta property=\"og:description\" content=\"SLAM. Esc\u00e1ner l\u00e1ser de mano con m\u00f3dulo RTK, para creaci\u00f3n de nubes de puntos LiDAR georreferenciadas. Dispositivo muy compacto y ligero.\" \/>\n<meta property=\"og:url\" content=\"https:\/\/www.utm30.com\/it\/prodotto\/share_slam-s10\/\" \/>\n<meta property=\"og:site_name\" content=\"UTM30 \u00b7 Equipos de topograf\u00eda\" \/>\n<meta property=\"article:modified_time\" content=\"2026-04-15T16:51:09+00:00\" \/>\n<meta property=\"og:image\" content=\"https:\/\/www.utm30.com\/wp-content\/uploads\/2024\/10\/ShaeSLAM-S10_1.jpg\" \/>\n\t<meta property=\"og:image:width\" content=\"750\" \/>\n\t<meta property=\"og:image:height\" content=\"750\" \/>\n\t<meta property=\"og:image:type\" content=\"image\/jpeg\" \/>\n<meta name=\"twitter:card\" content=\"summary_large_image\" \/>\n<meta name=\"twitter:label1\" content=\"Tempo di lettura stimato\" \/>\n\t<meta name=\"twitter:data1\" content=\"1 minuto\" \/>\n<script type=\"application\/ld+json\" class=\"yoast-schema-graph\">{\"@context\":\"https:\/\/schema.org\",\"@graph\":[{\"@type\":\"WebPage\",\"@id\":\"https:\/\/www.utm30.com\/producto\/share_slam-s10\/\",\"url\":\"https:\/\/www.utm30.com\/producto\/share_slam-s10\/\",\"name\":\"Share SLAM S10 | Esc\u00e1ner LiDAR port\u00e1til con GNSS RTK integrado\",\"isPartOf\":{\"@id\":\"https:\/\/www.utm30.com\/#website\"},\"datePublished\":\"2024-11-01T07:32:48+00:00\",\"dateModified\":\"2026-04-15T16:51:09+00:00\",\"description\":\"SLAM. Esc\u00e1ner l\u00e1ser de mano con m\u00f3dulo RTK, para creaci\u00f3n de nubes de puntos LiDAR georreferenciadas. Dispositivo muy compacto y ligero.\",\"breadcrumb\":{\"@id\":\"https:\/\/www.utm30.com\/producto\/share_slam-s10\/#breadcrumb\"},\"inLanguage\":\"it-IT\",\"potentialAction\":[{\"@type\":\"ReadAction\",\"target\":[\"https:\/\/www.utm30.com\/producto\/share_slam-s10\/\"]}]},{\"@type\":\"BreadcrumbList\",\"@id\":\"https:\/\/www.utm30.com\/producto\/share_slam-s10\/#breadcrumb\",\"itemListElement\":[{\"@type\":\"ListItem\",\"position\":1,\"name\":\"Portada\",\"item\":\"https:\/\/www.utm30.com\/\"},{\"@type\":\"ListItem\",\"position\":2,\"name\":\"Productos UTM30\",\"item\":\"https:\/\/www.utm30.com\/productos-utm30\/\"},{\"@type\":\"ListItem\",\"position\":3,\"name\":\"Share SLAM S10\"}]},{\"@type\":\"WebSite\",\"@id\":\"https:\/\/www.utm30.com\/#website\",\"url\":\"https:\/\/www.utm30.com\/\",\"name\":\"UTM30 \u00b7 Equipos de Topografia\",\"description\":\"Equipos de topograf\u00eda\",\"publisher\":{\"@id\":\"https:\/\/www.utm30.com\/#organization\"},\"alternateName\":\"UTM30\",\"potentialAction\":[{\"@type\":\"SearchAction\",\"target\":{\"@type\":\"EntryPoint\",\"urlTemplate\":\"https:\/\/www.utm30.com\/?s={search_term_string}\"},\"query-input\":\"required name=search_term_string\"}],\"inLanguage\":\"it-IT\"},{\"@type\":\"Organization\",\"@id\":\"https:\/\/www.utm30.com\/#organization\",\"name\":\"UTM30 \u00b7 Equipos de topografia\",\"alternateName\":\"UTM30\",\"url\":\"https:\/\/www.utm30.com\/\",\"logo\":{\"@type\":\"ImageObject\",\"inLanguage\":\"it-IT\",\"@id\":\"https:\/\/www.utm30.com\/#\/schema\/logo\/image\/\",\"url\":\"https:\/\/www.utm30.com\/wp-content\/uploads\/2023\/10\/logo_cartel_UTM30.png\",\"contentUrl\":\"https:\/\/www.utm30.com\/wp-content\/uploads\/2023\/10\/logo_cartel_UTM30.png\",\"width\":1854,\"height\":475,\"caption\":\"UTM30 \u00b7 Equipos de topografia\"},\"image\":{\"@id\":\"https:\/\/www.utm30.com\/#\/schema\/logo\/image\/\"},\"sameAs\":[\"https:\/\/www.youtube.com\/channel\/UC492H-BCfKZoCIkRsT244xQ\"]}]}<\/script>\n<!-- \/ Yoast SEO Premium plugin. -->","yoast_head_json":{"title":"Share SLAM S10 | Esc\u00e1ner LiDAR port\u00e1til con GNSS RTK integrado","description":"SLAM. Esc\u00e1ner l\u00e1ser de mano con m\u00f3dulo RTK, para creaci\u00f3n de nubes de puntos LiDAR georreferenciadas. Dispositivo muy compacto y ligero.","robots":{"index":"index","follow":"follow","max-snippet":"max-snippet:-1","max-image-preview":"max-image-preview:large","max-video-preview":"max-video-preview:-1"},"canonical":"https:\/\/www.utm30.com\/it\/prodotto\/share_slam-s10\/","og_locale":"it_IT","og_type":"article","og_title":"Share SLAM S10","og_description":"SLAM. Esc\u00e1ner l\u00e1ser de mano con m\u00f3dulo RTK, para creaci\u00f3n de nubes de puntos LiDAR georreferenciadas. Dispositivo muy compacto y ligero.","og_url":"https:\/\/www.utm30.com\/it\/prodotto\/share_slam-s10\/","og_site_name":"UTM30 \u00b7 Equipos de topograf\u00eda","article_modified_time":"2026-04-15T16:51:09+00:00","og_image":[{"width":750,"height":750,"url":"https:\/\/www.utm30.com\/wp-content\/uploads\/2024\/10\/ShaeSLAM-S10_1.jpg","type":"image\/jpeg"}],"twitter_card":"summary_large_image","twitter_misc":{"Tempo di lettura stimato":"1 minuto"},"schema":{"@context":"https:\/\/schema.org","@graph":[{"@type":"WebPage","@id":"https:\/\/www.utm30.com\/producto\/share_slam-s10\/","url":"https:\/\/www.utm30.com\/producto\/share_slam-s10\/","name":"Share SLAM S10 | Esc\u00e1ner LiDAR port\u00e1til con GNSS RTK integrado","isPartOf":{"@id":"https:\/\/www.utm30.com\/#website"},"datePublished":"2024-11-01T07:32:48+00:00","dateModified":"2026-04-15T16:51:09+00:00","description":"SLAM. Esc\u00e1ner l\u00e1ser de mano con m\u00f3dulo RTK, para creaci\u00f3n de nubes de puntos LiDAR georreferenciadas. Dispositivo muy compacto y ligero.","breadcrumb":{"@id":"https:\/\/www.utm30.com\/producto\/share_slam-s10\/#breadcrumb"},"inLanguage":"it-IT","potentialAction":[{"@type":"ReadAction","target":["https:\/\/www.utm30.com\/producto\/share_slam-s10\/"]}]},{"@type":"BreadcrumbList","@id":"https:\/\/www.utm30.com\/producto\/share_slam-s10\/#breadcrumb","itemListElement":[{"@type":"ListItem","position":1,"name":"Portada","item":"https:\/\/www.utm30.com\/"},{"@type":"ListItem","position":2,"name":"Productos UTM30","item":"https:\/\/www.utm30.com\/productos-utm30\/"},{"@type":"ListItem","position":3,"name":"Share SLAM S10"}]},{"@type":"WebSite","@id":"https:\/\/www.utm30.com\/#website","url":"https:\/\/www.utm30.com\/","name":"UTM30 \u00b7 Equipos de Topografia","description":"Equipos de topograf\u00eda","publisher":{"@id":"https:\/\/www.utm30.com\/#organization"},"alternateName":"UTM30","potentialAction":[{"@type":"SearchAction","target":{"@type":"EntryPoint","urlTemplate":"https:\/\/www.utm30.com\/?s={search_term_string}"},"query-input":"required name=search_term_string"}],"inLanguage":"it-IT"},{"@type":"Organization","@id":"https:\/\/www.utm30.com\/#organization","name":"UTM30 \u00b7 Equipos de topografia","alternateName":"UTM30","url":"https:\/\/www.utm30.com\/","logo":{"@type":"ImageObject","inLanguage":"it-IT","@id":"https:\/\/www.utm30.com\/#\/schema\/logo\/image\/","url":"https:\/\/www.utm30.com\/wp-content\/uploads\/2023\/10\/logo_cartel_UTM30.png","contentUrl":"https:\/\/www.utm30.com\/wp-content\/uploads\/2023\/10\/logo_cartel_UTM30.png","width":1854,"height":475,"caption":"UTM30 \u00b7 Equipos de topografia"},"image":{"@id":"https:\/\/www.utm30.com\/#\/schema\/logo\/image\/"},"sameAs":["https:\/\/www.youtube.com\/channel\/UC492H-BCfKZoCIkRsT244xQ"]}]}},"_links":{"self":[{"href":"https:\/\/www.utm30.com\/it\/wp-json\/wp\/v2\/product\/4387"}],"collection":[{"href":"https:\/\/www.utm30.com\/it\/wp-json\/wp\/v2\/product"}],"about":[{"href":"https:\/\/www.utm30.com\/it\/wp-json\/wp\/v2\/types\/product"}],"version-history":[{"count":11,"href":"https:\/\/www.utm30.com\/it\/wp-json\/wp\/v2\/product\/4387\/revisions"}],"predecessor-version":[{"id":5313,"href":"https:\/\/www.utm30.com\/it\/wp-json\/wp\/v2\/product\/4387\/revisions\/5313"}],"wp:featuredmedia":[{"embeddable":true,"href":"https:\/\/www.utm30.com\/it\/wp-json\/wp\/v2\/media\/4319"}],"wp:attachment":[{"href":"https:\/\/www.utm30.com\/it\/wp-json\/wp\/v2\/media?parent=4387"}],"wp:term":[{"taxonomy":"product_cat","embeddable":true,"href":"https:\/\/www.utm30.com\/it\/wp-json\/wp\/v2\/product_cat?post=4387"},{"taxonomy":"product_tag","embeddable":true,"href":"https:\/\/www.utm30.com\/it\/wp-json\/wp\/v2\/product_tag?post=4387"}],"curies":[{"name":"wp","href":"https:\/\/api.w.org\/{rel}","templated":true}]}}