{"id":4967,"date":"2025-10-30T16:39:44","date_gmt":"2025-10-30T15:39:44","guid":{"rendered":"https:\/\/www.utm30.com\/?post_type=product&#038;p=4967"},"modified":"2026-01-15T16:05:33","modified_gmt":"2026-01-15T15:05:33","slug":"alphageo-falcon-x","status":"publish","type":"product","link":"https:\/\/www.utm30.com\/it\/prodotto\/alphageo-falcon-x\/","title":{"rendered":"AlphaGEO Falcon X"},"content":{"rendered":"<p>Esc\u00e1ner l\u00e1ser y GPS. H\u00edbrido entre un SLAM y un receptor GNSS RTK. Permite la realizaci\u00f3n simult\u00e1nea de escaneados LiDAR y el levantamiento topogr\u00e1fico GPS.<\/p>\n<p>&nbsp;<\/p>\n<hr \/>\n<p>&nbsp;<\/p>\n<p><img loading=\"lazy\" decoding=\"async\" class=\"aligncenter wp-image-4974 size-full\" src=\"https:\/\/www.utm30.com\/wp-content\/uploads\/2025\/10\/AlphaGEO_Falcon_X-10.jpg\" alt=\"\" width=\"1570\" height=\"1367\" srcset=\"https:\/\/www.utm30.com\/wp-content\/uploads\/2025\/10\/AlphaGEO_Falcon_X-10.jpg 1570w, https:\/\/www.utm30.com\/wp-content\/uploads\/2025\/10\/AlphaGEO_Falcon_X-10-300x261.jpg 300w, https:\/\/www.utm30.com\/wp-content\/uploads\/2025\/10\/AlphaGEO_Falcon_X-10-1024x892.jpg 1024w, https:\/\/www.utm30.com\/wp-content\/uploads\/2025\/10\/AlphaGEO_Falcon_X-10-768x669.jpg 768w, https:\/\/www.utm30.com\/wp-content\/uploads\/2025\/10\/AlphaGEO_Falcon_X-10-1536x1337.jpg 1536w, https:\/\/www.utm30.com\/wp-content\/uploads\/2025\/10\/AlphaGEO_Falcon_X-10-14x12.jpg 14w, https:\/\/www.utm30.com\/wp-content\/uploads\/2025\/10\/AlphaGEO_Falcon_X-10-600x522.jpg 600w\" sizes=\"(max-width: 1570px) 100vw, 1570px\" \/><\/p>\n<p>&nbsp;<\/p>\n<p><img loading=\"lazy\" decoding=\"async\" class=\"aligncenter wp-image-4975 size-full\" src=\"https:\/\/www.utm30.com\/wp-content\/uploads\/2025\/10\/AlphaGEO_Falcon_X_catalogue_1.jpg\" alt=\"\" width=\"627\" height=\"899\" srcset=\"https:\/\/www.utm30.com\/wp-content\/uploads\/2025\/10\/AlphaGEO_Falcon_X_catalogue_1.jpg 627w, https:\/\/www.utm30.com\/wp-content\/uploads\/2025\/10\/AlphaGEO_Falcon_X_catalogue_1-209x300.jpg 209w, https:\/\/www.utm30.com\/wp-content\/uploads\/2025\/10\/AlphaGEO_Falcon_X_catalogue_1-8x12.jpg 8w, https:\/\/www.utm30.com\/wp-content\/uploads\/2025\/10\/AlphaGEO_Falcon_X_catalogue_1-600x860.jpg 600w\" sizes=\"(max-width: 627px) 100vw, 627px\" \/><\/p>\n<p><img loading=\"lazy\" decoding=\"async\" class=\"aligncenter wp-image-4976 size-full\" src=\"https:\/\/www.utm30.com\/wp-content\/uploads\/2025\/10\/AlphaGEO_Falcon_X_catalogue_2.jpg\" alt=\"\" width=\"619\" height=\"885\" srcset=\"https:\/\/www.utm30.com\/wp-content\/uploads\/2025\/10\/AlphaGEO_Falcon_X_catalogue_2.jpg 619w, https:\/\/www.utm30.com\/wp-content\/uploads\/2025\/10\/AlphaGEO_Falcon_X_catalogue_2-210x300.jpg 210w, https:\/\/www.utm30.com\/wp-content\/uploads\/2025\/10\/AlphaGEO_Falcon_X_catalogue_2-8x12.jpg 8w, https:\/\/www.utm30.com\/wp-content\/uploads\/2025\/10\/AlphaGEO_Falcon_X_catalogue_2-600x858.jpg 600w\" sizes=\"(max-width: 619px) 100vw, 619px\" \/><\/p>\n<p><img loading=\"lazy\" decoding=\"async\" class=\"aligncenter wp-image-4977 size-full\" src=\"https:\/\/www.utm30.com\/wp-content\/uploads\/2025\/10\/AlphaGEO_Falcon_X_catalogue_3.jpg\" alt=\"\" width=\"629\" height=\"845\" srcset=\"https:\/\/www.utm30.com\/wp-content\/uploads\/2025\/10\/AlphaGEO_Falcon_X_catalogue_3.jpg 629w, https:\/\/www.utm30.com\/wp-content\/uploads\/2025\/10\/AlphaGEO_Falcon_X_catalogue_3-223x300.jpg 223w, https:\/\/www.utm30.com\/wp-content\/uploads\/2025\/10\/AlphaGEO_Falcon_X_catalogue_3-9x12.jpg 9w, https:\/\/www.utm30.com\/wp-content\/uploads\/2025\/10\/AlphaGEO_Falcon_X_catalogue_3-600x806.jpg 600w\" sizes=\"(max-width: 629px) 100vw, 629px\" \/><\/p>\n<p><img loading=\"lazy\" decoding=\"async\" class=\"aligncenter wp-image-4978 size-full\" src=\"https:\/\/www.utm30.com\/wp-content\/uploads\/2025\/10\/AlphaGEO_Falcon_X_catalogue_4.jpg\" alt=\"\" width=\"601\" height=\"889\" srcset=\"https:\/\/www.utm30.com\/wp-content\/uploads\/2025\/10\/AlphaGEO_Falcon_X_catalogue_4.jpg 601w, https:\/\/www.utm30.com\/wp-content\/uploads\/2025\/10\/AlphaGEO_Falcon_X_catalogue_4-203x300.jpg 203w, https:\/\/www.utm30.com\/wp-content\/uploads\/2025\/10\/AlphaGEO_Falcon_X_catalogue_4-8x12.jpg 8w\" sizes=\"(max-width: 601px) 100vw, 601px\" \/><\/p>\n<p><img loading=\"lazy\" decoding=\"async\" class=\"aligncenter wp-image-4980 size-full\" src=\"https:\/\/www.utm30.com\/wp-content\/uploads\/2025\/10\/AlphaGEO_Falcon_X_catalogue_6.jpg\" alt=\"\" width=\"635\" height=\"903\" srcset=\"https:\/\/www.utm30.com\/wp-content\/uploads\/2025\/10\/AlphaGEO_Falcon_X_catalogue_6.jpg 635w, https:\/\/www.utm30.com\/wp-content\/uploads\/2025\/10\/AlphaGEO_Falcon_X_catalogue_6-211x300.jpg 211w, https:\/\/www.utm30.com\/wp-content\/uploads\/2025\/10\/AlphaGEO_Falcon_X_catalogue_6-8x12.jpg 8w, https:\/\/www.utm30.com\/wp-content\/uploads\/2025\/10\/AlphaGEO_Falcon_X_catalogue_6-600x853.jpg 600w\" sizes=\"(max-width: 635px) 100vw, 635px\" \/><\/p>\n<p><img loading=\"lazy\" decoding=\"async\" class=\"aligncenter wp-image-4979 size-full\" src=\"https:\/\/www.utm30.com\/wp-content\/uploads\/2025\/10\/AlphaGEO_Falcon_X_catalogue_5.jpg\" alt=\"\" width=\"629\" height=\"889\" srcset=\"https:\/\/www.utm30.com\/wp-content\/uploads\/2025\/10\/AlphaGEO_Falcon_X_catalogue_5.jpg 629w, https:\/\/www.utm30.com\/wp-content\/uploads\/2025\/10\/AlphaGEO_Falcon_X_catalogue_5-212x300.jpg 212w, https:\/\/www.utm30.com\/wp-content\/uploads\/2025\/10\/AlphaGEO_Falcon_X_catalogue_5-8x12.jpg 8w, https:\/\/www.utm30.com\/wp-content\/uploads\/2025\/10\/AlphaGEO_Falcon_X_catalogue_5-600x848.jpg 600w\" sizes=\"(max-width: 629px) 100vw, 629px\" \/><\/p>\n<p><img loading=\"lazy\" decoding=\"async\" class=\"aligncenter wp-image-4981 size-full\" src=\"https:\/\/www.utm30.com\/wp-content\/uploads\/2025\/10\/AlphaGEO_Falcon_X_catalogue_7.jpg\" alt=\"\" width=\"577\" height=\"801\" srcset=\"https:\/\/www.utm30.com\/wp-content\/uploads\/2025\/10\/AlphaGEO_Falcon_X_catalogue_7.jpg 577w, https:\/\/www.utm30.com\/wp-content\/uploads\/2025\/10\/AlphaGEO_Falcon_X_catalogue_7-216x300.jpg 216w, https:\/\/www.utm30.com\/wp-content\/uploads\/2025\/10\/AlphaGEO_Falcon_X_catalogue_7-9x12.jpg 9w\" sizes=\"(max-width: 577px) 100vw, 577px\" \/><\/p>\n<p><img loading=\"lazy\" decoding=\"async\" class=\"aligncenter wp-image-4982 size-full\" src=\"https:\/\/www.utm30.com\/wp-content\/uploads\/2025\/10\/AlphaGEO_Falcon_X_catalogue_8.jpg\" alt=\"\" width=\"585\" height=\"849\" srcset=\"https:\/\/www.utm30.com\/wp-content\/uploads\/2025\/10\/AlphaGEO_Falcon_X_catalogue_8.jpg 585w, https:\/\/www.utm30.com\/wp-content\/uploads\/2025\/10\/AlphaGEO_Falcon_X_catalogue_8-207x300.jpg 207w, https:\/\/www.utm30.com\/wp-content\/uploads\/2025\/10\/AlphaGEO_Falcon_X_catalogue_8-8x12.jpg 8w\" sizes=\"(max-width: 585px) 100vw, 585px\" \/><\/p>\n<p>&nbsp;<\/p>\n<hr \/>\n<p>&nbsp;<\/p>","protected":false},"excerpt":{"rendered":"<p><img loading=\"lazy\" decoding=\"async\" class=\"alignnone wp-image-3193 size-full\" src=\"https:\/\/www.utm30.com\/wp-content\/uploads\/2024\/01\/Icono_a-GEO_b.png\" alt=\"\" width=\"87\" height=\"20\" srcset=\"https:\/\/www.utm30.com\/wp-content\/uploads\/2024\/01\/Icono_a-GEO_b.png 87w, https:\/\/www.utm30.com\/wp-content\/uploads\/2024\/01\/Icono_a-GEO_b-18x4.png 18w\" sizes=\"(max-width: 87px) 100vw, 87px\" \/><\/p>\n<h1>AlphaGEO Falcon X<\/h1>\n<h6><strong>SLAM LiDAR + GPS Topogr\u00e1fico RTK<\/strong><\/h6>\n<ul>\n<li>Unidad laser LiDAR FOV Livox<\/li>\n<li>Portata fino a 70 m<\/li>\n<li>Fino a 200.000 punti al secondo<\/li>\n<li>Precisione assoluta di 5 cm, senza punti di controllo<\/li>\n<li>Precisione relativa di 1 cm<\/li>\n<li>Densidad de nube de puntos 5 mm<\/li>\n<li>2 telecamere panoramiche da 12 Mpx<\/li>\n<li>Incluye m\u00f3dulo GNSS RTK de precisi\u00f3n centim\u00e9trica, con conexi\u00f3n robusta<\/li>\n<li>Bater\u00eda hasta 180 minutos (modo SLAM) y 8 horas (modo GPS)<\/li>\n<li>Visualizzazione della nuvola di punti in tempo reale<\/li>\n<li>Include una APP da campo e un software di post-elaborazione.<\/li>\n<li>M\u00f3dulo GNSS de 1408 canales<\/li>\n<li>IMU fino a 120<\/li>\n<li>Se puede usar con jal\u00f3n<\/li>\n<li>Radio UHF 1.5w<\/li>\n<li>Modem 4G, Bluetooth y Wifi<\/li>\n<li>Protecci\u00f3n IP67<\/li>\n<\/ul>","protected":false},"featured_media":4969,"template":"","meta":{"_themeisle_gutenberg_block_has_review":false},"product_cat":[53],"product_tag":[64,65],"yoast_head":"<!-- This site is optimized with the Yoast SEO Premium plugin v21.6 (Yoast SEO v21.6) - https:\/\/yoast.com\/wordpress\/plugins\/seo\/ -->\n<title>AlphaGEO Falcon X | SLAM LiDAR + GPS Topogr\u00e1fico<\/title>\n<meta name=\"description\" content=\"H\u00edbrido de SLAM y Receptor GNSS profesional. Permite el escaneo LiDAR y la medici\u00f3n de puntos GPS, con antena profesional y de forma simult\u00e1nea\" \/>\n<meta name=\"robots\" content=\"index, follow, max-snippet:-1, max-image-preview:large, max-video-preview:-1\" \/>\n<link rel=\"canonical\" href=\"https:\/\/www.utm30.com\/it\/prodotto\/alphageo-falcon-x\/\" \/>\n<meta property=\"og:locale\" content=\"it_IT\" \/>\n<meta property=\"og:type\" content=\"article\" \/>\n<meta property=\"og:title\" content=\"AlphaGEO Falcon X\" \/>\n<meta property=\"og:description\" content=\"H\u00edbrido de SLAM y Receptor GNSS profesional. Permite el escaneo LiDAR y la medici\u00f3n de puntos GPS, con antena profesional y de forma simult\u00e1nea\" \/>\n<meta property=\"og:url\" content=\"https:\/\/www.utm30.com\/it\/prodotto\/alphageo-falcon-x\/\" \/>\n<meta property=\"og:site_name\" content=\"UTM30 \u00b7 Equipos de topograf\u00eda\" \/>\n<meta property=\"article:modified_time\" content=\"2026-01-15T15:05:33+00:00\" \/>\n<meta property=\"og:image\" content=\"https:\/\/www.utm30.com\/wp-content\/uploads\/2025\/10\/AlphaGEO_Falcon_X-1.jpg\" \/>\n\t<meta property=\"og:image:width\" content=\"1200\" \/>\n\t<meta property=\"og:image:height\" content=\"1200\" \/>\n\t<meta property=\"og:image:type\" content=\"image\/jpeg\" \/>\n<meta name=\"twitter:card\" content=\"summary_large_image\" \/>\n<meta name=\"twitter:label1\" content=\"Tempo di lettura stimato\" \/>\n\t<meta name=\"twitter:data1\" content=\"2 minuti\" \/>\n<script type=\"application\/ld+json\" class=\"yoast-schema-graph\">{\"@context\":\"https:\/\/schema.org\",\"@graph\":[{\"@type\":\"WebPage\",\"@id\":\"https:\/\/www.utm30.com\/producto\/alphageo-falcon-x\/\",\"url\":\"https:\/\/www.utm30.com\/producto\/alphageo-falcon-x\/\",\"name\":\"AlphaGEO Falcon X | SLAM LiDAR + GPS Topogr\u00e1fico\",\"isPartOf\":{\"@id\":\"https:\/\/www.utm30.com\/#website\"},\"datePublished\":\"2025-10-30T15:39:44+00:00\",\"dateModified\":\"2026-01-15T15:05:33+00:00\",\"description\":\"H\u00edbrido de SLAM y Receptor GNSS profesional. Permite el escaneo LiDAR y la medici\u00f3n de puntos GPS, con antena profesional y de forma simult\u00e1nea\",\"breadcrumb\":{\"@id\":\"https:\/\/www.utm30.com\/producto\/alphageo-falcon-x\/#breadcrumb\"},\"inLanguage\":\"it-IT\",\"potentialAction\":[{\"@type\":\"ReadAction\",\"target\":[\"https:\/\/www.utm30.com\/producto\/alphageo-falcon-x\/\"]}]},{\"@type\":\"BreadcrumbList\",\"@id\":\"https:\/\/www.utm30.com\/producto\/alphageo-falcon-x\/#breadcrumb\",\"itemListElement\":[{\"@type\":\"ListItem\",\"position\":1,\"name\":\"Portada\",\"item\":\"https:\/\/www.utm30.com\/\"},{\"@type\":\"ListItem\",\"position\":2,\"name\":\"Productos UTM30\",\"item\":\"https:\/\/www.utm30.com\/productos-utm30\/\"},{\"@type\":\"ListItem\",\"position\":3,\"name\":\"AlphaGEO Falcon X\"}]},{\"@type\":\"WebSite\",\"@id\":\"https:\/\/www.utm30.com\/#website\",\"url\":\"https:\/\/www.utm30.com\/\",\"name\":\"UTM30 \u00b7 Equipos de Topografia\",\"description\":\"Equipos de topograf\u00eda\",\"publisher\":{\"@id\":\"https:\/\/www.utm30.com\/#organization\"},\"alternateName\":\"UTM30\",\"potentialAction\":[{\"@type\":\"SearchAction\",\"target\":{\"@type\":\"EntryPoint\",\"urlTemplate\":\"https:\/\/www.utm30.com\/?s={search_term_string}\"},\"query-input\":\"required name=search_term_string\"}],\"inLanguage\":\"it-IT\"},{\"@type\":\"Organization\",\"@id\":\"https:\/\/www.utm30.com\/#organization\",\"name\":\"UTM30 \u00b7 Equipos de topografia\",\"alternateName\":\"UTM30\",\"url\":\"https:\/\/www.utm30.com\/\",\"logo\":{\"@type\":\"ImageObject\",\"inLanguage\":\"it-IT\",\"@id\":\"https:\/\/www.utm30.com\/#\/schema\/logo\/image\/\",\"url\":\"https:\/\/www.utm30.com\/wp-content\/uploads\/2023\/10\/logo_cartel_UTM30.png\",\"contentUrl\":\"https:\/\/www.utm30.com\/wp-content\/uploads\/2023\/10\/logo_cartel_UTM30.png\",\"width\":1854,\"height\":475,\"caption\":\"UTM30 \u00b7 Equipos de topografia\"},\"image\":{\"@id\":\"https:\/\/www.utm30.com\/#\/schema\/logo\/image\/\"},\"sameAs\":[\"https:\/\/www.youtube.com\/channel\/UC492H-BCfKZoCIkRsT244xQ\"]}]}<\/script>\n<!-- \/ Yoast SEO Premium plugin. -->","yoast_head_json":{"title":"AlphaGEO Falcon X | SLAM LiDAR + GPS Topogr\u00e1fico","description":"H\u00edbrido de SLAM y Receptor GNSS profesional. Permite el escaneo LiDAR y la medici\u00f3n de puntos GPS, con antena profesional y de forma simult\u00e1nea","robots":{"index":"index","follow":"follow","max-snippet":"max-snippet:-1","max-image-preview":"max-image-preview:large","max-video-preview":"max-video-preview:-1"},"canonical":"https:\/\/www.utm30.com\/it\/prodotto\/alphageo-falcon-x\/","og_locale":"it_IT","og_type":"article","og_title":"AlphaGEO Falcon X","og_description":"H\u00edbrido de SLAM y Receptor GNSS profesional. Permite el escaneo LiDAR y la medici\u00f3n de puntos GPS, con antena profesional y de forma simult\u00e1nea","og_url":"https:\/\/www.utm30.com\/it\/prodotto\/alphageo-falcon-x\/","og_site_name":"UTM30 \u00b7 Equipos de topograf\u00eda","article_modified_time":"2026-01-15T15:05:33+00:00","og_image":[{"width":1200,"height":1200,"url":"https:\/\/www.utm30.com\/wp-content\/uploads\/2025\/10\/AlphaGEO_Falcon_X-1.jpg","type":"image\/jpeg"}],"twitter_card":"summary_large_image","twitter_misc":{"Tempo di lettura stimato":"2 minuti"},"schema":{"@context":"https:\/\/schema.org","@graph":[{"@type":"WebPage","@id":"https:\/\/www.utm30.com\/producto\/alphageo-falcon-x\/","url":"https:\/\/www.utm30.com\/producto\/alphageo-falcon-x\/","name":"AlphaGEO Falcon X | SLAM LiDAR + GPS Topogr\u00e1fico","isPartOf":{"@id":"https:\/\/www.utm30.com\/#website"},"datePublished":"2025-10-30T15:39:44+00:00","dateModified":"2026-01-15T15:05:33+00:00","description":"H\u00edbrido de SLAM y Receptor GNSS profesional. Permite el escaneo LiDAR y la medici\u00f3n de puntos GPS, con antena profesional y de forma simult\u00e1nea","breadcrumb":{"@id":"https:\/\/www.utm30.com\/producto\/alphageo-falcon-x\/#breadcrumb"},"inLanguage":"it-IT","potentialAction":[{"@type":"ReadAction","target":["https:\/\/www.utm30.com\/producto\/alphageo-falcon-x\/"]}]},{"@type":"BreadcrumbList","@id":"https:\/\/www.utm30.com\/producto\/alphageo-falcon-x\/#breadcrumb","itemListElement":[{"@type":"ListItem","position":1,"name":"Portada","item":"https:\/\/www.utm30.com\/"},{"@type":"ListItem","position":2,"name":"Productos UTM30","item":"https:\/\/www.utm30.com\/productos-utm30\/"},{"@type":"ListItem","position":3,"name":"AlphaGEO Falcon X"}]},{"@type":"WebSite","@id":"https:\/\/www.utm30.com\/#website","url":"https:\/\/www.utm30.com\/","name":"UTM30 \u00b7 Equipos de Topografia","description":"Equipos de topograf\u00eda","publisher":{"@id":"https:\/\/www.utm30.com\/#organization"},"alternateName":"UTM30","potentialAction":[{"@type":"SearchAction","target":{"@type":"EntryPoint","urlTemplate":"https:\/\/www.utm30.com\/?s={search_term_string}"},"query-input":"required name=search_term_string"}],"inLanguage":"it-IT"},{"@type":"Organization","@id":"https:\/\/www.utm30.com\/#organization","name":"UTM30 \u00b7 Equipos de topografia","alternateName":"UTM30","url":"https:\/\/www.utm30.com\/","logo":{"@type":"ImageObject","inLanguage":"it-IT","@id":"https:\/\/www.utm30.com\/#\/schema\/logo\/image\/","url":"https:\/\/www.utm30.com\/wp-content\/uploads\/2023\/10\/logo_cartel_UTM30.png","contentUrl":"https:\/\/www.utm30.com\/wp-content\/uploads\/2023\/10\/logo_cartel_UTM30.png","width":1854,"height":475,"caption":"UTM30 \u00b7 Equipos de topografia"},"image":{"@id":"https:\/\/www.utm30.com\/#\/schema\/logo\/image\/"},"sameAs":["https:\/\/www.youtube.com\/channel\/UC492H-BCfKZoCIkRsT244xQ"]}]}},"_links":{"self":[{"href":"https:\/\/www.utm30.com\/it\/wp-json\/wp\/v2\/product\/4967"}],"collection":[{"href":"https:\/\/www.utm30.com\/it\/wp-json\/wp\/v2\/product"}],"about":[{"href":"https:\/\/www.utm30.com\/it\/wp-json\/wp\/v2\/types\/product"}],"version-history":[{"count":3,"href":"https:\/\/www.utm30.com\/it\/wp-json\/wp\/v2\/product\/4967\/revisions"}],"predecessor-version":[{"id":4984,"href":"https:\/\/www.utm30.com\/it\/wp-json\/wp\/v2\/product\/4967\/revisions\/4984"}],"wp:featuredmedia":[{"embeddable":true,"href":"https:\/\/www.utm30.com\/it\/wp-json\/wp\/v2\/media\/4969"}],"wp:attachment":[{"href":"https:\/\/www.utm30.com\/it\/wp-json\/wp\/v2\/media?parent=4967"}],"wp:term":[{"taxonomy":"product_cat","embeddable":true,"href":"https:\/\/www.utm30.com\/it\/wp-json\/wp\/v2\/product_cat?post=4967"},{"taxonomy":"product_tag","embeddable":true,"href":"https:\/\/www.utm30.com\/it\/wp-json\/wp\/v2\/product_tag?post=4967"}],"curies":[{"name":"wp","href":"https:\/\/api.w.org\/{rel}","templated":true}]}}