{"id":215,"date":"2023-10-08T18:20:10","date_gmt":"2023-10-08T16:20:10","guid":{"rendered":"https:\/\/www.topografocastellon.es\/utm30store\/wordpress\/?page_id=215"},"modified":"2025-12-11T11:13:43","modified_gmt":"2025-12-11T10:13:43","slug":"sobre-nosotros","status":"publish","type":"page","link":"https:\/\/www.utm30.com\/pt\/sobre-nos\/","title":{"rendered":"Sobre n\u00f3s"},"content":{"rendered":"<div data-elementor-type=\"wp-page\" data-elementor-id=\"215\" class=\"elementor elementor-215\" data-elementor-post-type=\"page\">\n\t\t\t\t\t\t\t<div class=\"elementor-element elementor-element-b811202 e-flex e-con-boxed e-con e-parent\" data-id=\"b811202\" data-element_type=\"container\" data-settings=\"{&quot;container_type&quot;:&quot;flex&quot;,&quot;content_width&quot;:&quot;boxed&quot;}\" data-core-v316-plus=\"true\">\n\t\t\t\t\t<div class=\"e-con-inner\">\n\t\t\t\t\t<\/div>\n\t\t\t\t<\/div>\n\t\t<div class=\"elementor-element elementor-element-2d3c8df e-flex e-con-boxed e-con e-parent\" data-id=\"2d3c8df\" data-element_type=\"container\" data-settings=\"{&quot;container_type&quot;:&quot;flex&quot;,&quot;content_width&quot;:&quot;boxed&quot;}\" data-core-v316-plus=\"true\">\n\t\t\t\t\t<div class=\"e-con-inner\">\n\t\t\t\t\t<\/div>\n\t\t\t\t<\/div>\n\t\t<div class=\"elementor-element elementor-element-279961b e-flex e-con-boxed e-con e-parent\" data-id=\"279961b\" data-element_type=\"container\" data-settings=\"{&quot;container_type&quot;:&quot;flex&quot;,&quot;content_width&quot;:&quot;boxed&quot;}\" data-core-v316-plus=\"true\">\n\t\t\t\t\t<div class=\"e-con-inner\">\n\t\t\t\t\t<\/div>\n\t\t\t\t<\/div>\n\t\t<div class=\"elementor-element elementor-element-5fdac44 e-flex e-con-boxed e-con e-parent\" data-id=\"5fdac44\" data-element_type=\"container\" data-settings=\"{&quot;background_background&quot;:&quot;classic&quot;,&quot;container_type&quot;:&quot;flex&quot;,&quot;content_width&quot;:&quot;boxed&quot;}\" data-core-v316-plus=\"true\">\n\t\t\t\t\t<div class=\"e-con-inner\">\n\t\t\t\t<div class=\"elementor-element elementor-element-360cdff elementor-widget elementor-widget-text-editor\" data-id=\"360cdff\" data-element_type=\"widget\" data-widget_type=\"text-editor.default\">\n\t\t\t\t<div class=\"elementor-widget-container\">\n\t\t\t<style>\/*! elementor - v3.16.0 - 20-09-2023 *\/\n.elementor-widget-text-editor.elementor-drop-cap-view-stacked .elementor-drop-cap{background-color:#69727d;color:#fff}.elementor-widget-text-editor.elementor-drop-cap-view-framed .elementor-drop-cap{color:#69727d;border:3px solid;background-color:transparent}.elementor-widget-text-editor:not(.elementor-drop-cap-view-default) .elementor-drop-cap{margin-top:8px}.elementor-widget-text-editor:not(.elementor-drop-cap-view-default) .elementor-drop-cap-letter{width:1em;height:1em}.elementor-widget-text-editor .elementor-drop-cap{float:left;text-align:center;line-height:1;font-size:50px}.elementor-widget-text-editor .elementor-drop-cap-letter{display:inline-block}<\/style>\t\t\t\t<h2><span style=\"color: #808080;\">Sobre UTM30 \u2013 Expertos en Equipos de Topograf\u00eda y Geodesia<\/span><\/h2><p>En <a href=\"https:\/\/www.utm30.com\/pt\/\">UTM30<\/a> nos especializamos en la venta y <a href=\"https:\/\/www.utm30.com\/pt\/aluguer\/\">alquiler de equipos de topograf\u00eda y geodesia<\/a>, ofreciendo soluciones completas para profesionales e ingenieros. Disponemos de <a href=\"https:\/\/www.utm30.com\/pt\/categoria-do-produto\/estaciones-totales-de-topografia-de-alta-precision-utm30\/\">esta\u00e7\u00f5es totais<\/a>,<a href=\"https:\/\/www.utm30.com\/pt\/categoria-do-produto\/receptores-gnss\/\"> receptores GNSS,<\/a> <a href=\"https:\/\/www.utm30.com\/pt\/categoria-do-produto\/drones-topografia\/\">drones<\/a>,<a href=\"https:\/\/www.utm30.com\/pt\/categoria-do-produto\/controladoras-topografia\/\"> controladores<\/a> y <a href=\"https:\/\/www.utm30.com\/pt\/categoria-do-produto\/lidar_y_escaner_laser\/\">accesorios de \u00faltima generaci\u00f3n<\/a><a href=\"https:\/\/intimia.es\/\">,<\/a> garantizando precisi\u00f3n y fiabilidad en cada proyecto. Adem\u00e1s, ofrecemos soporte t\u00e9cnico especializado y asesoramiento personalizado para asegurar que cada cliente obtenga el equipo adecuado para sus necesidades. Operamos en toda Espa\u00f1a y Portugal, combinando calidad, tecnolog\u00eda avanzada y la confianza de trabajar con expertos en medici\u00f3n y cartograf\u00eda.<\/p>\t\t\t\t\t\t<\/div>\n\t\t\t\t<\/div>\n\t\t\t\t\t<\/div>\n\t\t\t\t<\/div>\n\t\t<div class=\"elementor-element elementor-element-6ac4c87 e-flex e-con-boxed e-con e-parent\" data-id=\"6ac4c87\" data-element_type=\"container\" data-settings=\"{&quot;background_background&quot;:&quot;classic&quot;,&quot;container_type&quot;:&quot;flex&quot;,&quot;content_width&quot;:&quot;boxed&quot;}\" data-core-v316-plus=\"true\">\n\t\t\t\t\t<div class=\"e-con-inner\">\n\t\t\t\t<div class=\"elementor-element elementor-element-3f7096d elementor-widget elementor-widget-text-editor\" data-id=\"3f7096d\" data-element_type=\"widget\" data-widget_type=\"text-editor.default\">\n\t\t\t\t<div class=\"elementor-widget-container\">\n\t\t\t\t\t\t\t<h2><span style=\"color: #808080;\">Onde \u00e9 que estamos?<\/span><\/h2><p>Nuestra almac\u00e9n de equipos de topograf\u00eda y geodesia se encuentra en La Vilavella, Castell\u00f3n (Espa\u00f1a), ofreciendo venta y alquiler de estaciones totales, receptores GNSS, drones y esc\u00e1neres l\u00e1ser para toda Espa\u00f1a y Portugal.<\/p>\t\t\t\t\t\t<\/div>\n\t\t\t\t<\/div>\n\t\t\t\t\t<\/div>\n\t\t\t\t<\/div>\n\t\t<div class=\"elementor-element elementor-element-2953aca e-flex e-con-boxed e-con e-parent\" data-id=\"2953aca\" data-element_type=\"container\" data-settings=\"{&quot;container_type&quot;:&quot;flex&quot;,&quot;content_width&quot;:&quot;boxed&quot;}\" data-core-v316-plus=\"true\">\n\t\t\t\t\t<div class=\"e-con-inner\">\n\t\t\t\t\t<\/div>\n\t\t\t\t<\/div>\n\t\t<div class=\"elementor-element elementor-element-639d1c7 e-flex e-con-boxed e-con e-parent\" data-id=\"639d1c7\" data-element_type=\"container\" data-settings=\"{&quot;background_background&quot;:&quot;classic&quot;,&quot;background_motion_fx_motion_fx_scrolling&quot;:&quot;yes&quot;,&quot;background_motion_fx_translateY_effect&quot;:&quot;yes&quot;,&quot;container_type&quot;:&quot;flex&quot;,&quot;content_width&quot;:&quot;boxed&quot;,&quot;background_motion_fx_translateY_speed&quot;:{&quot;unit&quot;:&quot;px&quot;,&quot;size&quot;:4,&quot;sizes&quot;:[]},&quot;background_motion_fx_translateY_affectedRange&quot;:{&quot;unit&quot;:&quot;%&quot;,&quot;size&quot;:&quot;&quot;,&quot;sizes&quot;:{&quot;start&quot;:0,&quot;end&quot;:100}},&quot;background_motion_fx_devices&quot;:[&quot;desktop&quot;,&quot;tablet&quot;,&quot;mobile&quot;]}\" data-core-v316-plus=\"true\">\n\t\t\t\t\t<div class=\"e-con-inner\">\n\t\t\t\t\t<\/div>\n\t\t\t\t<\/div>\n\t\t<div class=\"elementor-element elementor-element-29e76b1 e-flex e-con-boxed e-con e-parent\" data-id=\"29e76b1\" data-element_type=\"container\" data-settings=\"{&quot;container_type&quot;:&quot;flex&quot;,&quot;content_width&quot;:&quot;boxed&quot;}\" data-core-v316-plus=\"true\">\n\t\t\t\t\t<div class=\"e-con-inner\">\n\t\t\t\t\t<\/div>\n\t\t\t\t<\/div>\n\t\t<div class=\"elementor-element elementor-element-6c4b03f e-flex e-con-boxed e-con e-parent\" data-id=\"6c4b03f\" data-element_type=\"container\" data-settings=\"{&quot;background_background&quot;:&quot;classic&quot;,&quot;container_type&quot;:&quot;flex&quot;,&quot;content_width&quot;:&quot;boxed&quot;}\" data-core-v316-plus=\"true\">\n\t\t\t\t\t<div class=\"e-con-inner\">\n\t\t\t\t<div class=\"elementor-element elementor-element-0440efa elementor-widget elementor-widget-text-editor\" data-id=\"0440efa\" data-element_type=\"widget\" data-widget_type=\"text-editor.default\">\n\t\t\t\t<div class=\"elementor-widget-container\">\n\t\t\t\t\t\t\t<h2><span style=\"color: #808080;\">Productos a la venta y alquiler<\/span><\/h2><p>Disponemos de equipos topogr\u00e1ficos y geod\u00e9sicos de alta precisi\u00f3n, incluyendo receptores GPS (GNSS), estaciones totales, controladoras, drones y LiDAR (esc\u00e1neres y SLAM). Nuestros productos se actualizan constantemente con la \u00faltima tecnolog\u00eda, garantizando que siempre encuentre en UTM30 los equipos de topograf\u00eda y geodesia m\u00e1s modernos y fiables.<\/p>\t\t\t\t\t\t<\/div>\n\t\t\t\t<\/div>\n\t\t\t\t\t<\/div>\n\t\t\t\t<\/div>\n\t\t<div class=\"elementor-element elementor-element-c713b72 e-flex e-con-boxed e-con e-parent\" data-id=\"c713b72\" data-element_type=\"container\" data-settings=\"{&quot;background_background&quot;:&quot;classic&quot;,&quot;container_type&quot;:&quot;flex&quot;,&quot;content_width&quot;:&quot;boxed&quot;}\" data-core-v316-plus=\"true\">\n\t\t\t\t\t<div class=\"e-con-inner\">\n\t\t\t\t<div class=\"elementor-element elementor-element-188c0f8 elementor-widget elementor-widget-text-editor\" data-id=\"188c0f8\" data-element_type=\"widget\" data-widget_type=\"text-editor.default\">\n\t\t\t\t<div class=\"elementor-widget-container\">\n\t\t\t\t\t\t\t<h2><span style=\"color: #808080;\">As nossas marcas<\/span><\/h2><p>En UTM30 hemos alcanzado acuerdos para distribuir equipos topogr\u00e1ficos y geod\u00e9sicos de fabricantes reconocidos como a-GEO (AlphaGEO), Intec, PozStar, Ruide, Geosun y Share. Nuestra colaboraci\u00f3n se basa en las pruebas satisfactorias realizadas por nuestros t\u00e9cnicos, garantizando instrumentos de gran calidad a precios altamente competitivos. Adem\u00e1s, estamos en constante negociaci\u00f3n con otros fabricantes del sector para ofrecer a nuestros clientes los productos m\u00e1s novedosos de topograf\u00eda y geodesia, siempre con la mejor relaci\u00f3n calidad-precio.<\/p>\t\t\t\t\t\t<\/div>\n\t\t\t\t<\/div>\n\t\t\t\t\t<\/div>\n\t\t\t\t<\/div>\n\t\t<div class=\"elementor-element elementor-element-b75755d e-flex e-con-boxed e-con e-parent\" data-id=\"b75755d\" data-element_type=\"container\" data-settings=\"{&quot;container_type&quot;:&quot;flex&quot;,&quot;content_width&quot;:&quot;boxed&quot;}\" data-core-v316-plus=\"true\">\n\t\t\t\t\t<div class=\"e-con-inner\">\n\t\t\t\t<div class=\"elementor-element elementor-element-55b86da elementor-widget elementor-widget-image\" data-id=\"55b86da\" data-element_type=\"widget\" data-widget_type=\"image.default\">\n\t\t\t\t<div class=\"elementor-widget-container\">\n\t\t\t<style>\/*! elementor - v3.16.0 - 20-09-2023 *\/\n.elementor-widget-image{text-align:center}.elementor-widget-image a{display:inline-block}.elementor-widget-image a img[src$=\".svg\"]{width:48px}.elementor-widget-image img{vertical-align:middle;display:inline-block}<\/style>\t\t\t\t\t\t\t\t\t\t\t\t<img loading=\"lazy\" decoding=\"async\" width=\"215\" height=\"60\" src=\"https:\/\/www.utm30.com\/wp-content\/uploads\/2025\/01\/Logo_Intec.svg\" class=\"attachment-large size-large wp-image-4489\" alt=\"\" \/>\t\t\t\t\t\t\t\t\t\t\t\t\t\t\t<\/div>\n\t\t\t\t<\/div>\n\t\t\t\t<div class=\"elementor-element elementor-element-f2a036c elementor-widget elementor-widget-image\" data-id=\"f2a036c\" data-element_type=\"widget\" data-widget_type=\"image.default\">\n\t\t\t\t<div class=\"elementor-widget-container\">\n\t\t\t\t\t\t\t\t\t\t\t\t\t\t\t<img loading=\"lazy\" decoding=\"async\" width=\"293\" height=\"77\" src=\"https:\/\/www.utm30.com\/wp-content\/uploads\/2023\/12\/logo_alpha-GEO1-e1703747659438.webp\" class=\"attachment-large size-large wp-image-3131\" alt=\"\" srcset=\"https:\/\/www.utm30.com\/wp-content\/uploads\/2023\/12\/logo_alpha-GEO1-e1703747659438.webp 293w, https:\/\/www.utm30.com\/wp-content\/uploads\/2023\/12\/logo_alpha-GEO1-e1703747659438-18x5.webp 18w\" sizes=\"(max-width: 293px) 100vw, 293px\" \/>\t\t\t\t\t\t\t\t\t\t\t\t\t\t\t<\/div>\n\t\t\t\t<\/div>\n\t\t\t\t<div class=\"elementor-element elementor-element-c146453 elementor-widget elementor-widget-image\" data-id=\"c146453\" data-element_type=\"widget\" data-widget_type=\"image.default\">\n\t\t\t\t<div class=\"elementor-widget-container\">\n\t\t\t\t\t\t\t\t\t\t\t\t\t\t\t<img loading=\"lazy\" decoding=\"async\" width=\"407\" height=\"78\" src=\"https:\/\/www.utm30.com\/wp-content\/uploads\/2024\/03\/Icono_PozStar.png\" class=\"attachment-large size-large wp-image-3685\" alt=\"\" srcset=\"https:\/\/www.utm30.com\/wp-content\/uploads\/2024\/03\/Icono_PozStar.png 407w, https:\/\/www.utm30.com\/wp-content\/uploads\/2024\/03\/Icono_PozStar-300x57.png 300w, https:\/\/www.utm30.com\/wp-content\/uploads\/2024\/03\/Icono_PozStar-18x3.png 18w\" sizes=\"(max-width: 407px) 100vw, 407px\" \/>\t\t\t\t\t\t\t\t\t\t\t\t\t\t\t<\/div>\n\t\t\t\t<\/div>\n\t\t\t\t\t<\/div>\n\t\t\t\t<\/div>\n\t\t<div class=\"elementor-element elementor-element-3eff951 e-flex e-con-boxed e-con e-parent\" data-id=\"3eff951\" data-element_type=\"container\" data-settings=\"{&quot;container_type&quot;:&quot;flex&quot;,&quot;content_width&quot;:&quot;boxed&quot;}\" data-core-v316-plus=\"true\">\n\t\t\t\t\t<div class=\"e-con-inner\">\n\t\t\t\t<div class=\"elementor-element elementor-element-8995676 elementor-widget elementor-widget-image\" data-id=\"8995676\" data-element_type=\"widget\" data-widget_type=\"image.default\">\n\t\t\t\t<div class=\"elementor-widget-container\">\n\t\t\t\t\t\t\t\t\t\t\t\t\t\t\t<img loading=\"lazy\" decoding=\"async\" width=\"502\" height=\"96\" src=\"https:\/\/www.utm30.com\/wp-content\/uploads\/2024\/04\/logo_RUIDE.png\" class=\"attachment-large size-large wp-image-3868\" alt=\"\" srcset=\"https:\/\/www.utm30.com\/wp-content\/uploads\/2024\/04\/logo_RUIDE.png 502w, https:\/\/www.utm30.com\/wp-content\/uploads\/2024\/04\/logo_RUIDE-300x57.png 300w, https:\/\/www.utm30.com\/wp-content\/uploads\/2024\/04\/logo_RUIDE-18x3.png 18w\" sizes=\"(max-width: 502px) 100vw, 502px\" \/>\t\t\t\t\t\t\t\t\t\t\t\t\t\t\t<\/div>\n\t\t\t\t<\/div>\n\t\t\t\t<div class=\"elementor-element elementor-element-d110cbd elementor-widget elementor-widget-image\" data-id=\"d110cbd\" data-element_type=\"widget\" data-widget_type=\"image.default\">\n\t\t\t\t<div class=\"elementor-widget-container\">\n\t\t\t\t\t\t\t\t\t\t\t\t\t\t\t<img loading=\"lazy\" decoding=\"async\" width=\"488\" height=\"140\" src=\"https:\/\/www.utm30.com\/wp-content\/uploads\/2024\/04\/logo_geosun2.png\" class=\"attachment-large size-large wp-image-3870\" alt=\"\" srcset=\"https:\/\/www.utm30.com\/wp-content\/uploads\/2024\/04\/logo_geosun2.png 488w, https:\/\/www.utm30.com\/wp-content\/uploads\/2024\/04\/logo_geosun2-300x86.png 300w, https:\/\/www.utm30.com\/wp-content\/uploads\/2024\/04\/logo_geosun2-18x5.png 18w\" sizes=\"(max-width: 488px) 100vw, 488px\" \/>\t\t\t\t\t\t\t\t\t\t\t\t\t\t\t<\/div>\n\t\t\t\t<\/div>\n\t\t\t\t<div class=\"elementor-element elementor-element-633f066 elementor-widget elementor-widget-image\" data-id=\"633f066\" data-element_type=\"widget\" data-widget_type=\"image.default\">\n\t\t\t\t<div class=\"elementor-widget-container\">\n\t\t\t\t\t\t\t\t\t\t\t\t\t\t\t<img loading=\"lazy\" decoding=\"async\" width=\"421\" height=\"98\" src=\"https:\/\/www.utm30.com\/wp-content\/uploads\/2024\/10\/logo_SHARE.png\" class=\"attachment-large size-large wp-image-4318\" alt=\"\" srcset=\"https:\/\/www.utm30.com\/wp-content\/uploads\/2024\/10\/logo_SHARE.png 421w, https:\/\/www.utm30.com\/wp-content\/uploads\/2024\/10\/logo_SHARE-300x70.png 300w, https:\/\/www.utm30.com\/wp-content\/uploads\/2024\/10\/logo_SHARE-18x4.png 18w\" sizes=\"(max-width: 421px) 100vw, 421px\" \/>\t\t\t\t\t\t\t\t\t\t\t\t\t\t\t<\/div>\n\t\t\t\t<\/div>\n\t\t\t\t\t<\/div>\n\t\t\t\t<\/div>\n\t\t\t\t\t\t\t<\/div>","protected":false},"excerpt":{"rendered":"<p>Sobre UTM30 \u2013 Expertos en Equipos de Topograf\u00eda y Geodesia En UTM30 nos especializamos en la venta y alquiler de equipos de topograf\u00eda y geodesia, ofreciendo soluciones completas para profesionales e ingenieros. Disponemos de estaciones totales, receptores GNSS, drones, controladoras y accesorios de \u00faltima generaci\u00f3n, garantizando precisi\u00f3n y fiabilidad en cada proyecto. Adem\u00e1s, ofrecemos soporte [&hellip;]<\/p>","protected":false},"author":1,"featured_media":0,"parent":0,"menu_order":2,"comment_status":"closed","ping_status":"closed","template":"","meta":{"_themeisle_gutenberg_block_has_review":false,"footnotes":""},"yoast_head":"<!-- This site is optimized with the Yoast SEO Premium plugin v21.6 (Yoast SEO v21.6) - https:\/\/yoast.com\/wordpress\/plugins\/seo\/ -->\n<title>UTM30 | Especialistas en Equipos de Topograf\u00eda, GNSS y Estaciones Totales<\/title>\n<meta name=\"description\" content=\"UTM30 es su referencia en equipos de topograf\u00eda y geodesia. Ofrecemos estaciones totales, receptores GNSS, drones y esc\u00e1neres l\u00e1ser de alta precisi\u00f3n, con soporte t\u00e9cnico profesional y garant\u00eda de calidad.\" \/>\n<meta name=\"robots\" content=\"index, follow, max-snippet:-1, max-image-preview:large, max-video-preview:-1\" \/>\n<link rel=\"canonical\" href=\"https:\/\/www.utm30.com\/pt\/sobre-nos\/\" \/>\n<meta property=\"og:locale\" content=\"pt_PT\" \/>\n<meta property=\"og:type\" content=\"article\" \/>\n<meta property=\"og:title\" content=\"Sobre nosotros\" \/>\n<meta property=\"og:description\" content=\"UTM30 es su referencia en equipos de topograf\u00eda y geodesia. Ofrecemos estaciones totales, receptores GNSS, drones y esc\u00e1neres l\u00e1ser de alta precisi\u00f3n, con soporte t\u00e9cnico profesional y garant\u00eda de calidad.\" \/>\n<meta property=\"og:url\" content=\"https:\/\/www.utm30.com\/pt\/sobre-nos\/\" \/>\n<meta property=\"og:site_name\" content=\"UTM30 \u00b7 Equipos de topograf\u00eda\" \/>\n<meta property=\"article:modified_time\" content=\"2025-12-11T10:13:43+00:00\" \/>\n<meta property=\"og:image\" content=\"https:\/\/www.utm30.com\/wp-content\/uploads\/2025\/01\/Logo_Intec.svg\" \/>\n<meta name=\"twitter:card\" content=\"summary_large_image\" \/>\n<meta name=\"twitter:label1\" content=\"Tempo estimado de leitura\" \/>\n\t<meta name=\"twitter:data1\" content=\"3 minutos\" \/>\n<script type=\"application\/ld+json\" class=\"yoast-schema-graph\">{\"@context\":\"https:\/\/schema.org\",\"@graph\":[{\"@type\":\"WebPage\",\"@id\":\"https:\/\/www.utm30.com\/sobre-nosotros\/\",\"url\":\"https:\/\/www.utm30.com\/sobre-nosotros\/\",\"name\":\"UTM30 | Especialistas en Equipos de Topograf\u00eda, GNSS y Estaciones Totales\",\"isPartOf\":{\"@id\":\"https:\/\/www.utm30.com\/#website\"},\"datePublished\":\"2023-10-08T16:20:10+00:00\",\"dateModified\":\"2025-12-11T10:13:43+00:00\",\"description\":\"UTM30 es su referencia en equipos de topograf\u00eda y geodesia. Ofrecemos estaciones totales, receptores GNSS, drones y esc\u00e1neres l\u00e1ser de alta precisi\u00f3n, con soporte t\u00e9cnico profesional y garant\u00eda de calidad.\",\"breadcrumb\":{\"@id\":\"https:\/\/www.utm30.com\/sobre-nosotros\/#breadcrumb\"},\"inLanguage\":\"pt-PT\",\"potentialAction\":[{\"@type\":\"ReadAction\",\"target\":[\"https:\/\/www.utm30.com\/sobre-nosotros\/\"]}]},{\"@type\":\"BreadcrumbList\",\"@id\":\"https:\/\/www.utm30.com\/sobre-nosotros\/#breadcrumb\",\"itemListElement\":[{\"@type\":\"ListItem\",\"position\":1,\"name\":\"Portada\",\"item\":\"https:\/\/www.utm30.com\/\"},{\"@type\":\"ListItem\",\"position\":2,\"name\":\"Sobre nosotros\"}]},{\"@type\":\"WebSite\",\"@id\":\"https:\/\/www.utm30.com\/#website\",\"url\":\"https:\/\/www.utm30.com\/\",\"name\":\"UTM30 \u00b7 Equipos de Topografia\",\"description\":\"Equipos de topograf\u00eda\",\"publisher\":{\"@id\":\"https:\/\/www.utm30.com\/#organization\"},\"alternateName\":\"UTM30\",\"potentialAction\":[{\"@type\":\"SearchAction\",\"target\":{\"@type\":\"EntryPoint\",\"urlTemplate\":\"https:\/\/www.utm30.com\/?s={search_term_string}\"},\"query-input\":\"required name=search_term_string\"}],\"inLanguage\":\"pt-PT\"},{\"@type\":\"Organization\",\"@id\":\"https:\/\/www.utm30.com\/#organization\",\"name\":\"UTM30 \u00b7 Equipos de topografia\",\"alternateName\":\"UTM30\",\"url\":\"https:\/\/www.utm30.com\/\",\"logo\":{\"@type\":\"ImageObject\",\"inLanguage\":\"pt-PT\",\"@id\":\"https:\/\/www.utm30.com\/#\/schema\/logo\/image\/\",\"url\":\"https:\/\/www.utm30.com\/wp-content\/uploads\/2023\/10\/logo_cartel_UTM30.png\",\"contentUrl\":\"https:\/\/www.utm30.com\/wp-content\/uploads\/2023\/10\/logo_cartel_UTM30.png\",\"width\":1854,\"height\":475,\"caption\":\"UTM30 \u00b7 Equipos de topografia\"},\"image\":{\"@id\":\"https:\/\/www.utm30.com\/#\/schema\/logo\/image\/\"},\"sameAs\":[\"https:\/\/www.youtube.com\/channel\/UC492H-BCfKZoCIkRsT244xQ\"]}]}<\/script>\n<!-- \/ Yoast SEO Premium plugin. -->","yoast_head_json":{"title":"UTM30 | Especialistas en Equipos de Topograf\u00eda, GNSS y Estaciones Totales","description":"UTM30 es su referencia en equipos de topograf\u00eda y geodesia. Ofrecemos estaciones totales, receptores GNSS, drones y esc\u00e1neres l\u00e1ser de alta precisi\u00f3n, con soporte t\u00e9cnico profesional y garant\u00eda de calidad.","robots":{"index":"index","follow":"follow","max-snippet":"max-snippet:-1","max-image-preview":"max-image-preview:large","max-video-preview":"max-video-preview:-1"},"canonical":"https:\/\/www.utm30.com\/pt\/sobre-nos\/","og_locale":"pt_PT","og_type":"article","og_title":"Sobre nosotros","og_description":"UTM30 es su referencia en equipos de topograf\u00eda y geodesia. Ofrecemos estaciones totales, receptores GNSS, drones y esc\u00e1neres l\u00e1ser de alta precisi\u00f3n, con soporte t\u00e9cnico profesional y garant\u00eda de calidad.","og_url":"https:\/\/www.utm30.com\/pt\/sobre-nos\/","og_site_name":"UTM30 \u00b7 Equipos de topograf\u00eda","article_modified_time":"2025-12-11T10:13:43+00:00","og_image":[{"url":"https:\/\/www.utm30.com\/wp-content\/uploads\/2025\/01\/Logo_Intec.svg"}],"twitter_card":"summary_large_image","twitter_misc":{"Tempo estimado de leitura":"3 minutos"},"schema":{"@context":"https:\/\/schema.org","@graph":[{"@type":"WebPage","@id":"https:\/\/www.utm30.com\/sobre-nosotros\/","url":"https:\/\/www.utm30.com\/sobre-nosotros\/","name":"UTM30 | Especialistas en Equipos de Topograf\u00eda, GNSS y Estaciones Totales","isPartOf":{"@id":"https:\/\/www.utm30.com\/#website"},"datePublished":"2023-10-08T16:20:10+00:00","dateModified":"2025-12-11T10:13:43+00:00","description":"UTM30 es su referencia en equipos de topograf\u00eda y geodesia. Ofrecemos estaciones totales, receptores GNSS, drones y esc\u00e1neres l\u00e1ser de alta precisi\u00f3n, con soporte t\u00e9cnico profesional y garant\u00eda de calidad.","breadcrumb":{"@id":"https:\/\/www.utm30.com\/sobre-nosotros\/#breadcrumb"},"inLanguage":"pt-PT","potentialAction":[{"@type":"ReadAction","target":["https:\/\/www.utm30.com\/sobre-nosotros\/"]}]},{"@type":"BreadcrumbList","@id":"https:\/\/www.utm30.com\/sobre-nosotros\/#breadcrumb","itemListElement":[{"@type":"ListItem","position":1,"name":"Portada","item":"https:\/\/www.utm30.com\/"},{"@type":"ListItem","position":2,"name":"Sobre nosotros"}]},{"@type":"WebSite","@id":"https:\/\/www.utm30.com\/#website","url":"https:\/\/www.utm30.com\/","name":"UTM30 \u00b7 Equipos de Topografia","description":"Equipos de topograf\u00eda","publisher":{"@id":"https:\/\/www.utm30.com\/#organization"},"alternateName":"UTM30","potentialAction":[{"@type":"SearchAction","target":{"@type":"EntryPoint","urlTemplate":"https:\/\/www.utm30.com\/?s={search_term_string}"},"query-input":"required name=search_term_string"}],"inLanguage":"pt-PT"},{"@type":"Organization","@id":"https:\/\/www.utm30.com\/#organization","name":"UTM30 \u00b7 Equipos de topografia","alternateName":"UTM30","url":"https:\/\/www.utm30.com\/","logo":{"@type":"ImageObject","inLanguage":"pt-PT","@id":"https:\/\/www.utm30.com\/#\/schema\/logo\/image\/","url":"https:\/\/www.utm30.com\/wp-content\/uploads\/2023\/10\/logo_cartel_UTM30.png","contentUrl":"https:\/\/www.utm30.com\/wp-content\/uploads\/2023\/10\/logo_cartel_UTM30.png","width":1854,"height":475,"caption":"UTM30 \u00b7 Equipos de topografia"},"image":{"@id":"https:\/\/www.utm30.com\/#\/schema\/logo\/image\/"},"sameAs":["https:\/\/www.youtube.com\/channel\/UC492H-BCfKZoCIkRsT244xQ"]}]}},"_links":{"self":[{"href":"https:\/\/www.utm30.com\/pt\/wp-json\/wp\/v2\/pages\/215"}],"collection":[{"href":"https:\/\/www.utm30.com\/pt\/wp-json\/wp\/v2\/pages"}],"about":[{"href":"https:\/\/www.utm30.com\/pt\/wp-json\/wp\/v2\/types\/page"}],"author":[{"embeddable":true,"href":"https:\/\/www.utm30.com\/pt\/wp-json\/wp\/v2\/users\/1"}],"replies":[{"embeddable":true,"href":"https:\/\/www.utm30.com\/pt\/wp-json\/wp\/v2\/comments?post=215"}],"version-history":[{"count":169,"href":"https:\/\/www.utm30.com\/pt\/wp-json\/wp\/v2\/pages\/215\/revisions"}],"predecessor-version":[{"id":5268,"href":"https:\/\/www.utm30.com\/pt\/wp-json\/wp\/v2\/pages\/215\/revisions\/5268"}],"wp:attachment":[{"href":"https:\/\/www.utm30.com\/pt\/wp-json\/wp\/v2\/media?parent=215"}],"curies":[{"name":"wp","href":"https:\/\/api.w.org\/{rel}","templated":true}]}}