{"id":3610,"date":"2024-03-01T20:15:28","date_gmt":"2024-03-01T19:15:28","guid":{"rendered":"https:\/\/www.utm30.com\/?post_type=product&#038;p=3610"},"modified":"2025-11-26T14:23:10","modified_gmt":"2025-11-26T13:23:10","slug":"leica-ms50-robotizada-scanner","status":"publish","type":"product","link":"https:\/\/www.utm30.com\/pt\/produto\/scanner-robotico-leica-ms50\/","title":{"rendered":"Leica MS50 Rob\u00f3tico + Scanner"},"content":{"rendered":"<p>Esta\u00e7\u00e3o total robotizada + scanner, para trabalhar com um \u00fanico operador.<\/p>\n<p>Equipamento usado. Em bom estado.<\/p>","protected":false},"excerpt":{"rendered":"<pre><img loading=\"lazy\" decoding=\"async\" class=\"alignnone wp-image-3612 size-full\" src=\"https:\/\/www.utm30.com\/wp-content\/uploads\/2024\/03\/Icono_Leica_Geosystems.png\" alt=\"\" width=\"80\" height=\"52\" srcset=\"https:\/\/www.utm30.com\/wp-content\/uploads\/2024\/03\/Icono_Leica_Geosystems.png 80w, https:\/\/www.utm30.com\/wp-content\/uploads\/2024\/03\/Icono_Leica_Geosystems-18x12.png 18w\" sizes=\"(max-width: 80px) 100vw, 80px\" \/><\/pre>\n<h1>Leica MS50 Robotizado + Laser Scanner<\/h1>\n<h6><strong>Esta\u00e7\u00e3o total totalmente robotizada, com fun\u00e7\u00e3o de scanner laser<br \/>\n<\/strong><\/h6>\n<ul>\n<li>Trabalho de campo com um \u00fanico operador<\/li>\n<li>Scanner a laser at\u00e9 1.000 m e 1.000 pontos por segundo<\/li>\n<li>1\u2033 de precis\u00e3o angular<\/li>\n<li>Medi\u00e7\u00e3o sem prisma at\u00e9 2.000m<\/li>\n<li>ATR (Prisma de seguimento autom\u00e1tico) com um alcance at\u00e9 1.000 m<\/li>\n<li>Power Search ultrarr\u00e1pido (busca autom\u00e1tica por prisma de 360\u00b0) com um alcance de at\u00e9 300 m.<\/li>\n<li>2 ecr\u00e3s t\u00e1cteis a cores, com v\u00eddeo em tempo real do alvo<\/li>\n<li>Inclui pRadio Handle RH15<\/li>\n<li>Fornecido com duas baterias e um carregador<\/li>\n<\/ul>","protected":false},"featured_media":3633,"template":"","meta":{"_themeisle_gutenberg_block_has_review":false},"product_cat":[27],"product_tag":[51,52,50],"yoast_head":"<!-- This site is optimized with the Yoast SEO Premium plugin v21.6 (Yoast SEO v21.6) - https:\/\/yoast.com\/wordpress\/plugins\/seo\/ -->\n<title>Estaci\u00f3n total premium | Leica MS50 Robotizada + Scanner<\/title>\n<meta name=\"description\" content=\"Estaci\u00f3n total robotizada + scanner laser Leica Nova MS50 1&quot; R2000 (Multiestaci\u00f3n). Equipo usado. En muy buenas condiciones.\" \/>\n<meta name=\"robots\" content=\"index, follow, max-snippet:-1, max-image-preview:large, max-video-preview:-1\" \/>\n<link rel=\"canonical\" href=\"https:\/\/www.utm30.com\/pt\/produto\/scanner-robotico-leica-ms50\/\" \/>\n<meta property=\"og:locale\" content=\"pt_PT\" \/>\n<meta property=\"og:type\" content=\"article\" \/>\n<meta property=\"og:title\" content=\"Leica MS50 Robotizada + Scanner\" \/>\n<meta property=\"og:description\" content=\"Estaci\u00f3n total robotizada + scanner laser Leica Nova MS50 1&quot; R2000 (Multiestaci\u00f3n). Equipo usado. En muy buenas condiciones.\" \/>\n<meta property=\"og:url\" content=\"https:\/\/www.utm30.com\/pt\/produto\/scanner-robotico-leica-ms50\/\" \/>\n<meta property=\"og:site_name\" content=\"UTM30 \u00b7 Equipos de topograf\u00eda\" \/>\n<meta property=\"article:modified_time\" content=\"2025-11-26T13:23:10+00:00\" \/>\n<meta property=\"og:image\" content=\"https:\/\/www.utm30.com\/wp-content\/uploads\/2024\/03\/Leica_MS50_1a.webp\" \/>\n\t<meta property=\"og:image:width\" content=\"1280\" \/>\n\t<meta property=\"og:image:height\" content=\"1280\" \/>\n\t<meta property=\"og:image:type\" content=\"image\/webp\" \/>\n<meta name=\"twitter:card\" content=\"summary_large_image\" \/>\n<meta name=\"twitter:label1\" content=\"Tempo estimado de leitura\" \/>\n\t<meta name=\"twitter:data1\" content=\"1 minuto\" \/>\n<script type=\"application\/ld+json\" class=\"yoast-schema-graph\">{\"@context\":\"https:\/\/schema.org\",\"@graph\":[{\"@type\":\"WebPage\",\"@id\":\"https:\/\/www.utm30.com\/producto\/leica-ms50-robotizada-scanner\/\",\"url\":\"https:\/\/www.utm30.com\/producto\/leica-ms50-robotizada-scanner\/\",\"name\":\"Estaci\u00f3n total premium | Leica MS50 Robotizada + Scanner\",\"isPartOf\":{\"@id\":\"https:\/\/www.utm30.com\/#website\"},\"datePublished\":\"2024-03-01T19:15:28+00:00\",\"dateModified\":\"2025-11-26T13:23:10+00:00\",\"description\":\"Estaci\u00f3n total robotizada + scanner laser Leica Nova MS50 1\\\" R2000 (Multiestaci\u00f3n). Equipo usado. En muy buenas condiciones.\",\"breadcrumb\":{\"@id\":\"https:\/\/www.utm30.com\/producto\/leica-ms50-robotizada-scanner\/#breadcrumb\"},\"inLanguage\":\"pt-PT\",\"potentialAction\":[{\"@type\":\"ReadAction\",\"target\":[\"https:\/\/www.utm30.com\/producto\/leica-ms50-robotizada-scanner\/\"]}]},{\"@type\":\"BreadcrumbList\",\"@id\":\"https:\/\/www.utm30.com\/producto\/leica-ms50-robotizada-scanner\/#breadcrumb\",\"itemListElement\":[{\"@type\":\"ListItem\",\"position\":1,\"name\":\"Portada\",\"item\":\"https:\/\/www.utm30.com\/\"},{\"@type\":\"ListItem\",\"position\":2,\"name\":\"Productos UTM30\",\"item\":\"https:\/\/www.utm30.com\/productos-utm30\/\"},{\"@type\":\"ListItem\",\"position\":3,\"name\":\"Leica MS50 Robotizada + Scanner\"}]},{\"@type\":\"WebSite\",\"@id\":\"https:\/\/www.utm30.com\/#website\",\"url\":\"https:\/\/www.utm30.com\/\",\"name\":\"UTM30 \u00b7 Equipos de Topografia\",\"description\":\"Equipos de topograf\u00eda\",\"publisher\":{\"@id\":\"https:\/\/www.utm30.com\/#organization\"},\"alternateName\":\"UTM30\",\"potentialAction\":[{\"@type\":\"SearchAction\",\"target\":{\"@type\":\"EntryPoint\",\"urlTemplate\":\"https:\/\/www.utm30.com\/?s={search_term_string}\"},\"query-input\":\"required name=search_term_string\"}],\"inLanguage\":\"pt-PT\"},{\"@type\":\"Organization\",\"@id\":\"https:\/\/www.utm30.com\/#organization\",\"name\":\"UTM30 \u00b7 Equipos de topografia\",\"alternateName\":\"UTM30\",\"url\":\"https:\/\/www.utm30.com\/\",\"logo\":{\"@type\":\"ImageObject\",\"inLanguage\":\"pt-PT\",\"@id\":\"https:\/\/www.utm30.com\/#\/schema\/logo\/image\/\",\"url\":\"https:\/\/www.utm30.com\/wp-content\/uploads\/2023\/10\/logo_cartel_UTM30.png\",\"contentUrl\":\"https:\/\/www.utm30.com\/wp-content\/uploads\/2023\/10\/logo_cartel_UTM30.png\",\"width\":1854,\"height\":475,\"caption\":\"UTM30 \u00b7 Equipos de topografia\"},\"image\":{\"@id\":\"https:\/\/www.utm30.com\/#\/schema\/logo\/image\/\"},\"sameAs\":[\"https:\/\/www.youtube.com\/channel\/UC492H-BCfKZoCIkRsT244xQ\"]}]}<\/script>\n<!-- \/ Yoast SEO Premium plugin. -->","yoast_head_json":{"title":"Estaci\u00f3n total premium | Leica MS50 Robotizada + Scanner","description":"Estaci\u00f3n total robotizada + scanner laser Leica Nova MS50 1\" R2000 (Multiestaci\u00f3n). Equipo usado. En muy buenas condiciones.","robots":{"index":"index","follow":"follow","max-snippet":"max-snippet:-1","max-image-preview":"max-image-preview:large","max-video-preview":"max-video-preview:-1"},"canonical":"https:\/\/www.utm30.com\/pt\/produto\/scanner-robotico-leica-ms50\/","og_locale":"pt_PT","og_type":"article","og_title":"Leica MS50 Robotizada + Scanner","og_description":"Estaci\u00f3n total robotizada + scanner laser Leica Nova MS50 1\" R2000 (Multiestaci\u00f3n). Equipo usado. En muy buenas condiciones.","og_url":"https:\/\/www.utm30.com\/pt\/produto\/scanner-robotico-leica-ms50\/","og_site_name":"UTM30 \u00b7 Equipos de topograf\u00eda","article_modified_time":"2025-11-26T13:23:10+00:00","og_image":[{"width":1280,"height":1280,"url":"https:\/\/www.utm30.com\/wp-content\/uploads\/2024\/03\/Leica_MS50_1a.webp","type":"image\/webp"}],"twitter_card":"summary_large_image","twitter_misc":{"Tempo estimado de leitura":"1 minuto"},"schema":{"@context":"https:\/\/schema.org","@graph":[{"@type":"WebPage","@id":"https:\/\/www.utm30.com\/producto\/leica-ms50-robotizada-scanner\/","url":"https:\/\/www.utm30.com\/producto\/leica-ms50-robotizada-scanner\/","name":"Estaci\u00f3n total premium | Leica MS50 Robotizada + Scanner","isPartOf":{"@id":"https:\/\/www.utm30.com\/#website"},"datePublished":"2024-03-01T19:15:28+00:00","dateModified":"2025-11-26T13:23:10+00:00","description":"Estaci\u00f3n total robotizada + scanner laser Leica Nova MS50 1\" R2000 (Multiestaci\u00f3n). Equipo usado. En muy buenas condiciones.","breadcrumb":{"@id":"https:\/\/www.utm30.com\/producto\/leica-ms50-robotizada-scanner\/#breadcrumb"},"inLanguage":"pt-PT","potentialAction":[{"@type":"ReadAction","target":["https:\/\/www.utm30.com\/producto\/leica-ms50-robotizada-scanner\/"]}]},{"@type":"BreadcrumbList","@id":"https:\/\/www.utm30.com\/producto\/leica-ms50-robotizada-scanner\/#breadcrumb","itemListElement":[{"@type":"ListItem","position":1,"name":"Portada","item":"https:\/\/www.utm30.com\/"},{"@type":"ListItem","position":2,"name":"Productos UTM30","item":"https:\/\/www.utm30.com\/productos-utm30\/"},{"@type":"ListItem","position":3,"name":"Leica MS50 Robotizada + Scanner"}]},{"@type":"WebSite","@id":"https:\/\/www.utm30.com\/#website","url":"https:\/\/www.utm30.com\/","name":"UTM30 \u00b7 Equipos de Topografia","description":"Equipos de topograf\u00eda","publisher":{"@id":"https:\/\/www.utm30.com\/#organization"},"alternateName":"UTM30","potentialAction":[{"@type":"SearchAction","target":{"@type":"EntryPoint","urlTemplate":"https:\/\/www.utm30.com\/?s={search_term_string}"},"query-input":"required name=search_term_string"}],"inLanguage":"pt-PT"},{"@type":"Organization","@id":"https:\/\/www.utm30.com\/#organization","name":"UTM30 \u00b7 Equipos de topografia","alternateName":"UTM30","url":"https:\/\/www.utm30.com\/","logo":{"@type":"ImageObject","inLanguage":"pt-PT","@id":"https:\/\/www.utm30.com\/#\/schema\/logo\/image\/","url":"https:\/\/www.utm30.com\/wp-content\/uploads\/2023\/10\/logo_cartel_UTM30.png","contentUrl":"https:\/\/www.utm30.com\/wp-content\/uploads\/2023\/10\/logo_cartel_UTM30.png","width":1854,"height":475,"caption":"UTM30 \u00b7 Equipos de topografia"},"image":{"@id":"https:\/\/www.utm30.com\/#\/schema\/logo\/image\/"},"sameAs":["https:\/\/www.youtube.com\/channel\/UC492H-BCfKZoCIkRsT244xQ"]}]}},"_links":{"self":[{"href":"https:\/\/www.utm30.com\/pt\/wp-json\/wp\/v2\/product\/3610"}],"collection":[{"href":"https:\/\/www.utm30.com\/pt\/wp-json\/wp\/v2\/product"}],"about":[{"href":"https:\/\/www.utm30.com\/pt\/wp-json\/wp\/v2\/types\/product"}],"version-history":[{"count":4,"href":"https:\/\/www.utm30.com\/pt\/wp-json\/wp\/v2\/product\/3610\/revisions"}],"predecessor-version":[{"id":3618,"href":"https:\/\/www.utm30.com\/pt\/wp-json\/wp\/v2\/product\/3610\/revisions\/3618"}],"wp:featuredmedia":[{"embeddable":true,"href":"https:\/\/www.utm30.com\/pt\/wp-json\/wp\/v2\/media\/3633"}],"wp:attachment":[{"href":"https:\/\/www.utm30.com\/pt\/wp-json\/wp\/v2\/media?parent=3610"}],"wp:term":[{"taxonomy":"product_cat","embeddable":true,"href":"https:\/\/www.utm30.com\/pt\/wp-json\/wp\/v2\/product_cat?post=3610"},{"taxonomy":"product_tag","embeddable":true,"href":"https:\/\/www.utm30.com\/pt\/wp-json\/wp\/v2\/product_tag?post=3610"}],"curies":[{"name":"wp","href":"https:\/\/api.w.org\/{rel}","templated":true}]}}