{"id":4613,"date":"2025-03-09T13:11:49","date_gmt":"2025-03-09T12:11:49","guid":{"rendered":"https:\/\/www.utm30.com\/?post_type=product&#038;p=4613"},"modified":"2025-03-11T09:06:30","modified_gmt":"2025-03-11T08:06:30","slug":"marvel-lite-t6","status":"publish","type":"product","link":"https:\/\/www.utm30.com\/pt\/produto\/marvel-lite-t6\/","title":{"rendered":"Marvel Lite + T6"},"content":{"rendered":"","protected":false},"excerpt":{"rendered":"<pre><img loading=\"lazy\" decoding=\"async\" class=\"alignnone wp-image-4489\" src=\"https:\/\/www.utm30.com\/wp-content\/uploads\/2025\/01\/Logo_Intec.svg\" alt=\"\" width=\"108\" height=\"30\" \/><\/pre>\n<h1>Marvel Lite + T6<\/h1>\n<h6><strong>Oferta de um pacote, composto pelos seguintes produtos:<br \/>\n<\/strong><\/h6>\n<ul>\n<li>Recetor Intec Marvel Lite <a href=\"https:\/\/www.utm30.com\/pt\/produto\/intec-marvel-lite\/\"><span style=\"color: #3366ff;\"><strong>(Ver produto)<\/strong><\/span><\/a><\/li>\n<li>Controlador Intec T6 <a href=\"https:\/\/www.utm30.com\/pt\/produto\/intec-t6-2\/\"><span style=\"color: #3366ff;\"><strong>(Ver produto)<\/strong><\/span><\/a><\/li>\n<li>Aplica\u00e7\u00e3o profissional InPad Field Survey <a href=\"https:\/\/www.utm30.com\/wp-content\/uploads\/2025\/02\/Icono_InPad_GPS.svg\"><img loading=\"lazy\" decoding=\"async\" class=\"alignnone wp-image-4586\" src=\"https:\/\/www.utm30.com\/wp-content\/uploads\/2025\/02\/Icono_InPad_GPS.svg\" alt=\"\" width=\"15\" height=\"15\" \/><\/a> <a href=\"https:\/\/www.utm30.com\/wp-content\/uploads\/2024\/01\/android_icono.svg\"><img loading=\"lazy\" decoding=\"async\" class=\"alignnone wp-image-3288\" src=\"https:\/\/www.utm30.com\/wp-content\/uploads\/2024\/01\/android_icono.svg\" alt=\"\" width=\"15\" height=\"15\" \/><\/a><\/li>\n<li>Suporte para controladores<\/li>\n<li>Al\u00e7a de ombro extens\u00edvel (opcional)<\/li>\n<li>Pr\u00e9-configura\u00e7\u00e3o dos Datums e das Esta\u00e7\u00f5es de Ntrip (CORS), a pedido do cliente<\/li>\n<\/ul>\n<p>&nbsp;<\/p>","protected":false},"featured_media":4615,"template":"","meta":{"_themeisle_gutenberg_block_has_review":false},"product_cat":[48],"product_tag":[49,22,63],"yoast_head":"<!-- This site is optimized with the Yoast SEO Premium plugin v21.6 (Yoast SEO v21.6) - https:\/\/yoast.com\/wordpress\/plugins\/seo\/ -->\n<title>GPS y Colectora Intec | Marvel Lite + T6<\/title>\n<meta name=\"description\" content=\"Pack econ\u00f3mico. Oferta de receptor GNSS Intec Marvel Lite y Controladora de datos Intec T6. Receptor RTK con IMU y potente libreta\" \/>\n<meta name=\"robots\" content=\"index, follow, max-snippet:-1, max-image-preview:large, max-video-preview:-1\" \/>\n<link rel=\"canonical\" href=\"https:\/\/www.utm30.com\/pt\/produto\/marvel-lite-t6\/\" \/>\n<meta property=\"og:locale\" content=\"pt_PT\" \/>\n<meta property=\"og:type\" content=\"article\" \/>\n<meta property=\"og:title\" content=\"Marvel Lite + T6\" \/>\n<meta property=\"og:description\" content=\"Pack econ\u00f3mico. Oferta de receptor GNSS Intec Marvel Lite y Controladora de datos Intec T6. Receptor RTK con IMU y potente libreta\" \/>\n<meta property=\"og:url\" content=\"https:\/\/www.utm30.com\/pt\/produto\/marvel-lite-t6\/\" \/>\n<meta property=\"og:site_name\" content=\"UTM30 \u00b7 Equipos de topograf\u00eda\" \/>\n<meta property=\"article:modified_time\" content=\"2025-03-11T08:06:30+00:00\" \/>\n<meta property=\"og:image\" content=\"https:\/\/www.utm30.com\/wp-content\/uploads\/2025\/03\/pack10.jpg\" \/>\n\t<meta property=\"og:image:width\" content=\"500\" \/>\n\t<meta property=\"og:image:height\" content=\"500\" \/>\n\t<meta property=\"og:image:type\" content=\"image\/jpeg\" \/>\n<meta name=\"twitter:card\" content=\"summary_large_image\" \/>\n<script type=\"application\/ld+json\" class=\"yoast-schema-graph\">{\"@context\":\"https:\/\/schema.org\",\"@graph\":[{\"@type\":\"WebPage\",\"@id\":\"https:\/\/www.utm30.com\/producto\/marvel-lite-t6\/\",\"url\":\"https:\/\/www.utm30.com\/producto\/marvel-lite-t6\/\",\"name\":\"GPS y Colectora Intec | Marvel Lite + T6\",\"isPartOf\":{\"@id\":\"https:\/\/www.utm30.com\/#website\"},\"datePublished\":\"2025-03-09T12:11:49+00:00\",\"dateModified\":\"2025-03-11T08:06:30+00:00\",\"description\":\"Pack econ\u00f3mico. Oferta de receptor GNSS Intec Marvel Lite y Controladora de datos Intec T6. Receptor RTK con IMU y potente libreta\",\"breadcrumb\":{\"@id\":\"https:\/\/www.utm30.com\/producto\/marvel-lite-t6\/#breadcrumb\"},\"inLanguage\":\"pt-PT\",\"potentialAction\":[{\"@type\":\"ReadAction\",\"target\":[\"https:\/\/www.utm30.com\/producto\/marvel-lite-t6\/\"]}]},{\"@type\":\"BreadcrumbList\",\"@id\":\"https:\/\/www.utm30.com\/producto\/marvel-lite-t6\/#breadcrumb\",\"itemListElement\":[{\"@type\":\"ListItem\",\"position\":1,\"name\":\"Portada\",\"item\":\"https:\/\/www.utm30.com\/\"},{\"@type\":\"ListItem\",\"position\":2,\"name\":\"Productos UTM30\",\"item\":\"https:\/\/www.utm30.com\/productos-utm30\/\"},{\"@type\":\"ListItem\",\"position\":3,\"name\":\"Marvel Lite + T6\"}]},{\"@type\":\"WebSite\",\"@id\":\"https:\/\/www.utm30.com\/#website\",\"url\":\"https:\/\/www.utm30.com\/\",\"name\":\"UTM30 \u00b7 Equipos de Topografia\",\"description\":\"Equipos de topograf\u00eda\",\"publisher\":{\"@id\":\"https:\/\/www.utm30.com\/#organization\"},\"alternateName\":\"UTM30\",\"potentialAction\":[{\"@type\":\"SearchAction\",\"target\":{\"@type\":\"EntryPoint\",\"urlTemplate\":\"https:\/\/www.utm30.com\/?s={search_term_string}\"},\"query-input\":\"required name=search_term_string\"}],\"inLanguage\":\"pt-PT\"},{\"@type\":\"Organization\",\"@id\":\"https:\/\/www.utm30.com\/#organization\",\"name\":\"UTM30 \u00b7 Equipos de topografia\",\"alternateName\":\"UTM30\",\"url\":\"https:\/\/www.utm30.com\/\",\"logo\":{\"@type\":\"ImageObject\",\"inLanguage\":\"pt-PT\",\"@id\":\"https:\/\/www.utm30.com\/#\/schema\/logo\/image\/\",\"url\":\"https:\/\/www.utm30.com\/wp-content\/uploads\/2023\/10\/logo_cartel_UTM30.png\",\"contentUrl\":\"https:\/\/www.utm30.com\/wp-content\/uploads\/2023\/10\/logo_cartel_UTM30.png\",\"width\":1854,\"height\":475,\"caption\":\"UTM30 \u00b7 Equipos de topografia\"},\"image\":{\"@id\":\"https:\/\/www.utm30.com\/#\/schema\/logo\/image\/\"},\"sameAs\":[\"https:\/\/www.youtube.com\/channel\/UC492H-BCfKZoCIkRsT244xQ\"]}]}<\/script>\n<!-- \/ Yoast SEO Premium plugin. -->","yoast_head_json":{"title":"GPS y Colectora Intec | Marvel Lite + T6","description":"Pack econ\u00f3mico. Oferta de receptor GNSS Intec Marvel Lite y Controladora de datos Intec T6. Receptor RTK con IMU y potente libreta","robots":{"index":"index","follow":"follow","max-snippet":"max-snippet:-1","max-image-preview":"max-image-preview:large","max-video-preview":"max-video-preview:-1"},"canonical":"https:\/\/www.utm30.com\/pt\/produto\/marvel-lite-t6\/","og_locale":"pt_PT","og_type":"article","og_title":"Marvel Lite + T6","og_description":"Pack econ\u00f3mico. Oferta de receptor GNSS Intec Marvel Lite y Controladora de datos Intec T6. Receptor RTK con IMU y potente libreta","og_url":"https:\/\/www.utm30.com\/pt\/produto\/marvel-lite-t6\/","og_site_name":"UTM30 \u00b7 Equipos de topograf\u00eda","article_modified_time":"2025-03-11T08:06:30+00:00","og_image":[{"width":500,"height":500,"url":"https:\/\/www.utm30.com\/wp-content\/uploads\/2025\/03\/pack10.jpg","type":"image\/jpeg"}],"twitter_card":"summary_large_image","schema":{"@context":"https:\/\/schema.org","@graph":[{"@type":"WebPage","@id":"https:\/\/www.utm30.com\/producto\/marvel-lite-t6\/","url":"https:\/\/www.utm30.com\/producto\/marvel-lite-t6\/","name":"GPS y Colectora Intec | Marvel Lite + T6","isPartOf":{"@id":"https:\/\/www.utm30.com\/#website"},"datePublished":"2025-03-09T12:11:49+00:00","dateModified":"2025-03-11T08:06:30+00:00","description":"Pack econ\u00f3mico. Oferta de receptor GNSS Intec Marvel Lite y Controladora de datos Intec T6. Receptor RTK con IMU y potente libreta","breadcrumb":{"@id":"https:\/\/www.utm30.com\/producto\/marvel-lite-t6\/#breadcrumb"},"inLanguage":"pt-PT","potentialAction":[{"@type":"ReadAction","target":["https:\/\/www.utm30.com\/producto\/marvel-lite-t6\/"]}]},{"@type":"BreadcrumbList","@id":"https:\/\/www.utm30.com\/producto\/marvel-lite-t6\/#breadcrumb","itemListElement":[{"@type":"ListItem","position":1,"name":"Portada","item":"https:\/\/www.utm30.com\/"},{"@type":"ListItem","position":2,"name":"Productos UTM30","item":"https:\/\/www.utm30.com\/productos-utm30\/"},{"@type":"ListItem","position":3,"name":"Marvel Lite + T6"}]},{"@type":"WebSite","@id":"https:\/\/www.utm30.com\/#website","url":"https:\/\/www.utm30.com\/","name":"UTM30 \u00b7 Equipos de Topografia","description":"Equipos de topograf\u00eda","publisher":{"@id":"https:\/\/www.utm30.com\/#organization"},"alternateName":"UTM30","potentialAction":[{"@type":"SearchAction","target":{"@type":"EntryPoint","urlTemplate":"https:\/\/www.utm30.com\/?s={search_term_string}"},"query-input":"required name=search_term_string"}],"inLanguage":"pt-PT"},{"@type":"Organization","@id":"https:\/\/www.utm30.com\/#organization","name":"UTM30 \u00b7 Equipos de topografia","alternateName":"UTM30","url":"https:\/\/www.utm30.com\/","logo":{"@type":"ImageObject","inLanguage":"pt-PT","@id":"https:\/\/www.utm30.com\/#\/schema\/logo\/image\/","url":"https:\/\/www.utm30.com\/wp-content\/uploads\/2023\/10\/logo_cartel_UTM30.png","contentUrl":"https:\/\/www.utm30.com\/wp-content\/uploads\/2023\/10\/logo_cartel_UTM30.png","width":1854,"height":475,"caption":"UTM30 \u00b7 Equipos de topografia"},"image":{"@id":"https:\/\/www.utm30.com\/#\/schema\/logo\/image\/"},"sameAs":["https:\/\/www.youtube.com\/channel\/UC492H-BCfKZoCIkRsT244xQ"]}]}},"_links":{"self":[{"href":"https:\/\/www.utm30.com\/pt\/wp-json\/wp\/v2\/product\/4613"}],"collection":[{"href":"https:\/\/www.utm30.com\/pt\/wp-json\/wp\/v2\/product"}],"about":[{"href":"https:\/\/www.utm30.com\/pt\/wp-json\/wp\/v2\/types\/product"}],"version-history":[{"count":2,"href":"https:\/\/www.utm30.com\/pt\/wp-json\/wp\/v2\/product\/4613\/revisions"}],"predecessor-version":[{"id":4620,"href":"https:\/\/www.utm30.com\/pt\/wp-json\/wp\/v2\/product\/4613\/revisions\/4620"}],"wp:featuredmedia":[{"embeddable":true,"href":"https:\/\/www.utm30.com\/pt\/wp-json\/wp\/v2\/media\/4615"}],"wp:attachment":[{"href":"https:\/\/www.utm30.com\/pt\/wp-json\/wp\/v2\/media?parent=4613"}],"wp:term":[{"taxonomy":"product_cat","embeddable":true,"href":"https:\/\/www.utm30.com\/pt\/wp-json\/wp\/v2\/product_cat?post=4613"},{"taxonomy":"product_tag","embeddable":true,"href":"https:\/\/www.utm30.com\/pt\/wp-json\/wp\/v2\/product_tag?post=4613"}],"curies":[{"name":"wp","href":"https:\/\/api.w.org\/{rel}","templated":true}]}}