{"id":4768,"date":"2025-09-24T23:14:23","date_gmt":"2025-09-24T21:14:23","guid":{"rendered":"https:\/\/www.utm30.com\/?post_type=product&#038;p=4768"},"modified":"2025-12-23T18:40:46","modified_gmt":"2025-12-23T17:40:46","slug":"intec-ranger-m","status":"publish","type":"product","link":"https:\/\/www.utm30.com\/pt\/produto\/intec-ranger-m\/","title":{"rendered":"Intec Ranger M"},"content":{"rendered":"<p>Estaci\u00f3n total manual de 2&#8243;, con soporte magn\u00e9tico para alojar el tel\u00e9fono o tablet y trabajar con software InPad FS o aplicaciones de terceros. Maximiza el trabajo con la rapidez y el entorno gr\u00e1fico de la APP, colocado en la ubicaci\u00f3n perfecta de la Estaci\u00f3n, en la cara principal. La estaci\u00f3n total Android m\u00e1s econ\u00f3mica.<\/p>\n<p>&nbsp;<\/p>\n<hr style=\"border: none; height: 1px; background-color: #dcdcdc;\" \/>\n<p>&nbsp;<\/p>\n<p>&nbsp;<\/p>\n<p><em>Video 0. Presentaci\u00f3n Spot:<\/em><\/p>\n<p><iframe style=\"aspect-ratio: 16\/9;\" src=\"https:\/\/www.youtube.com\/embed\/BTNEijPUpYc\" allowfullscreen=\"allowfullscreen\"><span style=\"display: inline-block; width: 0px; overflow: hidden; line-height: 0;\" data-mce-type=\"bookmark\" class=\"mce_SELRES_start\"><\/span><span style=\"display: inline-block; width: 0px; overflow: hidden; line-height: 0;\" data-mce-type=\"bookmark\" class=\"mce_SELRES_start\"><\/span><span style=\"display: inline-block; width: 0px; overflow: hidden; line-height: 0;\" data-mce-type=\"bookmark\" class=\"mce_SELRES_start\"><\/span><span style=\"display: inline-block; width: 0px; overflow: hidden; line-height: 0;\" data-mce-type=\"bookmark\" class=\"mce_SELRES_start\"><\/span><\/iframe><\/p>\n<p>&nbsp;<\/p>\n<p>&nbsp;<\/p>\n<hr \/>\n<p>&nbsp;<\/p>\n<p>&nbsp;<\/p>\n<p><img loading=\"lazy\" decoding=\"async\" class=\"alignnone wp-image-4788 size-full\" src=\"https:\/\/www.utm30.com\/wp-content\/uploads\/2025\/09\/Intec_RangerM_Cartel_B1b.jpg\" alt=\"\" width=\"1591\" height=\"2250\" srcset=\"https:\/\/www.utm30.com\/wp-content\/uploads\/2025\/09\/Intec_RangerM_Cartel_B1b.jpg 1591w, https:\/\/www.utm30.com\/wp-content\/uploads\/2025\/09\/Intec_RangerM_Cartel_B1b-212x300.jpg 212w, https:\/\/www.utm30.com\/wp-content\/uploads\/2025\/09\/Intec_RangerM_Cartel_B1b-724x1024.jpg 724w, https:\/\/www.utm30.com\/wp-content\/uploads\/2025\/09\/Intec_RangerM_Cartel_B1b-768x1086.jpg 768w, https:\/\/www.utm30.com\/wp-content\/uploads\/2025\/09\/Intec_RangerM_Cartel_B1b-1086x1536.jpg 1086w, https:\/\/www.utm30.com\/wp-content\/uploads\/2025\/09\/Intec_RangerM_Cartel_B1b-1448x2048.jpg 1448w, https:\/\/www.utm30.com\/wp-content\/uploads\/2025\/09\/Intec_RangerM_Cartel_B1b-8x12.jpg 8w, https:\/\/www.utm30.com\/wp-content\/uploads\/2025\/09\/Intec_RangerM_Cartel_B1b-600x849.jpg 600w\" sizes=\"(max-width: 1591px) 100vw, 1591px\" \/><\/p>\n<p><img loading=\"lazy\" decoding=\"async\" class=\"alignnone wp-image-4878 size-full\" src=\"https:\/\/www.utm30.com\/wp-content\/uploads\/2025\/09\/Intec_RangerM_Cartel_C1a.jpg\" alt=\"\" width=\"2000\" height=\"1714\" srcset=\"https:\/\/www.utm30.com\/wp-content\/uploads\/2025\/09\/Intec_RangerM_Cartel_C1a.jpg 2000w, https:\/\/www.utm30.com\/wp-content\/uploads\/2025\/09\/Intec_RangerM_Cartel_C1a-300x257.jpg 300w, https:\/\/www.utm30.com\/wp-content\/uploads\/2025\/09\/Intec_RangerM_Cartel_C1a-1024x878.jpg 1024w, https:\/\/www.utm30.com\/wp-content\/uploads\/2025\/09\/Intec_RangerM_Cartel_C1a-768x658.jpg 768w, https:\/\/www.utm30.com\/wp-content\/uploads\/2025\/09\/Intec_RangerM_Cartel_C1a-1536x1316.jpg 1536w, https:\/\/www.utm30.com\/wp-content\/uploads\/2025\/09\/Intec_RangerM_Cartel_C1a-14x12.jpg 14w, https:\/\/www.utm30.com\/wp-content\/uploads\/2025\/09\/Intec_RangerM_Cartel_C1a-600x514.jpg 600w\" sizes=\"(max-width: 2000px) 100vw, 2000px\" \/><\/p>\n<p>&nbsp;<\/p>\n<p><em>Video 1. Estacionamiento (Base conocida + Punto atr\u00e1s):<\/em><\/p>\n<p><iframe style=\"aspect-ratio: 16\/9;\" src=\"https:\/\/www.youtube.com\/embed\/9f0ygKwkbc0\" allowfullscreen=\"allowfullscreen\"><span style=\"display: inline-block; width: 0px; overflow: hidden; line-height: 0;\" data-mce-type=\"bookmark\" class=\"mce_SELRES_start\"><\/span><span style=\"display: inline-block; width: 0px; overflow: hidden; line-height: 0;\" data-mce-type=\"bookmark\" class=\"mce_SELRES_start\"><\/span><span style=\"display: inline-block; width: 0px; overflow: hidden; line-height: 0;\" data-mce-type=\"bookmark\" class=\"mce_SELRES_start\"><\/span><span style=\"display: inline-block; width: 0px; overflow: hidden; line-height: 0;\" data-mce-type=\"bookmark\" class=\"mce_SELRES_start\"><\/span><\/iframe><\/p>\n<p>&nbsp;<\/p>\n<p><em>Video 2. Levantamiento de puntos:<\/em><\/p>\n<p><iframe style=\"aspect-ratio: 16\/9;\" src=\"https:\/\/www.youtube.com\/embed\/Dm_7BJHiZCo\" allowfullscreen=\"allowfullscreen\"><span style=\"display: inline-block; width: 0px; overflow: hidden; line-height: 0;\" data-mce-type=\"bookmark\" class=\"mce_SELRES_start\"><\/span><span style=\"display: inline-block; width: 0px; overflow: hidden; line-height: 0;\" data-mce-type=\"bookmark\" class=\"mce_SELRES_start\"><\/span><span style=\"display: inline-block; width: 0px; overflow: hidden; line-height: 0;\" data-mce-type=\"bookmark\" class=\"mce_SELRES_start\"><\/span><span style=\"display: inline-block; width: 0px; overflow: hidden; line-height: 0;\" data-mce-type=\"bookmark\" class=\"mce_SELRES_start\"><\/span><\/iframe><\/p>\n<p>&nbsp;<\/p>\n<p><em>Video 3. Levantamiento de l\u00edneas:<\/em><\/p>\n<p><iframe style=\"aspect-ratio: 16\/9;\" src=\"https:\/\/www.youtube.com\/embed\/wEniPr7-hMs\" allowfullscreen=\"allowfullscreen\"><span style=\"display: inline-block; width: 0px; overflow: hidden; line-height: 0;\" data-mce-type=\"bookmark\" class=\"mce_SELRES_start\"><\/span><span style=\"display: inline-block; width: 0px; overflow: hidden; line-height: 0;\" data-mce-type=\"bookmark\" class=\"mce_SELRES_start\"><\/span><span style=\"display: inline-block; width: 0px; overflow: hidden; line-height: 0;\" data-mce-type=\"bookmark\" class=\"mce_SELRES_start\"><\/span><span style=\"display: inline-block; width: 0px; overflow: hidden; line-height: 0;\" data-mce-type=\"bookmark\" class=\"mce_SELRES_start\"><\/span><\/iframe><\/p>\n<p>&nbsp;<\/p>\n<p><em>Video 4. Replanteo de puntos:<\/em><\/p>\n<p><iframe style=\"aspect-ratio: 16\/9;\" src=\"https:\/\/www.youtube.com\/embed\/SxHWHlIkeOg\" allowfullscreen=\"allowfullscreen\"><span style=\"display: inline-block; width: 0px; overflow: hidden; line-height: 0;\" data-mce-type=\"bookmark\" class=\"mce_SELRES_start\"><\/span><span style=\"display: inline-block; width: 0px; overflow: hidden; line-height: 0;\" data-mce-type=\"bookmark\" class=\"mce_SELRES_start\"><\/span><span style=\"display: inline-block; width: 0px; overflow: hidden; line-height: 0;\" data-mce-type=\"bookmark\" class=\"mce_SELRES_start\"><\/span><span style=\"display: inline-block; width: 0px; overflow: hidden; line-height: 0;\" data-mce-type=\"bookmark\" class=\"mce_SELRES_start\"><\/span><\/iframe><\/p>\n<p>&nbsp;<\/p>\n<p><em>Video 5. Replanteo de lineas:<\/em><\/p>\n<p><iframe style=\"aspect-ratio: 16\/9;\" src=\"https:\/\/www.youtube.com\/embed\/T2lnJjrv59o\" allowfullscreen=\"allowfullscreen\"><span style=\"display: inline-block; width: 0px; overflow: hidden; line-height: 0;\" data-mce-type=\"bookmark\" class=\"mce_SELRES_start\"><\/span><span style=\"display: inline-block; width: 0px; overflow: hidden; line-height: 0;\" data-mce-type=\"bookmark\" class=\"mce_SELRES_start\"><\/span><span style=\"display: inline-block; width: 0px; overflow: hidden; line-height: 0;\" data-mce-type=\"bookmark\" class=\"mce_SELRES_start\"><\/span><span style=\"display: inline-block; width: 0px; overflow: hidden; line-height: 0;\" data-mce-type=\"bookmark\" class=\"mce_SELRES_start\"><\/span><\/iframe><\/p>\n<p>&nbsp;<\/p>\n<p><em>Video 6. Replanteo CAD:<\/em><\/p>\n<p><iframe style=\"aspect-ratio: 16\/9;\" src=\"https:\/\/www.youtube.com\/embed\/1uzmfSMe2pA\" allowfullscreen=\"allowfullscreen\"><span style=\"display: inline-block; width: 0px; overflow: hidden; line-height: 0;\" data-mce-type=\"bookmark\" class=\"mce_SELRES_start\"><\/span><span style=\"display: inline-block; width: 0px; overflow: hidden; line-height: 0;\" data-mce-type=\"bookmark\" class=\"mce_SELRES_start\"><\/span><span style=\"display: inline-block; width: 0px; overflow: hidden; line-height: 0;\" data-mce-type=\"bookmark\" class=\"mce_SELRES_start\"><\/span><span style=\"display: inline-block; width: 0px; overflow: hidden; line-height: 0;\" data-mce-type=\"bookmark\" class=\"mce_SELRES_start\"><\/span><\/iframe><\/p>\n<p>&nbsp;<\/p>\n<p><em>Video 7. Uso con Tablet:<\/em><\/p>\n<p><iframe style=\"aspect-ratio: 16\/9;\" src=\"https:\/\/www.youtube.com\/embed\/Z0vnu6y8iKg\" allowfullscreen=\"allowfullscreen\"><span style=\"display: inline-block; width: 0px; overflow: hidden; line-height: 0;\" data-mce-type=\"bookmark\" class=\"mce_SELRES_start\"><\/span><span style=\"display: inline-block; width: 0px; overflow: hidden; line-height: 0;\" data-mce-type=\"bookmark\" class=\"mce_SELRES_start\"><\/span><span style=\"display: inline-block; width: 0px; overflow: hidden; line-height: 0;\" data-mce-type=\"bookmark\" class=\"mce_SELRES_start\"><\/span><span style=\"display: inline-block; width: 0px; overflow: hidden; line-height: 0;\" data-mce-type=\"bookmark\" class=\"mce_SELRES_start\"><\/span><\/iframe><\/p>\n<p>&nbsp;<\/p>\n<p><em>Video 8. Combinaci\u00f3n con GPS:<\/em><\/p>\n<p><iframe style=\"aspect-ratio: 16\/9;\" src=\"https:\/\/www.youtube.com\/embed\/8wdXVH5PwaA\" allowfullscreen=\"allowfullscreen\"><span style=\"display: inline-block; width: 0px; overflow: hidden; line-height: 0;\" data-mce-type=\"bookmark\" class=\"mce_SELRES_start\"><\/span><span style=\"display: inline-block; width: 0px; overflow: hidden; line-height: 0;\" data-mce-type=\"bookmark\" class=\"mce_SELRES_start\"><\/span><span style=\"display: inline-block; width: 0px; overflow: hidden; line-height: 0;\" data-mce-type=\"bookmark\" class=\"mce_SELRES_start\"><\/span><span style=\"display: inline-block; width: 0px; overflow: hidden; line-height: 0;\" data-mce-type=\"bookmark\" class=\"mce_SELRES_start\"><\/span><\/iframe><\/p>\n<p>&nbsp;<\/p>\n<p><img loading=\"lazy\" decoding=\"async\" class=\"alignnone wp-image-4881 size-full\" src=\"https:\/\/www.utm30.com\/wp-content\/uploads\/2025\/09\/Intec_RangerM_Cartel_A2.jpg\" alt=\"\" width=\"1344\" height=\"768\" srcset=\"https:\/\/www.utm30.com\/wp-content\/uploads\/2025\/09\/Intec_RangerM_Cartel_A2.jpg 1344w, https:\/\/www.utm30.com\/wp-content\/uploads\/2025\/09\/Intec_RangerM_Cartel_A2-300x171.jpg 300w, https:\/\/www.utm30.com\/wp-content\/uploads\/2025\/09\/Intec_RangerM_Cartel_A2-1024x585.jpg 1024w, https:\/\/www.utm30.com\/wp-content\/uploads\/2025\/09\/Intec_RangerM_Cartel_A2-768x439.jpg 768w, https:\/\/www.utm30.com\/wp-content\/uploads\/2025\/09\/Intec_RangerM_Cartel_A2-18x10.jpg 18w, https:\/\/www.utm30.com\/wp-content\/uploads\/2025\/09\/Intec_RangerM_Cartel_A2-600x343.jpg 600w\" sizes=\"(max-width: 1344px) 100vw, 1344px\" \/><\/p>\n<p>&nbsp;<\/p>\n<p>&nbsp;<\/p>\n<hr \/>\n<p>&nbsp;<\/p>\n<p><a href=\"https:\/\/www.utm30.com\/wp-content\/uploads\/2025\/09\/Folleto_Intec-Ranger-M_reducido.pdf\"><img loading=\"lazy\" decoding=\"async\" class=\"aligncenter wp-image-4073\" src=\"https:\/\/www.utm30.com\/wp-content\/uploads\/2024\/04\/descargar_folleto_PDF_1-300x102.png\" alt=\"\" width=\"200\" height=\"68\" srcset=\"https:\/\/www.utm30.com\/wp-content\/uploads\/2024\/04\/descargar_folleto_PDF_1-300x102.png 300w, https:\/\/www.utm30.com\/wp-content\/uploads\/2024\/04\/descargar_folleto_PDF_1-18x6.png 18w, https:\/\/www.utm30.com\/wp-content\/uploads\/2024\/04\/descargar_folleto_PDF_1.png 458w\" sizes=\"(max-width: 200px) 100vw, 200px\" \/><\/a><\/p>\n<p>&nbsp;<\/p>\n<hr \/>","protected":false},"excerpt":{"rendered":"<h1>Intec Ranger M<\/h1>\n<h1><img loading=\"lazy\" decoding=\"async\" class=\"alignnone wp-image-4489\" src=\"https:\/\/www.utm30.com\/wp-content\/uploads\/2025\/01\/Logo_Intec.svg\" alt=\"\" width=\"108\" height=\"30\" \/><\/h1>\n<h6><strong>Estaci\u00f3n total manual de 2&#8243;, sin prisma, con soporte magn\u00e9tico para utilizar como TS Android<\/strong><\/h6>\n<ul>\n<li>Soporte magn\u00e9tico para alojar tel\u00e9fono o tablet<\/li>\n<li>100% compatible con software InPad Field Survey (multitud de funciones )<\/li>\n<li>Combinaci\u00f3n con GPS, para trabajar conjuntamente, en un solo proyecto<\/li>\n<li>Incluye Bracket imantado (para tel\u00e9fono) y aro met\u00e1lico adhesivo (para tablet)<\/li>\n<li>2\u2033 de precis\u00e3o angular<\/li>\n<li>Medi\u00e7\u00e3o sem prisma at\u00e9 1.000 m<\/li>\n<li>Medici\u00f3n con prisma hasta 4.000 m<\/li>\n<li>Lecturas ultra r\u00e1pidas<\/li>\n<li>Materiales de gran calidad<\/li>\n<li>Bot\u00e3o lateral de disparo r\u00e1pido<\/li>\n<li>Pantalla a color (cara posterior)<\/li>\n<li>Compensa\u00e7\u00e3o de \u00e2ngulo de eixo duplo<\/li>\n<li>Bluetooth 5.0 y USB<\/li>\n<li>Prumo laser para estacionamento r\u00e1pido<\/li>\n<li>Duraci\u00f3n de bater\u00eda hasta 20 horas<\/li>\n<\/ul>\n<p>&nbsp;<\/p>\n<p>&nbsp;<br \/>\n<span style=\"color: #008000;\">\u00a1\u00a1OFERTA DE LANZAMIENTO!!<\/span><\/p>","protected":false},"featured_media":5148,"template":"","meta":{"_themeisle_gutenberg_block_has_review":false},"product_cat":[27],"product_tag":[66,58],"yoast_head":"<!-- This site is optimized with the Yoast SEO Premium plugin v21.6 (Yoast SEO v21.6) - https:\/\/yoast.com\/wordpress\/plugins\/seo\/ -->\n<title>Intec Ranger M | Estaci\u00f3n Total Android, mediante tel\u00e9fono<\/title>\n<meta name=\"description\" content=\"Estaci\u00f3n de alta precisi\u00f3n, con soporte magn\u00e9tico para ubicaci\u00f3n de tel\u00e9fono o tablet, con lo que se convierte en una estaci\u00f3n total Android, econ\u00f3mica\" \/>\n<meta name=\"robots\" content=\"index, follow, max-snippet:-1, max-image-preview:large, max-video-preview:-1\" \/>\n<link rel=\"canonical\" href=\"https:\/\/www.utm30.com\/pt\/produto\/intec-ranger-m\/\" \/>\n<meta property=\"og:locale\" content=\"pt_PT\" \/>\n<meta property=\"og:type\" content=\"article\" \/>\n<meta property=\"og:title\" content=\"Intec Ranger M\" \/>\n<meta property=\"og:description\" content=\"Estaci\u00f3n de alta precisi\u00f3n, con soporte magn\u00e9tico para ubicaci\u00f3n de tel\u00e9fono o tablet, con lo que se convierte en una estaci\u00f3n total Android, econ\u00f3mica\" \/>\n<meta property=\"og:url\" content=\"https:\/\/www.utm30.com\/pt\/produto\/intec-ranger-m\/\" \/>\n<meta property=\"og:site_name\" content=\"UTM30 \u00b7 Equipos de topograf\u00eda\" \/>\n<meta property=\"article:modified_time\" content=\"2025-12-23T17:40:46+00:00\" \/>\n<meta property=\"og:image\" content=\"https:\/\/www.utm30.com\/wp-content\/uploads\/2025\/09\/12.jpg\" \/>\n\t<meta property=\"og:image:width\" content=\"1200\" \/>\n\t<meta property=\"og:image:height\" content=\"1200\" \/>\n\t<meta property=\"og:image:type\" content=\"image\/jpeg\" \/>\n<meta name=\"twitter:card\" content=\"summary_large_image\" \/>\n<meta name=\"twitter:label1\" content=\"Tempo estimado de leitura\" \/>\n\t<meta name=\"twitter:data1\" content=\"2 minutos\" \/>\n<script type=\"application\/ld+json\" class=\"yoast-schema-graph\">{\"@context\":\"https:\/\/schema.org\",\"@graph\":[{\"@type\":\"WebPage\",\"@id\":\"https:\/\/www.utm30.com\/producto\/intec-ranger-m\/\",\"url\":\"https:\/\/www.utm30.com\/producto\/intec-ranger-m\/\",\"name\":\"Intec Ranger M | Estaci\u00f3n Total Android, mediante tel\u00e9fono\",\"isPartOf\":{\"@id\":\"https:\/\/www.utm30.com\/#website\"},\"datePublished\":\"2025-09-24T21:14:23+00:00\",\"dateModified\":\"2025-12-23T17:40:46+00:00\",\"description\":\"Estaci\u00f3n de alta precisi\u00f3n, con soporte magn\u00e9tico para ubicaci\u00f3n de tel\u00e9fono o tablet, con lo que se convierte en una estaci\u00f3n total Android, econ\u00f3mica\",\"breadcrumb\":{\"@id\":\"https:\/\/www.utm30.com\/producto\/intec-ranger-m\/#breadcrumb\"},\"inLanguage\":\"pt-PT\",\"potentialAction\":[{\"@type\":\"ReadAction\",\"target\":[\"https:\/\/www.utm30.com\/producto\/intec-ranger-m\/\"]}]},{\"@type\":\"BreadcrumbList\",\"@id\":\"https:\/\/www.utm30.com\/producto\/intec-ranger-m\/#breadcrumb\",\"itemListElement\":[{\"@type\":\"ListItem\",\"position\":1,\"name\":\"Portada\",\"item\":\"https:\/\/www.utm30.com\/\"},{\"@type\":\"ListItem\",\"position\":2,\"name\":\"Productos UTM30\",\"item\":\"https:\/\/www.utm30.com\/productos-utm30\/\"},{\"@type\":\"ListItem\",\"position\":3,\"name\":\"Intec Ranger M\"}]},{\"@type\":\"WebSite\",\"@id\":\"https:\/\/www.utm30.com\/#website\",\"url\":\"https:\/\/www.utm30.com\/\",\"name\":\"UTM30 \u00b7 Equipos de Topografia\",\"description\":\"Equipos de topograf\u00eda\",\"publisher\":{\"@id\":\"https:\/\/www.utm30.com\/#organization\"},\"alternateName\":\"UTM30\",\"potentialAction\":[{\"@type\":\"SearchAction\",\"target\":{\"@type\":\"EntryPoint\",\"urlTemplate\":\"https:\/\/www.utm30.com\/?s={search_term_string}\"},\"query-input\":\"required name=search_term_string\"}],\"inLanguage\":\"pt-PT\"},{\"@type\":\"Organization\",\"@id\":\"https:\/\/www.utm30.com\/#organization\",\"name\":\"UTM30 \u00b7 Equipos de topografia\",\"alternateName\":\"UTM30\",\"url\":\"https:\/\/www.utm30.com\/\",\"logo\":{\"@type\":\"ImageObject\",\"inLanguage\":\"pt-PT\",\"@id\":\"https:\/\/www.utm30.com\/#\/schema\/logo\/image\/\",\"url\":\"https:\/\/www.utm30.com\/wp-content\/uploads\/2023\/10\/logo_cartel_UTM30.png\",\"contentUrl\":\"https:\/\/www.utm30.com\/wp-content\/uploads\/2023\/10\/logo_cartel_UTM30.png\",\"width\":1854,\"height\":475,\"caption\":\"UTM30 \u00b7 Equipos de topografia\"},\"image\":{\"@id\":\"https:\/\/www.utm30.com\/#\/schema\/logo\/image\/\"},\"sameAs\":[\"https:\/\/www.youtube.com\/channel\/UC492H-BCfKZoCIkRsT244xQ\"]}]}<\/script>\n<!-- \/ Yoast SEO Premium plugin. -->","yoast_head_json":{"title":"Intec Ranger M | Estaci\u00f3n Total Android, mediante tel\u00e9fono","description":"Estaci\u00f3n de alta precisi\u00f3n, con soporte magn\u00e9tico para ubicaci\u00f3n de tel\u00e9fono o tablet, con lo que se convierte en una estaci\u00f3n total Android, econ\u00f3mica","robots":{"index":"index","follow":"follow","max-snippet":"max-snippet:-1","max-image-preview":"max-image-preview:large","max-video-preview":"max-video-preview:-1"},"canonical":"https:\/\/www.utm30.com\/pt\/produto\/intec-ranger-m\/","og_locale":"pt_PT","og_type":"article","og_title":"Intec Ranger M","og_description":"Estaci\u00f3n de alta precisi\u00f3n, con soporte magn\u00e9tico para ubicaci\u00f3n de tel\u00e9fono o tablet, con lo que se convierte en una estaci\u00f3n total Android, econ\u00f3mica","og_url":"https:\/\/www.utm30.com\/pt\/produto\/intec-ranger-m\/","og_site_name":"UTM30 \u00b7 Equipos de topograf\u00eda","article_modified_time":"2025-12-23T17:40:46+00:00","og_image":[{"width":1200,"height":1200,"url":"https:\/\/www.utm30.com\/wp-content\/uploads\/2025\/09\/12.jpg","type":"image\/jpeg"}],"twitter_card":"summary_large_image","twitter_misc":{"Tempo estimado de leitura":"2 minutos"},"schema":{"@context":"https:\/\/schema.org","@graph":[{"@type":"WebPage","@id":"https:\/\/www.utm30.com\/producto\/intec-ranger-m\/","url":"https:\/\/www.utm30.com\/producto\/intec-ranger-m\/","name":"Intec Ranger M | Estaci\u00f3n Total Android, mediante tel\u00e9fono","isPartOf":{"@id":"https:\/\/www.utm30.com\/#website"},"datePublished":"2025-09-24T21:14:23+00:00","dateModified":"2025-12-23T17:40:46+00:00","description":"Estaci\u00f3n de alta precisi\u00f3n, con soporte magn\u00e9tico para ubicaci\u00f3n de tel\u00e9fono o tablet, con lo que se convierte en una estaci\u00f3n total Android, econ\u00f3mica","breadcrumb":{"@id":"https:\/\/www.utm30.com\/producto\/intec-ranger-m\/#breadcrumb"},"inLanguage":"pt-PT","potentialAction":[{"@type":"ReadAction","target":["https:\/\/www.utm30.com\/producto\/intec-ranger-m\/"]}]},{"@type":"BreadcrumbList","@id":"https:\/\/www.utm30.com\/producto\/intec-ranger-m\/#breadcrumb","itemListElement":[{"@type":"ListItem","position":1,"name":"Portada","item":"https:\/\/www.utm30.com\/"},{"@type":"ListItem","position":2,"name":"Productos UTM30","item":"https:\/\/www.utm30.com\/productos-utm30\/"},{"@type":"ListItem","position":3,"name":"Intec Ranger M"}]},{"@type":"WebSite","@id":"https:\/\/www.utm30.com\/#website","url":"https:\/\/www.utm30.com\/","name":"UTM30 \u00b7 Equipos de Topografia","description":"Equipos de topograf\u00eda","publisher":{"@id":"https:\/\/www.utm30.com\/#organization"},"alternateName":"UTM30","potentialAction":[{"@type":"SearchAction","target":{"@type":"EntryPoint","urlTemplate":"https:\/\/www.utm30.com\/?s={search_term_string}"},"query-input":"required name=search_term_string"}],"inLanguage":"pt-PT"},{"@type":"Organization","@id":"https:\/\/www.utm30.com\/#organization","name":"UTM30 \u00b7 Equipos de topografia","alternateName":"UTM30","url":"https:\/\/www.utm30.com\/","logo":{"@type":"ImageObject","inLanguage":"pt-PT","@id":"https:\/\/www.utm30.com\/#\/schema\/logo\/image\/","url":"https:\/\/www.utm30.com\/wp-content\/uploads\/2023\/10\/logo_cartel_UTM30.png","contentUrl":"https:\/\/www.utm30.com\/wp-content\/uploads\/2023\/10\/logo_cartel_UTM30.png","width":1854,"height":475,"caption":"UTM30 \u00b7 Equipos de topografia"},"image":{"@id":"https:\/\/www.utm30.com\/#\/schema\/logo\/image\/"},"sameAs":["https:\/\/www.youtube.com\/channel\/UC492H-BCfKZoCIkRsT244xQ"]}]}},"_links":{"self":[{"href":"https:\/\/www.utm30.com\/pt\/wp-json\/wp\/v2\/product\/4768"}],"collection":[{"href":"https:\/\/www.utm30.com\/pt\/wp-json\/wp\/v2\/product"}],"about":[{"href":"https:\/\/www.utm30.com\/pt\/wp-json\/wp\/v2\/types\/product"}],"version-history":[{"count":13,"href":"https:\/\/www.utm30.com\/pt\/wp-json\/wp\/v2\/product\/4768\/revisions"}],"predecessor-version":[{"id":5274,"href":"https:\/\/www.utm30.com\/pt\/wp-json\/wp\/v2\/product\/4768\/revisions\/5274"}],"wp:featuredmedia":[{"embeddable":true,"href":"https:\/\/www.utm30.com\/pt\/wp-json\/wp\/v2\/media\/5148"}],"wp:attachment":[{"href":"https:\/\/www.utm30.com\/pt\/wp-json\/wp\/v2\/media?parent=4768"}],"wp:term":[{"taxonomy":"product_cat","embeddable":true,"href":"https:\/\/www.utm30.com\/pt\/wp-json\/wp\/v2\/product_cat?post=4768"},{"taxonomy":"product_tag","embeddable":true,"href":"https:\/\/www.utm30.com\/pt\/wp-json\/wp\/v2\/product_tag?post=4768"}],"curies":[{"name":"wp","href":"https:\/\/api.w.org\/{rel}","templated":true}]}}